{"id":959,"date":"2023-03-14T21:33:50","date_gmt":"2023-03-14T20:33:50","guid":{"rendered":"https:\/\/auxmainsdevelours.ch\/?post_type=product&#038;p=959"},"modified":"2023-11-16T21:40:07","modified_gmt":"2023-11-16T20:40:07","slug":"porte-cle-avec-pyrogravure-protection-scap","status":"publish","type":"product","link":"https:\/\/auxmainsdevelours.ch\/index.php\/produit\/porte-cle-avec-pyrogravure-protection-scap\/","title":{"rendered":"Porte-cl\u00e9 avec pyrogravure : protection scap"},"content":{"rendered":"<p>Porte-cl\u00e9 avec pyrogravure : protection SCAP<\/p>\n<p>D\u00e9couvrez nos porte-cl\u00e9s avec pyrogravure fabriqu\u00e9s mains par nos soins, avec le symbole de protection SCAP.<\/p>\n<p>Chez Aux Mains de Velours, votre bien-\u00eatre nous tient \u00e0 c\u0153ur. C&rsquo;est pourquoi, nous avons d\u00e9cider de vous proposer un porte-cl\u00e9 avec pyrogravure qui repr\u00e9sente une forme de <a href=\"https:\/\/fr.wikipedia.org\/wiki\/G%C3%A9om%C3%A9trie_sacr%C3%A9e\">g\u00e9om\u00e9trie sacr\u00e9e<\/a> pour la protection : le SCAP.<\/p>\n<p>Ce symbole est utilis\u00e9 en radiesth\u00e9sie ainsi qu&rsquo;en g\u00e9obiologie.<\/p>\n<p>Nous vous en disons plus sur la g\u00e9om\u00e9trie sacr\u00e9e <a href=\"https:\/\/auxmainsdevelours.ch\/index.php\/2023\/03\/14\/les-protections-scap\/\">ici<\/a>.<\/p>\n<p>&nbsp;<\/p>\n<h3>Les protections ? Mais pourquoi faire ?<\/h3>\n<p>Les formes de g\u00e9om\u00e9trie sacr\u00e9e sont des motifs g\u00e9om\u00e9triques qui ont \u00e9t\u00e9 utilis\u00e9s dans des pratiques spirituelles et des rituels depuis des milliers d&rsquo;ann\u00e9es. Ces formes incluent des cercles, des triangles, des carr\u00e9s et des polygones r\u00e9guliers. Chacun ayant sa propre signification symbolique et sa propre utilit\u00e9.<\/p>\n<p>Les cercles sont souvent consid\u00e9r\u00e9s comme le symbole de l&rsquo;infini et de l&rsquo;\u00e9ternit\u00e9, repr\u00e9sentant l&rsquo;harmonie et l&rsquo;unit\u00e9 de toutes choses. Les triangles sont associ\u00e9s \u00e0 la stabilit\u00e9, \u00e0 la force et \u00e0 la protection. Tandis que les carr\u00e9s sont li\u00e9s \u00e0 la stabilit\u00e9 et \u00e0 l&rsquo;\u00e9quilibre. Les polygones r\u00e9guliers, tels que l&rsquo;hexagone et l&rsquo;octogone, sont souvent utilis\u00e9s pour leur capacit\u00e9 \u00e0 cr\u00e9er des motifs complexes et harmonieux.<\/p>\n<p>Ces formes de g\u00e9om\u00e9trie sacr\u00e9e ont \u00e9galement \u00e9t\u00e9 utilis\u00e9es pour la m\u00e9ditation et la gu\u00e9rison. Les mandalas, par exemple, sont des motifs circulaires utilis\u00e9s dans la m\u00e9ditation pour aider \u00e0 atteindre un \u00e9tat de calme et de concentration. Les cristaux, qui ont des formes g\u00e9om\u00e9triques r\u00e9guli\u00e8res, sont utilis\u00e9s pour la gu\u00e9rison et l&rsquo;\u00e9quilibre \u00e9nerg\u00e9tique.<\/p>\n<p>En somme, les formes de g\u00e9om\u00e9trie sacr\u00e9e ont de nombreuses vertus et utilit\u00e9s. Que ce soit dans le domaine spirituel, de la m\u00e9ditation ou de la gu\u00e9rison. Les int\u00e9grer dans notre vie quotidienne peut nous aider \u00e0 nous connecter \u00e0 notre propre nature int\u00e9rieure et \u00e0 trouver un \u00e9quilibre et une harmonie dans notre environnement.<\/p>\n<p>&nbsp;<\/p>\n","protected":false},"excerpt":{"rendered":"<p>D\u00e9couvrez nos porte-cl\u00e9s avec pyrogravure fabriqu\u00e9s mains par nos soins, avec le symbole de protection SCAP.<\/p>\n","protected":false},"featured_media":960,"comment_status":"open","ping_status":"closed","template":"","meta":{"site-sidebar-layout":"default","site-content-layout":"","ast-site-content-layout":"","site-content-style":"default","site-sidebar-style":"default","ast-global-header-display":"","ast-banner-title-visibility":"","ast-main-header-display":"","ast-hfb-above-header-display":"","ast-hfb-below-header-display":"","ast-hfb-mobile-header-display":"","site-post-title":"","ast-breadcrumbs-content":"","ast-featured-img":"","footer-sml-layout":"","theme-transparent-header-meta":"","adv-header-id-meta":"","stick-header-meta":"","header-above-stick-meta":"","header-main-stick-meta":"","header-below-stick-meta":"","astra-migrate-meta-layouts":"default","ast-page-background-enabled":"default","ast-page-background-meta":{"desktop":{"background-color":"var(--ast-global-color-4)","background-image":"","background-repeat":"repeat","background-position":"center center","background-size":"auto","background-attachment":"scroll","background-type":"","background-media":"","overlay-type":"","overlay-color":"","overlay-gradient":""},"tablet":{"background-color":"","background-image":"","background-repeat":"repeat","background-position":"center center","background-size":"auto","background-attachment":"scroll","background-type":"","background-media":"","overlay-type":"","overlay-color":"","overlay-gradient":""},"mobile":{"background-color":"","background-image":"","background-repeat":"repeat","background-position":"center center","background-size":"auto","background-attachment":"scroll","background-type":"","background-media":"","overlay-type":"","overlay-color":"","overlay-gradient":""}},"ast-content-background-meta":{"desktop":{"background-color":"var(--ast-global-color-5)","background-image":"","background-repeat":"repeat","background-position":"center center","background-size":"auto","background-attachment":"scroll","background-type":"","background-media":"","overlay-type":"","overlay-color":"","overlay-gradient":""},"tablet":{"background-color":"var(--ast-global-color-5)","background-image":"","background-repeat":"repeat","background-position":"center center","background-size":"auto","background-attachment":"scroll","background-type":"","background-media":"","overlay-type":"","overlay-color":"","overlay-gradient":""},"mobile":{"background-color":"var(--ast-global-color-5)","background-image":"","background-repeat":"repeat","background-position":"center center","background-size":"auto","background-attachment":"scroll","background-type":"","background-media":"","overlay-type":"","overlay-color":"","overlay-gradient":""}}},"product_brand":[],"product_cat":[38,25],"product_tag":[62,65,61,63,64],"class_list":{"0":"post-959","1":"product","2":"type-product","3":"status-publish","4":"has-post-thumbnail","6":"product_cat-idees-cadeaux","7":"product_cat-pyrogravure","8":"product_tag-geometrie","9":"product_tag-porte-cle","10":"product_tag-protection","11":"product_tag-sacree","12":"product_tag-scap","13":"desktop-align-left","14":"tablet-align-left","15":"mobile-align-left","17":"first","18":"instock","19":"taxable","20":"shipping-taxable","21":"purchasable","22":"product-type-simple"},"yoast_head":"<!-- This site is optimized with the Yoast SEO plugin v22.0 - https:\/\/yoast.com\/wordpress\/plugins\/seo\/ -->\n<title>Porte-cl\u00e9 avec pyrogravure : protection scap Aux Mains de Velours, Bougies, Del\u00e9mont<\/title>\n<meta name=\"description\" content=\"D\u00e9couvrez nos porte-cl\u00e9s avec pyrogravure : protection SCAP est repr\u00e9sent\u00e9e sur celui-ci pour votre bien-\u00eatre personnel et des lieux.\" \/>\n<meta name=\"robots\" content=\"index, follow, max-snippet:-1, max-image-preview:large, max-video-preview:-1\" \/>\n<link rel=\"canonical\" href=\"https:\/\/auxmainsdevelours.ch\/index.php\/produit\/porte-cle-avec-pyrogravure-protection-scap\/\" \/>\n<meta property=\"og:locale\" content=\"fr_FR\" \/>\n<meta property=\"og:type\" content=\"article\" \/>\n<meta property=\"og:title\" content=\"Porte-cl\u00e9 avec pyrogravure : protection scap Aux Mains de Velours, Bougies, Del\u00e9mont\" \/>\n<meta property=\"og:description\" content=\"D\u00e9couvrez nos porte-cl\u00e9s avec pyrogravure : protection SCAP est repr\u00e9sent\u00e9e sur celui-ci pour votre bien-\u00eatre personnel et des lieux.\" \/>\n<meta property=\"og:url\" content=\"https:\/\/auxmainsdevelours.ch\/index.php\/produit\/porte-cle-avec-pyrogravure-protection-scap\/\" \/>\n<meta property=\"og:site_name\" content=\"Aux Mains de Velours, Bougies, Del\u00e9mont\" \/>\n<meta property=\"article:publisher\" content=\"https:\/\/facebook.com\/auxmainsdevelourssarl\" \/>\n<meta property=\"article:modified_time\" content=\"2023-11-16T20:40:07+00:00\" \/>\n<meta property=\"og:image\" content=\"https:\/\/auxmainsdevelours.ch\/wp-content\/uploads\/2023\/03\/Scap.png\" \/>\n\t<meta property=\"og:image:width\" content=\"720\" \/>\n\t<meta property=\"og:image:height\" content=\"466\" \/>\n\t<meta property=\"og:image:type\" content=\"image\/png\" \/>\n<meta name=\"twitter:card\" content=\"summary_large_image\" \/>\n<meta name=\"twitter:label1\" content=\"Dur\u00e9e de lecture estim\u00e9e\" \/>\n\t<meta name=\"twitter:data1\" content=\"2 minutes\" \/>\n<script type=\"application\/ld+json\" class=\"yoast-schema-graph\">{\"@context\":\"https:\/\/schema.org\",\"@graph\":[{\"@type\":\"WebPage\",\"@id\":\"https:\/\/auxmainsdevelours.ch\/index.php\/produit\/porte-cle-avec-pyrogravure-protection-scap\/\",\"url\":\"https:\/\/auxmainsdevelours.ch\/index.php\/produit\/porte-cle-avec-pyrogravure-protection-scap\/\",\"name\":\"Porte-cl\u00e9 avec pyrogravure : protection scap Aux Mains de Velours, Bougies, Del\u00e9mont\",\"isPartOf\":{\"@id\":\"https:\/\/auxmainsdevelours.ch\/#website\"},\"datePublished\":\"2023-03-14T20:33:50+00:00\",\"dateModified\":\"2023-11-16T20:40:07+00:00\",\"description\":\"D\u00e9couvrez nos porte-cl\u00e9s avec pyrogravure : protection SCAP est repr\u00e9sent\u00e9e sur celui-ci pour votre bien-\u00eatre personnel et des lieux.\",\"breadcrumb\":{\"@id\":\"https:\/\/auxmainsdevelours.ch\/index.php\/produit\/porte-cle-avec-pyrogravure-protection-scap\/#breadcrumb\"},\"inLanguage\":\"fr-FR\",\"potentialAction\":[{\"@type\":\"ReadAction\",\"target\":[\"https:\/\/auxmainsdevelours.ch\/index.php\/produit\/porte-cle-avec-pyrogravure-protection-scap\/\"]}]},{\"@type\":\"BreadcrumbList\",\"@id\":\"https:\/\/auxmainsdevelours.ch\/index.php\/produit\/porte-cle-avec-pyrogravure-protection-scap\/#breadcrumb\",\"itemListElement\":[{\"@type\":\"ListItem\",\"position\":1,\"name\":\"Accueil\",\"item\":\"https:\/\/auxmainsdevelours.ch\/\"},{\"@type\":\"ListItem\",\"position\":2,\"name\":\"Boutique\",\"item\":\"https:\/\/auxmainsdevelours.ch\/index.php\/boutique\/\"},{\"@type\":\"ListItem\",\"position\":3,\"name\":\"Porte-cl\u00e9 avec pyrogravure : protection scap\"}]},{\"@type\":\"WebSite\",\"@id\":\"https:\/\/auxmainsdevelours.ch\/#website\",\"url\":\"https:\/\/auxmainsdevelours.ch\/\",\"name\":\"auxmainsdevelours.ch\",\"description\":\"Fait avec le coeur, pour vous \u2665\",\"publisher\":{\"@id\":\"https:\/\/auxmainsdevelours.ch\/#organization\"},\"potentialAction\":[{\"@type\":\"SearchAction\",\"target\":{\"@type\":\"EntryPoint\",\"urlTemplate\":\"https:\/\/auxmainsdevelours.ch\/?s={search_term_string}\"},\"query-input\":\"required name=search_term_string\"}],\"inLanguage\":\"fr-FR\"},{\"@type\":\"Organization\",\"@id\":\"https:\/\/auxmainsdevelours.ch\/#organization\",\"name\":\"Aux Mains de Velours S\u00e0rl\",\"url\":\"https:\/\/auxmainsdevelours.ch\/\",\"logo\":{\"@type\":\"ImageObject\",\"inLanguage\":\"fr-FR\",\"@id\":\"https:\/\/auxmainsdevelours.ch\/#\/schema\/logo\/image\/\",\"url\":\"https:\/\/auxmainsdevelours.ch\/wp-content\/uploads\/2022\/11\/WhatsApp-Image-2022-10-30-at-17.33.46.jpeg\",\"contentUrl\":\"https:\/\/auxmainsdevelours.ch\/wp-content\/uploads\/2022\/11\/WhatsApp-Image-2022-10-30-at-17.33.46.jpeg\",\"width\":2048,\"height\":2048,\"caption\":\"Aux Mains de Velours S\u00e0rl\"},\"image\":{\"@id\":\"https:\/\/auxmainsdevelours.ch\/#\/schema\/logo\/image\/\"},\"sameAs\":[\"https:\/\/facebook.com\/auxmainsdevelourssarl\",\"https:\/\/www.instagram.com\/auxmainsdevelours\/\"]}]}<\/script>\n<!-- \/ Yoast SEO plugin. -->","yoast_head_json":{"title":"Porte-cl\u00e9 avec pyrogravure : protection scap Aux Mains de Velours, Bougies, Del\u00e9mont","description":"D\u00e9couvrez nos porte-cl\u00e9s avec pyrogravure : protection SCAP est repr\u00e9sent\u00e9e sur celui-ci pour votre bien-\u00eatre personnel et des lieux.","robots":{"index":"index","follow":"follow","max-snippet":"max-snippet:-1","max-image-preview":"max-image-preview:large","max-video-preview":"max-video-preview:-1"},"canonical":"https:\/\/auxmainsdevelours.ch\/index.php\/produit\/porte-cle-avec-pyrogravure-protection-scap\/","og_locale":"fr_FR","og_type":"article","og_title":"Porte-cl\u00e9 avec pyrogravure : protection scap Aux Mains de Velours, Bougies, Del\u00e9mont","og_description":"D\u00e9couvrez nos porte-cl\u00e9s avec pyrogravure : protection SCAP est repr\u00e9sent\u00e9e sur celui-ci pour votre bien-\u00eatre personnel et des lieux.","og_url":"https:\/\/auxmainsdevelours.ch\/index.php\/produit\/porte-cle-avec-pyrogravure-protection-scap\/","og_site_name":"Aux Mains de Velours, Bougies, Del\u00e9mont","article_publisher":"https:\/\/facebook.com\/auxmainsdevelourssarl","article_modified_time":"2023-11-16T20:40:07+00:00","og_image":[{"width":720,"height":466,"url":"https:\/\/auxmainsdevelours.ch\/wp-content\/uploads\/2023\/03\/Scap.png","type":"image\/png"}],"twitter_card":"summary_large_image","twitter_misc":{"Dur\u00e9e de lecture estim\u00e9e":"2 minutes"},"schema":{"@context":"https:\/\/schema.org","@graph":[{"@type":"WebPage","@id":"https:\/\/auxmainsdevelours.ch\/index.php\/produit\/porte-cle-avec-pyrogravure-protection-scap\/","url":"https:\/\/auxmainsdevelours.ch\/index.php\/produit\/porte-cle-avec-pyrogravure-protection-scap\/","name":"Porte-cl\u00e9 avec pyrogravure : protection scap Aux Mains de Velours, Bougies, Del\u00e9mont","isPartOf":{"@id":"https:\/\/auxmainsdevelours.ch\/#website"},"datePublished":"2023-03-14T20:33:50+00:00","dateModified":"2023-11-16T20:40:07+00:00","description":"D\u00e9couvrez nos porte-cl\u00e9s avec pyrogravure : protection SCAP est repr\u00e9sent\u00e9e sur celui-ci pour votre bien-\u00eatre personnel et des lieux.","breadcrumb":{"@id":"https:\/\/auxmainsdevelours.ch\/index.php\/produit\/porte-cle-avec-pyrogravure-protection-scap\/#breadcrumb"},"inLanguage":"fr-FR","potentialAction":[{"@type":"ReadAction","target":["https:\/\/auxmainsdevelours.ch\/index.php\/produit\/porte-cle-avec-pyrogravure-protection-scap\/"]}]},{"@type":"BreadcrumbList","@id":"https:\/\/auxmainsdevelours.ch\/index.php\/produit\/porte-cle-avec-pyrogravure-protection-scap\/#breadcrumb","itemListElement":[{"@type":"ListItem","position":1,"name":"Accueil","item":"https:\/\/auxmainsdevelours.ch\/"},{"@type":"ListItem","position":2,"name":"Boutique","item":"https:\/\/auxmainsdevelours.ch\/index.php\/boutique\/"},{"@type":"ListItem","position":3,"name":"Porte-cl\u00e9 avec pyrogravure : protection scap"}]},{"@type":"WebSite","@id":"https:\/\/auxmainsdevelours.ch\/#website","url":"https:\/\/auxmainsdevelours.ch\/","name":"auxmainsdevelours.ch","description":"Fait avec le coeur, pour vous \u2665","publisher":{"@id":"https:\/\/auxmainsdevelours.ch\/#organization"},"potentialAction":[{"@type":"SearchAction","target":{"@type":"EntryPoint","urlTemplate":"https:\/\/auxmainsdevelours.ch\/?s={search_term_string}"},"query-input":"required name=search_term_string"}],"inLanguage":"fr-FR"},{"@type":"Organization","@id":"https:\/\/auxmainsdevelours.ch\/#organization","name":"Aux Mains de Velours S\u00e0rl","url":"https:\/\/auxmainsdevelours.ch\/","logo":{"@type":"ImageObject","inLanguage":"fr-FR","@id":"https:\/\/auxmainsdevelours.ch\/#\/schema\/logo\/image\/","url":"https:\/\/auxmainsdevelours.ch\/wp-content\/uploads\/2022\/11\/WhatsApp-Image-2022-10-30-at-17.33.46.jpeg","contentUrl":"https:\/\/auxmainsdevelours.ch\/wp-content\/uploads\/2022\/11\/WhatsApp-Image-2022-10-30-at-17.33.46.jpeg","width":2048,"height":2048,"caption":"Aux Mains de Velours S\u00e0rl"},"image":{"@id":"https:\/\/auxmainsdevelours.ch\/#\/schema\/logo\/image\/"},"sameAs":["https:\/\/facebook.com\/auxmainsdevelourssarl","https:\/\/www.instagram.com\/auxmainsdevelours\/"]}]}},"_links":{"self":[{"href":"https:\/\/auxmainsdevelours.ch\/index.php\/wp-json\/wp\/v2\/product\/959","targetHints":{"allow":["GET"]}}],"collection":[{"href":"https:\/\/auxmainsdevelours.ch\/index.php\/wp-json\/wp\/v2\/product"}],"about":[{"href":"https:\/\/auxmainsdevelours.ch\/index.php\/wp-json\/wp\/v2\/types\/product"}],"replies":[{"embeddable":true,"href":"https:\/\/auxmainsdevelours.ch\/index.php\/wp-json\/wp\/v2\/comments?post=959"}],"wp:featuredmedia":[{"embeddable":true,"href":"https:\/\/auxmainsdevelours.ch\/index.php\/wp-json\/wp\/v2\/media\/960"}],"wp:attachment":[{"href":"https:\/\/auxmainsdevelours.ch\/index.php\/wp-json\/wp\/v2\/media?parent=959"}],"wp:term":[{"taxonomy":"product_brand","embeddable":true,"href":"https:\/\/auxmainsdevelours.ch\/index.php\/wp-json\/wp\/v2\/product_brand?post=959"},{"taxonomy":"product_cat","embeddable":true,"href":"https:\/\/auxmainsdevelours.ch\/index.php\/wp-json\/wp\/v2\/product_cat?post=959"},{"taxonomy":"product_tag","embeddable":true,"href":"https:\/\/auxmainsdevelours.ch\/index.php\/wp-json\/wp\/v2\/product_tag?post=959"}],"curies":[{"name":"wp","href":"https:\/\/api.w.org\/{rel}","templated":true}]}}