{"id":761,"date":"2023-01-03T12:45:51","date_gmt":"2023-01-03T11:45:51","guid":{"rendered":"https:\/\/auxmainsdevelours.ch\/?post_type=product&#038;p=761"},"modified":"2024-01-26T21:52:56","modified_gmt":"2024-01-26T20:52:56","slug":"porte-encens","status":"publish","type":"product","link":"https:\/\/auxmainsdevelours.ch\/index.php\/produit\/porte-encens\/","title":{"rendered":"Porte-encens"},"content":{"rendered":"<p>D\u00e9couvrez notre porte-encens, disponible en plusieurs formats.<\/p>\n<h3><strong>Harmonie Parfum\u00e9e : Les Bienfaits des B\u00e2tons d&rsquo;Encens<\/strong><\/h3>\n<p>Les b\u00e2tons d&rsquo;encens, tr\u00e9sors olfactifs, sont bien plus que de simples parfums. En allumant ces fragiles senteurs, nous d\u00e9clenchons une danse subtile entre le tangible et le spirituel. Les volutes parfum\u00e9es, tels des messagers, transportent nos pens\u00e9es vers des cieux int\u00e9rieurs. Chaque fragrance, unique, cr\u00e9e une ambiance paisible, \u00e9veillant l&rsquo;\u00e2me \u00e0 une m\u00e9ditation sereine. Les bienfaits sont multiples : la purification de l&rsquo;espace, une invitation \u00e0 la contemplation, et une connexion profonde avec le sacr\u00e9. Tel un rituel quotidien, les b\u00e2tons d&rsquo;encens offrent une symphonie d&rsquo;ar\u00f4mes, transformant nos int\u00e9rieurs en sanctuaires de paix. Un geste simple, une harmonie parfum\u00e9e, une cl\u00e9 pour ouvrir les portes de la s\u00e9r\u00e9nit\u00e9 int\u00e9rieure.<\/p>\n<h3>\u00ab\u00a0Fa\u00e7onnant des Tr\u00e9sors \u00e0 la Main : Ode \u00e0 l\u2019Amour et \u00e0 la Patience des Artisans\u00a0\u00bb<\/h3>\n<p>Dans son atelier, l\u2019artisan transforme chaque cr\u00e9ation \u00e0 la main en un po\u00e8me vibrant d\u2019amour et de d\u00e9vouement. Chaque coup de marteau, chaque fil tiss\u00e9, narre une histoire singuli\u00e8re d\u2019engagement et de passion. Les mains habiles de l\u2019artisan d\u00e9voilent un amour profond pour son m\u00e9tier, tandis que la patience devient la compagne silencieuse de chaque projet. Une \u00e2me impr\u00e8gne chaque cr\u00e9ation, r\u00e9sultat d\u2019un effort minutieux et d\u2019une d\u00e9termination in\u00e9branlable. Les heures s\u2019\u00e9tirent, les d\u00e9tails se perfectionnent avec soin, et le r\u00e9sultat final t\u00e9moigne d\u2019une connexion intime entre l\u2019artisan et son \u0153uvre. Ces tr\u00e9sors faits \u00e0 la main d\u00e9passent la simple mat\u00e9rialit\u00e9 ; ce sont des t\u00e9moignages vivants de l\u2019amour et de la patience infinie investis dans chaque cr\u00e9ation, unissant l\u2019art et l\u2019\u00e2me dans une harmonie indissoluble.<\/p>\n<p>&nbsp;<\/p>\n<p>Nos b\u00e2tons d&rsquo;encens sont disponibles <a href=\"https:\/\/auxmainsdevelours.ch\/index.php\/produit\/batons-encens-palo-santo\/\">ici<\/a>.<\/p>\n<p>&nbsp;<\/p>\n<p><em>La teinte des cr\u00e9ations peut \u00eatre diff\u00e9rente de celle des images affich\u00e9es.<\/em><\/p>\n<p>Cr\u00e9ation en r\u00e9sine alimentaire, non-toxique.<\/p>\n","protected":false},"excerpt":{"rendered":"<p>&nbsp;<\/p>\n<p><em>\u00ab\u00a0Comme l&rsquo;encens se consume, que nos pr\u00e9occupations s&rsquo;\u00e9teignent, laissant place \u00e0 la tranquillit\u00e9 int\u00e9rieure et \u00e0 la connexion spirituelle.\u00a0\u00bb<\/em><\/p>\n<p>&nbsp;<\/p>\n<p>Attention : chaque cr\u00e9ation est unique. Si vous souhaitez un marque-page qui n\u2019est plus en stock, il sera cr\u00e9\u00e9 avec amour et au plus proche de l\u2019image. Mais il nous est impossible de le garantir \u00e0 l\u2019identique.<\/p>\n","protected":false},"featured_media":1887,"comment_status":"open","ping_status":"closed","template":"","meta":{"site-sidebar-layout":"default","site-content-layout":"default","ast-site-content-layout":"","site-content-style":"default","site-sidebar-style":"default","ast-global-header-display":"","ast-banner-title-visibility":"","ast-main-header-display":"","ast-hfb-above-header-display":"","ast-hfb-below-header-display":"","ast-hfb-mobile-header-display":"","site-post-title":"","ast-breadcrumbs-content":"","ast-featured-img":"","footer-sml-layout":"","theme-transparent-header-meta":"default","adv-header-id-meta":"","stick-header-meta":"","header-above-stick-meta":"","header-main-stick-meta":"","header-below-stick-meta":"","astra-migrate-meta-layouts":"default","ast-page-background-enabled":"default","ast-page-background-meta":{"desktop":{"background-color":"var(--ast-global-color-4)","background-image":"","background-repeat":"repeat","background-position":"center center","background-size":"auto","background-attachment":"scroll","background-type":"","background-media":"","overlay-type":"","overlay-color":"","overlay-gradient":""},"tablet":{"background-color":"","background-image":"","background-repeat":"repeat","background-position":"center center","background-size":"auto","background-attachment":"scroll","background-type":"","background-media":"","overlay-type":"","overlay-color":"","overlay-gradient":""},"mobile":{"background-color":"","background-image":"","background-repeat":"repeat","background-position":"center center","background-size":"auto","background-attachment":"scroll","background-type":"","background-media":"","overlay-type":"","overlay-color":"","overlay-gradient":""}},"ast-content-background-meta":{"desktop":{"background-color":"var(--ast-global-color-5)","background-image":"","background-repeat":"repeat","background-position":"center center","background-size":"auto","background-attachment":"scroll","background-type":"","background-media":"","overlay-type":"","overlay-color":"","overlay-gradient":""},"tablet":{"background-color":"var(--ast-global-color-5)","background-image":"","background-repeat":"repeat","background-position":"center center","background-size":"auto","background-attachment":"scroll","background-type":"","background-media":"","overlay-type":"","overlay-color":"","overlay-gradient":""},"mobile":{"background-color":"var(--ast-global-color-5)","background-image":"","background-repeat":"repeat","background-position":"center center","background-size":"auto","background-attachment":"scroll","background-type":"","background-media":"","overlay-type":"","overlay-color":"","overlay-gradient":""}}},"product_brand":[],"product_cat":[21],"product_tag":[56,58,50,49,51,52,59],"class_list":{"0":"post-761","1":"product","2":"type-product","3":"status-publish","4":"has-post-thumbnail","6":"product_cat-creation-en-resine","7":"product_tag-artisanat","8":"product_tag-home-made","9":"product_tag-personnalisable","10":"product_tag-personnalisation","11":"product_tag-resine-epoxy","12":"product_tag-resine-personnalisation","13":"product_tag-swiss-made","14":"desktop-align-left","15":"tablet-align-left","16":"mobile-align-left","18":"first","19":"instock","20":"taxable","21":"shipping-taxable","22":"purchasable","23":"product-type-variable"},"yoast_head":"<!-- This site is optimized with the Yoast SEO plugin v22.0 - https:\/\/yoast.com\/wordpress\/plugins\/seo\/ -->\n<title>Porte-encens Aux Mains de Velours, Bougies, Del\u00e9mont<\/title>\n<meta name=\"description\" content=\"D\u00e9couvrez notre porte-encens disponible en plusieurs formats. Un de ceux-ci est fait pour vous. Qu&#039;attendez-vous pour choisir le votre ?\" \/>\n<meta name=\"robots\" content=\"index, follow, max-snippet:-1, max-image-preview:large, max-video-preview:-1\" \/>\n<link rel=\"canonical\" href=\"https:\/\/auxmainsdevelours.ch\/index.php\/produit\/porte-encens\/\" \/>\n<meta property=\"og:locale\" content=\"fr_FR\" \/>\n<meta property=\"og:type\" content=\"article\" \/>\n<meta property=\"og:title\" content=\"Porte-encens Aux Mains de Velours, Bougies, Del\u00e9mont\" \/>\n<meta property=\"og:description\" content=\"D\u00e9couvrez notre porte-encens disponible en plusieurs formats. Un de ceux-ci est fait pour vous. Qu&#039;attendez-vous pour choisir le votre ?\" \/>\n<meta property=\"og:url\" content=\"https:\/\/auxmainsdevelours.ch\/index.php\/produit\/porte-encens\/\" \/>\n<meta property=\"og:site_name\" content=\"Aux Mains de Velours, Bougies, Del\u00e9mont\" \/>\n<meta property=\"article:publisher\" content=\"https:\/\/facebook.com\/auxmainsdevelourssarl\" \/>\n<meta property=\"article:modified_time\" content=\"2024-01-26T20:52:56+00:00\" \/>\n<meta property=\"og:image\" content=\"https:\/\/auxmainsdevelours.ch\/wp-content\/uploads\/2023\/01\/Porte-encens.png\" \/>\n\t<meta property=\"og:image:width\" content=\"1080\" \/>\n\t<meta property=\"og:image:height\" content=\"1080\" \/>\n\t<meta property=\"og:image:type\" content=\"image\/png\" \/>\n<meta name=\"twitter:card\" content=\"summary_large_image\" \/>\n<meta name=\"twitter:label1\" content=\"Dur\u00e9e de lecture estim\u00e9e\" \/>\n\t<meta name=\"twitter:data1\" content=\"2 minutes\" \/>\n<script type=\"application\/ld+json\" class=\"yoast-schema-graph\">{\"@context\":\"https:\/\/schema.org\",\"@graph\":[{\"@type\":\"WebPage\",\"@id\":\"https:\/\/auxmainsdevelours.ch\/index.php\/produit\/porte-encens\/\",\"url\":\"https:\/\/auxmainsdevelours.ch\/index.php\/produit\/porte-encens\/\",\"name\":\"Porte-encens Aux Mains de Velours, Bougies, Del\u00e9mont\",\"isPartOf\":{\"@id\":\"https:\/\/auxmainsdevelours.ch\/#website\"},\"datePublished\":\"2023-01-03T11:45:51+00:00\",\"dateModified\":\"2024-01-26T20:52:56+00:00\",\"description\":\"D\u00e9couvrez notre porte-encens disponible en plusieurs formats. Un de ceux-ci est fait pour vous. Qu'attendez-vous pour choisir le votre ?\",\"breadcrumb\":{\"@id\":\"https:\/\/auxmainsdevelours.ch\/index.php\/produit\/porte-encens\/#breadcrumb\"},\"inLanguage\":\"fr-FR\",\"potentialAction\":[{\"@type\":\"ReadAction\",\"target\":[\"https:\/\/auxmainsdevelours.ch\/index.php\/produit\/porte-encens\/\"]}]},{\"@type\":\"BreadcrumbList\",\"@id\":\"https:\/\/auxmainsdevelours.ch\/index.php\/produit\/porte-encens\/#breadcrumb\",\"itemListElement\":[{\"@type\":\"ListItem\",\"position\":1,\"name\":\"Accueil\",\"item\":\"https:\/\/auxmainsdevelours.ch\/\"},{\"@type\":\"ListItem\",\"position\":2,\"name\":\"Boutique\",\"item\":\"https:\/\/auxmainsdevelours.ch\/index.php\/boutique\/\"},{\"@type\":\"ListItem\",\"position\":3,\"name\":\"Porte-encens\"}]},{\"@type\":\"WebSite\",\"@id\":\"https:\/\/auxmainsdevelours.ch\/#website\",\"url\":\"https:\/\/auxmainsdevelours.ch\/\",\"name\":\"auxmainsdevelours.ch\",\"description\":\"Fait avec le coeur, pour vous \u2665\",\"publisher\":{\"@id\":\"https:\/\/auxmainsdevelours.ch\/#organization\"},\"potentialAction\":[{\"@type\":\"SearchAction\",\"target\":{\"@type\":\"EntryPoint\",\"urlTemplate\":\"https:\/\/auxmainsdevelours.ch\/?s={search_term_string}\"},\"query-input\":\"required name=search_term_string\"}],\"inLanguage\":\"fr-FR\"},{\"@type\":\"Organization\",\"@id\":\"https:\/\/auxmainsdevelours.ch\/#organization\",\"name\":\"Aux Mains de Velours S\u00e0rl\",\"url\":\"https:\/\/auxmainsdevelours.ch\/\",\"logo\":{\"@type\":\"ImageObject\",\"inLanguage\":\"fr-FR\",\"@id\":\"https:\/\/auxmainsdevelours.ch\/#\/schema\/logo\/image\/\",\"url\":\"https:\/\/auxmainsdevelours.ch\/wp-content\/uploads\/2022\/11\/WhatsApp-Image-2022-10-30-at-17.33.46.jpeg\",\"contentUrl\":\"https:\/\/auxmainsdevelours.ch\/wp-content\/uploads\/2022\/11\/WhatsApp-Image-2022-10-30-at-17.33.46.jpeg\",\"width\":2048,\"height\":2048,\"caption\":\"Aux Mains de Velours S\u00e0rl\"},\"image\":{\"@id\":\"https:\/\/auxmainsdevelours.ch\/#\/schema\/logo\/image\/\"},\"sameAs\":[\"https:\/\/facebook.com\/auxmainsdevelourssarl\",\"https:\/\/www.instagram.com\/auxmainsdevelours\/\"]}]}<\/script>\n<!-- \/ Yoast SEO plugin. -->","yoast_head_json":{"title":"Porte-encens Aux Mains de Velours, Bougies, Del\u00e9mont","description":"D\u00e9couvrez notre porte-encens disponible en plusieurs formats. Un de ceux-ci est fait pour vous. Qu'attendez-vous pour choisir le votre ?","robots":{"index":"index","follow":"follow","max-snippet":"max-snippet:-1","max-image-preview":"max-image-preview:large","max-video-preview":"max-video-preview:-1"},"canonical":"https:\/\/auxmainsdevelours.ch\/index.php\/produit\/porte-encens\/","og_locale":"fr_FR","og_type":"article","og_title":"Porte-encens Aux Mains de Velours, Bougies, Del\u00e9mont","og_description":"D\u00e9couvrez notre porte-encens disponible en plusieurs formats. Un de ceux-ci est fait pour vous. Qu'attendez-vous pour choisir le votre ?","og_url":"https:\/\/auxmainsdevelours.ch\/index.php\/produit\/porte-encens\/","og_site_name":"Aux Mains de Velours, Bougies, Del\u00e9mont","article_publisher":"https:\/\/facebook.com\/auxmainsdevelourssarl","article_modified_time":"2024-01-26T20:52:56+00:00","og_image":[{"width":1080,"height":1080,"url":"https:\/\/auxmainsdevelours.ch\/wp-content\/uploads\/2023\/01\/Porte-encens.png","type":"image\/png"}],"twitter_card":"summary_large_image","twitter_misc":{"Dur\u00e9e de lecture estim\u00e9e":"2 minutes"},"schema":{"@context":"https:\/\/schema.org","@graph":[{"@type":"WebPage","@id":"https:\/\/auxmainsdevelours.ch\/index.php\/produit\/porte-encens\/","url":"https:\/\/auxmainsdevelours.ch\/index.php\/produit\/porte-encens\/","name":"Porte-encens Aux Mains de Velours, Bougies, Del\u00e9mont","isPartOf":{"@id":"https:\/\/auxmainsdevelours.ch\/#website"},"datePublished":"2023-01-03T11:45:51+00:00","dateModified":"2024-01-26T20:52:56+00:00","description":"D\u00e9couvrez notre porte-encens disponible en plusieurs formats. Un de ceux-ci est fait pour vous. Qu'attendez-vous pour choisir le votre ?","breadcrumb":{"@id":"https:\/\/auxmainsdevelours.ch\/index.php\/produit\/porte-encens\/#breadcrumb"},"inLanguage":"fr-FR","potentialAction":[{"@type":"ReadAction","target":["https:\/\/auxmainsdevelours.ch\/index.php\/produit\/porte-encens\/"]}]},{"@type":"BreadcrumbList","@id":"https:\/\/auxmainsdevelours.ch\/index.php\/produit\/porte-encens\/#breadcrumb","itemListElement":[{"@type":"ListItem","position":1,"name":"Accueil","item":"https:\/\/auxmainsdevelours.ch\/"},{"@type":"ListItem","position":2,"name":"Boutique","item":"https:\/\/auxmainsdevelours.ch\/index.php\/boutique\/"},{"@type":"ListItem","position":3,"name":"Porte-encens"}]},{"@type":"WebSite","@id":"https:\/\/auxmainsdevelours.ch\/#website","url":"https:\/\/auxmainsdevelours.ch\/","name":"auxmainsdevelours.ch","description":"Fait avec le coeur, pour vous \u2665","publisher":{"@id":"https:\/\/auxmainsdevelours.ch\/#organization"},"potentialAction":[{"@type":"SearchAction","target":{"@type":"EntryPoint","urlTemplate":"https:\/\/auxmainsdevelours.ch\/?s={search_term_string}"},"query-input":"required name=search_term_string"}],"inLanguage":"fr-FR"},{"@type":"Organization","@id":"https:\/\/auxmainsdevelours.ch\/#organization","name":"Aux Mains de Velours S\u00e0rl","url":"https:\/\/auxmainsdevelours.ch\/","logo":{"@type":"ImageObject","inLanguage":"fr-FR","@id":"https:\/\/auxmainsdevelours.ch\/#\/schema\/logo\/image\/","url":"https:\/\/auxmainsdevelours.ch\/wp-content\/uploads\/2022\/11\/WhatsApp-Image-2022-10-30-at-17.33.46.jpeg","contentUrl":"https:\/\/auxmainsdevelours.ch\/wp-content\/uploads\/2022\/11\/WhatsApp-Image-2022-10-30-at-17.33.46.jpeg","width":2048,"height":2048,"caption":"Aux Mains de Velours S\u00e0rl"},"image":{"@id":"https:\/\/auxmainsdevelours.ch\/#\/schema\/logo\/image\/"},"sameAs":["https:\/\/facebook.com\/auxmainsdevelourssarl","https:\/\/www.instagram.com\/auxmainsdevelours\/"]}]}},"_links":{"self":[{"href":"https:\/\/auxmainsdevelours.ch\/index.php\/wp-json\/wp\/v2\/product\/761","targetHints":{"allow":["GET"]}}],"collection":[{"href":"https:\/\/auxmainsdevelours.ch\/index.php\/wp-json\/wp\/v2\/product"}],"about":[{"href":"https:\/\/auxmainsdevelours.ch\/index.php\/wp-json\/wp\/v2\/types\/product"}],"replies":[{"embeddable":true,"href":"https:\/\/auxmainsdevelours.ch\/index.php\/wp-json\/wp\/v2\/comments?post=761"}],"wp:featuredmedia":[{"embeddable":true,"href":"https:\/\/auxmainsdevelours.ch\/index.php\/wp-json\/wp\/v2\/media\/1887"}],"wp:attachment":[{"href":"https:\/\/auxmainsdevelours.ch\/index.php\/wp-json\/wp\/v2\/media?parent=761"}],"wp:term":[{"taxonomy":"product_brand","embeddable":true,"href":"https:\/\/auxmainsdevelours.ch\/index.php\/wp-json\/wp\/v2\/product_brand?post=761"},{"taxonomy":"product_cat","embeddable":true,"href":"https:\/\/auxmainsdevelours.ch\/index.php\/wp-json\/wp\/v2\/product_cat?post=761"},{"taxonomy":"product_tag","embeddable":true,"href":"https:\/\/auxmainsdevelours.ch\/index.php\/wp-json\/wp\/v2\/product_tag?post=761"}],"curies":[{"name":"wp","href":"https:\/\/api.w.org\/{rel}","templated":true}]}}