{"id":428,"date":"2022-12-25T22:32:34","date_gmt":"2022-12-25T21:32:34","guid":{"rendered":"http:\/\/auxmainsdevelours.ch\/?post_type=product&#038;p=428"},"modified":"2024-06-22T18:57:58","modified_gmt":"2024-06-22T16:57:58","slug":"bougeoir-lotus","status":"publish","type":"product","link":"https:\/\/auxmainsdevelours.ch\/index.php\/produit\/bougeoir-lotus\/","title":{"rendered":"Bougeoir Lotus"},"content":{"rendered":"<p>D\u00e9couvrez notre Bougeoir Lotus<\/p>\n<p>Le Lotus est un symbole tr\u00e8s important chez AMDV !<\/p>\n<h3>Le Bougeoir Lotus<\/h3>\n<p>Le premier produit Lotus qui ait \u00e9t\u00e9 cr\u00e9\u00e9 par nos soins.<br \/>\nDepuis, nous vous avons propos\u00e9 une version <a href=\"https:\/\/auxmainsdevelours.ch\/index.php\/produit\/lotus\/\">bougie<\/a> et une version <a href=\"https:\/\/auxmainsdevelours.ch\/index.php\/produit\/lotus-lithotherapie\/\">Lithoth\u00e9rapie<\/a>.<\/p>\n<h3>\u00c9clat Aquatique : La Symbolique Envo\u00fbtante du Lotus<\/h3>\n<p>Le lotus, embl\u00e8me de beaut\u00e9 et de transcendance, \u00e9merge de l\u2019eau boueuse pour s\u2019\u00e9panouir avec une puret\u00e9 exceptionnelle. Ses p\u00e9tales d\u00e9licats captent la lumi\u00e8re du soleil, cr\u00e9ant une vision captivante sur les \u00e9tendues aquatiques. Symbole de renaissance, le lotus enseigne la r\u00e9silience et l\u2019\u00e9volution personnelle, rappelant que la beaut\u00e9 peut na\u00eetre m\u00eame dans les conditions les plus difficiles. Enracin\u00e9 dans des traditions spirituelles, le lotus incarne la puret\u00e9 de l\u2019\u00e2me et la qu\u00eate de l\u2019illumination. Son \u00e9clat aquatique transcende les eaux troubles, inspirant une \u00e9l\u00e9vation spirituelle. Que ce soit dans l\u2019art, la spiritualit\u00e9 ou la nature, le lotus \u00e9voque un \u00e9merveillement intemporel, nous invitant \u00e0 refl\u00e9ter la beaut\u00e9 qui peut \u00e9merger de l\u2019adversit\u00e9.<\/p>\n","protected":false},"excerpt":{"rendered":"<p>Bougeoir lotus<\/p>\n<p>&nbsp;<\/p>\n<p><em><span style=\"font-size: 10px;\">Attention : chaque cr\u00e9ation est unique. Si vous souhaitez une cr\u00e9ation qui n\u2019est plus en stock, elle sera cr\u00e9\u00e9e avec amour et au plus proche de l\u2019image. Mais il nous est impossible de le garantir \u00e0 l\u2019identique.<\/span><\/em><\/p>\n","protected":false},"featured_media":2302,"comment_status":"open","ping_status":"closed","template":"","meta":{"site-sidebar-layout":"default","site-content-layout":"","ast-site-content-layout":"default","site-content-style":"default","site-sidebar-style":"default","ast-global-header-display":"","ast-banner-title-visibility":"","ast-main-header-display":"","ast-hfb-above-header-display":"","ast-hfb-below-header-display":"","ast-hfb-mobile-header-display":"","site-post-title":"","ast-breadcrumbs-content":"","ast-featured-img":"","footer-sml-layout":"","theme-transparent-header-meta":"default","adv-header-id-meta":"","stick-header-meta":"","header-above-stick-meta":"","header-main-stick-meta":"","header-below-stick-meta":"","astra-migrate-meta-layouts":"set","ast-page-background-enabled":"default","ast-page-background-meta":{"desktop":{"background-color":"var(--ast-global-color-4)","background-image":"","background-repeat":"repeat","background-position":"center center","background-size":"auto","background-attachment":"scroll","background-type":"","background-media":"","overlay-type":"","overlay-color":"","overlay-gradient":""},"tablet":{"background-color":"","background-image":"","background-repeat":"repeat","background-position":"center center","background-size":"auto","background-attachment":"scroll","background-type":"","background-media":"","overlay-type":"","overlay-color":"","overlay-gradient":""},"mobile":{"background-color":"","background-image":"","background-repeat":"repeat","background-position":"center center","background-size":"auto","background-attachment":"scroll","background-type":"","background-media":"","overlay-type":"","overlay-color":"","overlay-gradient":""}},"ast-content-background-meta":{"desktop":{"background-color":"var(--ast-global-color-5)","background-image":"","background-repeat":"repeat","background-position":"center center","background-size":"auto","background-attachment":"scroll","background-type":"","background-media":"","overlay-type":"","overlay-color":"","overlay-gradient":""},"tablet":{"background-color":"var(--ast-global-color-5)","background-image":"","background-repeat":"repeat","background-position":"center center","background-size":"auto","background-attachment":"scroll","background-type":"","background-media":"","overlay-type":"","overlay-color":"","overlay-gradient":""},"mobile":{"background-color":"var(--ast-global-color-5)","background-image":"","background-repeat":"repeat","background-position":"center center","background-size":"auto","background-attachment":"scroll","background-type":"","background-media":"","overlay-type":"","overlay-color":"","overlay-gradient":""}}},"product_brand":[],"product_cat":[21],"product_tag":[56,58,50,49,51,52,59],"class_list":{"0":"post-428","1":"product","2":"type-product","3":"status-publish","4":"has-post-thumbnail","6":"product_cat-creation-en-resine","7":"product_tag-artisanat","8":"product_tag-home-made","9":"product_tag-personnalisable","10":"product_tag-personnalisation","11":"product_tag-resine-epoxy","12":"product_tag-resine-personnalisation","13":"product_tag-swiss-made","14":"desktop-align-left","15":"tablet-align-left","16":"mobile-align-left","18":"first","19":"instock","20":"taxable","21":"shipping-taxable","22":"purchasable","23":"product-type-variable"},"yoast_head":"<!-- This site is optimized with the Yoast SEO plugin v22.0 - https:\/\/yoast.com\/wordpress\/plugins\/seo\/ -->\n<title>Bougeoir Lotus Aux Mains de Velours, Bougies, Del\u00e9mont<\/title>\n<meta name=\"description\" content=\"D\u00e9couvrez notre bougeoir Lotus. Le lotus, embl\u00e8me de beaut\u00e9 et de transcendance, \u00e9merge de l\u2019eau boueuse pour s\u2019\u00e9panouir avec une puret\u00e9 exceptionnelle\" \/>\n<meta name=\"robots\" content=\"index, follow, max-snippet:-1, max-image-preview:large, max-video-preview:-1\" \/>\n<link rel=\"canonical\" href=\"https:\/\/auxmainsdevelours.ch\/index.php\/produit\/bougeoir-lotus\/\" \/>\n<meta property=\"og:locale\" content=\"fr_FR\" \/>\n<meta property=\"og:type\" content=\"article\" \/>\n<meta property=\"og:title\" content=\"Bougeoir Lotus Aux Mains de Velours, Bougies, Del\u00e9mont\" \/>\n<meta property=\"og:description\" content=\"D\u00e9couvrez notre bougeoir Lotus. Le lotus, embl\u00e8me de beaut\u00e9 et de transcendance, \u00e9merge de l\u2019eau boueuse pour s\u2019\u00e9panouir avec une puret\u00e9 exceptionnelle\" \/>\n<meta property=\"og:url\" content=\"https:\/\/auxmainsdevelours.ch\/index.php\/produit\/bougeoir-lotus\/\" \/>\n<meta property=\"og:site_name\" content=\"Aux Mains de Velours, Bougies, Del\u00e9mont\" \/>\n<meta property=\"article:publisher\" content=\"https:\/\/facebook.com\/auxmainsdevelourssarl\" \/>\n<meta property=\"article:modified_time\" content=\"2024-06-22T16:57:58+00:00\" \/>\n<meta property=\"og:image\" content=\"https:\/\/auxmainsdevelours.ch\/wp-content\/uploads\/2024\/06\/Bougeoir-Lotus.png\" \/>\n\t<meta property=\"og:image:width\" content=\"1080\" \/>\n\t<meta property=\"og:image:height\" content=\"1080\" \/>\n\t<meta property=\"og:image:type\" content=\"image\/png\" \/>\n<meta name=\"twitter:card\" content=\"summary_large_image\" \/>\n<meta name=\"twitter:label1\" content=\"Dur\u00e9e de lecture estim\u00e9e\" \/>\n\t<meta name=\"twitter:data1\" content=\"2 minutes\" \/>\n<script type=\"application\/ld+json\" class=\"yoast-schema-graph\">{\"@context\":\"https:\/\/schema.org\",\"@graph\":[{\"@type\":\"WebPage\",\"@id\":\"https:\/\/auxmainsdevelours.ch\/index.php\/produit\/bougeoir-lotus\/\",\"url\":\"https:\/\/auxmainsdevelours.ch\/index.php\/produit\/bougeoir-lotus\/\",\"name\":\"Bougeoir Lotus Aux Mains de Velours, Bougies, Del\u00e9mont\",\"isPartOf\":{\"@id\":\"https:\/\/auxmainsdevelours.ch\/#website\"},\"datePublished\":\"2022-12-25T21:32:34+00:00\",\"dateModified\":\"2024-06-22T16:57:58+00:00\",\"description\":\"D\u00e9couvrez notre bougeoir Lotus. Le lotus, embl\u00e8me de beaut\u00e9 et de transcendance, \u00e9merge de l\u2019eau boueuse pour s\u2019\u00e9panouir avec une puret\u00e9 exceptionnelle\",\"breadcrumb\":{\"@id\":\"https:\/\/auxmainsdevelours.ch\/index.php\/produit\/bougeoir-lotus\/#breadcrumb\"},\"inLanguage\":\"fr-FR\",\"potentialAction\":[{\"@type\":\"ReadAction\",\"target\":[\"https:\/\/auxmainsdevelours.ch\/index.php\/produit\/bougeoir-lotus\/\"]}]},{\"@type\":\"BreadcrumbList\",\"@id\":\"https:\/\/auxmainsdevelours.ch\/index.php\/produit\/bougeoir-lotus\/#breadcrumb\",\"itemListElement\":[{\"@type\":\"ListItem\",\"position\":1,\"name\":\"Accueil\",\"item\":\"https:\/\/auxmainsdevelours.ch\/\"},{\"@type\":\"ListItem\",\"position\":2,\"name\":\"Boutique\",\"item\":\"https:\/\/auxmainsdevelours.ch\/index.php\/boutique\/\"},{\"@type\":\"ListItem\",\"position\":3,\"name\":\"Bougeoir Lotus\"}]},{\"@type\":\"WebSite\",\"@id\":\"https:\/\/auxmainsdevelours.ch\/#website\",\"url\":\"https:\/\/auxmainsdevelours.ch\/\",\"name\":\"auxmainsdevelours.ch\",\"description\":\"Fait avec le coeur, pour vous \u2665\",\"publisher\":{\"@id\":\"https:\/\/auxmainsdevelours.ch\/#organization\"},\"potentialAction\":[{\"@type\":\"SearchAction\",\"target\":{\"@type\":\"EntryPoint\",\"urlTemplate\":\"https:\/\/auxmainsdevelours.ch\/?s={search_term_string}\"},\"query-input\":\"required name=search_term_string\"}],\"inLanguage\":\"fr-FR\"},{\"@type\":\"Organization\",\"@id\":\"https:\/\/auxmainsdevelours.ch\/#organization\",\"name\":\"Aux Mains de Velours S\u00e0rl\",\"url\":\"https:\/\/auxmainsdevelours.ch\/\",\"logo\":{\"@type\":\"ImageObject\",\"inLanguage\":\"fr-FR\",\"@id\":\"https:\/\/auxmainsdevelours.ch\/#\/schema\/logo\/image\/\",\"url\":\"https:\/\/auxmainsdevelours.ch\/wp-content\/uploads\/2022\/11\/WhatsApp-Image-2022-10-30-at-17.33.46.jpeg\",\"contentUrl\":\"https:\/\/auxmainsdevelours.ch\/wp-content\/uploads\/2022\/11\/WhatsApp-Image-2022-10-30-at-17.33.46.jpeg\",\"width\":2048,\"height\":2048,\"caption\":\"Aux Mains de Velours S\u00e0rl\"},\"image\":{\"@id\":\"https:\/\/auxmainsdevelours.ch\/#\/schema\/logo\/image\/\"},\"sameAs\":[\"https:\/\/facebook.com\/auxmainsdevelourssarl\",\"https:\/\/www.instagram.com\/auxmainsdevelours\/\"]}]}<\/script>\n<!-- \/ Yoast SEO plugin. -->","yoast_head_json":{"title":"Bougeoir Lotus Aux Mains de Velours, Bougies, Del\u00e9mont","description":"D\u00e9couvrez notre bougeoir Lotus. Le lotus, embl\u00e8me de beaut\u00e9 et de transcendance, \u00e9merge de l\u2019eau boueuse pour s\u2019\u00e9panouir avec une puret\u00e9 exceptionnelle","robots":{"index":"index","follow":"follow","max-snippet":"max-snippet:-1","max-image-preview":"max-image-preview:large","max-video-preview":"max-video-preview:-1"},"canonical":"https:\/\/auxmainsdevelours.ch\/index.php\/produit\/bougeoir-lotus\/","og_locale":"fr_FR","og_type":"article","og_title":"Bougeoir Lotus Aux Mains de Velours, Bougies, Del\u00e9mont","og_description":"D\u00e9couvrez notre bougeoir Lotus. Le lotus, embl\u00e8me de beaut\u00e9 et de transcendance, \u00e9merge de l\u2019eau boueuse pour s\u2019\u00e9panouir avec une puret\u00e9 exceptionnelle","og_url":"https:\/\/auxmainsdevelours.ch\/index.php\/produit\/bougeoir-lotus\/","og_site_name":"Aux Mains de Velours, Bougies, Del\u00e9mont","article_publisher":"https:\/\/facebook.com\/auxmainsdevelourssarl","article_modified_time":"2024-06-22T16:57:58+00:00","og_image":[{"width":1080,"height":1080,"url":"https:\/\/auxmainsdevelours.ch\/wp-content\/uploads\/2024\/06\/Bougeoir-Lotus.png","type":"image\/png"}],"twitter_card":"summary_large_image","twitter_misc":{"Dur\u00e9e de lecture estim\u00e9e":"2 minutes"},"schema":{"@context":"https:\/\/schema.org","@graph":[{"@type":"WebPage","@id":"https:\/\/auxmainsdevelours.ch\/index.php\/produit\/bougeoir-lotus\/","url":"https:\/\/auxmainsdevelours.ch\/index.php\/produit\/bougeoir-lotus\/","name":"Bougeoir Lotus Aux Mains de Velours, Bougies, Del\u00e9mont","isPartOf":{"@id":"https:\/\/auxmainsdevelours.ch\/#website"},"datePublished":"2022-12-25T21:32:34+00:00","dateModified":"2024-06-22T16:57:58+00:00","description":"D\u00e9couvrez notre bougeoir Lotus. Le lotus, embl\u00e8me de beaut\u00e9 et de transcendance, \u00e9merge de l\u2019eau boueuse pour s\u2019\u00e9panouir avec une puret\u00e9 exceptionnelle","breadcrumb":{"@id":"https:\/\/auxmainsdevelours.ch\/index.php\/produit\/bougeoir-lotus\/#breadcrumb"},"inLanguage":"fr-FR","potentialAction":[{"@type":"ReadAction","target":["https:\/\/auxmainsdevelours.ch\/index.php\/produit\/bougeoir-lotus\/"]}]},{"@type":"BreadcrumbList","@id":"https:\/\/auxmainsdevelours.ch\/index.php\/produit\/bougeoir-lotus\/#breadcrumb","itemListElement":[{"@type":"ListItem","position":1,"name":"Accueil","item":"https:\/\/auxmainsdevelours.ch\/"},{"@type":"ListItem","position":2,"name":"Boutique","item":"https:\/\/auxmainsdevelours.ch\/index.php\/boutique\/"},{"@type":"ListItem","position":3,"name":"Bougeoir Lotus"}]},{"@type":"WebSite","@id":"https:\/\/auxmainsdevelours.ch\/#website","url":"https:\/\/auxmainsdevelours.ch\/","name":"auxmainsdevelours.ch","description":"Fait avec le coeur, pour vous \u2665","publisher":{"@id":"https:\/\/auxmainsdevelours.ch\/#organization"},"potentialAction":[{"@type":"SearchAction","target":{"@type":"EntryPoint","urlTemplate":"https:\/\/auxmainsdevelours.ch\/?s={search_term_string}"},"query-input":"required name=search_term_string"}],"inLanguage":"fr-FR"},{"@type":"Organization","@id":"https:\/\/auxmainsdevelours.ch\/#organization","name":"Aux Mains de Velours S\u00e0rl","url":"https:\/\/auxmainsdevelours.ch\/","logo":{"@type":"ImageObject","inLanguage":"fr-FR","@id":"https:\/\/auxmainsdevelours.ch\/#\/schema\/logo\/image\/","url":"https:\/\/auxmainsdevelours.ch\/wp-content\/uploads\/2022\/11\/WhatsApp-Image-2022-10-30-at-17.33.46.jpeg","contentUrl":"https:\/\/auxmainsdevelours.ch\/wp-content\/uploads\/2022\/11\/WhatsApp-Image-2022-10-30-at-17.33.46.jpeg","width":2048,"height":2048,"caption":"Aux Mains de Velours S\u00e0rl"},"image":{"@id":"https:\/\/auxmainsdevelours.ch\/#\/schema\/logo\/image\/"},"sameAs":["https:\/\/facebook.com\/auxmainsdevelourssarl","https:\/\/www.instagram.com\/auxmainsdevelours\/"]}]}},"_links":{"self":[{"href":"https:\/\/auxmainsdevelours.ch\/index.php\/wp-json\/wp\/v2\/product\/428","targetHints":{"allow":["GET"]}}],"collection":[{"href":"https:\/\/auxmainsdevelours.ch\/index.php\/wp-json\/wp\/v2\/product"}],"about":[{"href":"https:\/\/auxmainsdevelours.ch\/index.php\/wp-json\/wp\/v2\/types\/product"}],"replies":[{"embeddable":true,"href":"https:\/\/auxmainsdevelours.ch\/index.php\/wp-json\/wp\/v2\/comments?post=428"}],"wp:featuredmedia":[{"embeddable":true,"href":"https:\/\/auxmainsdevelours.ch\/index.php\/wp-json\/wp\/v2\/media\/2302"}],"wp:attachment":[{"href":"https:\/\/auxmainsdevelours.ch\/index.php\/wp-json\/wp\/v2\/media?parent=428"}],"wp:term":[{"taxonomy":"product_brand","embeddable":true,"href":"https:\/\/auxmainsdevelours.ch\/index.php\/wp-json\/wp\/v2\/product_brand?post=428"},{"taxonomy":"product_cat","embeddable":true,"href":"https:\/\/auxmainsdevelours.ch\/index.php\/wp-json\/wp\/v2\/product_cat?post=428"},{"taxonomy":"product_tag","embeddable":true,"href":"https:\/\/auxmainsdevelours.ch\/index.php\/wp-json\/wp\/v2\/product_tag?post=428"}],"curies":[{"name":"wp","href":"https:\/\/api.w.org\/{rel}","templated":true}]}}