{"id":3222,"date":"2025-10-15T16:10:32","date_gmt":"2025-10-15T14:10:32","guid":{"rendered":"https:\/\/auxmainsdevelours.ch\/?post_type=product&#038;p=3222"},"modified":"2025-10-15T19:14:43","modified_gmt":"2025-10-15T17:14:43","slug":"trilogy","status":"publish","type":"product","link":"https:\/\/auxmainsdevelours.ch\/index.php\/produit\/trilogy\/","title":{"rendered":"Trilogy"},"content":{"rendered":"<h3 data-start=\"204\" data-end=\"266\"><strong data-start=\"207\" data-end=\"266\">Trilogy \u2013 Bougie lithoth\u00e9rapie aux 3 pierres naturelles<\/strong><\/h3>\n<p data-start=\"268\" data-end=\"498\">Trilogy, une <strong data-start=\"272\" data-end=\"299\">bougie de lithoth\u00e9rapie<\/strong> artisanale, coul\u00e9e \u00e0 la main.<br data-start=\"358\" data-end=\"361\" \/>Chaque flamme r\u00e9v\u00e8le la puissance vibratoire des pierres naturelles qu\u2019elle renferme \u2014 un rituel de lumi\u00e8re, d\u2019harmonie et d\u2019intention.<\/p>\n<h3><strong data-start=\"504\" data-end=\"543\">Trilogy : L\u2019union de trois \u00e9nergies<\/strong><\/h3>\n<p data-start=\"545\" data-end=\"836\">Pens\u00e9e comme une rencontre entre <strong data-start=\"578\" data-end=\"611\">la pierre, la flamme et l\u2019\u00e2me<\/strong>, Trilogy incarne l\u2019\u00e9quilibre parfait des forces qui nous habitent.<br data-start=\"678\" data-end=\"681\" \/>Son nom \u00e9voque la <strong data-start=\"699\" data-end=\"722\">trinit\u00e9 \u00e9nerg\u00e9tique<\/strong> : corps, c\u0153ur et esprit.<br data-start=\"747\" data-end=\"750\" \/>Allumez-la pour purifier votre espace, apaiser vos \u00e9motions et \u00e9lever votre vibration.<\/p>\n<h3>\ud83d\udc9c <strong data-start=\"845\" data-end=\"902\">Version 1 \u2013 Am\u00e9thyste, Quartz rose &amp; Cristal de roche<\/strong><\/h3>\n<p data-start=\"904\" data-end=\"1332\">Un trio d\u2019amour et de s\u00e9r\u00e9nit\u00e9.<br data-start=\"935\" data-end=\"938\" \/><strong data-start=\"938\" data-end=\"951\">Am\u00e9thyste<\/strong> : pierre de sagesse et de paix int\u00e9rieure, elle aide \u00e0 calmer l\u2019esprit et favorise le sommeil.<br data-start=\"1046\" data-end=\"1049\" \/><strong data-start=\"1049\" data-end=\"1064\">Quartz rose<\/strong> : pierre du c\u0153ur, elle ouvre \u00e0 l\u2019amour, \u00e0 la tendresse et \u00e0 la douceur \u00e9motionnelle.<br data-start=\"1149\" data-end=\"1152\" \/><strong data-start=\"1152\" data-end=\"1172\">Cristal de roche<\/strong> : amplificateur \u00e9nerg\u00e9tique, il purifie et harmonise l\u2019ensemble.<br data-start=\"1237\" data-end=\"1240\" \/>Ensemble, elles forment une synergie d\u2019apaisement, de r\u00e9confort et d\u2019\u00e9quilibre \u00e9motionnel.<\/p>\n<p>\ud83d\udc99 <strong data-start=\"1341\" data-end=\"1392\">Version 2 \u2013 Sodalite, Quartz &amp; Cristal de roche<\/strong><\/p>\n<p data-start=\"1394\" data-end=\"1740\">Un trio d\u2019intuition et de clart\u00e9.<br data-start=\"1427\" data-end=\"1430\" \/><strong data-start=\"1430\" data-end=\"1442\">Sodalite<\/strong> : pierre de communication et de confiance en soi, elle aide \u00e0 exprimer sa v\u00e9rit\u00e9.<br data-start=\"1524\" data-end=\"1527\" \/><strong data-start=\"1527\" data-end=\"1537\">Quartz<\/strong> : favorise la clart\u00e9 mentale et la purification \u00e9nerg\u00e9tique.<br data-start=\"1598\" data-end=\"1601\" \/><strong data-start=\"1601\" data-end=\"1621\">Cristal de roche<\/strong> : amplifie et unifie les \u00e9nergies du trio.<br data-start=\"1664\" data-end=\"1667\" \/>Id\u00e9ale pour les moments d\u2019introspection, de m\u00e9ditation ou de cr\u00e9ation.<\/p>\n<h3 data-start=\"1742\" data-end=\"1795\"><strong data-start=\"1746\" data-end=\"1795\">Une bougie \u00e9nerg\u00e9tique, belle et bienfaisante<\/strong><\/h3>\n<p data-start=\"1797\" data-end=\"2130\">Chaque <strong data-start=\"1804\" data-end=\"1822\">bougie Trilogy<\/strong> est unique, coul\u00e9e artisanalement avec une <strong data-start=\"1866\" data-end=\"1893\">cire<\/strong>\u00a0et un <strong data-start=\"1900\" data-end=\"1918\">parfum d\u00e9licat<\/strong>.<br data-start=\"1919\" data-end=\"1922\" \/>Les <strong data-start=\"1926\" data-end=\"1948\">pierres v\u00e9ritables<\/strong> sont soigneusement dispos\u00e9es \u00e0 la main pour diffuser leur \u00e9nergie au rythme de la flamme.<\/p>\n<h3><strong data-start=\"2136\" data-end=\"2156\">Caract\u00e9ristiques<\/strong><\/h3>\n<p data-start=\"2158\" data-end=\"2585\"><strong data-start=\"2158\" data-end=\"2173\">Contenant :<\/strong> pot en verre transparent r\u00e9utilisable<br data-start=\"2211\" data-end=\"2214\" \/><strong data-start=\"2214\" data-end=\"2238\">Pierres naturelles :<\/strong><br data-start=\"2238\" data-end=\"2241\" \/>\u2013 <em data-start=\"2243\" data-end=\"2254\">Version 1<\/em> : Am\u00e9thyste, Quartz rose, Cristal de roche<br data-start=\"2297\" data-end=\"2300\" \/>\u2013 <em data-start=\"2302\" data-end=\"2313\">Version 2<\/em> : Sodalite, Quartz, Cristal de roche<br data-start=\"2350\" data-end=\"2353\" \/><strong data-start=\"2353\" data-end=\"2363\">Cire :<\/strong> min\u00e9rale, coul\u00e9e \u00e0 la main<br \/>\n<strong>Parfum : <\/strong>Origine France garantie, sans cruaut\u00e9 animale, sans phtalates, sans CMR<br \/>\n<strong data-start=\"2435\" data-end=\"2460\">Dur\u00e9e de combustion :<\/strong> environ 25 h<br data-start=\"2473\" data-end=\"2476\" \/><strong data-start=\"2476\" data-end=\"2487\">Poids :<\/strong> \u00b1150 g<\/p>\n<h3 data-start=\"2158\" data-end=\"2585\"><br data-start=\"2494\" data-end=\"2497\" \/><strong data-start=\"2591\" data-end=\"2638\">Un cadeau empreint d\u2019\u00e9nergie et d\u2019intention<\/strong><\/h3>\n<p data-start=\"2640\" data-end=\"2852\">Offrir <strong data-start=\"2647\" data-end=\"2658\">Trilogy<\/strong>, c\u2019est offrir un moment de lumi\u00e8re et de reconnexion \u00e0 soi.<br data-start=\"2718\" data-end=\"2721\" \/>Une <strong data-start=\"2725\" data-end=\"2749\">bougie lithoth\u00e9rapie<\/strong> qui illumine autant l\u2019espace que l\u2019\u00e2me, parfaite pour un instant de d\u00e9tente ou un cadeau symbolique.<\/p>\n<h3 data-start=\"265\" data-end=\"295\"><strong data-start=\"268\" data-end=\"293\">\u00c0 propos du parfum<\/strong><\/h3>\n<p data-start=\"324\" data-end=\"711\">Un parfum d\u00e9licieusement fruit\u00e9 et floral, inspir\u00e9 du c\u00e9l\u00e8bre bonbon belge au c\u0153ur tendre, le Cuberdon.<br data-start=\"438\" data-end=\"441\" \/>Ses notes sucr\u00e9es et p\u00e9tillantes \u00e9voquent la <strong data-start=\"486\" data-end=\"524\">gourmandise et la douceur de vivre<\/strong>, parfaites pour accompagner la lumi\u00e8re d\u2019une bougie lithoth\u00e9rapie.<br data-start=\"591\" data-end=\"594\" \/>Une fragrance \u00e0 la fois <strong data-start=\"618\" data-end=\"646\">r\u00e9confortante et joyeuse<\/strong>, qui embaume l\u2019espace d\u2019une touche de fantaisie et d\u2019harmonie.<\/p>\n<div class=\"_tableContainer_1rjym_1\">\n<div class=\"group _tableWrapper_1rjym_13 flex w-fit flex-col-reverse\" tabindex=\"-1\">\n<table class=\"w-fit min-w-(--thread-content-width)\" data-start=\"713\" data-end=\"884\">\n<thead data-start=\"713\" data-end=\"748\">\n<tr data-start=\"713\" data-end=\"748\">\n<th data-start=\"713\" data-end=\"727\" data-col-size=\"sm\"><strong data-start=\"715\" data-end=\"726\">Note(s)<\/strong><\/th>\n<th data-start=\"727\" data-end=\"748\" data-col-size=\"sm\">Fruit\u00e9e \/ Florale<\/th>\n<\/tr>\n<\/thead>\n<tbody data-start=\"787\" data-end=\"884\">\n<tr data-start=\"787\" data-end=\"817\">\n<td data-start=\"787\" data-end=\"798\" data-col-size=\"sm\"><strong data-start=\"789\" data-end=\"797\">T\u00eate<\/strong><\/td>\n<td data-start=\"798\" data-end=\"817\" data-col-size=\"sm\">Rhubarbe \/ Kiwi<\/td>\n<\/tr>\n<tr data-start=\"818\" data-end=\"851\">\n<td data-start=\"818\" data-end=\"829\" data-col-size=\"sm\"><strong data-start=\"820\" data-end=\"828\">C\u0153ur<\/strong><\/td>\n<td data-start=\"829\" data-end=\"851\" data-col-size=\"sm\">Framboise \/ Cassis<\/td>\n<\/tr>\n<tr data-start=\"852\" data-end=\"884\">\n<td data-start=\"852\" data-end=\"863\" data-col-size=\"sm\"><strong data-start=\"854\" data-end=\"862\">Fond<\/strong><\/td>\n<td data-start=\"863\" data-end=\"884\" data-col-size=\"sm\">Fraise \/ Violette<\/td>\n<\/tr>\n<\/tbody>\n<\/table>\n<\/div>\n<\/div>\n<p data-start=\"886\" data-end=\"980\">\n","protected":false},"excerpt":{"rendered":"<p><strong data-start=\"2942\" data-end=\"3001\">Trilogy \u2013 Bougie lithoth\u00e9rapie aux 3 pierres naturelles<\/strong><br data-start=\"3001\" data-end=\"3004\" \/>Une bougie artisanale coul\u00e9e \u00e0 la main dans un pot en verre, contenant trois pierres naturelles v\u00e9ritables.<br data-start=\"3111\" data-end=\"3114\" \/>Deux versions disponibles : Am\u00e9thyste, Quartz rose et Cristal de roche \u2014 ou Sodalite, Quartz et Cristal.<br data-start=\"3218\" data-end=\"3221\" \/>Une flamme, trois \u00e9nergies, une harmonie.<\/p>\n","protected":false},"featured_media":3229,"comment_status":"open","ping_status":"closed","template":"","meta":{"site-sidebar-layout":"default","site-content-layout":"default","ast-site-content-layout":"default","site-content-style":"default","site-sidebar-style":"default","ast-global-header-display":"","ast-banner-title-visibility":"","ast-main-header-display":"","ast-hfb-above-header-display":"","ast-hfb-below-header-display":"","ast-hfb-mobile-header-display":"","site-post-title":"","ast-breadcrumbs-content":"","ast-featured-img":"","footer-sml-layout":"","theme-transparent-header-meta":"default","adv-header-id-meta":"","stick-header-meta":"","header-above-stick-meta":"","header-main-stick-meta":"","header-below-stick-meta":"","astra-migrate-meta-layouts":"set","ast-page-background-enabled":"default","ast-page-background-meta":{"desktop":{"background-color":"var(--ast-global-color-4)","background-image":"","background-repeat":"repeat","background-position":"center center","background-size":"auto","background-attachment":"scroll","background-type":"","background-media":"","overlay-type":"","overlay-color":"","overlay-gradient":""},"tablet":{"background-color":"","background-image":"","background-repeat":"repeat","background-position":"center center","background-size":"auto","background-attachment":"scroll","background-type":"","background-media":"","overlay-type":"","overlay-color":"","overlay-gradient":""},"mobile":{"background-color":"","background-image":"","background-repeat":"repeat","background-position":"center center","background-size":"auto","background-attachment":"scroll","background-type":"","background-media":"","overlay-type":"","overlay-color":"","overlay-gradient":""}},"ast-content-background-meta":{"desktop":{"background-color":"var(--ast-global-color-5)","background-image":"","background-repeat":"repeat","background-position":"center center","background-size":"auto","background-attachment":"scroll","background-type":"","background-media":"","overlay-type":"","overlay-color":"","overlay-gradient":""},"tablet":{"background-color":"var(--ast-global-color-5)","background-image":"","background-repeat":"repeat","background-position":"center center","background-size":"auto","background-attachment":"scroll","background-type":"","background-media":"","overlay-type":"","overlay-color":"","overlay-gradient":""},"mobile":{"background-color":"var(--ast-global-color-5)","background-image":"","background-repeat":"repeat","background-position":"center center","background-size":"auto","background-attachment":"scroll","background-type":"","background-media":"","overlay-type":"","overlay-color":"","overlay-gradient":""}}},"product_brand":[],"product_cat":[22,104],"product_tag":[134,254,44,145,173,45,50,128,133],"class_list":{"0":"post-3222","1":"product","2":"type-product","3":"status-publish","4":"has-post-thumbnail","6":"product_cat-bougies","7":"product_cat-lithotherapie","8":"product_tag-amethyste","9":"product_tag-bien-etre","10":"product_tag-bougie","11":"product_tag-cristal","12":"product_tag-cristal-de-roche","13":"product_tag-lithotherapie","14":"product_tag-personnalisable","15":"product_tag-quartz-rose","16":"product_tag-sodalite","17":"desktop-align-left","18":"tablet-align-left","19":"mobile-align-left","21":"first","22":"instock","23":"taxable","24":"shipping-taxable","25":"purchasable","26":"product-type-variable"},"yoast_head":"<!-- This site is optimized with the Yoast SEO plugin v22.0 - https:\/\/yoast.com\/wordpress\/plugins\/seo\/ -->\n<title>Trilogy Aux Mains de Velours, Bougies, Del\u00e9mont<\/title>\n<meta name=\"description\" content=\"Trilogy, bougie lithoth\u00e9rapie avec pierres naturelles : am\u00e9thyste, quartz, sodalite et cristal. \u00c9nergie positive, bien-\u00eatre et s\u00e9r\u00e9nit\u00e9 \u00e0 chaque flamme.\" \/>\n<meta name=\"robots\" content=\"index, follow, max-snippet:-1, max-image-preview:large, max-video-preview:-1\" \/>\n<link rel=\"canonical\" href=\"https:\/\/auxmainsdevelours.ch\/index.php\/produit\/trilogy\/\" \/>\n<meta property=\"og:locale\" content=\"fr_FR\" \/>\n<meta property=\"og:type\" content=\"article\" \/>\n<meta property=\"og:title\" content=\"Trilogy Aux Mains de Velours, Bougies, Del\u00e9mont\" \/>\n<meta property=\"og:description\" content=\"Trilogy, bougie lithoth\u00e9rapie avec pierres naturelles : am\u00e9thyste, quartz, sodalite et cristal. \u00c9nergie positive, bien-\u00eatre et s\u00e9r\u00e9nit\u00e9 \u00e0 chaque flamme.\" \/>\n<meta property=\"og:url\" content=\"https:\/\/auxmainsdevelours.ch\/index.php\/produit\/trilogy\/\" \/>\n<meta property=\"og:site_name\" content=\"Aux Mains de Velours, Bougies, Del\u00e9mont\" \/>\n<meta property=\"article:publisher\" content=\"https:\/\/facebook.com\/auxmainsdevelourssarl\" \/>\n<meta property=\"article:modified_time\" content=\"2025-10-15T17:14:43+00:00\" \/>\n<meta property=\"og:image\" content=\"https:\/\/auxmainsdevelours.ch\/wp-content\/uploads\/2025\/10\/Trilogy-2.png\" \/>\n\t<meta property=\"og:image:width\" content=\"1080\" \/>\n\t<meta property=\"og:image:height\" content=\"1080\" \/>\n\t<meta property=\"og:image:type\" content=\"image\/png\" \/>\n<meta name=\"twitter:card\" content=\"summary_large_image\" \/>\n<meta name=\"twitter:label1\" content=\"Dur\u00e9e de lecture estim\u00e9e\" \/>\n\t<meta name=\"twitter:data1\" content=\"3 minutes\" \/>\n<script type=\"application\/ld+json\" class=\"yoast-schema-graph\">{\"@context\":\"https:\/\/schema.org\",\"@graph\":[{\"@type\":\"WebPage\",\"@id\":\"https:\/\/auxmainsdevelours.ch\/index.php\/produit\/trilogy\/\",\"url\":\"https:\/\/auxmainsdevelours.ch\/index.php\/produit\/trilogy\/\",\"name\":\"Trilogy Aux Mains de Velours, Bougies, Del\u00e9mont\",\"isPartOf\":{\"@id\":\"https:\/\/auxmainsdevelours.ch\/#website\"},\"datePublished\":\"2025-10-15T14:10:32+00:00\",\"dateModified\":\"2025-10-15T17:14:43+00:00\",\"description\":\"Trilogy, bougie lithoth\u00e9rapie avec pierres naturelles : am\u00e9thyste, quartz, sodalite et cristal. \u00c9nergie positive, bien-\u00eatre et s\u00e9r\u00e9nit\u00e9 \u00e0 chaque flamme.\",\"breadcrumb\":{\"@id\":\"https:\/\/auxmainsdevelours.ch\/index.php\/produit\/trilogy\/#breadcrumb\"},\"inLanguage\":\"fr-FR\",\"potentialAction\":[{\"@type\":\"ReadAction\",\"target\":[\"https:\/\/auxmainsdevelours.ch\/index.php\/produit\/trilogy\/\"]}]},{\"@type\":\"BreadcrumbList\",\"@id\":\"https:\/\/auxmainsdevelours.ch\/index.php\/produit\/trilogy\/#breadcrumb\",\"itemListElement\":[{\"@type\":\"ListItem\",\"position\":1,\"name\":\"Accueil\",\"item\":\"https:\/\/auxmainsdevelours.ch\/\"},{\"@type\":\"ListItem\",\"position\":2,\"name\":\"Boutique\",\"item\":\"https:\/\/auxmainsdevelours.ch\/index.php\/boutique\/\"},{\"@type\":\"ListItem\",\"position\":3,\"name\":\"Trilogy\"}]},{\"@type\":\"WebSite\",\"@id\":\"https:\/\/auxmainsdevelours.ch\/#website\",\"url\":\"https:\/\/auxmainsdevelours.ch\/\",\"name\":\"auxmainsdevelours.ch\",\"description\":\"Fait avec le coeur, pour vous \u2665\",\"publisher\":{\"@id\":\"https:\/\/auxmainsdevelours.ch\/#organization\"},\"potentialAction\":[{\"@type\":\"SearchAction\",\"target\":{\"@type\":\"EntryPoint\",\"urlTemplate\":\"https:\/\/auxmainsdevelours.ch\/?s={search_term_string}\"},\"query-input\":\"required name=search_term_string\"}],\"inLanguage\":\"fr-FR\"},{\"@type\":\"Organization\",\"@id\":\"https:\/\/auxmainsdevelours.ch\/#organization\",\"name\":\"Aux Mains de Velours S\u00e0rl\",\"url\":\"https:\/\/auxmainsdevelours.ch\/\",\"logo\":{\"@type\":\"ImageObject\",\"inLanguage\":\"fr-FR\",\"@id\":\"https:\/\/auxmainsdevelours.ch\/#\/schema\/logo\/image\/\",\"url\":\"https:\/\/auxmainsdevelours.ch\/wp-content\/uploads\/2022\/11\/WhatsApp-Image-2022-10-30-at-17.33.46.jpeg\",\"contentUrl\":\"https:\/\/auxmainsdevelours.ch\/wp-content\/uploads\/2022\/11\/WhatsApp-Image-2022-10-30-at-17.33.46.jpeg\",\"width\":2048,\"height\":2048,\"caption\":\"Aux Mains de Velours S\u00e0rl\"},\"image\":{\"@id\":\"https:\/\/auxmainsdevelours.ch\/#\/schema\/logo\/image\/\"},\"sameAs\":[\"https:\/\/facebook.com\/auxmainsdevelourssarl\",\"https:\/\/www.instagram.com\/auxmainsdevelours\/\"]}]}<\/script>\n<!-- \/ Yoast SEO plugin. -->","yoast_head_json":{"title":"Trilogy Aux Mains de Velours, Bougies, Del\u00e9mont","description":"Trilogy, bougie lithoth\u00e9rapie avec pierres naturelles : am\u00e9thyste, quartz, sodalite et cristal. \u00c9nergie positive, bien-\u00eatre et s\u00e9r\u00e9nit\u00e9 \u00e0 chaque flamme.","robots":{"index":"index","follow":"follow","max-snippet":"max-snippet:-1","max-image-preview":"max-image-preview:large","max-video-preview":"max-video-preview:-1"},"canonical":"https:\/\/auxmainsdevelours.ch\/index.php\/produit\/trilogy\/","og_locale":"fr_FR","og_type":"article","og_title":"Trilogy Aux Mains de Velours, Bougies, Del\u00e9mont","og_description":"Trilogy, bougie lithoth\u00e9rapie avec pierres naturelles : am\u00e9thyste, quartz, sodalite et cristal. \u00c9nergie positive, bien-\u00eatre et s\u00e9r\u00e9nit\u00e9 \u00e0 chaque flamme.","og_url":"https:\/\/auxmainsdevelours.ch\/index.php\/produit\/trilogy\/","og_site_name":"Aux Mains de Velours, Bougies, Del\u00e9mont","article_publisher":"https:\/\/facebook.com\/auxmainsdevelourssarl","article_modified_time":"2025-10-15T17:14:43+00:00","og_image":[{"width":1080,"height":1080,"url":"https:\/\/auxmainsdevelours.ch\/wp-content\/uploads\/2025\/10\/Trilogy-2.png","type":"image\/png"}],"twitter_card":"summary_large_image","twitter_misc":{"Dur\u00e9e de lecture estim\u00e9e":"3 minutes"},"schema":{"@context":"https:\/\/schema.org","@graph":[{"@type":"WebPage","@id":"https:\/\/auxmainsdevelours.ch\/index.php\/produit\/trilogy\/","url":"https:\/\/auxmainsdevelours.ch\/index.php\/produit\/trilogy\/","name":"Trilogy Aux Mains de Velours, Bougies, Del\u00e9mont","isPartOf":{"@id":"https:\/\/auxmainsdevelours.ch\/#website"},"datePublished":"2025-10-15T14:10:32+00:00","dateModified":"2025-10-15T17:14:43+00:00","description":"Trilogy, bougie lithoth\u00e9rapie avec pierres naturelles : am\u00e9thyste, quartz, sodalite et cristal. \u00c9nergie positive, bien-\u00eatre et s\u00e9r\u00e9nit\u00e9 \u00e0 chaque flamme.","breadcrumb":{"@id":"https:\/\/auxmainsdevelours.ch\/index.php\/produit\/trilogy\/#breadcrumb"},"inLanguage":"fr-FR","potentialAction":[{"@type":"ReadAction","target":["https:\/\/auxmainsdevelours.ch\/index.php\/produit\/trilogy\/"]}]},{"@type":"BreadcrumbList","@id":"https:\/\/auxmainsdevelours.ch\/index.php\/produit\/trilogy\/#breadcrumb","itemListElement":[{"@type":"ListItem","position":1,"name":"Accueil","item":"https:\/\/auxmainsdevelours.ch\/"},{"@type":"ListItem","position":2,"name":"Boutique","item":"https:\/\/auxmainsdevelours.ch\/index.php\/boutique\/"},{"@type":"ListItem","position":3,"name":"Trilogy"}]},{"@type":"WebSite","@id":"https:\/\/auxmainsdevelours.ch\/#website","url":"https:\/\/auxmainsdevelours.ch\/","name":"auxmainsdevelours.ch","description":"Fait avec le coeur, pour vous \u2665","publisher":{"@id":"https:\/\/auxmainsdevelours.ch\/#organization"},"potentialAction":[{"@type":"SearchAction","target":{"@type":"EntryPoint","urlTemplate":"https:\/\/auxmainsdevelours.ch\/?s={search_term_string}"},"query-input":"required name=search_term_string"}],"inLanguage":"fr-FR"},{"@type":"Organization","@id":"https:\/\/auxmainsdevelours.ch\/#organization","name":"Aux Mains de Velours S\u00e0rl","url":"https:\/\/auxmainsdevelours.ch\/","logo":{"@type":"ImageObject","inLanguage":"fr-FR","@id":"https:\/\/auxmainsdevelours.ch\/#\/schema\/logo\/image\/","url":"https:\/\/auxmainsdevelours.ch\/wp-content\/uploads\/2022\/11\/WhatsApp-Image-2022-10-30-at-17.33.46.jpeg","contentUrl":"https:\/\/auxmainsdevelours.ch\/wp-content\/uploads\/2022\/11\/WhatsApp-Image-2022-10-30-at-17.33.46.jpeg","width":2048,"height":2048,"caption":"Aux Mains de Velours S\u00e0rl"},"image":{"@id":"https:\/\/auxmainsdevelours.ch\/#\/schema\/logo\/image\/"},"sameAs":["https:\/\/facebook.com\/auxmainsdevelourssarl","https:\/\/www.instagram.com\/auxmainsdevelours\/"]}]}},"_links":{"self":[{"href":"https:\/\/auxmainsdevelours.ch\/index.php\/wp-json\/wp\/v2\/product\/3222","targetHints":{"allow":["GET"]}}],"collection":[{"href":"https:\/\/auxmainsdevelours.ch\/index.php\/wp-json\/wp\/v2\/product"}],"about":[{"href":"https:\/\/auxmainsdevelours.ch\/index.php\/wp-json\/wp\/v2\/types\/product"}],"replies":[{"embeddable":true,"href":"https:\/\/auxmainsdevelours.ch\/index.php\/wp-json\/wp\/v2\/comments?post=3222"}],"wp:featuredmedia":[{"embeddable":true,"href":"https:\/\/auxmainsdevelours.ch\/index.php\/wp-json\/wp\/v2\/media\/3229"}],"wp:attachment":[{"href":"https:\/\/auxmainsdevelours.ch\/index.php\/wp-json\/wp\/v2\/media?parent=3222"}],"wp:term":[{"taxonomy":"product_brand","embeddable":true,"href":"https:\/\/auxmainsdevelours.ch\/index.php\/wp-json\/wp\/v2\/product_brand?post=3222"},{"taxonomy":"product_cat","embeddable":true,"href":"https:\/\/auxmainsdevelours.ch\/index.php\/wp-json\/wp\/v2\/product_cat?post=3222"},{"taxonomy":"product_tag","embeddable":true,"href":"https:\/\/auxmainsdevelours.ch\/index.php\/wp-json\/wp\/v2\/product_tag?post=3222"}],"curies":[{"name":"wp","href":"https:\/\/api.w.org\/{rel}","templated":true}]}}