{"id":2813,"date":"2025-04-23T10:07:53","date_gmt":"2025-04-23T08:07:53","guid":{"rendered":"https:\/\/auxmainsdevelours.ch\/?post_type=product&#038;p=2813"},"modified":"2025-05-21T13:35:14","modified_gmt":"2025-05-21T11:35:14","slug":"bruleur-en-jesmonite-ananta","status":"publish","type":"product","link":"https:\/\/auxmainsdevelours.ch\/index.php\/produit\/bruleur-en-jesmonite-ananta\/","title":{"rendered":"Br\u00fbleur en Jesmonite &#8211; Ananta"},"content":{"rendered":"<h4 data-start=\"0\" data-end=\"33\"><strong data-start=\"0\" data-end=\"33\">Br\u00fbleur en Jesmonite \u2013 Ananta<\/strong><\/h4>\n<p class=\"\" data-start=\"285\" data-end=\"361\">D\u00e9couvrez <strong data-start=\"295\" data-end=\"305\">Ananta<\/strong>, un br\u00fbleur en Jesmonite au design \u00e9l\u00e9gant et apaisant.<\/p>\n<p class=\"\" data-start=\"363\" data-end=\"725\">Ce br\u00fbleur circulaire allie modernit\u00e9 et symbolisme. Inspir\u00e9 du sanskrit <strong data-start=\"436\" data-end=\"450\">\u00ab Ananta \u00bb<\/strong>, qui signifie <em data-start=\"465\" data-end=\"473\">infini<\/em>, il \u00e9voque l\u2019harmonie, la continuit\u00e9 et la lumi\u00e8re int\u00e9rieure. Sa forme simple et \u00e9pur\u00e9e s\u2019adapte facilement \u00e0 tous les styles d\u2019int\u00e9rieur. Fabriqu\u00e9 \u00e0 la main, il accueille vos fondants parfum\u00e9s, pour une ambiance chaleureuse et sereine.<\/p>\n<h4 data-start=\"619\" data-end=\"673\"><strong data-start=\"619\" data-end=\"673\">D\u00e9couvrez Ananta : L&rsquo;infini en lumi\u00e8re et s\u00e9r\u00e9nit\u00e9<\/strong><\/h4>\n<p class=\"\" data-start=\"782\" data-end=\"1041\">Le mot <strong data-start=\"789\" data-end=\"807\">Ananta (\u0905\u0928\u0928\u094d\u0924)<\/strong> symbolise l\u2019infini et l\u2019\u00e9ternit\u00e9. Il \u00e9voque un \u00e9quilibre constant, une lumi\u00e8re sans fin. Ce br\u00fbleur invite \u00e0 la d\u00e9tente et \u00e0 la paix int\u00e9rieure. Chaque d\u00e9tail de sa conception favorise une atmosph\u00e8re douce, spirituelle et tranquille.<\/p>\n<p class=\"\" data-start=\"1043\" data-end=\"1289\"><strong data-start=\"1043\" data-end=\"1073\">Plus qu\u2019un objet d\u00e9coratif<\/strong>, Ananta s\u2019int\u00e8gre dans vos rituels bien-\u00eatre. Son design refl\u00e8te l\u2019infini, tout comme les bienfaits des ar\u00f4mes qu\u2019il diffuse. Parfait pour cr\u00e9er un espace de relaxation, de m\u00e9ditation, ou tout simplement de confort.<\/p>\n<h4 data-start=\"1422\" data-end=\"1482\"><strong data-start=\"1422\" data-end=\"1482\">Nos mati\u00e8res premi\u00e8res \u2013 Une mati\u00e8re noble et durable<\/strong><\/h4>\n<p class=\"\" data-start=\"1346\" data-end=\"1615\">Le br\u00fbleur Ananta est fabriqu\u00e9 en <strong data-start=\"1380\" data-end=\"1393\">Jesmonite<\/strong>, un mat\u00e9riau \u00e0 la fois \u00e9cologique et robuste. Compos\u00e9 de min\u00e9raux et de r\u00e9sines acryliques, il est sans solvant et non toxique. Ce qui en fait un choix id\u00e9al pour un usage int\u00e9rieur sain.<\/p>\n<p class=\"\" data-start=\"1617\" data-end=\"1827\">Chaque pi\u00e8ce est <strong data-start=\"1634\" data-end=\"1654\">coul\u00e9e \u00e0 la main<\/strong>, offrant une finition douce et une texture unique. Aucun br\u00fbleur ne se ressemble exactement. C\u2019est ce qui fait tout leur charme : <strong data-start=\"1785\" data-end=\"1826\">chaque pi\u00e8ce est v\u00e9ritablement unique<\/strong>.<\/p>\n<h4 data-start=\"2206\" data-end=\"2228\"><strong data-start=\"2206\" data-end=\"2228\">Caract\u00e9ristiques :<\/strong><\/h4>\n<p class=\"\" data-start=\"2231\" data-end=\"2285\"><strong data-start=\"2231\" data-end=\"2247\">Dimensions :<\/strong> \u00d8 8 cm x H 9 cm (approximativement).<\/p>\n<p class=\"\" data-start=\"2288\" data-end=\"2336\"><strong data-start=\"2288\" data-end=\"2301\">Mati\u00e8re :<\/strong> Jesmonite<\/p>\n<p class=\"\" data-start=\"2339\" data-end=\"2416\"><strong data-start=\"2339\" data-end=\"2351\">Design :<\/strong> Circulaire, avec une ouverture pour bougie r\u00e9chaud et coupelle pour fondants parfum\u00e9s.<\/p>\n<p class=\"\" data-start=\"2419\" data-end=\"2523\"><strong data-start=\"2419\" data-end=\"2432\">Couleur :<\/strong> Chaque pi\u00e8ce est fabriqu\u00e9e \u00e0 la main avec soin, ce qui la rend unique et irr\u00e9p\u00e9table, garantissant qu&rsquo;aucun mod\u00e8le ne sera exactement identique \u00e0 un autre.<\/p>\n<p class=\"\" data-start=\"2526\" data-end=\"2608\"><strong data-start=\"2526\" data-end=\"2537\">Usage :<\/strong> Id\u00e9al pour diffuser des fondants parfum\u00e9s.<\/p>\n<h4 data-start=\"2610\" data-end=\"2641\"><strong data-start=\"2610\" data-end=\"2641\">Un choix durable et raffin\u00e9<\/strong><\/h4>\n<p class=\"\" data-start=\"2643\" data-end=\"2985\">Choisir Ananta, c\u2019est adopter un objet <strong data-start=\"2208\" data-end=\"2219\">durable<\/strong>, <strong data-start=\"2221\" data-end=\"2234\">fait main<\/strong>, et respectueux de l\u2019environnement. C\u2019est aussi ajouter une <strong data-start=\"2295\" data-end=\"2317\">touche de s\u00e9r\u00e9nit\u00e9<\/strong> \u00e0 votre espace de vie. Que ce soit pour une soir\u00e9e cocooning ou un moment de m\u00e9ditation, ce br\u00fbleur est le compagnon id\u00e9al.<\/p>\n<p class=\"\" data-start=\"3153\" data-end=\"3278\">D\u00e9couvrez notre collection de <a href=\"https:\/\/auxmainsdevelours.ch\/index.php\/categorie-produit\/fondants\/\">fondants<\/a>, et laissez la lumi\u00e8re et la s\u00e9r\u00e9nit\u00e9 envahir votre espace avec <em data-start=\"3269\" data-end=\"3277\">Ananta<\/em>.<\/p>\n","protected":false},"excerpt":{"rendered":"<p><strong data-start=\"181\" data-end=\"217\">Br\u00fbleurs en Jesmonite faits main<\/strong><br data-start=\"217\" data-end=\"220\" \/>Plongez dans un univers de s\u00e9r\u00e9nit\u00e9 avec nos br\u00fbleurs en Jesmonite artisanaux. Chaque pi\u00e8ce, unique et fa\u00e7onn\u00e9e \u00e0 la main, diffuse d\u00e9licatement vos fondants parfum\u00e9s tout en apportant une touche de po\u00e9sie \u00e0 votre int\u00e9rieur. Inspir\u00e9s de symboles sanskrits, ils allient esth\u00e9tique, spiritualit\u00e9 et bien-\u00eatre au quotidien.<\/p>\n","protected":false},"featured_media":2822,"comment_status":"open","ping_status":"closed","template":"","meta":{"site-sidebar-layout":"default","site-content-layout":"default","ast-site-content-layout":"default","site-content-style":"default","site-sidebar-style":"default","ast-global-header-display":"","ast-banner-title-visibility":"","ast-main-header-display":"","ast-hfb-above-header-display":"","ast-hfb-below-header-display":"","ast-hfb-mobile-header-display":"","site-post-title":"","ast-breadcrumbs-content":"","ast-featured-img":"","footer-sml-layout":"","theme-transparent-header-meta":"default","adv-header-id-meta":"","stick-header-meta":"","header-above-stick-meta":"","header-main-stick-meta":"","header-below-stick-meta":"","astra-migrate-meta-layouts":"set","ast-page-background-enabled":"default","ast-page-background-meta":{"desktop":{"background-color":"var(--ast-global-color-4)","background-image":"","background-repeat":"repeat","background-position":"center center","background-size":"auto","background-attachment":"scroll","background-type":"","background-media":"","overlay-type":"","overlay-color":"","overlay-gradient":""},"tablet":{"background-color":"","background-image":"","background-repeat":"repeat","background-position":"center center","background-size":"auto","background-attachment":"scroll","background-type":"","background-media":"","overlay-type":"","overlay-color":"","overlay-gradient":""},"mobile":{"background-color":"","background-image":"","background-repeat":"repeat","background-position":"center center","background-size":"auto","background-attachment":"scroll","background-type":"","background-media":"","overlay-type":"","overlay-color":"","overlay-gradient":""}},"ast-content-background-meta":{"desktop":{"background-color":"var(--ast-global-color-5)","background-image":"","background-repeat":"repeat","background-position":"center center","background-size":"auto","background-attachment":"scroll","background-type":"","background-media":"","overlay-type":"","overlay-color":"","overlay-gradient":""},"tablet":{"background-color":"var(--ast-global-color-5)","background-image":"","background-repeat":"repeat","background-position":"center center","background-size":"auto","background-attachment":"scroll","background-type":"","background-media":"","overlay-type":"","overlay-color":"","overlay-gradient":""},"mobile":{"background-color":"var(--ast-global-color-5)","background-image":"","background-repeat":"repeat","background-position":"center center","background-size":"auto","background-attachment":"scroll","background-type":"","background-media":"","overlay-type":"","overlay-color":"","overlay-gradient":""}}},"product_brand":[],"product_cat":[97],"product_tag":[262,261,258,257,264,266,267,259,260,268,269,263,265,270],"class_list":{"0":"post-2813","1":"product","2":"type-product","3":"status-publish","4":"has-post-thumbnail","6":"product_cat-bruleurs","7":"product_tag-ambiance-zen","8":"product_tag-aromatherapie","9":"product_tag-bruleur-artisanal","10":"product_tag-bruleur-en-jesmonite","11":"product_tag-cadeau-artisanal","12":"product_tag-decoration-naturelle","13":"product_tag-design-spirituel","14":"product_tag-fait-main","15":"product_tag-fondants-parfumes","16":"product_tag-inspiration-sanskrit","17":"product_tag-jesmoniste-eco-responsable","18":"product_tag-objets-bien-etre","19":"product_tag-piece-unique","20":"product_tag-rituel-relaxation","21":"desktop-align-left","22":"tablet-align-left","23":"mobile-align-left","25":"first","26":"instock","27":"taxable","28":"shipping-taxable","29":"purchasable","30":"product-type-variable"},"yoast_head":"<!-- This site is optimized with the Yoast SEO plugin v22.0 - https:\/\/yoast.com\/wordpress\/plugins\/seo\/ -->\n<title>Br\u00fbleur en Jesmonite - Ananta Aux Mains de Velours, Bougies, Del\u00e9mont<\/title>\n<meta name=\"description\" content=\"D\u00e9couvrez notre br\u00fbleur en Jesmonite - Ananta. Parfait pour une utilisation avec nos fondants parfum\u00e9s ou nos fondants aux huiles essentielles.\" \/>\n<meta name=\"robots\" content=\"index, follow, max-snippet:-1, max-image-preview:large, max-video-preview:-1\" \/>\n<link rel=\"canonical\" href=\"https:\/\/auxmainsdevelours.ch\/index.php\/produit\/bruleur-en-jesmonite-ananta\/\" \/>\n<meta property=\"og:locale\" content=\"fr_FR\" \/>\n<meta property=\"og:type\" content=\"article\" \/>\n<meta property=\"og:title\" content=\"Br\u00fbleur en Jesmonite - Ananta Aux Mains de Velours, Bougies, Del\u00e9mont\" \/>\n<meta property=\"og:description\" content=\"D\u00e9couvrez notre br\u00fbleur en Jesmonite - Ananta. Parfait pour une utilisation avec nos fondants parfum\u00e9s ou nos fondants aux huiles essentielles.\" \/>\n<meta property=\"og:url\" content=\"https:\/\/auxmainsdevelours.ch\/index.php\/produit\/bruleur-en-jesmonite-ananta\/\" \/>\n<meta property=\"og:site_name\" content=\"Aux Mains de Velours, Bougies, Del\u00e9mont\" \/>\n<meta property=\"article:publisher\" content=\"https:\/\/facebook.com\/auxmainsdevelourssarl\" \/>\n<meta property=\"article:modified_time\" content=\"2025-05-21T11:35:14+00:00\" \/>\n<meta property=\"og:image\" content=\"https:\/\/auxmainsdevelours.ch\/wp-content\/uploads\/2025\/04\/Ananta-bleu.png\" \/>\n\t<meta property=\"og:image:width\" content=\"1080\" \/>\n\t<meta property=\"og:image:height\" content=\"1080\" \/>\n\t<meta property=\"og:image:type\" content=\"image\/png\" \/>\n<meta name=\"twitter:card\" content=\"summary_large_image\" \/>\n<meta name=\"twitter:label1\" content=\"Dur\u00e9e de lecture estim\u00e9e\" \/>\n\t<meta name=\"twitter:data1\" content=\"3 minutes\" \/>\n<script type=\"application\/ld+json\" class=\"yoast-schema-graph\">{\"@context\":\"https:\/\/schema.org\",\"@graph\":[{\"@type\":\"WebPage\",\"@id\":\"https:\/\/auxmainsdevelours.ch\/index.php\/produit\/bruleur-en-jesmonite-ananta\/\",\"url\":\"https:\/\/auxmainsdevelours.ch\/index.php\/produit\/bruleur-en-jesmonite-ananta\/\",\"name\":\"Br\u00fbleur en Jesmonite - Ananta Aux Mains de Velours, Bougies, Del\u00e9mont\",\"isPartOf\":{\"@id\":\"https:\/\/auxmainsdevelours.ch\/#website\"},\"datePublished\":\"2025-04-23T08:07:53+00:00\",\"dateModified\":\"2025-05-21T11:35:14+00:00\",\"description\":\"D\u00e9couvrez notre br\u00fbleur en Jesmonite - Ananta. Parfait pour une utilisation avec nos fondants parfum\u00e9s ou nos fondants aux huiles essentielles.\",\"breadcrumb\":{\"@id\":\"https:\/\/auxmainsdevelours.ch\/index.php\/produit\/bruleur-en-jesmonite-ananta\/#breadcrumb\"},\"inLanguage\":\"fr-FR\",\"potentialAction\":[{\"@type\":\"ReadAction\",\"target\":[\"https:\/\/auxmainsdevelours.ch\/index.php\/produit\/bruleur-en-jesmonite-ananta\/\"]}]},{\"@type\":\"BreadcrumbList\",\"@id\":\"https:\/\/auxmainsdevelours.ch\/index.php\/produit\/bruleur-en-jesmonite-ananta\/#breadcrumb\",\"itemListElement\":[{\"@type\":\"ListItem\",\"position\":1,\"name\":\"Accueil\",\"item\":\"https:\/\/auxmainsdevelours.ch\/\"},{\"@type\":\"ListItem\",\"position\":2,\"name\":\"Boutique\",\"item\":\"https:\/\/auxmainsdevelours.ch\/index.php\/boutique\/\"},{\"@type\":\"ListItem\",\"position\":3,\"name\":\"Br\u00fbleur en Jesmonite &#8211; Ananta\"}]},{\"@type\":\"WebSite\",\"@id\":\"https:\/\/auxmainsdevelours.ch\/#website\",\"url\":\"https:\/\/auxmainsdevelours.ch\/\",\"name\":\"auxmainsdevelours.ch\",\"description\":\"Fait avec le coeur, pour vous \u2665\",\"publisher\":{\"@id\":\"https:\/\/auxmainsdevelours.ch\/#organization\"},\"potentialAction\":[{\"@type\":\"SearchAction\",\"target\":{\"@type\":\"EntryPoint\",\"urlTemplate\":\"https:\/\/auxmainsdevelours.ch\/?s={search_term_string}\"},\"query-input\":\"required name=search_term_string\"}],\"inLanguage\":\"fr-FR\"},{\"@type\":\"Organization\",\"@id\":\"https:\/\/auxmainsdevelours.ch\/#organization\",\"name\":\"Aux Mains de Velours S\u00e0rl\",\"url\":\"https:\/\/auxmainsdevelours.ch\/\",\"logo\":{\"@type\":\"ImageObject\",\"inLanguage\":\"fr-FR\",\"@id\":\"https:\/\/auxmainsdevelours.ch\/#\/schema\/logo\/image\/\",\"url\":\"https:\/\/auxmainsdevelours.ch\/wp-content\/uploads\/2022\/11\/WhatsApp-Image-2022-10-30-at-17.33.46.jpeg\",\"contentUrl\":\"https:\/\/auxmainsdevelours.ch\/wp-content\/uploads\/2022\/11\/WhatsApp-Image-2022-10-30-at-17.33.46.jpeg\",\"width\":2048,\"height\":2048,\"caption\":\"Aux Mains de Velours S\u00e0rl\"},\"image\":{\"@id\":\"https:\/\/auxmainsdevelours.ch\/#\/schema\/logo\/image\/\"},\"sameAs\":[\"https:\/\/facebook.com\/auxmainsdevelourssarl\",\"https:\/\/www.instagram.com\/auxmainsdevelours\/\"]}]}<\/script>\n<!-- \/ Yoast SEO plugin. -->","yoast_head_json":{"title":"Br\u00fbleur en Jesmonite - Ananta Aux Mains de Velours, Bougies, Del\u00e9mont","description":"D\u00e9couvrez notre br\u00fbleur en Jesmonite - Ananta. Parfait pour une utilisation avec nos fondants parfum\u00e9s ou nos fondants aux huiles essentielles.","robots":{"index":"index","follow":"follow","max-snippet":"max-snippet:-1","max-image-preview":"max-image-preview:large","max-video-preview":"max-video-preview:-1"},"canonical":"https:\/\/auxmainsdevelours.ch\/index.php\/produit\/bruleur-en-jesmonite-ananta\/","og_locale":"fr_FR","og_type":"article","og_title":"Br\u00fbleur en Jesmonite - Ananta Aux Mains de Velours, Bougies, Del\u00e9mont","og_description":"D\u00e9couvrez notre br\u00fbleur en Jesmonite - Ananta. Parfait pour une utilisation avec nos fondants parfum\u00e9s ou nos fondants aux huiles essentielles.","og_url":"https:\/\/auxmainsdevelours.ch\/index.php\/produit\/bruleur-en-jesmonite-ananta\/","og_site_name":"Aux Mains de Velours, Bougies, Del\u00e9mont","article_publisher":"https:\/\/facebook.com\/auxmainsdevelourssarl","article_modified_time":"2025-05-21T11:35:14+00:00","og_image":[{"width":1080,"height":1080,"url":"https:\/\/auxmainsdevelours.ch\/wp-content\/uploads\/2025\/04\/Ananta-bleu.png","type":"image\/png"}],"twitter_card":"summary_large_image","twitter_misc":{"Dur\u00e9e de lecture estim\u00e9e":"3 minutes"},"schema":{"@context":"https:\/\/schema.org","@graph":[{"@type":"WebPage","@id":"https:\/\/auxmainsdevelours.ch\/index.php\/produit\/bruleur-en-jesmonite-ananta\/","url":"https:\/\/auxmainsdevelours.ch\/index.php\/produit\/bruleur-en-jesmonite-ananta\/","name":"Br\u00fbleur en Jesmonite - Ananta Aux Mains de Velours, Bougies, Del\u00e9mont","isPartOf":{"@id":"https:\/\/auxmainsdevelours.ch\/#website"},"datePublished":"2025-04-23T08:07:53+00:00","dateModified":"2025-05-21T11:35:14+00:00","description":"D\u00e9couvrez notre br\u00fbleur en Jesmonite - Ananta. Parfait pour une utilisation avec nos fondants parfum\u00e9s ou nos fondants aux huiles essentielles.","breadcrumb":{"@id":"https:\/\/auxmainsdevelours.ch\/index.php\/produit\/bruleur-en-jesmonite-ananta\/#breadcrumb"},"inLanguage":"fr-FR","potentialAction":[{"@type":"ReadAction","target":["https:\/\/auxmainsdevelours.ch\/index.php\/produit\/bruleur-en-jesmonite-ananta\/"]}]},{"@type":"BreadcrumbList","@id":"https:\/\/auxmainsdevelours.ch\/index.php\/produit\/bruleur-en-jesmonite-ananta\/#breadcrumb","itemListElement":[{"@type":"ListItem","position":1,"name":"Accueil","item":"https:\/\/auxmainsdevelours.ch\/"},{"@type":"ListItem","position":2,"name":"Boutique","item":"https:\/\/auxmainsdevelours.ch\/index.php\/boutique\/"},{"@type":"ListItem","position":3,"name":"Br\u00fbleur en Jesmonite &#8211; Ananta"}]},{"@type":"WebSite","@id":"https:\/\/auxmainsdevelours.ch\/#website","url":"https:\/\/auxmainsdevelours.ch\/","name":"auxmainsdevelours.ch","description":"Fait avec le coeur, pour vous \u2665","publisher":{"@id":"https:\/\/auxmainsdevelours.ch\/#organization"},"potentialAction":[{"@type":"SearchAction","target":{"@type":"EntryPoint","urlTemplate":"https:\/\/auxmainsdevelours.ch\/?s={search_term_string}"},"query-input":"required name=search_term_string"}],"inLanguage":"fr-FR"},{"@type":"Organization","@id":"https:\/\/auxmainsdevelours.ch\/#organization","name":"Aux Mains de Velours S\u00e0rl","url":"https:\/\/auxmainsdevelours.ch\/","logo":{"@type":"ImageObject","inLanguage":"fr-FR","@id":"https:\/\/auxmainsdevelours.ch\/#\/schema\/logo\/image\/","url":"https:\/\/auxmainsdevelours.ch\/wp-content\/uploads\/2022\/11\/WhatsApp-Image-2022-10-30-at-17.33.46.jpeg","contentUrl":"https:\/\/auxmainsdevelours.ch\/wp-content\/uploads\/2022\/11\/WhatsApp-Image-2022-10-30-at-17.33.46.jpeg","width":2048,"height":2048,"caption":"Aux Mains de Velours S\u00e0rl"},"image":{"@id":"https:\/\/auxmainsdevelours.ch\/#\/schema\/logo\/image\/"},"sameAs":["https:\/\/facebook.com\/auxmainsdevelourssarl","https:\/\/www.instagram.com\/auxmainsdevelours\/"]}]}},"_links":{"self":[{"href":"https:\/\/auxmainsdevelours.ch\/index.php\/wp-json\/wp\/v2\/product\/2813","targetHints":{"allow":["GET"]}}],"collection":[{"href":"https:\/\/auxmainsdevelours.ch\/index.php\/wp-json\/wp\/v2\/product"}],"about":[{"href":"https:\/\/auxmainsdevelours.ch\/index.php\/wp-json\/wp\/v2\/types\/product"}],"replies":[{"embeddable":true,"href":"https:\/\/auxmainsdevelours.ch\/index.php\/wp-json\/wp\/v2\/comments?post=2813"}],"wp:featuredmedia":[{"embeddable":true,"href":"https:\/\/auxmainsdevelours.ch\/index.php\/wp-json\/wp\/v2\/media\/2822"}],"wp:attachment":[{"href":"https:\/\/auxmainsdevelours.ch\/index.php\/wp-json\/wp\/v2\/media?parent=2813"}],"wp:term":[{"taxonomy":"product_brand","embeddable":true,"href":"https:\/\/auxmainsdevelours.ch\/index.php\/wp-json\/wp\/v2\/product_brand?post=2813"},{"taxonomy":"product_cat","embeddable":true,"href":"https:\/\/auxmainsdevelours.ch\/index.php\/wp-json\/wp\/v2\/product_cat?post=2813"},{"taxonomy":"product_tag","embeddable":true,"href":"https:\/\/auxmainsdevelours.ch\/index.php\/wp-json\/wp\/v2\/product_tag?post=2813"}],"curies":[{"name":"wp","href":"https:\/\/api.w.org\/{rel}","templated":true}]}}