{"id":2740,"date":"2025-03-16T10:54:35","date_gmt":"2025-03-16T09:54:35","guid":{"rendered":"https:\/\/auxmainsdevelours.ch\/?post_type=product&#038;p=2740"},"modified":"2025-03-16T11:15:47","modified_gmt":"2025-03-16T10:15:47","slug":"lampe-de-sel","status":"publish","type":"product","link":"https:\/\/auxmainsdevelours.ch\/index.php\/produit\/lampe-de-sel\/","title":{"rendered":"Lampe de Sel"},"content":{"rendered":"<h4 data-start=\"71\" data-end=\"130\">\ud83c\udf3f <strong data-start=\"76\" data-end=\"125\">Lampe de Sel Naturelle \u2013 Lumi\u00e8re et Bien-\u00catre<\/strong> \ud83c\udf3f<\/h4>\n<p data-start=\"132\" data-end=\"415\">Apportez une touche chaleureuse et apaisante \u00e0 votre int\u00e9rieur avec notre <strong data-start=\"206\" data-end=\"241\">Lampe en Cristal de Sel Naturel<\/strong>. Con\u00e7ue \u00e0 partir de v\u00e9ritables cristaux de sel gemme, cette lampe diffuse une lumi\u00e8re douce et bienfaisante, cr\u00e9ant une atmosph\u00e8re propice \u00e0 la relaxation et \u00e0 l\u2019harmonie.<\/p>\n<h4 data-start=\"417\" data-end=\"478\">\ud83d\udca1 <strong data-start=\"424\" data-end=\"476\">Une lumi\u00e8re naturelle pour un int\u00e9rieur apaisant<\/strong><\/h4>\n<p data-start=\"479\" data-end=\"726\">Les lampes de sel sont connues pour leur teinte unique allant du <strong data-start=\"544\" data-end=\"576\">rose p\u00e2le \u00e0 l\u2019orange profond<\/strong>, due \u00e0 leur richesse en min\u00e9raux. Chaque lampe est une pi\u00e8ce unique, fa\u00e7onn\u00e9e par la nature, offrant une lueur chaleureuse qui invite au bien-\u00eatre.<\/p>\n<h4 data-start=\"728\" data-end=\"772\">\ud83c\udf3f <strong data-start=\"735\" data-end=\"770\">Les bienfaits des lampes de sel<\/strong><\/h4>\n<p data-start=\"773\" data-end=\"890\">En plus de leur esth\u00e9tique naturelle, les lampes de sel sont r\u00e9put\u00e9es pour leurs nombreuses propri\u00e9t\u00e9s b\u00e9n\u00e9fiques :<\/p>\n<p data-start=\"892\" data-end=\"1133\">\u2714\ufe0f <strong data-start=\"895\" data-end=\"920\">Purification de l\u2019air<\/strong> \ud83c\udf2c\ufe0f<br data-start=\"924\" data-end=\"927\" \/>Le sel gemme est hygroscopique, ce qui signifie qu\u2019il absorbe l\u2019humidit\u00e9 de l\u2019air ainsi que les particules de poussi\u00e8re, de fum\u00e9e et de pollen, contribuant ainsi \u00e0 am\u00e9liorer la qualit\u00e9 de l\u2019air int\u00e9rieur.<\/p>\n<p data-start=\"1135\" data-end=\"1398\">\u2714\ufe0f <strong data-start=\"1138\" data-end=\"1180\">\u00c9quilibre \u00e9nerg\u00e9tique et ions n\u00e9gatifs<\/strong> \u26a1<br data-start=\"1182\" data-end=\"1185\" \/>On attribue aux lampes de sel la capacit\u00e9 de diffuser des <strong data-start=\"1243\" data-end=\"1260\">ions n\u00e9gatifs<\/strong>, connus pour neutraliser les polluants \u00e9lectromagn\u00e9tiques \u00e9mis par les appareils \u00e9lectroniques et favoriser un environnement plus sain.<\/p>\n<p data-start=\"1400\" data-end=\"1592\">\u2714\ufe0f <strong data-start=\"1403\" data-end=\"1446\">Am\u00e9lioration du bien-\u00eatre et du sommeil<\/strong> \ud83d\ude34<br data-start=\"1449\" data-end=\"1452\" \/>Leur lumi\u00e8re tamis\u00e9e cr\u00e9e une <strong data-start=\"1482\" data-end=\"1517\">ambiance cocooning et relaxante<\/strong>, id\u00e9ale pour favoriser la d\u00e9tente, la m\u00e9ditation et un sommeil paisible.<\/p>\n<p data-start=\"1594\" data-end=\"1815\">\u2714\ufe0f <strong data-start=\"1597\" data-end=\"1627\">Harmonisation des \u00e9nergies<\/strong> \ud83e\uddd8\u200d\u2640\ufe0f<br data-start=\"1633\" data-end=\"1636\" \/>Les lampes de sel sont souvent utilis\u00e9es en <strong data-start=\"1680\" data-end=\"1713\">lithoth\u00e9rapie et en feng shui<\/strong> pour favoriser une circulation \u00e9nerg\u00e9tique fluide et apaisante dans un espace de vie ou de travail.<\/p>\n<h4 data-start=\"1817\" data-end=\"1856\">\u2728 <strong data-start=\"1823\" data-end=\"1854\">Caract\u00e9ristiques du produit<\/strong><\/h4>\n<ul data-start=\"1857\" data-end=\"2199\">\n<li data-start=\"1857\" data-end=\"1879\"><strong data-start=\"1859\" data-end=\"1868\">Poids<\/strong> : 2-3 kg<\/li>\n<li data-start=\"1880\" data-end=\"1933\"><strong data-start=\"1882\" data-end=\"1894\">Mat\u00e9riau<\/strong> : Cristal de sel gemme 100 % naturel<\/li>\n<li data-start=\"1934\" data-end=\"1984\"><strong data-start=\"1936\" data-end=\"1947\">Couleur<\/strong> : Rose \u00e0 orange (teinte naturelle)<\/li>\n<li data-start=\"2059\" data-end=\"2109\"><strong data-start=\"2061\" data-end=\"2081\">Source lumineuse<\/strong> : <strong data-start=\"2084\" data-end=\"2107\">Ampoule LED incluse<\/strong><\/li>\n<li data-start=\"2110\" data-end=\"2199\"><strong data-start=\"2112\" data-end=\"2127\">Utilisation<\/strong> : Branchez-la simplement pour profiter imm\u00e9diatement de ses bienfaits<\/li>\n<\/ul>\n<h4 data-start=\"2201\" data-end=\"2245\">\ud83c\udf81 <strong data-start=\"2208\" data-end=\"2243\">Un cadeau unique et authentique<\/strong><\/h4>\n<p data-start=\"2246\" data-end=\"2450\">Chaque lampe est une cr\u00e9ation naturelle, rendant chaque pi\u00e8ce <strong data-start=\"2308\" data-end=\"2341\">unique en forme et en couleur<\/strong>. Elle constitue un cadeau id\u00e9al pour les amateurs de <strong data-start=\"2395\" data-end=\"2447\">bien-\u00eatre, de d\u00e9coration zen et de lithoth\u00e9rapie<\/strong>.<\/p>\n<h4 data-start=\"2452\" data-end=\"2486\">\ud83d\udee0\ufe0f <strong data-start=\"2460\" data-end=\"2484\">Conseils d\u2019entretien<\/strong><\/h4>\n<ul data-start=\"2487\" data-end=\"2752\">\n<li data-start=\"2487\" data-end=\"2571\">Ne pas exposer la lampe \u00e0 une humidit\u00e9 excessive pour \u00e9viter qu\u2019elle ne s\u2019ab\u00eeme.<\/li>\n<li data-start=\"2572\" data-end=\"2638\">Essuyer avec un chiffon sec si elle devient l\u00e9g\u00e8rement humide.<\/li>\n<\/ul>\n<p data-start=\"2754\" data-end=\"2863\">\ud83c\udf1f <strong data-start=\"2757\" data-end=\"2858\">Ajoutez une touche de lumi\u00e8re et de s\u00e9r\u00e9nit\u00e9 \u00e0 votre int\u00e9rieur avec notre Lampe de Sel Naturelle.<\/strong> \ud83c\udf1f<\/p>\n","protected":false},"excerpt":{"rendered":"<p>D\u00e9couvrez nos Lampes de Sel<\/p>\n","protected":false},"featured_media":2741,"comment_status":"open","ping_status":"closed","template":"","meta":{"site-sidebar-layout":"default","site-content-layout":"default","ast-site-content-layout":"default","site-content-style":"default","site-sidebar-style":"default","ast-global-header-display":"","ast-banner-title-visibility":"","ast-main-header-display":"","ast-hfb-above-header-display":"","ast-hfb-below-header-display":"","ast-hfb-mobile-header-display":"","site-post-title":"","ast-breadcrumbs-content":"","ast-featured-img":"","footer-sml-layout":"","theme-transparent-header-meta":"default","adv-header-id-meta":"","stick-header-meta":"","header-above-stick-meta":"","header-main-stick-meta":"","header-below-stick-meta":"","astra-migrate-meta-layouts":"set","ast-page-background-enabled":"default","ast-page-background-meta":{"desktop":{"background-color":"var(--ast-global-color-4)","background-image":"","background-repeat":"repeat","background-position":"center center","background-size":"auto","background-attachment":"scroll","background-type":"","background-media":"","overlay-type":"","overlay-color":"","overlay-gradient":""},"tablet":{"background-color":"","background-image":"","background-repeat":"repeat","background-position":"center center","background-size":"auto","background-attachment":"scroll","background-type":"","background-media":"","overlay-type":"","overlay-color":"","overlay-gradient":""},"mobile":{"background-color":"","background-image":"","background-repeat":"repeat","background-position":"center center","background-size":"auto","background-attachment":"scroll","background-type":"","background-media":"","overlay-type":"","overlay-color":"","overlay-gradient":""}},"ast-content-background-meta":{"desktop":{"background-color":"var(--ast-global-color-5)","background-image":"","background-repeat":"repeat","background-position":"center center","background-size":"auto","background-attachment":"scroll","background-type":"","background-media":"","overlay-type":"","overlay-color":"","overlay-gradient":""},"tablet":{"background-color":"var(--ast-global-color-5)","background-image":"","background-repeat":"repeat","background-position":"center center","background-size":"auto","background-attachment":"scroll","background-type":"","background-media":"","overlay-type":"","overlay-color":"","overlay-gradient":""},"mobile":{"background-color":"var(--ast-global-color-5)","background-image":"","background-repeat":"repeat","background-position":"center center","background-size":"auto","background-attachment":"scroll","background-type":"","background-media":"","overlay-type":"","overlay-color":"","overlay-gradient":""}}},"product_brand":[],"product_cat":[101,104],"product_tag":[253,254,252,248,82,251,88,255,210],"class_list":{"0":"post-2740","1":"product","2":"type-product","3":"status-publish","4":"has-post-thumbnail","6":"product_cat-harmonie","7":"product_cat-lithotherapie","8":"product_tag-ambiance-apaisante","9":"product_tag-bien-etre","10":"product_tag-cristal-de-sel","11":"product_tag-energie-positive","12":"product_tag-harmonie","13":"product_tag-lampe-de-sel","14":"product_tag-purification","15":"product_tag-relaxation","16":"product_tag-serenite","17":"desktop-align-left","18":"tablet-align-left","19":"mobile-align-left","21":"first","22":"instock","23":"taxable","24":"shipping-taxable","25":"purchasable","26":"product-type-variable"},"yoast_head":"<!-- This site is optimized with the Yoast SEO plugin v22.0 - https:\/\/yoast.com\/wordpress\/plugins\/seo\/ -->\n<title>Lampe de Sel Aux Mains de Velours, Bougies, Del\u00e9mont<\/title>\n<meta name=\"description\" content=\"Apportez s\u00e9r\u00e9nit\u00e9 et bien-\u00eatre \u00e0 votre int\u00e9rieur avec notre lampe de sel naturelle. Lumi\u00e8re douce, purification de l\u2019air et ambiance apaisante.\" \/>\n<meta name=\"robots\" content=\"index, follow, max-snippet:-1, max-image-preview:large, max-video-preview:-1\" \/>\n<link rel=\"canonical\" href=\"https:\/\/auxmainsdevelours.ch\/index.php\/produit\/lampe-de-sel\/\" \/>\n<meta property=\"og:locale\" content=\"fr_FR\" \/>\n<meta property=\"og:type\" content=\"article\" \/>\n<meta property=\"og:title\" content=\"Lampe de Sel Aux Mains de Velours, Bougies, Del\u00e9mont\" \/>\n<meta property=\"og:description\" content=\"Apportez s\u00e9r\u00e9nit\u00e9 et bien-\u00eatre \u00e0 votre int\u00e9rieur avec notre lampe de sel naturelle. Lumi\u00e8re douce, purification de l\u2019air et ambiance apaisante.\" \/>\n<meta property=\"og:url\" content=\"https:\/\/auxmainsdevelours.ch\/index.php\/produit\/lampe-de-sel\/\" \/>\n<meta property=\"og:site_name\" content=\"Aux Mains de Velours, Bougies, Del\u00e9mont\" \/>\n<meta property=\"article:publisher\" content=\"https:\/\/facebook.com\/auxmainsdevelourssarl\" \/>\n<meta property=\"article:modified_time\" content=\"2025-03-16T10:15:47+00:00\" \/>\n<meta property=\"og:image\" content=\"https:\/\/auxmainsdevelours.ch\/wp-content\/uploads\/2025\/03\/Lampe-de-Sel-1.png\" \/>\n\t<meta property=\"og:image:width\" content=\"1080\" \/>\n\t<meta property=\"og:image:height\" content=\"1080\" \/>\n\t<meta property=\"og:image:type\" content=\"image\/png\" \/>\n<meta name=\"twitter:card\" content=\"summary_large_image\" \/>\n<meta name=\"twitter:label1\" content=\"Dur\u00e9e de lecture estim\u00e9e\" \/>\n\t<meta name=\"twitter:data1\" content=\"3 minutes\" \/>\n<script type=\"application\/ld+json\" class=\"yoast-schema-graph\">{\"@context\":\"https:\/\/schema.org\",\"@graph\":[{\"@type\":\"WebPage\",\"@id\":\"https:\/\/auxmainsdevelours.ch\/index.php\/produit\/lampe-de-sel\/\",\"url\":\"https:\/\/auxmainsdevelours.ch\/index.php\/produit\/lampe-de-sel\/\",\"name\":\"Lampe de Sel Aux Mains de Velours, Bougies, Del\u00e9mont\",\"isPartOf\":{\"@id\":\"https:\/\/auxmainsdevelours.ch\/#website\"},\"datePublished\":\"2025-03-16T09:54:35+00:00\",\"dateModified\":\"2025-03-16T10:15:47+00:00\",\"description\":\"Apportez s\u00e9r\u00e9nit\u00e9 et bien-\u00eatre \u00e0 votre int\u00e9rieur avec notre lampe de sel naturelle. Lumi\u00e8re douce, purification de l\u2019air et ambiance apaisante.\",\"breadcrumb\":{\"@id\":\"https:\/\/auxmainsdevelours.ch\/index.php\/produit\/lampe-de-sel\/#breadcrumb\"},\"inLanguage\":\"fr-FR\",\"potentialAction\":[{\"@type\":\"ReadAction\",\"target\":[\"https:\/\/auxmainsdevelours.ch\/index.php\/produit\/lampe-de-sel\/\"]}]},{\"@type\":\"BreadcrumbList\",\"@id\":\"https:\/\/auxmainsdevelours.ch\/index.php\/produit\/lampe-de-sel\/#breadcrumb\",\"itemListElement\":[{\"@type\":\"ListItem\",\"position\":1,\"name\":\"Accueil\",\"item\":\"https:\/\/auxmainsdevelours.ch\/\"},{\"@type\":\"ListItem\",\"position\":2,\"name\":\"Boutique\",\"item\":\"https:\/\/auxmainsdevelours.ch\/index.php\/boutique\/\"},{\"@type\":\"ListItem\",\"position\":3,\"name\":\"Lampe de Sel\"}]},{\"@type\":\"WebSite\",\"@id\":\"https:\/\/auxmainsdevelours.ch\/#website\",\"url\":\"https:\/\/auxmainsdevelours.ch\/\",\"name\":\"auxmainsdevelours.ch\",\"description\":\"Fait avec le coeur, pour vous \u2665\",\"publisher\":{\"@id\":\"https:\/\/auxmainsdevelours.ch\/#organization\"},\"potentialAction\":[{\"@type\":\"SearchAction\",\"target\":{\"@type\":\"EntryPoint\",\"urlTemplate\":\"https:\/\/auxmainsdevelours.ch\/?s={search_term_string}\"},\"query-input\":\"required name=search_term_string\"}],\"inLanguage\":\"fr-FR\"},{\"@type\":\"Organization\",\"@id\":\"https:\/\/auxmainsdevelours.ch\/#organization\",\"name\":\"Aux Mains de Velours S\u00e0rl\",\"url\":\"https:\/\/auxmainsdevelours.ch\/\",\"logo\":{\"@type\":\"ImageObject\",\"inLanguage\":\"fr-FR\",\"@id\":\"https:\/\/auxmainsdevelours.ch\/#\/schema\/logo\/image\/\",\"url\":\"https:\/\/auxmainsdevelours.ch\/wp-content\/uploads\/2022\/11\/WhatsApp-Image-2022-10-30-at-17.33.46.jpeg\",\"contentUrl\":\"https:\/\/auxmainsdevelours.ch\/wp-content\/uploads\/2022\/11\/WhatsApp-Image-2022-10-30-at-17.33.46.jpeg\",\"width\":2048,\"height\":2048,\"caption\":\"Aux Mains de Velours S\u00e0rl\"},\"image\":{\"@id\":\"https:\/\/auxmainsdevelours.ch\/#\/schema\/logo\/image\/\"},\"sameAs\":[\"https:\/\/facebook.com\/auxmainsdevelourssarl\",\"https:\/\/www.instagram.com\/auxmainsdevelours\/\"]}]}<\/script>\n<!-- \/ Yoast SEO plugin. -->","yoast_head_json":{"title":"Lampe de Sel Aux Mains de Velours, Bougies, Del\u00e9mont","description":"Apportez s\u00e9r\u00e9nit\u00e9 et bien-\u00eatre \u00e0 votre int\u00e9rieur avec notre lampe de sel naturelle. Lumi\u00e8re douce, purification de l\u2019air et ambiance apaisante.","robots":{"index":"index","follow":"follow","max-snippet":"max-snippet:-1","max-image-preview":"max-image-preview:large","max-video-preview":"max-video-preview:-1"},"canonical":"https:\/\/auxmainsdevelours.ch\/index.php\/produit\/lampe-de-sel\/","og_locale":"fr_FR","og_type":"article","og_title":"Lampe de Sel Aux Mains de Velours, Bougies, Del\u00e9mont","og_description":"Apportez s\u00e9r\u00e9nit\u00e9 et bien-\u00eatre \u00e0 votre int\u00e9rieur avec notre lampe de sel naturelle. Lumi\u00e8re douce, purification de l\u2019air et ambiance apaisante.","og_url":"https:\/\/auxmainsdevelours.ch\/index.php\/produit\/lampe-de-sel\/","og_site_name":"Aux Mains de Velours, Bougies, Del\u00e9mont","article_publisher":"https:\/\/facebook.com\/auxmainsdevelourssarl","article_modified_time":"2025-03-16T10:15:47+00:00","og_image":[{"width":1080,"height":1080,"url":"https:\/\/auxmainsdevelours.ch\/wp-content\/uploads\/2025\/03\/Lampe-de-Sel-1.png","type":"image\/png"}],"twitter_card":"summary_large_image","twitter_misc":{"Dur\u00e9e de lecture estim\u00e9e":"3 minutes"},"schema":{"@context":"https:\/\/schema.org","@graph":[{"@type":"WebPage","@id":"https:\/\/auxmainsdevelours.ch\/index.php\/produit\/lampe-de-sel\/","url":"https:\/\/auxmainsdevelours.ch\/index.php\/produit\/lampe-de-sel\/","name":"Lampe de Sel Aux Mains de Velours, Bougies, Del\u00e9mont","isPartOf":{"@id":"https:\/\/auxmainsdevelours.ch\/#website"},"datePublished":"2025-03-16T09:54:35+00:00","dateModified":"2025-03-16T10:15:47+00:00","description":"Apportez s\u00e9r\u00e9nit\u00e9 et bien-\u00eatre \u00e0 votre int\u00e9rieur avec notre lampe de sel naturelle. Lumi\u00e8re douce, purification de l\u2019air et ambiance apaisante.","breadcrumb":{"@id":"https:\/\/auxmainsdevelours.ch\/index.php\/produit\/lampe-de-sel\/#breadcrumb"},"inLanguage":"fr-FR","potentialAction":[{"@type":"ReadAction","target":["https:\/\/auxmainsdevelours.ch\/index.php\/produit\/lampe-de-sel\/"]}]},{"@type":"BreadcrumbList","@id":"https:\/\/auxmainsdevelours.ch\/index.php\/produit\/lampe-de-sel\/#breadcrumb","itemListElement":[{"@type":"ListItem","position":1,"name":"Accueil","item":"https:\/\/auxmainsdevelours.ch\/"},{"@type":"ListItem","position":2,"name":"Boutique","item":"https:\/\/auxmainsdevelours.ch\/index.php\/boutique\/"},{"@type":"ListItem","position":3,"name":"Lampe de Sel"}]},{"@type":"WebSite","@id":"https:\/\/auxmainsdevelours.ch\/#website","url":"https:\/\/auxmainsdevelours.ch\/","name":"auxmainsdevelours.ch","description":"Fait avec le coeur, pour vous \u2665","publisher":{"@id":"https:\/\/auxmainsdevelours.ch\/#organization"},"potentialAction":[{"@type":"SearchAction","target":{"@type":"EntryPoint","urlTemplate":"https:\/\/auxmainsdevelours.ch\/?s={search_term_string}"},"query-input":"required name=search_term_string"}],"inLanguage":"fr-FR"},{"@type":"Organization","@id":"https:\/\/auxmainsdevelours.ch\/#organization","name":"Aux Mains de Velours S\u00e0rl","url":"https:\/\/auxmainsdevelours.ch\/","logo":{"@type":"ImageObject","inLanguage":"fr-FR","@id":"https:\/\/auxmainsdevelours.ch\/#\/schema\/logo\/image\/","url":"https:\/\/auxmainsdevelours.ch\/wp-content\/uploads\/2022\/11\/WhatsApp-Image-2022-10-30-at-17.33.46.jpeg","contentUrl":"https:\/\/auxmainsdevelours.ch\/wp-content\/uploads\/2022\/11\/WhatsApp-Image-2022-10-30-at-17.33.46.jpeg","width":2048,"height":2048,"caption":"Aux Mains de Velours S\u00e0rl"},"image":{"@id":"https:\/\/auxmainsdevelours.ch\/#\/schema\/logo\/image\/"},"sameAs":["https:\/\/facebook.com\/auxmainsdevelourssarl","https:\/\/www.instagram.com\/auxmainsdevelours\/"]}]}},"_links":{"self":[{"href":"https:\/\/auxmainsdevelours.ch\/index.php\/wp-json\/wp\/v2\/product\/2740","targetHints":{"allow":["GET"]}}],"collection":[{"href":"https:\/\/auxmainsdevelours.ch\/index.php\/wp-json\/wp\/v2\/product"}],"about":[{"href":"https:\/\/auxmainsdevelours.ch\/index.php\/wp-json\/wp\/v2\/types\/product"}],"replies":[{"embeddable":true,"href":"https:\/\/auxmainsdevelours.ch\/index.php\/wp-json\/wp\/v2\/comments?post=2740"}],"wp:featuredmedia":[{"embeddable":true,"href":"https:\/\/auxmainsdevelours.ch\/index.php\/wp-json\/wp\/v2\/media\/2741"}],"wp:attachment":[{"href":"https:\/\/auxmainsdevelours.ch\/index.php\/wp-json\/wp\/v2\/media?parent=2740"}],"wp:term":[{"taxonomy":"product_brand","embeddable":true,"href":"https:\/\/auxmainsdevelours.ch\/index.php\/wp-json\/wp\/v2\/product_brand?post=2740"},{"taxonomy":"product_cat","embeddable":true,"href":"https:\/\/auxmainsdevelours.ch\/index.php\/wp-json\/wp\/v2\/product_cat?post=2740"},{"taxonomy":"product_tag","embeddable":true,"href":"https:\/\/auxmainsdevelours.ch\/index.php\/wp-json\/wp\/v2\/product_tag?post=2740"}],"curies":[{"name":"wp","href":"https:\/\/api.w.org\/{rel}","templated":true}]}}