{"id":2651,"date":"2024-12-22T16:39:30","date_gmt":"2024-12-22T15:39:30","guid":{"rendered":"https:\/\/auxmainsdevelours.ch\/?post_type=product&#038;p=2651"},"modified":"2025-12-15T14:36:39","modified_gmt":"2025-12-15T13:36:39","slug":"la-precieuse-sublime-elegance","status":"publish","type":"product","link":"https:\/\/auxmainsdevelours.ch\/index.php\/produit\/la-precieuse-sublime-elegance\/","title":{"rendered":"La Pr\u00e9cieuse &#8211; Sublime Elegance"},"content":{"rendered":"<p>La Pr\u00e9cieuse Sublime Elegance.<\/p>\n<p>La Pr\u00e9cieuse est une bougie qui contient une pierre de lithoth\u00e9rapie.<\/p>\n<h3>Nos mati\u00e8res premi\u00e8res \u2013 La cire v\u00e9g\u00e9tale<\/h3>\n<div class=\"flex-1 overflow-hidden\">\n<div class=\"react-scroll-to-bottom--css-sjull-79elbk h-full dark:bg-gray-800\">\n<div class=\"react-scroll-to-bottom--css-sjull-1n7m0yu\">\n<div class=\"flex flex-col items-center text-sm dark:bg-gray-800\">\n<div class=\"group w-full text-gray-800 dark:text-gray-100 border-b border-black\/10 dark:border-gray-900\/50 bg-gray-50 dark:bg-[#444654]\">\n<div class=\"text-base gap-4 md:gap-6 md:max-w-2xl lg:max-w-xl xl:max-w-3xl p-4 md:py-6 flex lg:px-0 m-auto\">\n<div class=\"relative flex w-[calc(100%-50px)] flex-col gap-1 md:gap-3 lg:w-[calc(100%-115px)]\">\n<div class=\"flex flex-grow flex-col gap-3\">\n<div class=\"min-h-[20px] flex flex-col items-start gap-4 whitespace-pre-wrap break-words\">\n<div class=\"markdown prose w-full break-words dark:prose-invert light\">\n<p>La cire v\u00e9g\u00e9tale, \u00e9tant une alternative naturelle et durable \u00e0 la cire traditionnelle, est largement utilis\u00e9e dans la production de bougies et d&rsquo;autres articles cosm\u00e9tiques. Elle provient de mati\u00e8res premi\u00e8res renouvelables telles que la cire de soja, la cire d&rsquo;abeille et la cire d&rsquo;olive.<\/p>\n<p>En comparaison avec la cire traditionnelle, la cire v\u00e9g\u00e9tale pr\u00e9sente de nombreux avantages. Les bougies con\u00e7ues \u00e0 partir de cette cire br\u00fblent plus lentement, ce qui a pour effet de prolonger significativement leur dur\u00e9e de vie. De plus, elles diffusent les fragrances de mani\u00e8re plus efficace, cr\u00e9ant ainsi une ambiance olfactive plus agr\u00e9able. En outre, la cire v\u00e9g\u00e9tale est biod\u00e9gradable, ce qui contribue \u00e0 rendre son utilisation plus respectueuse de l&rsquo;environnement et b\u00e9n\u00e9fique pour la sant\u00e9 des utilisateurs.<\/p>\n<p>Fr\u00e9quemment int\u00e9gr\u00e9e dans des productions artisanales, la cire v\u00e9g\u00e9tale assure une qualit\u00e9 sup\u00e9rieure et une s\u00e9lection de fragrances plus originales et exclusives. Cela r\u00e9sulte en une exp\u00e9rience plus raffin\u00e9e pour les consommateurs \u00e0 la recherche de produits uniques.<\/p>\n<p>En tant qu&rsquo;alternative \u00e9cologique et qualitative \u00e0 la cire traditionnelle, la cire v\u00e9g\u00e9tale r\u00e9pond aux attentes croissantes d&rsquo;une client\u00e8le de plus en plus sensible aux enjeux environnementaux et de sant\u00e9. Ainsi, elle s&rsquo;inscrit dans une d\u00e9marche plus globale visant \u00e0 favoriser des choix de consommation durables et responsables.<\/p>\n<p><span style=\"font-size: 16px;\">D\u00e9couvrez notre gamme <\/span><a style=\"font-size: 16px; background-color: #ffffff;\" href=\"https:\/\/auxmainsdevelours.ch\/index.php\/categorie-produit\/la-precieuse\/\">La Pr\u00e9cieuse<\/a><span style=\"font-size: 16px;\">.<\/span><\/p>\n<\/div>\n<\/div>\n<\/div>\n<\/div>\n<h3>Conseils d&rsquo;utilisation<\/h3>\n<\/div>\n<\/div>\n<\/div>\n<\/div>\n<\/div>\n<\/div>\n<p><span style=\"color: #ff0000;\">Attentio<\/span><span style=\"color: #ff0000;\">n\u00a0<\/span>: ne pas laisser la bougie allum\u00e9e sans surveillance. Ne pas laisser \u00e0 la port\u00e9e d\u2019enfants ou d\u2019animaux.<\/p>\n<p>La bougie doit \u00eatre d\u00e9pos\u00e9e sur une surface plate.<\/p>\n<p><em>La teinte des bougies peut \u00eatre diff\u00e9rente\u00a0de celle des\u00a0images affich\u00e9es.<\/em><\/p>\n<p>Ingr\u00e9dients :<br \/>\nCire \u00e0 base d\u2019olive enti\u00e8rement v\u00e9g\u00e9tale (<em>aucun produit d\u2019origine animale n\u2019est<\/em><br \/>\n<em>utilis\u00e9 et aucun test sur les animaux n\u2019a \u00e9t\u00e9 effectu\u00e9 lors de sa fabrication<\/em>).<br \/>\nColorant (<em>les bougies blanches ne contiennent aucun colorant<\/em>).<\/p>\n<p>Parfum Sublime Elegance<br \/>\nNote de t\u00eate : Bergamote, Cassis et Fleur de P\u00eache.<br \/>\nC\u0153ur : Rose Charnelle, Rhubarbe Rose, Jasmin Blanc.<br \/>\nFond : Ambre, Muscs Doux, Patchouli Sensuelle.<br \/>\nSans CMR, Sans phtalate, fabriqu\u00e9 en Suisse.<\/p>\n<p>&nbsp;<\/p>\n","protected":false},"excerpt":{"rendered":"<p>La Pr\u00e9cieuse est une bougie qui contient une v\u00e9ritable pierre de lithoth\u00e9rapie.<\/p>\n<p><span style=\"font-size: 16px;\">D\u00e9couvrez les vertus des pierres <\/span><a style=\"font-size: 16px; background-color: #ffffff;\" href=\"https:\/\/auxmainsdevelours.ch\/index.php\/blog\/\">ici<\/a><\/p>\n<p>Sublime Elegance :<br \/>\nOffrez une s\u00e9r\u00e9nade \u00e0 votre \u00e2me avec cette cascade velout\u00e9e de p\u00e9tale de roses rouges. Les fleurs blanches et les fruits roses apportent de l&rsquo;\u00e9clat, tandis que la chaleur du patchouli et de l&rsquo;ambre apporte une touche sensuelle.<\/p>\n","protected":false},"featured_media":2649,"comment_status":"open","ping_status":"closed","template":"","meta":{"site-sidebar-layout":"default","site-content-layout":"default","ast-site-content-layout":"default","site-content-style":"default","site-sidebar-style":"default","ast-global-header-display":"","ast-banner-title-visibility":"","ast-main-header-display":"","ast-hfb-above-header-display":"","ast-hfb-below-header-display":"","ast-hfb-mobile-header-display":"","site-post-title":"","ast-breadcrumbs-content":"","ast-featured-img":"","footer-sml-layout":"","theme-transparent-header-meta":"default","adv-header-id-meta":"","stick-header-meta":"","header-above-stick-meta":"","header-main-stick-meta":"","header-below-stick-meta":"","astra-migrate-meta-layouts":"set","ast-page-background-enabled":"default","ast-page-background-meta":{"desktop":{"background-color":"var(--ast-global-color-4)","background-image":"","background-repeat":"repeat","background-position":"center center","background-size":"auto","background-attachment":"scroll","background-type":"","background-media":"","overlay-type":"","overlay-color":"","overlay-gradient":""},"tablet":{"background-color":"","background-image":"","background-repeat":"repeat","background-position":"center center","background-size":"auto","background-attachment":"scroll","background-type":"","background-media":"","overlay-type":"","overlay-color":"","overlay-gradient":""},"mobile":{"background-color":"","background-image":"","background-repeat":"repeat","background-position":"center center","background-size":"auto","background-attachment":"scroll","background-type":"","background-media":"","overlay-type":"","overlay-color":"","overlay-gradient":""}},"ast-content-background-meta":{"desktop":{"background-color":"var(--ast-global-color-5)","background-image":"","background-repeat":"repeat","background-position":"center center","background-size":"auto","background-attachment":"scroll","background-type":"","background-media":"","overlay-type":"","overlay-color":"","overlay-gradient":""},"tablet":{"background-color":"var(--ast-global-color-5)","background-image":"","background-repeat":"repeat","background-position":"center center","background-size":"auto","background-attachment":"scroll","background-type":"","background-media":"","overlay-type":"","overlay-color":"","overlay-gradient":""},"mobile":{"background-color":"var(--ast-global-color-5)","background-image":"","background-repeat":"repeat","background-position":"center center","background-size":"auto","background-attachment":"scroll","background-type":"","background-media":"","overlay-type":"","overlay-color":"","overlay-gradient":""}}},"product_brand":[],"product_cat":[22,38,34,104],"product_tag":[56,44,46,48,47,60,58,45,50,49,59],"class_list":{"0":"post-2651","1":"product","2":"type-product","3":"status-publish","4":"has-post-thumbnail","6":"product_cat-bougies","7":"product_cat-idees-cadeaux","8":"product_cat-la-precieuse","9":"product_cat-lithotherapie","10":"product_tag-artisanat","11":"product_tag-bougie","12":"product_tag-bougie-artisanale","13":"product_tag-bougie-personnalisee","14":"product_tag-cire-olive-vegetale","15":"product_tag-cire-vegetale","16":"product_tag-home-made","17":"product_tag-lithotherapie","18":"product_tag-personnalisable","19":"product_tag-personnalisation","20":"product_tag-swiss-made","21":"desktop-align-left","22":"tablet-align-left","23":"mobile-align-left","25":"first","26":"onbackorder","27":"taxable","28":"shipping-taxable","29":"purchasable","30":"product-type-simple"},"yoast_head":"<!-- This site is optimized with the Yoast SEO plugin v22.0 - https:\/\/yoast.com\/wordpress\/plugins\/seo\/ -->\n<title>La Pr\u00e9cieuse - Sublime Elegance Aux Mains de Velours, Bougies, Del\u00e9mont<\/title>\n<meta name=\"description\" content=\"La Pr\u00e9cieuse - Sublime Elegance, est une bougie qui contient une v\u00e9ritable pierre de lithoth\u00e9rapie. Sans parfum, id\u00e9ale pour les personnes sensibles.\" \/>\n<meta name=\"robots\" content=\"index, follow, max-snippet:-1, max-image-preview:large, max-video-preview:-1\" \/>\n<link rel=\"canonical\" href=\"https:\/\/auxmainsdevelours.ch\/index.php\/produit\/la-precieuse-sublime-elegance\/\" \/>\n<meta property=\"og:locale\" content=\"fr_FR\" \/>\n<meta property=\"og:type\" content=\"article\" \/>\n<meta property=\"og:title\" content=\"La Pr\u00e9cieuse - Sublime Elegance Aux Mains de Velours, Bougies, Del\u00e9mont\" \/>\n<meta property=\"og:description\" content=\"La Pr\u00e9cieuse - Sublime Elegance, est une bougie qui contient une v\u00e9ritable pierre de lithoth\u00e9rapie. Sans parfum, id\u00e9ale pour les personnes sensibles.\" \/>\n<meta property=\"og:url\" content=\"https:\/\/auxmainsdevelours.ch\/index.php\/produit\/la-precieuse-sublime-elegance\/\" \/>\n<meta property=\"og:site_name\" content=\"Aux Mains de Velours, Bougies, Del\u00e9mont\" \/>\n<meta property=\"article:publisher\" content=\"https:\/\/facebook.com\/auxmainsdevelourssarl\" \/>\n<meta property=\"article:modified_time\" content=\"2025-12-15T13:36:39+00:00\" \/>\n<meta property=\"og:image\" content=\"https:\/\/auxmainsdevelours.ch\/wp-content\/uploads\/2024\/12\/La-Precieuse-Sublime-elegance.png\" \/>\n\t<meta property=\"og:image:width\" content=\"1080\" \/>\n\t<meta property=\"og:image:height\" content=\"1080\" \/>\n\t<meta property=\"og:image:type\" content=\"image\/png\" \/>\n<meta name=\"twitter:card\" content=\"summary_large_image\" \/>\n<meta name=\"twitter:label1\" content=\"Dur\u00e9e de lecture estim\u00e9e\" \/>\n\t<meta name=\"twitter:data1\" content=\"2 minutes\" \/>\n<script type=\"application\/ld+json\" class=\"yoast-schema-graph\">{\"@context\":\"https:\/\/schema.org\",\"@graph\":[{\"@type\":\"WebPage\",\"@id\":\"https:\/\/auxmainsdevelours.ch\/index.php\/produit\/la-precieuse-sublime-elegance\/\",\"url\":\"https:\/\/auxmainsdevelours.ch\/index.php\/produit\/la-precieuse-sublime-elegance\/\",\"name\":\"La Pr\u00e9cieuse - Sublime Elegance Aux Mains de Velours, Bougies, Del\u00e9mont\",\"isPartOf\":{\"@id\":\"https:\/\/auxmainsdevelours.ch\/#website\"},\"datePublished\":\"2024-12-22T15:39:30+00:00\",\"dateModified\":\"2025-12-15T13:36:39+00:00\",\"description\":\"La Pr\u00e9cieuse - Sublime Elegance, est une bougie qui contient une v\u00e9ritable pierre de lithoth\u00e9rapie. Sans parfum, id\u00e9ale pour les personnes sensibles.\",\"breadcrumb\":{\"@id\":\"https:\/\/auxmainsdevelours.ch\/index.php\/produit\/la-precieuse-sublime-elegance\/#breadcrumb\"},\"inLanguage\":\"fr-FR\",\"potentialAction\":[{\"@type\":\"ReadAction\",\"target\":[\"https:\/\/auxmainsdevelours.ch\/index.php\/produit\/la-precieuse-sublime-elegance\/\"]}]},{\"@type\":\"BreadcrumbList\",\"@id\":\"https:\/\/auxmainsdevelours.ch\/index.php\/produit\/la-precieuse-sublime-elegance\/#breadcrumb\",\"itemListElement\":[{\"@type\":\"ListItem\",\"position\":1,\"name\":\"Accueil\",\"item\":\"https:\/\/auxmainsdevelours.ch\/\"},{\"@type\":\"ListItem\",\"position\":2,\"name\":\"Boutique\",\"item\":\"https:\/\/auxmainsdevelours.ch\/index.php\/boutique\/\"},{\"@type\":\"ListItem\",\"position\":3,\"name\":\"La Pr\u00e9cieuse &#8211; Sublime Elegance\"}]},{\"@type\":\"WebSite\",\"@id\":\"https:\/\/auxmainsdevelours.ch\/#website\",\"url\":\"https:\/\/auxmainsdevelours.ch\/\",\"name\":\"auxmainsdevelours.ch\",\"description\":\"Fait avec le coeur, pour vous \u2665\",\"publisher\":{\"@id\":\"https:\/\/auxmainsdevelours.ch\/#organization\"},\"potentialAction\":[{\"@type\":\"SearchAction\",\"target\":{\"@type\":\"EntryPoint\",\"urlTemplate\":\"https:\/\/auxmainsdevelours.ch\/?s={search_term_string}\"},\"query-input\":\"required name=search_term_string\"}],\"inLanguage\":\"fr-FR\"},{\"@type\":\"Organization\",\"@id\":\"https:\/\/auxmainsdevelours.ch\/#organization\",\"name\":\"Aux Mains de Velours S\u00e0rl\",\"url\":\"https:\/\/auxmainsdevelours.ch\/\",\"logo\":{\"@type\":\"ImageObject\",\"inLanguage\":\"fr-FR\",\"@id\":\"https:\/\/auxmainsdevelours.ch\/#\/schema\/logo\/image\/\",\"url\":\"https:\/\/auxmainsdevelours.ch\/wp-content\/uploads\/2022\/11\/WhatsApp-Image-2022-10-30-at-17.33.46.jpeg\",\"contentUrl\":\"https:\/\/auxmainsdevelours.ch\/wp-content\/uploads\/2022\/11\/WhatsApp-Image-2022-10-30-at-17.33.46.jpeg\",\"width\":2048,\"height\":2048,\"caption\":\"Aux Mains de Velours S\u00e0rl\"},\"image\":{\"@id\":\"https:\/\/auxmainsdevelours.ch\/#\/schema\/logo\/image\/\"},\"sameAs\":[\"https:\/\/facebook.com\/auxmainsdevelourssarl\",\"https:\/\/www.instagram.com\/auxmainsdevelours\/\"]}]}<\/script>\n<!-- \/ Yoast SEO plugin. -->","yoast_head_json":{"title":"La Pr\u00e9cieuse - Sublime Elegance Aux Mains de Velours, Bougies, Del\u00e9mont","description":"La Pr\u00e9cieuse - Sublime Elegance, est une bougie qui contient une v\u00e9ritable pierre de lithoth\u00e9rapie. Sans parfum, id\u00e9ale pour les personnes sensibles.","robots":{"index":"index","follow":"follow","max-snippet":"max-snippet:-1","max-image-preview":"max-image-preview:large","max-video-preview":"max-video-preview:-1"},"canonical":"https:\/\/auxmainsdevelours.ch\/index.php\/produit\/la-precieuse-sublime-elegance\/","og_locale":"fr_FR","og_type":"article","og_title":"La Pr\u00e9cieuse - Sublime Elegance Aux Mains de Velours, Bougies, Del\u00e9mont","og_description":"La Pr\u00e9cieuse - Sublime Elegance, est une bougie qui contient une v\u00e9ritable pierre de lithoth\u00e9rapie. Sans parfum, id\u00e9ale pour les personnes sensibles.","og_url":"https:\/\/auxmainsdevelours.ch\/index.php\/produit\/la-precieuse-sublime-elegance\/","og_site_name":"Aux Mains de Velours, Bougies, Del\u00e9mont","article_publisher":"https:\/\/facebook.com\/auxmainsdevelourssarl","article_modified_time":"2025-12-15T13:36:39+00:00","og_image":[{"width":1080,"height":1080,"url":"https:\/\/auxmainsdevelours.ch\/wp-content\/uploads\/2024\/12\/La-Precieuse-Sublime-elegance.png","type":"image\/png"}],"twitter_card":"summary_large_image","twitter_misc":{"Dur\u00e9e de lecture estim\u00e9e":"2 minutes"},"schema":{"@context":"https:\/\/schema.org","@graph":[{"@type":"WebPage","@id":"https:\/\/auxmainsdevelours.ch\/index.php\/produit\/la-precieuse-sublime-elegance\/","url":"https:\/\/auxmainsdevelours.ch\/index.php\/produit\/la-precieuse-sublime-elegance\/","name":"La Pr\u00e9cieuse - Sublime Elegance Aux Mains de Velours, Bougies, Del\u00e9mont","isPartOf":{"@id":"https:\/\/auxmainsdevelours.ch\/#website"},"datePublished":"2024-12-22T15:39:30+00:00","dateModified":"2025-12-15T13:36:39+00:00","description":"La Pr\u00e9cieuse - Sublime Elegance, est une bougie qui contient une v\u00e9ritable pierre de lithoth\u00e9rapie. Sans parfum, id\u00e9ale pour les personnes sensibles.","breadcrumb":{"@id":"https:\/\/auxmainsdevelours.ch\/index.php\/produit\/la-precieuse-sublime-elegance\/#breadcrumb"},"inLanguage":"fr-FR","potentialAction":[{"@type":"ReadAction","target":["https:\/\/auxmainsdevelours.ch\/index.php\/produit\/la-precieuse-sublime-elegance\/"]}]},{"@type":"BreadcrumbList","@id":"https:\/\/auxmainsdevelours.ch\/index.php\/produit\/la-precieuse-sublime-elegance\/#breadcrumb","itemListElement":[{"@type":"ListItem","position":1,"name":"Accueil","item":"https:\/\/auxmainsdevelours.ch\/"},{"@type":"ListItem","position":2,"name":"Boutique","item":"https:\/\/auxmainsdevelours.ch\/index.php\/boutique\/"},{"@type":"ListItem","position":3,"name":"La Pr\u00e9cieuse &#8211; Sublime Elegance"}]},{"@type":"WebSite","@id":"https:\/\/auxmainsdevelours.ch\/#website","url":"https:\/\/auxmainsdevelours.ch\/","name":"auxmainsdevelours.ch","description":"Fait avec le coeur, pour vous \u2665","publisher":{"@id":"https:\/\/auxmainsdevelours.ch\/#organization"},"potentialAction":[{"@type":"SearchAction","target":{"@type":"EntryPoint","urlTemplate":"https:\/\/auxmainsdevelours.ch\/?s={search_term_string}"},"query-input":"required name=search_term_string"}],"inLanguage":"fr-FR"},{"@type":"Organization","@id":"https:\/\/auxmainsdevelours.ch\/#organization","name":"Aux Mains de Velours S\u00e0rl","url":"https:\/\/auxmainsdevelours.ch\/","logo":{"@type":"ImageObject","inLanguage":"fr-FR","@id":"https:\/\/auxmainsdevelours.ch\/#\/schema\/logo\/image\/","url":"https:\/\/auxmainsdevelours.ch\/wp-content\/uploads\/2022\/11\/WhatsApp-Image-2022-10-30-at-17.33.46.jpeg","contentUrl":"https:\/\/auxmainsdevelours.ch\/wp-content\/uploads\/2022\/11\/WhatsApp-Image-2022-10-30-at-17.33.46.jpeg","width":2048,"height":2048,"caption":"Aux Mains de Velours S\u00e0rl"},"image":{"@id":"https:\/\/auxmainsdevelours.ch\/#\/schema\/logo\/image\/"},"sameAs":["https:\/\/facebook.com\/auxmainsdevelourssarl","https:\/\/www.instagram.com\/auxmainsdevelours\/"]}]}},"_links":{"self":[{"href":"https:\/\/auxmainsdevelours.ch\/index.php\/wp-json\/wp\/v2\/product\/2651","targetHints":{"allow":["GET"]}}],"collection":[{"href":"https:\/\/auxmainsdevelours.ch\/index.php\/wp-json\/wp\/v2\/product"}],"about":[{"href":"https:\/\/auxmainsdevelours.ch\/index.php\/wp-json\/wp\/v2\/types\/product"}],"replies":[{"embeddable":true,"href":"https:\/\/auxmainsdevelours.ch\/index.php\/wp-json\/wp\/v2\/comments?post=2651"}],"wp:featuredmedia":[{"embeddable":true,"href":"https:\/\/auxmainsdevelours.ch\/index.php\/wp-json\/wp\/v2\/media\/2649"}],"wp:attachment":[{"href":"https:\/\/auxmainsdevelours.ch\/index.php\/wp-json\/wp\/v2\/media?parent=2651"}],"wp:term":[{"taxonomy":"product_brand","embeddable":true,"href":"https:\/\/auxmainsdevelours.ch\/index.php\/wp-json\/wp\/v2\/product_brand?post=2651"},{"taxonomy":"product_cat","embeddable":true,"href":"https:\/\/auxmainsdevelours.ch\/index.php\/wp-json\/wp\/v2\/product_cat?post=2651"},{"taxonomy":"product_tag","embeddable":true,"href":"https:\/\/auxmainsdevelours.ch\/index.php\/wp-json\/wp\/v2\/product_tag?post=2651"}],"curies":[{"name":"wp","href":"https:\/\/api.w.org\/{rel}","templated":true}]}}