{"id":2544,"date":"2024-10-20T10:44:01","date_gmt":"2024-10-20T08:44:01","guid":{"rendered":"https:\/\/auxmainsdevelours.ch\/?post_type=product&#038;p=2544"},"modified":"2025-10-06T11:11:07","modified_gmt":"2025-10-06T09:11:07","slug":"jyoti","status":"publish","type":"product","link":"https:\/\/auxmainsdevelours.ch\/index.php\/produit\/jyoti\/","title":{"rendered":"Bougie Jyoti"},"content":{"rendered":"<h2>Bougie Jyoti<\/h2>\n<p>D\u00e9couvrez la bougie Jyoti &#8211;\u00a0 disponible en 4 versions.<\/p>\n<p>D\u00e9couvrez \u00ab\u00a0Jyoti\u00a0\u00bb, une bougie parfum\u00e9e unique qui apporte lumi\u00e8re et harmonie \u00e0 votre espace. Inspir\u00e9e par le sanskrit signifiant \u00ab\u00a0lumi\u00e8re int\u00e9rieure\u00a0\u00bb, cette bougie combine des ar\u00f4mes apaisants et une v\u00e9ritable pierre de lithoth\u00e9rapie pour amplifier son effet bien-\u00eatre. En allumant \u00ab\u00a0Jyoti\u00a0\u00bb, vous ne cr\u00e9ez pas seulement une ambiance chaleureuse, mais vous invitez \u00e9galement une \u00e9nergie positive dans votre int\u00e9rieur, gr\u00e2ce aux bienfaits de la lithoth\u00e9rapie. Id\u00e9ale pour vos moments de relaxation, cette bougie est bien plus qu&rsquo;un simple parfum d&rsquo;int\u00e9rieur : c\u2019est un rituel de s\u00e9r\u00e9nit\u00e9 et d&rsquo;\u00e9quilibre.<\/p>\n<h2><strong>D\u00e9couvrez Jyoti : La Flamme Spirituelle et Apaisante<\/strong><\/h2>\n<p>\u00ab\u00a0Jyoti\u00a0\u00bb est un mot sanskrit qui signifie \u00ab\u00a0lumi\u00e8re\u00a0\u00bb ou \u00ab\u00a0flamme\u00a0\u00bb et \u00e9voque une \u00e9nergie lumineuse et spirituelle. Dans la tradition indienne, \u00ab\u00a0Jyoti\u00a0\u00bb symbolise la clart\u00e9, l&rsquo;\u00e9veil et la paix int\u00e9rieure, repr\u00e9sentant la lumi\u00e8re int\u00e9rieure qui guide chaque \u00eatre. Choisir un produit portant le nom \u00ab\u00a0Jyoti\u00a0\u00bb est une invitation \u00e0 apporter cette clart\u00e9 et cette \u00e9nergie positive dans la vie quotidienne. Ce produit, inspir\u00e9 par la profondeur de la culture indienne, est con\u00e7u pour vous connecter \u00e0 cette essence de lumi\u00e8re et de tranquillit\u00e9. Laissez-vous guider par \u00ab\u00a0Jyoti\u00a0\u00bb pour illuminer votre espace et favoriser une ambiance apaisante et spirituelle.<\/p>\n<h3>Nos mati\u00e8res premi\u00e8res &#8211; La cire v\u00e9g\u00e9tale<\/h3>\n<div class=\"flex-1 overflow-hidden\">\n<div class=\"react-scroll-to-bottom--css-sjull-79elbk h-full dark:bg-gray-800\">\n<div class=\"react-scroll-to-bottom--css-sjull-1n7m0yu\">\n<div class=\"flex flex-col items-center text-sm dark:bg-gray-800\">\n<div class=\"group w-full text-gray-800 dark:text-gray-100 border-b border-black\/10 dark:border-gray-900\/50 bg-gray-50 dark:bg-[#444654]\">\n<div class=\"text-base gap-4 md:gap-6 md:max-w-2xl lg:max-w-xl xl:max-w-3xl p-4 md:py-6 flex lg:px-0 m-auto\">\n<div class=\"relative flex w-[calc(100%-50px)] flex-col gap-1 md:gap-3 lg:w-[calc(100%-115px)]\">\n<div class=\"flex flex-grow flex-col gap-3\">\n<div class=\"min-h-[20px] flex flex-col items-start gap-4 whitespace-pre-wrap break-words\">\n<div class=\"markdown prose w-full break-words dark:prose-invert light\">\n<p>La cire v\u00e9g\u00e9tale est une alternative naturelle et durable \u00e0 la cire traditionnelle, largement utilis\u00e9e dans la production de bougies et autres produits cosm\u00e9tiques. Elle est obtenue \u00e0 partir de mati\u00e8res premi\u00e8res renouvelables, telles que la cire de soja, la cire d&rsquo;abeille ou encore la cire d&rsquo;olive.<\/p>\n<p>La cire v\u00e9g\u00e9tale pr\u00e9sente de nombreux avantages par rapport \u00e0 la cire traditionnelle. Elle br\u00fble plus lentement, ce qui signifie que les bougies fabriqu\u00e9es \u00e0 partir de cette cire ont une dur\u00e9e de vie plus longue. Et offrent une meilleure diffusion des fragrances. Elle est \u00e9galement biod\u00e9gradable, ce qui la rend plus respectueuse de l&rsquo;environnement et plus saine pour les personnes qui l&rsquo;utilisent. De plus, elle est souvent utilis\u00e9e dans des productions artisanales. Garantissant ainsi une qualit\u00e9 sup\u00e9rieure et une s\u00e9lection de fragrances plus originales et exclusives.<\/p>\n<p>La cire v\u00e9g\u00e9tale est donc une alternative \u00e9cologique et qualitative \u00e0 la cire traditionnelle. Elle r\u00e9pond aux attentes d&rsquo;une client\u00e8le de plus en plus sensible aux enjeux environnementaux et de sant\u00e9.<\/p>\n<\/div>\n<p><span style=\"color: #ff0000;\">Attention<\/span> ! Il est imp\u00e9ratif de retirer les d\u00e9corations avant d&rsquo;allumer la bougie.<\/p>\n<p>D\u00e9couvrez nos bougies, faites avec de la cire v\u00e9g\u00e9tale <a href=\"https:\/\/auxmainsdevelours.ch\/index.php\/categorie-produit\/bougies\/\">ici<\/a>.<\/p>\n<\/div>\n<\/div>\n<\/div>\n<\/div>\n<\/div>\n<\/div>\n<p>&nbsp;<\/p>\n<\/div>\n<\/div>\n<\/div>\n","protected":false},"excerpt":{"rendered":"<div class=\"flex-shrink-0 flex flex-col relative items-end\">\n<div>\n<div class=\"pt-0\">\n<div class=\"gizmo-bot-avatar flex h-8 w-8 items-center justify-center overflow-hidden rounded-full\">\n<div class=\"relative p-1 rounded-sm flex items-center justify-center bg-token-main-surface-primary text-token-text-primary h-8 w-8\"><span style=\"font-size: 16px;\">\u00ab\u00a0<\/span><em style=\"font-size: 16px;\">Jyoti<\/em><span style=\"font-size: 16px;\"> : la lumi\u00e8re qui \u00e9veille vos sens, apaise l&rsquo;esprit et diffuse l&rsquo;harmonie en chaque espace.\u00a0\u00bb<\/span><\/div>\n<\/div>\n<\/div>\n<\/div>\n<\/div>\n<p><!--more--><\/p>\n<p>env. 150g<\/p>\n","protected":false},"featured_media":2566,"comment_status":"open","ping_status":"closed","template":"","meta":{"site-sidebar-layout":"default","site-content-layout":"default","ast-site-content-layout":"default","site-content-style":"default","site-sidebar-style":"default","ast-global-header-display":"","ast-banner-title-visibility":"","ast-main-header-display":"","ast-hfb-above-header-display":"","ast-hfb-below-header-display":"","ast-hfb-mobile-header-display":"","site-post-title":"","ast-breadcrumbs-content":"","ast-featured-img":"","footer-sml-layout":"","theme-transparent-header-meta":"default","adv-header-id-meta":"","stick-header-meta":"","header-above-stick-meta":"","header-main-stick-meta":"","header-below-stick-meta":"","astra-migrate-meta-layouts":"set","ast-page-background-enabled":"default","ast-page-background-meta":{"desktop":{"background-color":"var(--ast-global-color-4)","background-image":"","background-repeat":"repeat","background-position":"center center","background-size":"auto","background-attachment":"scroll","background-type":"","background-media":"","overlay-type":"","overlay-color":"","overlay-gradient":""},"tablet":{"background-color":"","background-image":"","background-repeat":"repeat","background-position":"center center","background-size":"auto","background-attachment":"scroll","background-type":"","background-media":"","overlay-type":"","overlay-color":"","overlay-gradient":""},"mobile":{"background-color":"","background-image":"","background-repeat":"repeat","background-position":"center center","background-size":"auto","background-attachment":"scroll","background-type":"","background-media":"","overlay-type":"","overlay-color":"","overlay-gradient":""}},"ast-content-background-meta":{"desktop":{"background-color":"var(--ast-global-color-5)","background-image":"","background-repeat":"repeat","background-position":"center center","background-size":"auto","background-attachment":"scroll","background-type":"","background-media":"","overlay-type":"","overlay-color":"","overlay-gradient":""},"tablet":{"background-color":"var(--ast-global-color-5)","background-image":"","background-repeat":"repeat","background-position":"center center","background-size":"auto","background-attachment":"scroll","background-type":"","background-media":"","overlay-type":"","overlay-color":"","overlay-gradient":""},"mobile":{"background-color":"var(--ast-global-color-5)","background-image":"","background-repeat":"repeat","background-position":"center center","background-size":"auto","background-attachment":"scroll","background-type":"","background-media":"","overlay-type":"","overlay-color":"","overlay-gradient":""}}},"product_brand":[],"product_cat":[22,38,104],"product_tag":[44,240,237,238,241,239],"class_list":{"0":"post-2544","1":"product","2":"type-product","3":"status-publish","4":"has-post-thumbnail","6":"product_cat-bougies","7":"product_cat-idees-cadeaux","8":"product_cat-lithotherapie","9":"product_tag-bougie","10":"product_tag-fleur-doranger","11":"product_tag-jyoti","12":"product_tag-lavande","13":"product_tag-musc-blanc","14":"product_tag-vanille","15":"desktop-align-left","16":"tablet-align-left","17":"mobile-align-left","19":"first","20":"onbackorder","21":"taxable","22":"shipping-taxable","23":"purchasable","24":"product-type-variable"},"yoast_head":"<!-- This site is optimized with the Yoast SEO plugin v22.0 - https:\/\/yoast.com\/wordpress\/plugins\/seo\/ -->\n<title>Bougie Jyoti Aux Mains de Velours, Bougies, Del\u00e9mont<\/title>\n<meta name=\"description\" content=\"D\u00e9couvrez notre bougie Jyoti : &quot;Jyoti : la lumi\u00e8re qui \u00e9veille vos sens, apaise l&#039;esprit et diffuse l&#039;harmonie en chaque espace.&quot;\" \/>\n<meta name=\"robots\" content=\"index, follow, max-snippet:-1, max-image-preview:large, max-video-preview:-1\" \/>\n<link rel=\"canonical\" href=\"https:\/\/auxmainsdevelours.ch\/index.php\/produit\/jyoti\/\" \/>\n<meta property=\"og:locale\" content=\"fr_FR\" \/>\n<meta property=\"og:type\" content=\"article\" \/>\n<meta property=\"og:title\" content=\"Bougie Jyoti Aux Mains de Velours, Bougies, Del\u00e9mont\" \/>\n<meta property=\"og:description\" content=\"D\u00e9couvrez notre bougie Jyoti : &quot;Jyoti : la lumi\u00e8re qui \u00e9veille vos sens, apaise l&#039;esprit et diffuse l&#039;harmonie en chaque espace.&quot;\" \/>\n<meta property=\"og:url\" content=\"https:\/\/auxmainsdevelours.ch\/index.php\/produit\/jyoti\/\" \/>\n<meta property=\"og:site_name\" content=\"Aux Mains de Velours, Bougies, Del\u00e9mont\" \/>\n<meta property=\"article:publisher\" content=\"https:\/\/facebook.com\/auxmainsdevelourssarl\" \/>\n<meta property=\"article:modified_time\" content=\"2025-10-06T09:11:07+00:00\" \/>\n<meta property=\"og:image\" content=\"https:\/\/auxmainsdevelours.ch\/wp-content\/uploads\/2024\/10\/Jyoti-lavande.png\" \/>\n\t<meta property=\"og:image:width\" content=\"1080\" \/>\n\t<meta property=\"og:image:height\" content=\"1080\" \/>\n\t<meta property=\"og:image:type\" content=\"image\/png\" \/>\n<meta name=\"twitter:card\" content=\"summary_large_image\" \/>\n<meta name=\"twitter:label1\" content=\"Dur\u00e9e de lecture estim\u00e9e\" \/>\n\t<meta name=\"twitter:data1\" content=\"3 minutes\" \/>\n<script type=\"application\/ld+json\" class=\"yoast-schema-graph\">{\"@context\":\"https:\/\/schema.org\",\"@graph\":[{\"@type\":\"WebPage\",\"@id\":\"https:\/\/auxmainsdevelours.ch\/index.php\/produit\/jyoti\/\",\"url\":\"https:\/\/auxmainsdevelours.ch\/index.php\/produit\/jyoti\/\",\"name\":\"Bougie Jyoti Aux Mains de Velours, Bougies, Del\u00e9mont\",\"isPartOf\":{\"@id\":\"https:\/\/auxmainsdevelours.ch\/#website\"},\"datePublished\":\"2024-10-20T08:44:01+00:00\",\"dateModified\":\"2025-10-06T09:11:07+00:00\",\"description\":\"D\u00e9couvrez notre bougie Jyoti : \\\"Jyoti : la lumi\u00e8re qui \u00e9veille vos sens, apaise l'esprit et diffuse l'harmonie en chaque espace.\\\"\",\"breadcrumb\":{\"@id\":\"https:\/\/auxmainsdevelours.ch\/index.php\/produit\/jyoti\/#breadcrumb\"},\"inLanguage\":\"fr-FR\",\"potentialAction\":[{\"@type\":\"ReadAction\",\"target\":[\"https:\/\/auxmainsdevelours.ch\/index.php\/produit\/jyoti\/\"]}]},{\"@type\":\"BreadcrumbList\",\"@id\":\"https:\/\/auxmainsdevelours.ch\/index.php\/produit\/jyoti\/#breadcrumb\",\"itemListElement\":[{\"@type\":\"ListItem\",\"position\":1,\"name\":\"Accueil\",\"item\":\"https:\/\/auxmainsdevelours.ch\/\"},{\"@type\":\"ListItem\",\"position\":2,\"name\":\"Boutique\",\"item\":\"https:\/\/auxmainsdevelours.ch\/index.php\/boutique\/\"},{\"@type\":\"ListItem\",\"position\":3,\"name\":\"Bougie Jyoti\"}]},{\"@type\":\"WebSite\",\"@id\":\"https:\/\/auxmainsdevelours.ch\/#website\",\"url\":\"https:\/\/auxmainsdevelours.ch\/\",\"name\":\"auxmainsdevelours.ch\",\"description\":\"Fait avec le coeur, pour vous \u2665\",\"publisher\":{\"@id\":\"https:\/\/auxmainsdevelours.ch\/#organization\"},\"potentialAction\":[{\"@type\":\"SearchAction\",\"target\":{\"@type\":\"EntryPoint\",\"urlTemplate\":\"https:\/\/auxmainsdevelours.ch\/?s={search_term_string}\"},\"query-input\":\"required name=search_term_string\"}],\"inLanguage\":\"fr-FR\"},{\"@type\":\"Organization\",\"@id\":\"https:\/\/auxmainsdevelours.ch\/#organization\",\"name\":\"Aux Mains de Velours S\u00e0rl\",\"url\":\"https:\/\/auxmainsdevelours.ch\/\",\"logo\":{\"@type\":\"ImageObject\",\"inLanguage\":\"fr-FR\",\"@id\":\"https:\/\/auxmainsdevelours.ch\/#\/schema\/logo\/image\/\",\"url\":\"https:\/\/auxmainsdevelours.ch\/wp-content\/uploads\/2022\/11\/WhatsApp-Image-2022-10-30-at-17.33.46.jpeg\",\"contentUrl\":\"https:\/\/auxmainsdevelours.ch\/wp-content\/uploads\/2022\/11\/WhatsApp-Image-2022-10-30-at-17.33.46.jpeg\",\"width\":2048,\"height\":2048,\"caption\":\"Aux Mains de Velours S\u00e0rl\"},\"image\":{\"@id\":\"https:\/\/auxmainsdevelours.ch\/#\/schema\/logo\/image\/\"},\"sameAs\":[\"https:\/\/facebook.com\/auxmainsdevelourssarl\",\"https:\/\/www.instagram.com\/auxmainsdevelours\/\"]}]}<\/script>\n<!-- \/ Yoast SEO plugin. -->","yoast_head_json":{"title":"Bougie Jyoti Aux Mains de Velours, Bougies, Del\u00e9mont","description":"D\u00e9couvrez notre bougie Jyoti : \"Jyoti : la lumi\u00e8re qui \u00e9veille vos sens, apaise l'esprit et diffuse l'harmonie en chaque espace.\"","robots":{"index":"index","follow":"follow","max-snippet":"max-snippet:-1","max-image-preview":"max-image-preview:large","max-video-preview":"max-video-preview:-1"},"canonical":"https:\/\/auxmainsdevelours.ch\/index.php\/produit\/jyoti\/","og_locale":"fr_FR","og_type":"article","og_title":"Bougie Jyoti Aux Mains de Velours, Bougies, Del\u00e9mont","og_description":"D\u00e9couvrez notre bougie Jyoti : \"Jyoti : la lumi\u00e8re qui \u00e9veille vos sens, apaise l'esprit et diffuse l'harmonie en chaque espace.\"","og_url":"https:\/\/auxmainsdevelours.ch\/index.php\/produit\/jyoti\/","og_site_name":"Aux Mains de Velours, Bougies, Del\u00e9mont","article_publisher":"https:\/\/facebook.com\/auxmainsdevelourssarl","article_modified_time":"2025-10-06T09:11:07+00:00","og_image":[{"width":1080,"height":1080,"url":"https:\/\/auxmainsdevelours.ch\/wp-content\/uploads\/2024\/10\/Jyoti-lavande.png","type":"image\/png"}],"twitter_card":"summary_large_image","twitter_misc":{"Dur\u00e9e de lecture estim\u00e9e":"3 minutes"},"schema":{"@context":"https:\/\/schema.org","@graph":[{"@type":"WebPage","@id":"https:\/\/auxmainsdevelours.ch\/index.php\/produit\/jyoti\/","url":"https:\/\/auxmainsdevelours.ch\/index.php\/produit\/jyoti\/","name":"Bougie Jyoti Aux Mains de Velours, Bougies, Del\u00e9mont","isPartOf":{"@id":"https:\/\/auxmainsdevelours.ch\/#website"},"datePublished":"2024-10-20T08:44:01+00:00","dateModified":"2025-10-06T09:11:07+00:00","description":"D\u00e9couvrez notre bougie Jyoti : \"Jyoti : la lumi\u00e8re qui \u00e9veille vos sens, apaise l'esprit et diffuse l'harmonie en chaque espace.\"","breadcrumb":{"@id":"https:\/\/auxmainsdevelours.ch\/index.php\/produit\/jyoti\/#breadcrumb"},"inLanguage":"fr-FR","potentialAction":[{"@type":"ReadAction","target":["https:\/\/auxmainsdevelours.ch\/index.php\/produit\/jyoti\/"]}]},{"@type":"BreadcrumbList","@id":"https:\/\/auxmainsdevelours.ch\/index.php\/produit\/jyoti\/#breadcrumb","itemListElement":[{"@type":"ListItem","position":1,"name":"Accueil","item":"https:\/\/auxmainsdevelours.ch\/"},{"@type":"ListItem","position":2,"name":"Boutique","item":"https:\/\/auxmainsdevelours.ch\/index.php\/boutique\/"},{"@type":"ListItem","position":3,"name":"Bougie Jyoti"}]},{"@type":"WebSite","@id":"https:\/\/auxmainsdevelours.ch\/#website","url":"https:\/\/auxmainsdevelours.ch\/","name":"auxmainsdevelours.ch","description":"Fait avec le coeur, pour vous \u2665","publisher":{"@id":"https:\/\/auxmainsdevelours.ch\/#organization"},"potentialAction":[{"@type":"SearchAction","target":{"@type":"EntryPoint","urlTemplate":"https:\/\/auxmainsdevelours.ch\/?s={search_term_string}"},"query-input":"required name=search_term_string"}],"inLanguage":"fr-FR"},{"@type":"Organization","@id":"https:\/\/auxmainsdevelours.ch\/#organization","name":"Aux Mains de Velours S\u00e0rl","url":"https:\/\/auxmainsdevelours.ch\/","logo":{"@type":"ImageObject","inLanguage":"fr-FR","@id":"https:\/\/auxmainsdevelours.ch\/#\/schema\/logo\/image\/","url":"https:\/\/auxmainsdevelours.ch\/wp-content\/uploads\/2022\/11\/WhatsApp-Image-2022-10-30-at-17.33.46.jpeg","contentUrl":"https:\/\/auxmainsdevelours.ch\/wp-content\/uploads\/2022\/11\/WhatsApp-Image-2022-10-30-at-17.33.46.jpeg","width":2048,"height":2048,"caption":"Aux Mains de Velours S\u00e0rl"},"image":{"@id":"https:\/\/auxmainsdevelours.ch\/#\/schema\/logo\/image\/"},"sameAs":["https:\/\/facebook.com\/auxmainsdevelourssarl","https:\/\/www.instagram.com\/auxmainsdevelours\/"]}]}},"_links":{"self":[{"href":"https:\/\/auxmainsdevelours.ch\/index.php\/wp-json\/wp\/v2\/product\/2544","targetHints":{"allow":["GET"]}}],"collection":[{"href":"https:\/\/auxmainsdevelours.ch\/index.php\/wp-json\/wp\/v2\/product"}],"about":[{"href":"https:\/\/auxmainsdevelours.ch\/index.php\/wp-json\/wp\/v2\/types\/product"}],"replies":[{"embeddable":true,"href":"https:\/\/auxmainsdevelours.ch\/index.php\/wp-json\/wp\/v2\/comments?post=2544"}],"wp:featuredmedia":[{"embeddable":true,"href":"https:\/\/auxmainsdevelours.ch\/index.php\/wp-json\/wp\/v2\/media\/2566"}],"wp:attachment":[{"href":"https:\/\/auxmainsdevelours.ch\/index.php\/wp-json\/wp\/v2\/media?parent=2544"}],"wp:term":[{"taxonomy":"product_brand","embeddable":true,"href":"https:\/\/auxmainsdevelours.ch\/index.php\/wp-json\/wp\/v2\/product_brand?post=2544"},{"taxonomy":"product_cat","embeddable":true,"href":"https:\/\/auxmainsdevelours.ch\/index.php\/wp-json\/wp\/v2\/product_cat?post=2544"},{"taxonomy":"product_tag","embeddable":true,"href":"https:\/\/auxmainsdevelours.ch\/index.php\/wp-json\/wp\/v2\/product_tag?post=2544"}],"curies":[{"name":"wp","href":"https:\/\/api.w.org\/{rel}","templated":true}]}}