{"id":2475,"date":"2024-09-21T21:39:26","date_gmt":"2024-09-21T19:39:26","guid":{"rendered":"https:\/\/auxmainsdevelours.ch\/?post_type=product&#038;p=2475"},"modified":"2024-12-21T08:49:35","modified_gmt":"2024-12-21T07:49:35","slug":"bouquet","status":"publish","type":"product","link":"https:\/\/auxmainsdevelours.ch\/index.php\/produit\/bouquet\/","title":{"rendered":"Bouquet"},"content":{"rendered":"<h3>Un bouquet fleuri revisit\u00e9 avec des fondants parfum\u00e9s et bougies<\/h3>\n<p>Ce bouquet unique n&rsquo;est pas compos\u00e9 de fleurs r\u00e9elles, mais de fondants parfum\u00e9s et de bougies. Pens\u00e9 pour \u00e9voquer la beaut\u00e9 des fleurs tout en diffusant des ar\u00f4mes d\u00e9licats et apaisants. Ce bouquet original est parfait pour ceux qui souhaitent offrir une touche de bien-\u00eatre, alliant esth\u00e9tique et plaisir olfactif.<\/p>\n<h3>Offrir un bouquet qui dure dans le temps<\/h3>\n<p>Un bouquet de fleurs se fane, mais celui-ci reste intemporel. Offrir des fondants parfum\u00e9s et des bougies est un geste \u00e0 la fois attentionn\u00e9 et pratique, permettant \u00e0 la personne qui le re\u00e7oit de profiter d\u2019un cadeau durable. Chaque bougie et chaque fondant, une fois allum\u00e9s, remplissent l&rsquo;espace d\u2019une douce senteur, cr\u00e9ant une atmosph\u00e8re chaleureuse et apaisante.<\/p>\n<h3>Bien-\u00eatre et relaxation \u00e0 port\u00e9e de main<\/h3>\n<p>Ces bougies et fondants en forme de fleurs ne sont pas seulement beaux \u00e0 regarder, ils sont aussi une invitation \u00e0 la d\u00e9tente. Les senteurs d\u00e9licates diffus\u00e9es par les fondants et la lueur douce des bougies transforment n\u2019importe quelle pi\u00e8ce en un havre de paix. Id\u00e9ales pour un moment de relaxation, ces cr\u00e9ations florales sont parfaites pour se ressourcer apr\u00e8s une longue journ\u00e9e.<\/p>\n<p>&nbsp;<\/p>\n<div class=\"flex-1 overflow-hidden\">\n<div class=\"react-scroll-to-bottom--css-sjull-79elbk h-full dark:bg-gray-800\">\n<div class=\"react-scroll-to-bottom--css-sjull-1n7m0yu\">\n<div class=\"flex flex-col items-center text-sm dark:bg-gray-800\">\n<div class=\"group w-full text-gray-800 dark:text-gray-100 border-b border-black\/10 dark:border-gray-900\/50 bg-gray-50 dark:bg-[#444654]\">\n<div class=\"text-base gap-4 md:gap-6 md:max-w-2xl lg:max-w-xl xl:max-w-3xl p-4 md:py-6 flex lg:px-0 m-auto\">\n<h3>Conseils d\u2019utilisation<\/h3>\n<\/div>\n<\/div>\n<\/div>\n<\/div>\n<\/div>\n<\/div>\n<p>Attention : retirer les pics et les fleurs s\u00e9ch\u00e9es avant utilisation.<\/p>\n<p>Bougies : elles doivent \u00eatre retir\u00e9es de l&#8217;emballage et pos\u00e9es sur une coupelle, la surface doit \u00eatre plate. Ne pas laisser la bougie allum\u00e9e sans surveillance. Ne pas laisser \u00e0 la port\u00e9e d\u2019enfants ou d\u2019animaux.<\/p>\n<p>Fondants parfum\u00e9s : les fondants parfum\u00e9s de grande taille peuvent \u00eatre coup\u00e9s si la capacit\u00e9 de la coupelle du br\u00fbleur est plus petite.<\/p>\n<p>Risque de br\u00fblure !<\/p>\n<p><em>La teinte des bougies\/fondants peut \u00eatre diff\u00e9rente de celle des images affich\u00e9es.<\/em><\/p>\n<p>Ingr\u00e9dients :<br \/>\nCire \u00e0 base d\u2019olive enti\u00e8rement v\u00e9g\u00e9tale (<em>aucun produit d\u2019origine animale n\u2019est<\/em><br \/>\n<em>utilis\u00e9 et aucun test sur les animaux n\u2019a \u00e9t\u00e9 effectu\u00e9 lors de sa fabrication<\/em>).<br \/>\nColorant (<em>les bougies blanches ne contiennent aucun colorant<\/em>).<\/p>\n<p>Parfums :<br \/>\n<span style=\"font-size: 16px;\">Fondants\/bougies blancs : Sublime Elegance<br \/>\nFondants\/bougies color\u00e9s : Mono\u00ef<\/span><\/p>\n<p>&nbsp;<\/p>\n","protected":false},"excerpt":{"rendered":"<p>\u00ab\u00a0Les fleurs, m\u00eame fa\u00e7onn\u00e9es en cire ou en parfum, racontent toujours la m\u00eame histoire : celle de la beaut\u00e9 \u00e9ph\u00e9m\u00e8re qui transcende le temps et apaise l&rsquo;\u00e2me.\u00a0\u00bb<\/p>\n<p>&nbsp;<\/p>\n<p>&nbsp;<\/p>\n<p>Contient 20 unit\u00e9s :<br \/>\n2 bougies Mono\u00ef<br \/>\n8 fondants parfum\u00e9s Mono\u00ef<br \/>\n2 bougies Sublime \u00e9l\u00e9gance<br \/>\n8 fondants parfum\u00e9s Sublime \u00e9l\u00e9gance<\/p>\n","protected":false},"featured_media":2496,"comment_status":"open","ping_status":"closed","template":"","meta":{"site-sidebar-layout":"default","site-content-layout":"default","ast-site-content-layout":"default","site-content-style":"default","site-sidebar-style":"default","ast-global-header-display":"","ast-banner-title-visibility":"","ast-main-header-display":"","ast-hfb-above-header-display":"","ast-hfb-below-header-display":"","ast-hfb-mobile-header-display":"","site-post-title":"","ast-breadcrumbs-content":"","ast-featured-img":"","footer-sml-layout":"","theme-transparent-header-meta":"default","adv-header-id-meta":"","stick-header-meta":"","header-above-stick-meta":"","header-main-stick-meta":"","header-below-stick-meta":"","astra-migrate-meta-layouts":"set","ast-page-background-enabled":"default","ast-page-background-meta":{"desktop":{"background-color":"var(--ast-global-color-4)","background-image":"","background-repeat":"repeat","background-position":"center center","background-size":"auto","background-attachment":"scroll","background-type":"","background-media":"","overlay-type":"","overlay-color":"","overlay-gradient":""},"tablet":{"background-color":"","background-image":"","background-repeat":"repeat","background-position":"center center","background-size":"auto","background-attachment":"scroll","background-type":"","background-media":"","overlay-type":"","overlay-color":"","overlay-gradient":""},"mobile":{"background-color":"","background-image":"","background-repeat":"repeat","background-position":"center center","background-size":"auto","background-attachment":"scroll","background-type":"","background-media":"","overlay-type":"","overlay-color":"","overlay-gradient":""}},"ast-content-background-meta":{"desktop":{"background-color":"var(--ast-global-color-5)","background-image":"","background-repeat":"repeat","background-position":"center center","background-size":"auto","background-attachment":"scroll","background-type":"","background-media":"","overlay-type":"","overlay-color":"","overlay-gradient":""},"tablet":{"background-color":"var(--ast-global-color-5)","background-image":"","background-repeat":"repeat","background-position":"center center","background-size":"auto","background-attachment":"scroll","background-type":"","background-media":"","overlay-type":"","overlay-color":"","overlay-gradient":""},"mobile":{"background-color":"var(--ast-global-color-5)","background-image":"","background-repeat":"repeat","background-position":"center center","background-size":"auto","background-attachment":"scroll","background-type":"","background-media":"","overlay-type":"","overlay-color":"","overlay-gradient":""}}},"product_brand":[],"product_cat":[22,235,38],"product_tag":[56,44,46,48,47,60,58,50,49,59],"class_list":{"0":"post-2475","1":"product","2":"type-product","3":"status-publish","4":"has-post-thumbnail","6":"product_cat-bougies","7":"product_cat-bouquet","8":"product_cat-idees-cadeaux","9":"product_tag-artisanat","10":"product_tag-bougie","11":"product_tag-bougie-artisanale","12":"product_tag-bougie-personnalisee","13":"product_tag-cire-olive-vegetale","14":"product_tag-cire-vegetale","15":"product_tag-home-made","16":"product_tag-personnalisable","17":"product_tag-personnalisation","18":"product_tag-swiss-made","19":"desktop-align-left","20":"tablet-align-left","21":"mobile-align-left","23":"first","24":"onbackorder","25":"taxable","26":"shipping-taxable","27":"purchasable","28":"product-type-variable"},"yoast_head":"<!-- This site is optimized with the Yoast SEO plugin v22.0 - https:\/\/yoast.com\/wordpress\/plugins\/seo\/ -->\n<title>Bouquet Aux Mains de Velours, Bougies, Del\u00e9mont<\/title>\n<meta name=\"description\" content=\"D\u00e9couvrez notre Bouquet. &quot;Un bouquet, qu&#039;il soit en cire ou en parfum, demeure une ode \u00e0 la beaut\u00e9 \u00e9ternelle et \u00e0 la douceur qui apaise les sens.&quot;\" \/>\n<meta name=\"robots\" content=\"index, follow, max-snippet:-1, max-image-preview:large, max-video-preview:-1\" \/>\n<link rel=\"canonical\" href=\"https:\/\/auxmainsdevelours.ch\/index.php\/produit\/bouquet\/\" \/>\n<meta property=\"og:locale\" content=\"fr_FR\" \/>\n<meta property=\"og:type\" content=\"article\" \/>\n<meta property=\"og:title\" content=\"Bouquet Aux Mains de Velours, Bougies, Del\u00e9mont\" \/>\n<meta property=\"og:description\" content=\"D\u00e9couvrez notre Bouquet. &quot;Un bouquet, qu&#039;il soit en cire ou en parfum, demeure une ode \u00e0 la beaut\u00e9 \u00e9ternelle et \u00e0 la douceur qui apaise les sens.&quot;\" \/>\n<meta property=\"og:url\" content=\"https:\/\/auxmainsdevelours.ch\/index.php\/produit\/bouquet\/\" \/>\n<meta property=\"og:site_name\" content=\"Aux Mains de Velours, Bougies, Del\u00e9mont\" \/>\n<meta property=\"article:publisher\" content=\"https:\/\/facebook.com\/auxmainsdevelourssarl\" \/>\n<meta property=\"article:modified_time\" content=\"2024-12-21T07:49:35+00:00\" \/>\n<meta property=\"og:image\" content=\"https:\/\/auxmainsdevelours.ch\/wp-content\/uploads\/2024\/09\/29455927-D426-416A-A3C6-8E0C22605DE6-1024x1024.png\" \/>\n\t<meta property=\"og:image:width\" content=\"1024\" \/>\n\t<meta property=\"og:image:height\" content=\"1024\" \/>\n\t<meta property=\"og:image:type\" content=\"image\/png\" \/>\n<meta name=\"twitter:card\" content=\"summary_large_image\" \/>\n<meta name=\"twitter:label1\" content=\"Dur\u00e9e de lecture estim\u00e9e\" \/>\n\t<meta name=\"twitter:data1\" content=\"2 minutes\" \/>\n<script type=\"application\/ld+json\" class=\"yoast-schema-graph\">{\"@context\":\"https:\/\/schema.org\",\"@graph\":[{\"@type\":\"WebPage\",\"@id\":\"https:\/\/auxmainsdevelours.ch\/index.php\/produit\/bouquet\/\",\"url\":\"https:\/\/auxmainsdevelours.ch\/index.php\/produit\/bouquet\/\",\"name\":\"Bouquet Aux Mains de Velours, Bougies, Del\u00e9mont\",\"isPartOf\":{\"@id\":\"https:\/\/auxmainsdevelours.ch\/#website\"},\"datePublished\":\"2024-09-21T19:39:26+00:00\",\"dateModified\":\"2024-12-21T07:49:35+00:00\",\"description\":\"D\u00e9couvrez notre Bouquet. \\\"Un bouquet, qu'il soit en cire ou en parfum, demeure une ode \u00e0 la beaut\u00e9 \u00e9ternelle et \u00e0 la douceur qui apaise les sens.\\\"\",\"breadcrumb\":{\"@id\":\"https:\/\/auxmainsdevelours.ch\/index.php\/produit\/bouquet\/#breadcrumb\"},\"inLanguage\":\"fr-FR\",\"potentialAction\":[{\"@type\":\"ReadAction\",\"target\":[\"https:\/\/auxmainsdevelours.ch\/index.php\/produit\/bouquet\/\"]}]},{\"@type\":\"BreadcrumbList\",\"@id\":\"https:\/\/auxmainsdevelours.ch\/index.php\/produit\/bouquet\/#breadcrumb\",\"itemListElement\":[{\"@type\":\"ListItem\",\"position\":1,\"name\":\"Accueil\",\"item\":\"https:\/\/auxmainsdevelours.ch\/\"},{\"@type\":\"ListItem\",\"position\":2,\"name\":\"Boutique\",\"item\":\"https:\/\/auxmainsdevelours.ch\/index.php\/boutique\/\"},{\"@type\":\"ListItem\",\"position\":3,\"name\":\"Bouquet\"}]},{\"@type\":\"WebSite\",\"@id\":\"https:\/\/auxmainsdevelours.ch\/#website\",\"url\":\"https:\/\/auxmainsdevelours.ch\/\",\"name\":\"auxmainsdevelours.ch\",\"description\":\"Fait avec le coeur, pour vous \u2665\",\"publisher\":{\"@id\":\"https:\/\/auxmainsdevelours.ch\/#organization\"},\"potentialAction\":[{\"@type\":\"SearchAction\",\"target\":{\"@type\":\"EntryPoint\",\"urlTemplate\":\"https:\/\/auxmainsdevelours.ch\/?s={search_term_string}\"},\"query-input\":\"required name=search_term_string\"}],\"inLanguage\":\"fr-FR\"},{\"@type\":\"Organization\",\"@id\":\"https:\/\/auxmainsdevelours.ch\/#organization\",\"name\":\"Aux Mains de Velours S\u00e0rl\",\"url\":\"https:\/\/auxmainsdevelours.ch\/\",\"logo\":{\"@type\":\"ImageObject\",\"inLanguage\":\"fr-FR\",\"@id\":\"https:\/\/auxmainsdevelours.ch\/#\/schema\/logo\/image\/\",\"url\":\"https:\/\/auxmainsdevelours.ch\/wp-content\/uploads\/2022\/11\/WhatsApp-Image-2022-10-30-at-17.33.46.jpeg\",\"contentUrl\":\"https:\/\/auxmainsdevelours.ch\/wp-content\/uploads\/2022\/11\/WhatsApp-Image-2022-10-30-at-17.33.46.jpeg\",\"width\":2048,\"height\":2048,\"caption\":\"Aux Mains de Velours S\u00e0rl\"},\"image\":{\"@id\":\"https:\/\/auxmainsdevelours.ch\/#\/schema\/logo\/image\/\"},\"sameAs\":[\"https:\/\/facebook.com\/auxmainsdevelourssarl\",\"https:\/\/www.instagram.com\/auxmainsdevelours\/\"]}]}<\/script>\n<!-- \/ Yoast SEO plugin. -->","yoast_head_json":{"title":"Bouquet Aux Mains de Velours, Bougies, Del\u00e9mont","description":"D\u00e9couvrez notre Bouquet. \"Un bouquet, qu'il soit en cire ou en parfum, demeure une ode \u00e0 la beaut\u00e9 \u00e9ternelle et \u00e0 la douceur qui apaise les sens.\"","robots":{"index":"index","follow":"follow","max-snippet":"max-snippet:-1","max-image-preview":"max-image-preview:large","max-video-preview":"max-video-preview:-1"},"canonical":"https:\/\/auxmainsdevelours.ch\/index.php\/produit\/bouquet\/","og_locale":"fr_FR","og_type":"article","og_title":"Bouquet Aux Mains de Velours, Bougies, Del\u00e9mont","og_description":"D\u00e9couvrez notre Bouquet. \"Un bouquet, qu'il soit en cire ou en parfum, demeure une ode \u00e0 la beaut\u00e9 \u00e9ternelle et \u00e0 la douceur qui apaise les sens.\"","og_url":"https:\/\/auxmainsdevelours.ch\/index.php\/produit\/bouquet\/","og_site_name":"Aux Mains de Velours, Bougies, Del\u00e9mont","article_publisher":"https:\/\/facebook.com\/auxmainsdevelourssarl","article_modified_time":"2024-12-21T07:49:35+00:00","og_image":[{"width":1024,"height":1024,"url":"https:\/\/auxmainsdevelours.ch\/wp-content\/uploads\/2024\/09\/29455927-D426-416A-A3C6-8E0C22605DE6-1024x1024.png","type":"image\/png"}],"twitter_card":"summary_large_image","twitter_misc":{"Dur\u00e9e de lecture estim\u00e9e":"2 minutes"},"schema":{"@context":"https:\/\/schema.org","@graph":[{"@type":"WebPage","@id":"https:\/\/auxmainsdevelours.ch\/index.php\/produit\/bouquet\/","url":"https:\/\/auxmainsdevelours.ch\/index.php\/produit\/bouquet\/","name":"Bouquet Aux Mains de Velours, Bougies, Del\u00e9mont","isPartOf":{"@id":"https:\/\/auxmainsdevelours.ch\/#website"},"datePublished":"2024-09-21T19:39:26+00:00","dateModified":"2024-12-21T07:49:35+00:00","description":"D\u00e9couvrez notre Bouquet. \"Un bouquet, qu'il soit en cire ou en parfum, demeure une ode \u00e0 la beaut\u00e9 \u00e9ternelle et \u00e0 la douceur qui apaise les sens.\"","breadcrumb":{"@id":"https:\/\/auxmainsdevelours.ch\/index.php\/produit\/bouquet\/#breadcrumb"},"inLanguage":"fr-FR","potentialAction":[{"@type":"ReadAction","target":["https:\/\/auxmainsdevelours.ch\/index.php\/produit\/bouquet\/"]}]},{"@type":"BreadcrumbList","@id":"https:\/\/auxmainsdevelours.ch\/index.php\/produit\/bouquet\/#breadcrumb","itemListElement":[{"@type":"ListItem","position":1,"name":"Accueil","item":"https:\/\/auxmainsdevelours.ch\/"},{"@type":"ListItem","position":2,"name":"Boutique","item":"https:\/\/auxmainsdevelours.ch\/index.php\/boutique\/"},{"@type":"ListItem","position":3,"name":"Bouquet"}]},{"@type":"WebSite","@id":"https:\/\/auxmainsdevelours.ch\/#website","url":"https:\/\/auxmainsdevelours.ch\/","name":"auxmainsdevelours.ch","description":"Fait avec le coeur, pour vous \u2665","publisher":{"@id":"https:\/\/auxmainsdevelours.ch\/#organization"},"potentialAction":[{"@type":"SearchAction","target":{"@type":"EntryPoint","urlTemplate":"https:\/\/auxmainsdevelours.ch\/?s={search_term_string}"},"query-input":"required name=search_term_string"}],"inLanguage":"fr-FR"},{"@type":"Organization","@id":"https:\/\/auxmainsdevelours.ch\/#organization","name":"Aux Mains de Velours S\u00e0rl","url":"https:\/\/auxmainsdevelours.ch\/","logo":{"@type":"ImageObject","inLanguage":"fr-FR","@id":"https:\/\/auxmainsdevelours.ch\/#\/schema\/logo\/image\/","url":"https:\/\/auxmainsdevelours.ch\/wp-content\/uploads\/2022\/11\/WhatsApp-Image-2022-10-30-at-17.33.46.jpeg","contentUrl":"https:\/\/auxmainsdevelours.ch\/wp-content\/uploads\/2022\/11\/WhatsApp-Image-2022-10-30-at-17.33.46.jpeg","width":2048,"height":2048,"caption":"Aux Mains de Velours S\u00e0rl"},"image":{"@id":"https:\/\/auxmainsdevelours.ch\/#\/schema\/logo\/image\/"},"sameAs":["https:\/\/facebook.com\/auxmainsdevelourssarl","https:\/\/www.instagram.com\/auxmainsdevelours\/"]}]}},"_links":{"self":[{"href":"https:\/\/auxmainsdevelours.ch\/index.php\/wp-json\/wp\/v2\/product\/2475","targetHints":{"allow":["GET"]}}],"collection":[{"href":"https:\/\/auxmainsdevelours.ch\/index.php\/wp-json\/wp\/v2\/product"}],"about":[{"href":"https:\/\/auxmainsdevelours.ch\/index.php\/wp-json\/wp\/v2\/types\/product"}],"replies":[{"embeddable":true,"href":"https:\/\/auxmainsdevelours.ch\/index.php\/wp-json\/wp\/v2\/comments?post=2475"}],"wp:featuredmedia":[{"embeddable":true,"href":"https:\/\/auxmainsdevelours.ch\/index.php\/wp-json\/wp\/v2\/media\/2496"}],"wp:attachment":[{"href":"https:\/\/auxmainsdevelours.ch\/index.php\/wp-json\/wp\/v2\/media?parent=2475"}],"wp:term":[{"taxonomy":"product_brand","embeddable":true,"href":"https:\/\/auxmainsdevelours.ch\/index.php\/wp-json\/wp\/v2\/product_brand?post=2475"},{"taxonomy":"product_cat","embeddable":true,"href":"https:\/\/auxmainsdevelours.ch\/index.php\/wp-json\/wp\/v2\/product_cat?post=2475"},{"taxonomy":"product_tag","embeddable":true,"href":"https:\/\/auxmainsdevelours.ch\/index.php\/wp-json\/wp\/v2\/product_tag?post=2475"}],"curies":[{"name":"wp","href":"https:\/\/api.w.org\/{rel}","templated":true}]}}