{"id":2408,"date":"2024-08-25T16:05:11","date_gmt":"2024-08-25T14:05:11","guid":{"rendered":"https:\/\/auxmainsdevelours.ch\/?post_type=product&#038;p=2408"},"modified":"2025-03-31T15:50:22","modified_gmt":"2025-03-31T13:50:22","slug":"bracelet-sodalite","status":"publish","type":"product","link":"https:\/\/auxmainsdevelours.ch\/index.php\/produit\/bracelet-sodalite\/","title":{"rendered":"Bracelet Sodalite"},"content":{"rendered":"<p>D\u00e9couvrez notre Bracelet Sodalite<\/p>\n<h3>Bracelet Sodalite : Emportez les bienfaits de la lithoth\u00e9rapie partout avec vous !<\/h3>\n<p>Plongez-vous dans un univers de s\u00e9r\u00e9nit\u00e9 et d\u2019harmonie gr\u00e2ce \u00e0 notre bracelet Sodalite un bijou pratique qui vous permet d\u2019emporter les bienfaits des pierres \u00e9nerg\u00e9tiques partout avec vous.<\/p>\n<p>Ce bracelet exquis est bien plus qu\u2019un simple accessoire. Compos\u00e9 d&rsquo;authentiques pierres de lithoth\u00e9rapie, sp\u00e9cialement choisies pour leurs propri\u00e9t\u00e9s bienfaisantes. Chaque pierre est soigneusement s\u00e9lectionn\u00e9e pour apporter une \u00e9nergie positive et aider \u00e0 r\u00e9tablir l\u2019\u00e9quilibre \u00e9motionnel dans votre quotidien tr\u00e9pidant.<\/p>\n<p>Laissez-vous s\u00e9duire par son design \u00e9l\u00e9gant et minimaliste, parfait pour s\u2019adapter \u00e0 n\u2019importe quelle tenue ou style. Faites-en \u00e9galement un cadeau attentionn\u00e9 pour vos proches, afin qu\u2019ils puissent eux aussi b\u00e9n\u00e9ficier de cette touche d\u2019harmonie dans leur vie.<\/p>\n<p>Ne laissez plus le stress vous envahir, profitez des bienfaits de la lithoth\u00e9rapie o\u00f9 que vous alliez gr\u00e2ce \u00e0 notre bracelet. Offrez-vous ou offrez \u00e0 ceux que vous aimez un petit talisman de bien-\u00eatre pour une vie \u00e9quilibr\u00e9e et apais\u00e9e.<\/p>\n<h3>\u00c9nergie naturelle : D\u00e9couvrez les bienfaits uniques des pierres de lithoth\u00e9rapie !<\/h3>\n<p>Explorez les pouvoirs \u00e9tonnants des pierres de lithoth\u00e9rapie qui vous accompagnent au quotidien gr\u00e2ce \u00e0 notre collection de bracelets. L\u2019Am\u00e9thyste, avec ses nuances pourpres apaisantes, d\u00e9tend l\u2019esprit et favorise un sommeil r\u00e9parateur. Le Quartz Rose, tendre et bienveillant, encourage l\u2019amour de soi et des autres. Le Lapis Lazuli, d\u2019un bleu profond, stimule la clart\u00e9 mentale et la communication. La Malachite, d\u2019un vert luxuriant, purifie les \u00e9motions et \u00e9quilibre l\u2019\u00e9nergie. L\u2019\u0152il de Tigre, aux nuances chatoyantes, renforce la confiance en soi et prot\u00e8ge des \u00e9nergies n\u00e9gatives. Choisissez la pierre qui r\u00e9sonne avec votre c\u0153ur, et laissez ses vertus naturelles vous guider vers l\u2019harmonie int\u00e9rieure.<\/p>\n<p>&nbsp;<\/p>\n<p>D\u00e9couvrez les vertus des pierres <a href=\"https:\/\/auxmainsdevelours.ch\/index.php\/les-vertus\/\">ici<\/a>.<\/p>\n","protected":false},"excerpt":{"rendered":"<p>\u00ab\u00a0La sodalite, gardienne de l&rsquo;intuition, nous invite \u00e0 \u00e9couter la voix silencieuse de notre sagesse int\u00e9rieure, reliant l&rsquo;esprit \u00e0 la v\u00e9rit\u00e9 profonde qui sommeille en nous.\u00a0\u00bb<\/p>\n","protected":false},"featured_media":2411,"comment_status":"open","ping_status":"closed","template":"","meta":{"site-sidebar-layout":"default","site-content-layout":"","ast-site-content-layout":"default","site-content-style":"default","site-sidebar-style":"default","ast-global-header-display":"","ast-banner-title-visibility":"","ast-main-header-display":"","ast-hfb-above-header-display":"","ast-hfb-below-header-display":"","ast-hfb-mobile-header-display":"","site-post-title":"","ast-breadcrumbs-content":"","ast-featured-img":"","footer-sml-layout":"","theme-transparent-header-meta":"default","adv-header-id-meta":"","stick-header-meta":"","header-above-stick-meta":"","header-main-stick-meta":"","header-below-stick-meta":"","astra-migrate-meta-layouts":"set","ast-page-background-enabled":"default","ast-page-background-meta":{"desktop":{"background-color":"var(--ast-global-color-4)","background-image":"","background-repeat":"repeat","background-position":"center center","background-size":"auto","background-attachment":"scroll","background-type":"","background-media":"","overlay-type":"","overlay-color":"","overlay-gradient":""},"tablet":{"background-color":"","background-image":"","background-repeat":"repeat","background-position":"center center","background-size":"auto","background-attachment":"scroll","background-type":"","background-media":"","overlay-type":"","overlay-color":"","overlay-gradient":""},"mobile":{"background-color":"","background-image":"","background-repeat":"repeat","background-position":"center center","background-size":"auto","background-attachment":"scroll","background-type":"","background-media":"","overlay-type":"","overlay-color":"","overlay-gradient":""}},"ast-content-background-meta":{"desktop":{"background-color":"var(--ast-global-color-5)","background-image":"","background-repeat":"repeat","background-position":"center center","background-size":"auto","background-attachment":"scroll","background-type":"","background-media":"","overlay-type":"","overlay-color":"","overlay-gradient":""},"tablet":{"background-color":"var(--ast-global-color-5)","background-image":"","background-repeat":"repeat","background-position":"center center","background-size":"auto","background-attachment":"scroll","background-type":"","background-media":"","overlay-type":"","overlay-color":"","overlay-gradient":""},"mobile":{"background-color":"var(--ast-global-color-5)","background-image":"","background-repeat":"repeat","background-position":"center center","background-size":"auto","background-attachment":"scroll","background-type":"","background-media":"","overlay-type":"","overlay-color":"","overlay-gradient":""}}},"product_brand":[],"product_cat":[153,104],"product_tag":[74,156,155,209,213,211,45,212,61,210],"class_list":{"0":"post-2408","1":"product","2":"type-product","3":"status-publish","4":"has-post-thumbnail","6":"product_cat-bijoux","7":"product_cat-lithotherapie","8":"product_tag-apaisement","9":"product_tag-bijoux","10":"product_tag-bracelet","11":"product_tag-courage","12":"product_tag-hypersensibles","13":"product_tag-introspection","14":"product_tag-lithotherapie","15":"product_tag-maitrise-des-emitions","16":"product_tag-protection","17":"product_tag-serenite","18":"desktop-align-left","19":"tablet-align-left","20":"mobile-align-left","22":"first","23":"instock","24":"taxable","25":"shipping-taxable","26":"purchasable","27":"product-type-variable"},"yoast_head":"<!-- This site is optimized with the Yoast SEO plugin v22.0 - https:\/\/yoast.com\/wordpress\/plugins\/seo\/ -->\n<title>Bracelet Sodalite Aux Mains de Velours, Bougies, Del\u00e9mont<\/title>\n<meta name=\"description\" content=\"Bracelet Sodalite. &quot;La Sodalite, gardienne de l&#039;intuition, nous invite \u00e0 \u00e9couter la voix silencieuse de notre sagesse int\u00e9rieure.&quot;\" \/>\n<meta name=\"robots\" content=\"index, follow, max-snippet:-1, max-image-preview:large, max-video-preview:-1\" \/>\n<link rel=\"canonical\" href=\"https:\/\/auxmainsdevelours.ch\/index.php\/produit\/bracelet-sodalite\/\" \/>\n<meta property=\"og:locale\" content=\"fr_FR\" \/>\n<meta property=\"og:type\" content=\"article\" \/>\n<meta property=\"og:title\" content=\"Bracelet Sodalite Aux Mains de Velours, Bougies, Del\u00e9mont\" \/>\n<meta property=\"og:description\" content=\"Bracelet Sodalite. &quot;La Sodalite, gardienne de l&#039;intuition, nous invite \u00e0 \u00e9couter la voix silencieuse de notre sagesse int\u00e9rieure.&quot;\" \/>\n<meta property=\"og:url\" content=\"https:\/\/auxmainsdevelours.ch\/index.php\/produit\/bracelet-sodalite\/\" \/>\n<meta property=\"og:site_name\" content=\"Aux Mains de Velours, Bougies, Del\u00e9mont\" \/>\n<meta property=\"article:publisher\" content=\"https:\/\/facebook.com\/auxmainsdevelourssarl\" \/>\n<meta property=\"article:modified_time\" content=\"2025-03-31T13:50:22+00:00\" \/>\n<meta property=\"og:image\" content=\"https:\/\/auxmainsdevelours.ch\/wp-content\/uploads\/2024\/08\/Sodalite.png\" \/>\n\t<meta property=\"og:image:width\" content=\"1080\" \/>\n\t<meta property=\"og:image:height\" content=\"1080\" \/>\n\t<meta property=\"og:image:type\" content=\"image\/png\" \/>\n<meta name=\"twitter:card\" content=\"summary_large_image\" \/>\n<meta name=\"twitter:label1\" content=\"Dur\u00e9e de lecture estim\u00e9e\" \/>\n\t<meta name=\"twitter:data1\" content=\"2 minutes\" \/>\n<script type=\"application\/ld+json\" class=\"yoast-schema-graph\">{\"@context\":\"https:\/\/schema.org\",\"@graph\":[{\"@type\":\"WebPage\",\"@id\":\"https:\/\/auxmainsdevelours.ch\/index.php\/produit\/bracelet-sodalite\/\",\"url\":\"https:\/\/auxmainsdevelours.ch\/index.php\/produit\/bracelet-sodalite\/\",\"name\":\"Bracelet Sodalite Aux Mains de Velours, Bougies, Del\u00e9mont\",\"isPartOf\":{\"@id\":\"https:\/\/auxmainsdevelours.ch\/#website\"},\"datePublished\":\"2024-08-25T14:05:11+00:00\",\"dateModified\":\"2025-03-31T13:50:22+00:00\",\"description\":\"Bracelet Sodalite. \\\"La Sodalite, gardienne de l'intuition, nous invite \u00e0 \u00e9couter la voix silencieuse de notre sagesse int\u00e9rieure.\\\"\",\"breadcrumb\":{\"@id\":\"https:\/\/auxmainsdevelours.ch\/index.php\/produit\/bracelet-sodalite\/#breadcrumb\"},\"inLanguage\":\"fr-FR\",\"potentialAction\":[{\"@type\":\"ReadAction\",\"target\":[\"https:\/\/auxmainsdevelours.ch\/index.php\/produit\/bracelet-sodalite\/\"]}]},{\"@type\":\"BreadcrumbList\",\"@id\":\"https:\/\/auxmainsdevelours.ch\/index.php\/produit\/bracelet-sodalite\/#breadcrumb\",\"itemListElement\":[{\"@type\":\"ListItem\",\"position\":1,\"name\":\"Accueil\",\"item\":\"https:\/\/auxmainsdevelours.ch\/\"},{\"@type\":\"ListItem\",\"position\":2,\"name\":\"Boutique\",\"item\":\"https:\/\/auxmainsdevelours.ch\/index.php\/boutique\/\"},{\"@type\":\"ListItem\",\"position\":3,\"name\":\"Bracelet Sodalite\"}]},{\"@type\":\"WebSite\",\"@id\":\"https:\/\/auxmainsdevelours.ch\/#website\",\"url\":\"https:\/\/auxmainsdevelours.ch\/\",\"name\":\"auxmainsdevelours.ch\",\"description\":\"Fait avec le coeur, pour vous \u2665\",\"publisher\":{\"@id\":\"https:\/\/auxmainsdevelours.ch\/#organization\"},\"potentialAction\":[{\"@type\":\"SearchAction\",\"target\":{\"@type\":\"EntryPoint\",\"urlTemplate\":\"https:\/\/auxmainsdevelours.ch\/?s={search_term_string}\"},\"query-input\":\"required name=search_term_string\"}],\"inLanguage\":\"fr-FR\"},{\"@type\":\"Organization\",\"@id\":\"https:\/\/auxmainsdevelours.ch\/#organization\",\"name\":\"Aux Mains de Velours S\u00e0rl\",\"url\":\"https:\/\/auxmainsdevelours.ch\/\",\"logo\":{\"@type\":\"ImageObject\",\"inLanguage\":\"fr-FR\",\"@id\":\"https:\/\/auxmainsdevelours.ch\/#\/schema\/logo\/image\/\",\"url\":\"https:\/\/auxmainsdevelours.ch\/wp-content\/uploads\/2022\/11\/WhatsApp-Image-2022-10-30-at-17.33.46.jpeg\",\"contentUrl\":\"https:\/\/auxmainsdevelours.ch\/wp-content\/uploads\/2022\/11\/WhatsApp-Image-2022-10-30-at-17.33.46.jpeg\",\"width\":2048,\"height\":2048,\"caption\":\"Aux Mains de Velours S\u00e0rl\"},\"image\":{\"@id\":\"https:\/\/auxmainsdevelours.ch\/#\/schema\/logo\/image\/\"},\"sameAs\":[\"https:\/\/facebook.com\/auxmainsdevelourssarl\",\"https:\/\/www.instagram.com\/auxmainsdevelours\/\"]}]}<\/script>\n<!-- \/ Yoast SEO plugin. -->","yoast_head_json":{"title":"Bracelet Sodalite Aux Mains de Velours, Bougies, Del\u00e9mont","description":"Bracelet Sodalite. \"La Sodalite, gardienne de l'intuition, nous invite \u00e0 \u00e9couter la voix silencieuse de notre sagesse int\u00e9rieure.\"","robots":{"index":"index","follow":"follow","max-snippet":"max-snippet:-1","max-image-preview":"max-image-preview:large","max-video-preview":"max-video-preview:-1"},"canonical":"https:\/\/auxmainsdevelours.ch\/index.php\/produit\/bracelet-sodalite\/","og_locale":"fr_FR","og_type":"article","og_title":"Bracelet Sodalite Aux Mains de Velours, Bougies, Del\u00e9mont","og_description":"Bracelet Sodalite. \"La Sodalite, gardienne de l'intuition, nous invite \u00e0 \u00e9couter la voix silencieuse de notre sagesse int\u00e9rieure.\"","og_url":"https:\/\/auxmainsdevelours.ch\/index.php\/produit\/bracelet-sodalite\/","og_site_name":"Aux Mains de Velours, Bougies, Del\u00e9mont","article_publisher":"https:\/\/facebook.com\/auxmainsdevelourssarl","article_modified_time":"2025-03-31T13:50:22+00:00","og_image":[{"width":1080,"height":1080,"url":"https:\/\/auxmainsdevelours.ch\/wp-content\/uploads\/2024\/08\/Sodalite.png","type":"image\/png"}],"twitter_card":"summary_large_image","twitter_misc":{"Dur\u00e9e de lecture estim\u00e9e":"2 minutes"},"schema":{"@context":"https:\/\/schema.org","@graph":[{"@type":"WebPage","@id":"https:\/\/auxmainsdevelours.ch\/index.php\/produit\/bracelet-sodalite\/","url":"https:\/\/auxmainsdevelours.ch\/index.php\/produit\/bracelet-sodalite\/","name":"Bracelet Sodalite Aux Mains de Velours, Bougies, Del\u00e9mont","isPartOf":{"@id":"https:\/\/auxmainsdevelours.ch\/#website"},"datePublished":"2024-08-25T14:05:11+00:00","dateModified":"2025-03-31T13:50:22+00:00","description":"Bracelet Sodalite. \"La Sodalite, gardienne de l'intuition, nous invite \u00e0 \u00e9couter la voix silencieuse de notre sagesse int\u00e9rieure.\"","breadcrumb":{"@id":"https:\/\/auxmainsdevelours.ch\/index.php\/produit\/bracelet-sodalite\/#breadcrumb"},"inLanguage":"fr-FR","potentialAction":[{"@type":"ReadAction","target":["https:\/\/auxmainsdevelours.ch\/index.php\/produit\/bracelet-sodalite\/"]}]},{"@type":"BreadcrumbList","@id":"https:\/\/auxmainsdevelours.ch\/index.php\/produit\/bracelet-sodalite\/#breadcrumb","itemListElement":[{"@type":"ListItem","position":1,"name":"Accueil","item":"https:\/\/auxmainsdevelours.ch\/"},{"@type":"ListItem","position":2,"name":"Boutique","item":"https:\/\/auxmainsdevelours.ch\/index.php\/boutique\/"},{"@type":"ListItem","position":3,"name":"Bracelet Sodalite"}]},{"@type":"WebSite","@id":"https:\/\/auxmainsdevelours.ch\/#website","url":"https:\/\/auxmainsdevelours.ch\/","name":"auxmainsdevelours.ch","description":"Fait avec le coeur, pour vous \u2665","publisher":{"@id":"https:\/\/auxmainsdevelours.ch\/#organization"},"potentialAction":[{"@type":"SearchAction","target":{"@type":"EntryPoint","urlTemplate":"https:\/\/auxmainsdevelours.ch\/?s={search_term_string}"},"query-input":"required name=search_term_string"}],"inLanguage":"fr-FR"},{"@type":"Organization","@id":"https:\/\/auxmainsdevelours.ch\/#organization","name":"Aux Mains de Velours S\u00e0rl","url":"https:\/\/auxmainsdevelours.ch\/","logo":{"@type":"ImageObject","inLanguage":"fr-FR","@id":"https:\/\/auxmainsdevelours.ch\/#\/schema\/logo\/image\/","url":"https:\/\/auxmainsdevelours.ch\/wp-content\/uploads\/2022\/11\/WhatsApp-Image-2022-10-30-at-17.33.46.jpeg","contentUrl":"https:\/\/auxmainsdevelours.ch\/wp-content\/uploads\/2022\/11\/WhatsApp-Image-2022-10-30-at-17.33.46.jpeg","width":2048,"height":2048,"caption":"Aux Mains de Velours S\u00e0rl"},"image":{"@id":"https:\/\/auxmainsdevelours.ch\/#\/schema\/logo\/image\/"},"sameAs":["https:\/\/facebook.com\/auxmainsdevelourssarl","https:\/\/www.instagram.com\/auxmainsdevelours\/"]}]}},"_links":{"self":[{"href":"https:\/\/auxmainsdevelours.ch\/index.php\/wp-json\/wp\/v2\/product\/2408","targetHints":{"allow":["GET"]}}],"collection":[{"href":"https:\/\/auxmainsdevelours.ch\/index.php\/wp-json\/wp\/v2\/product"}],"about":[{"href":"https:\/\/auxmainsdevelours.ch\/index.php\/wp-json\/wp\/v2\/types\/product"}],"replies":[{"embeddable":true,"href":"https:\/\/auxmainsdevelours.ch\/index.php\/wp-json\/wp\/v2\/comments?post=2408"}],"wp:featuredmedia":[{"embeddable":true,"href":"https:\/\/auxmainsdevelours.ch\/index.php\/wp-json\/wp\/v2\/media\/2411"}],"wp:attachment":[{"href":"https:\/\/auxmainsdevelours.ch\/index.php\/wp-json\/wp\/v2\/media?parent=2408"}],"wp:term":[{"taxonomy":"product_brand","embeddable":true,"href":"https:\/\/auxmainsdevelours.ch\/index.php\/wp-json\/wp\/v2\/product_brand?post=2408"},{"taxonomy":"product_cat","embeddable":true,"href":"https:\/\/auxmainsdevelours.ch\/index.php\/wp-json\/wp\/v2\/product_cat?post=2408"},{"taxonomy":"product_tag","embeddable":true,"href":"https:\/\/auxmainsdevelours.ch\/index.php\/wp-json\/wp\/v2\/product_tag?post=2408"}],"curies":[{"name":"wp","href":"https:\/\/api.w.org\/{rel}","templated":true}]}}