{"id":2396,"date":"2024-08-25T13:20:30","date_gmt":"2024-08-25T11:20:30","guid":{"rendered":"https:\/\/auxmainsdevelours.ch\/?post_type=product&#038;p=2396"},"modified":"2024-09-30T15:24:13","modified_gmt":"2024-09-30T13:24:13","slug":"bracelet-lapis-lazuli","status":"publish","type":"product","link":"https:\/\/auxmainsdevelours.ch\/index.php\/produit\/bracelet-lapis-lazuli\/","title":{"rendered":"Bracelet Lapis Lazuli"},"content":{"rendered":"<p>D\u00e9couvrez notre Bracelet Lapis Lazuli<\/p>\n<h3>Bracelet Lapis Lazuli : Emportez les bienfaits de la lithoth\u00e9rapie partout avec vous !<\/h3>\n<p>Plongez-vous dans un univers de s\u00e9r\u00e9nit\u00e9 et d\u2019harmonie gr\u00e2ce \u00e0 notre bracelet Lapis Lazuli un bijou pratique qui vous permet d\u2019emporter les bienfaits des pierres \u00e9nerg\u00e9tiques partout avec vous.<\/p>\n<p>Ce bracelet exquis est bien plus qu\u2019un simple accessoire. Compos\u00e9 d&rsquo;authentiques pierres de lithoth\u00e9rapie, sp\u00e9cialement choisies pour leurs propri\u00e9t\u00e9s bienfaisantes. Chaque pierre est soigneusement s\u00e9lectionn\u00e9e pour apporter une \u00e9nergie positive et aider \u00e0 r\u00e9tablir l\u2019\u00e9quilibre \u00e9motionnel dans votre quotidien tr\u00e9pidant.<\/p>\n<p>Laissez-vous s\u00e9duire par son design \u00e9l\u00e9gant et minimaliste, parfait pour s\u2019adapter \u00e0 n\u2019importe quelle tenue ou style. Faites-en \u00e9galement un cadeau attentionn\u00e9 pour vos proches, afin qu\u2019ils puissent eux aussi b\u00e9n\u00e9ficier de cette touche d\u2019harmonie dans leur vie.<\/p>\n<p>Ne laissez plus le stress vous envahir, profitez des bienfaits de la lithoth\u00e9rapie o\u00f9 que vous alliez gr\u00e2ce \u00e0 notre bracelet. Offrez-vous ou offrez \u00e0 ceux que vous aimez un petit talisman de bien-\u00eatre pour une vie \u00e9quilibr\u00e9e et apais\u00e9e.<\/p>\n<h3>\u00c9nergie naturelle : D\u00e9couvrez les bienfaits uniques des pierres de lithoth\u00e9rapie !<\/h3>\n<p>Explorez les pouvoirs \u00e9tonnants des pierres de lithoth\u00e9rapie qui vous accompagnent au quotidien gr\u00e2ce \u00e0 notre collection de bracelets. L\u2019Am\u00e9thyste, avec ses nuances pourpres apaisantes, d\u00e9tend l\u2019esprit et favorise un sommeil r\u00e9parateur. Le Quartz Rose, tendre et bienveillant, encourage l\u2019amour de soi et des autres. Le Lapis Lazuli, d\u2019un bleu profond, stimule la clart\u00e9 mentale et la communication. La Malachite, d\u2019un vert luxuriant, purifie les \u00e9motions et \u00e9quilibre l\u2019\u00e9nergie. L\u2019\u0152il de Tigre, aux nuances chatoyantes, renforce la confiance en soi et prot\u00e8ge des \u00e9nergies n\u00e9gatives. Choisissez la pierre qui r\u00e9sonne avec votre c\u0153ur, et laissez ses vertus naturelles vous guider vers l\u2019harmonie int\u00e9rieure.<\/p>\n<p>&nbsp;<\/p>\n<p>D\u00e9couvrez les vertus du Lapis Lazuli <a href=\"https:\/\/auxmainsdevelours.ch\/index.php\/2023\/01\/14\/lapis-lazuli-les-vertus\/\">ici<\/a>.<\/p>\n","protected":false},"excerpt":{"rendered":"<p><em>\u00ab\u00a0Le lapis-lazuli, pierre c\u00e9leste, refl\u00e8te l&rsquo;infini de l&rsquo;\u00e2me et l&rsquo;\u00e9ternit\u00e9 du ciel, nous rappelant que la sagesse v\u00e9ritable est un tr\u00e9sor cach\u00e9 au plus profond de nous-m\u00eames.\u00a0\u00bb<\/em><\/p>\n<p>&nbsp;<\/p>\n","protected":false},"featured_media":2397,"comment_status":"open","ping_status":"closed","template":"","meta":{"site-sidebar-layout":"default","site-content-layout":"","ast-site-content-layout":"default","site-content-style":"default","site-sidebar-style":"default","ast-global-header-display":"","ast-banner-title-visibility":"","ast-main-header-display":"","ast-hfb-above-header-display":"","ast-hfb-below-header-display":"","ast-hfb-mobile-header-display":"","site-post-title":"","ast-breadcrumbs-content":"","ast-featured-img":"","footer-sml-layout":"","theme-transparent-header-meta":"default","adv-header-id-meta":"","stick-header-meta":"","header-above-stick-meta":"","header-main-stick-meta":"","header-below-stick-meta":"","astra-migrate-meta-layouts":"set","ast-page-background-enabled":"default","ast-page-background-meta":{"desktop":{"background-color":"var(--ast-global-color-4)","background-image":"","background-repeat":"repeat","background-position":"center center","background-size":"auto","background-attachment":"scroll","background-type":"","background-media":"","overlay-type":"","overlay-color":"","overlay-gradient":""},"tablet":{"background-color":"","background-image":"","background-repeat":"repeat","background-position":"center center","background-size":"auto","background-attachment":"scroll","background-type":"","background-media":"","overlay-type":"","overlay-color":"","overlay-gradient":""},"mobile":{"background-color":"","background-image":"","background-repeat":"repeat","background-position":"center center","background-size":"auto","background-attachment":"scroll","background-type":"","background-media":"","overlay-type":"","overlay-color":"","overlay-gradient":""}},"ast-content-background-meta":{"desktop":{"background-color":"var(--ast-global-color-5)","background-image":"","background-repeat":"repeat","background-position":"center center","background-size":"auto","background-attachment":"scroll","background-type":"","background-media":"","overlay-type":"","overlay-color":"","overlay-gradient":""},"tablet":{"background-color":"var(--ast-global-color-5)","background-image":"","background-repeat":"repeat","background-position":"center center","background-size":"auto","background-attachment":"scroll","background-type":"","background-media":"","overlay-type":"","overlay-color":"","overlay-gradient":""},"mobile":{"background-color":"var(--ast-global-color-5)","background-image":"","background-repeat":"repeat","background-position":"center center","background-size":"auto","background-attachment":"scroll","background-type":"","background-media":"","overlay-type":"","overlay-color":"","overlay-gradient":""}}},"product_brand":[],"product_cat":[153,104],"product_tag":[203,74,156,200,155,201,197,199,198,204,202],"class_list":{"0":"post-2396","1":"product","2":"type-product","3":"status-publish","4":"has-post-thumbnail","6":"product_cat-bijoux","7":"product_cat-lithotherapie","8":"product_tag-allergies","9":"product_tag-apaisement","10":"product_tag-bijoux","11":"product_tag-bonne-humeur","12":"product_tag-bracelet","13":"product_tag-communication","14":"product_tag-lapis","15":"product_tag-lapis-lazuli","16":"product_tag-lazuli","17":"product_tag-maux-de-tete","18":"product_tag-yeux","19":"desktop-align-left","20":"tablet-align-left","21":"mobile-align-left","23":"first","24":"instock","25":"taxable","26":"shipping-taxable","27":"purchasable","28":"product-type-variable"},"yoast_head":"<!-- This site is optimized with the Yoast SEO plugin v22.0 - https:\/\/yoast.com\/wordpress\/plugins\/seo\/ -->\n<title>Bracelet Lapis Lazuli Aux Mains de Velours, Bougies, Del\u00e9mont<\/title>\n<meta name=\"description\" content=\"Bracelet Lapis Lazuli &quot;Pierre c\u00e9leste, refl\u00e8te l&#039;infini de l&#039;\u00e2me nous rappelant que la sagesse v\u00e9ritable est un tr\u00e9sor cach\u00e9 au plus profond de nous-m\u00eames.&quot;\" \/>\n<meta name=\"robots\" content=\"index, follow, max-snippet:-1, max-image-preview:large, max-video-preview:-1\" \/>\n<link rel=\"canonical\" href=\"https:\/\/auxmainsdevelours.ch\/index.php\/produit\/bracelet-lapis-lazuli\/\" \/>\n<meta property=\"og:locale\" content=\"fr_FR\" \/>\n<meta property=\"og:type\" content=\"article\" \/>\n<meta property=\"og:title\" content=\"Bracelet Lapis Lazuli Aux Mains de Velours, Bougies, Del\u00e9mont\" \/>\n<meta property=\"og:description\" content=\"Bracelet Lapis Lazuli &quot;Pierre c\u00e9leste, refl\u00e8te l&#039;infini de l&#039;\u00e2me nous rappelant que la sagesse v\u00e9ritable est un tr\u00e9sor cach\u00e9 au plus profond de nous-m\u00eames.&quot;\" \/>\n<meta property=\"og:url\" content=\"https:\/\/auxmainsdevelours.ch\/index.php\/produit\/bracelet-lapis-lazuli\/\" \/>\n<meta property=\"og:site_name\" content=\"Aux Mains de Velours, Bougies, Del\u00e9mont\" \/>\n<meta property=\"article:publisher\" content=\"https:\/\/facebook.com\/auxmainsdevelourssarl\" \/>\n<meta property=\"article:modified_time\" content=\"2024-09-30T13:24:13+00:00\" \/>\n<meta property=\"og:image\" content=\"https:\/\/auxmainsdevelours.ch\/wp-content\/uploads\/2024\/08\/Lapis-Lazuli.png\" \/>\n\t<meta property=\"og:image:width\" content=\"1080\" \/>\n\t<meta property=\"og:image:height\" content=\"1080\" \/>\n\t<meta property=\"og:image:type\" content=\"image\/png\" \/>\n<meta name=\"twitter:card\" content=\"summary_large_image\" \/>\n<meta name=\"twitter:label1\" content=\"Dur\u00e9e de lecture estim\u00e9e\" \/>\n\t<meta name=\"twitter:data1\" content=\"2 minutes\" \/>\n<script type=\"application\/ld+json\" class=\"yoast-schema-graph\">{\"@context\":\"https:\/\/schema.org\",\"@graph\":[{\"@type\":\"WebPage\",\"@id\":\"https:\/\/auxmainsdevelours.ch\/index.php\/produit\/bracelet-lapis-lazuli\/\",\"url\":\"https:\/\/auxmainsdevelours.ch\/index.php\/produit\/bracelet-lapis-lazuli\/\",\"name\":\"Bracelet Lapis Lazuli Aux Mains de Velours, Bougies, Del\u00e9mont\",\"isPartOf\":{\"@id\":\"https:\/\/auxmainsdevelours.ch\/#website\"},\"datePublished\":\"2024-08-25T11:20:30+00:00\",\"dateModified\":\"2024-09-30T13:24:13+00:00\",\"description\":\"Bracelet Lapis Lazuli \\\"Pierre c\u00e9leste, refl\u00e8te l'infini de l'\u00e2me nous rappelant que la sagesse v\u00e9ritable est un tr\u00e9sor cach\u00e9 au plus profond de nous-m\u00eames.\\\"\",\"breadcrumb\":{\"@id\":\"https:\/\/auxmainsdevelours.ch\/index.php\/produit\/bracelet-lapis-lazuli\/#breadcrumb\"},\"inLanguage\":\"fr-FR\",\"potentialAction\":[{\"@type\":\"ReadAction\",\"target\":[\"https:\/\/auxmainsdevelours.ch\/index.php\/produit\/bracelet-lapis-lazuli\/\"]}]},{\"@type\":\"BreadcrumbList\",\"@id\":\"https:\/\/auxmainsdevelours.ch\/index.php\/produit\/bracelet-lapis-lazuli\/#breadcrumb\",\"itemListElement\":[{\"@type\":\"ListItem\",\"position\":1,\"name\":\"Accueil\",\"item\":\"https:\/\/auxmainsdevelours.ch\/\"},{\"@type\":\"ListItem\",\"position\":2,\"name\":\"Boutique\",\"item\":\"https:\/\/auxmainsdevelours.ch\/index.php\/boutique\/\"},{\"@type\":\"ListItem\",\"position\":3,\"name\":\"Bracelet Lapis Lazuli\"}]},{\"@type\":\"WebSite\",\"@id\":\"https:\/\/auxmainsdevelours.ch\/#website\",\"url\":\"https:\/\/auxmainsdevelours.ch\/\",\"name\":\"auxmainsdevelours.ch\",\"description\":\"Fait avec le coeur, pour vous \u2665\",\"publisher\":{\"@id\":\"https:\/\/auxmainsdevelours.ch\/#organization\"},\"potentialAction\":[{\"@type\":\"SearchAction\",\"target\":{\"@type\":\"EntryPoint\",\"urlTemplate\":\"https:\/\/auxmainsdevelours.ch\/?s={search_term_string}\"},\"query-input\":\"required name=search_term_string\"}],\"inLanguage\":\"fr-FR\"},{\"@type\":\"Organization\",\"@id\":\"https:\/\/auxmainsdevelours.ch\/#organization\",\"name\":\"Aux Mains de Velours S\u00e0rl\",\"url\":\"https:\/\/auxmainsdevelours.ch\/\",\"logo\":{\"@type\":\"ImageObject\",\"inLanguage\":\"fr-FR\",\"@id\":\"https:\/\/auxmainsdevelours.ch\/#\/schema\/logo\/image\/\",\"url\":\"https:\/\/auxmainsdevelours.ch\/wp-content\/uploads\/2022\/11\/WhatsApp-Image-2022-10-30-at-17.33.46.jpeg\",\"contentUrl\":\"https:\/\/auxmainsdevelours.ch\/wp-content\/uploads\/2022\/11\/WhatsApp-Image-2022-10-30-at-17.33.46.jpeg\",\"width\":2048,\"height\":2048,\"caption\":\"Aux Mains de Velours S\u00e0rl\"},\"image\":{\"@id\":\"https:\/\/auxmainsdevelours.ch\/#\/schema\/logo\/image\/\"},\"sameAs\":[\"https:\/\/facebook.com\/auxmainsdevelourssarl\",\"https:\/\/www.instagram.com\/auxmainsdevelours\/\"]}]}<\/script>\n<!-- \/ Yoast SEO plugin. -->","yoast_head_json":{"title":"Bracelet Lapis Lazuli Aux Mains de Velours, Bougies, Del\u00e9mont","description":"Bracelet Lapis Lazuli \"Pierre c\u00e9leste, refl\u00e8te l'infini de l'\u00e2me nous rappelant que la sagesse v\u00e9ritable est un tr\u00e9sor cach\u00e9 au plus profond de nous-m\u00eames.\"","robots":{"index":"index","follow":"follow","max-snippet":"max-snippet:-1","max-image-preview":"max-image-preview:large","max-video-preview":"max-video-preview:-1"},"canonical":"https:\/\/auxmainsdevelours.ch\/index.php\/produit\/bracelet-lapis-lazuli\/","og_locale":"fr_FR","og_type":"article","og_title":"Bracelet Lapis Lazuli Aux Mains de Velours, Bougies, Del\u00e9mont","og_description":"Bracelet Lapis Lazuli \"Pierre c\u00e9leste, refl\u00e8te l'infini de l'\u00e2me nous rappelant que la sagesse v\u00e9ritable est un tr\u00e9sor cach\u00e9 au plus profond de nous-m\u00eames.\"","og_url":"https:\/\/auxmainsdevelours.ch\/index.php\/produit\/bracelet-lapis-lazuli\/","og_site_name":"Aux Mains de Velours, Bougies, Del\u00e9mont","article_publisher":"https:\/\/facebook.com\/auxmainsdevelourssarl","article_modified_time":"2024-09-30T13:24:13+00:00","og_image":[{"width":1080,"height":1080,"url":"https:\/\/auxmainsdevelours.ch\/wp-content\/uploads\/2024\/08\/Lapis-Lazuli.png","type":"image\/png"}],"twitter_card":"summary_large_image","twitter_misc":{"Dur\u00e9e de lecture estim\u00e9e":"2 minutes"},"schema":{"@context":"https:\/\/schema.org","@graph":[{"@type":"WebPage","@id":"https:\/\/auxmainsdevelours.ch\/index.php\/produit\/bracelet-lapis-lazuli\/","url":"https:\/\/auxmainsdevelours.ch\/index.php\/produit\/bracelet-lapis-lazuli\/","name":"Bracelet Lapis Lazuli Aux Mains de Velours, Bougies, Del\u00e9mont","isPartOf":{"@id":"https:\/\/auxmainsdevelours.ch\/#website"},"datePublished":"2024-08-25T11:20:30+00:00","dateModified":"2024-09-30T13:24:13+00:00","description":"Bracelet Lapis Lazuli \"Pierre c\u00e9leste, refl\u00e8te l'infini de l'\u00e2me nous rappelant que la sagesse v\u00e9ritable est un tr\u00e9sor cach\u00e9 au plus profond de nous-m\u00eames.\"","breadcrumb":{"@id":"https:\/\/auxmainsdevelours.ch\/index.php\/produit\/bracelet-lapis-lazuli\/#breadcrumb"},"inLanguage":"fr-FR","potentialAction":[{"@type":"ReadAction","target":["https:\/\/auxmainsdevelours.ch\/index.php\/produit\/bracelet-lapis-lazuli\/"]}]},{"@type":"BreadcrumbList","@id":"https:\/\/auxmainsdevelours.ch\/index.php\/produit\/bracelet-lapis-lazuli\/#breadcrumb","itemListElement":[{"@type":"ListItem","position":1,"name":"Accueil","item":"https:\/\/auxmainsdevelours.ch\/"},{"@type":"ListItem","position":2,"name":"Boutique","item":"https:\/\/auxmainsdevelours.ch\/index.php\/boutique\/"},{"@type":"ListItem","position":3,"name":"Bracelet Lapis Lazuli"}]},{"@type":"WebSite","@id":"https:\/\/auxmainsdevelours.ch\/#website","url":"https:\/\/auxmainsdevelours.ch\/","name":"auxmainsdevelours.ch","description":"Fait avec le coeur, pour vous \u2665","publisher":{"@id":"https:\/\/auxmainsdevelours.ch\/#organization"},"potentialAction":[{"@type":"SearchAction","target":{"@type":"EntryPoint","urlTemplate":"https:\/\/auxmainsdevelours.ch\/?s={search_term_string}"},"query-input":"required name=search_term_string"}],"inLanguage":"fr-FR"},{"@type":"Organization","@id":"https:\/\/auxmainsdevelours.ch\/#organization","name":"Aux Mains de Velours S\u00e0rl","url":"https:\/\/auxmainsdevelours.ch\/","logo":{"@type":"ImageObject","inLanguage":"fr-FR","@id":"https:\/\/auxmainsdevelours.ch\/#\/schema\/logo\/image\/","url":"https:\/\/auxmainsdevelours.ch\/wp-content\/uploads\/2022\/11\/WhatsApp-Image-2022-10-30-at-17.33.46.jpeg","contentUrl":"https:\/\/auxmainsdevelours.ch\/wp-content\/uploads\/2022\/11\/WhatsApp-Image-2022-10-30-at-17.33.46.jpeg","width":2048,"height":2048,"caption":"Aux Mains de Velours S\u00e0rl"},"image":{"@id":"https:\/\/auxmainsdevelours.ch\/#\/schema\/logo\/image\/"},"sameAs":["https:\/\/facebook.com\/auxmainsdevelourssarl","https:\/\/www.instagram.com\/auxmainsdevelours\/"]}]}},"_links":{"self":[{"href":"https:\/\/auxmainsdevelours.ch\/index.php\/wp-json\/wp\/v2\/product\/2396","targetHints":{"allow":["GET"]}}],"collection":[{"href":"https:\/\/auxmainsdevelours.ch\/index.php\/wp-json\/wp\/v2\/product"}],"about":[{"href":"https:\/\/auxmainsdevelours.ch\/index.php\/wp-json\/wp\/v2\/types\/product"}],"replies":[{"embeddable":true,"href":"https:\/\/auxmainsdevelours.ch\/index.php\/wp-json\/wp\/v2\/comments?post=2396"}],"wp:featuredmedia":[{"embeddable":true,"href":"https:\/\/auxmainsdevelours.ch\/index.php\/wp-json\/wp\/v2\/media\/2397"}],"wp:attachment":[{"href":"https:\/\/auxmainsdevelours.ch\/index.php\/wp-json\/wp\/v2\/media?parent=2396"}],"wp:term":[{"taxonomy":"product_brand","embeddable":true,"href":"https:\/\/auxmainsdevelours.ch\/index.php\/wp-json\/wp\/v2\/product_brand?post=2396"},{"taxonomy":"product_cat","embeddable":true,"href":"https:\/\/auxmainsdevelours.ch\/index.php\/wp-json\/wp\/v2\/product_cat?post=2396"},{"taxonomy":"product_tag","embeddable":true,"href":"https:\/\/auxmainsdevelours.ch\/index.php\/wp-json\/wp\/v2\/product_tag?post=2396"}],"curies":[{"name":"wp","href":"https:\/\/api.w.org\/{rel}","templated":true}]}}