{"id":2188,"date":"2024-05-08T19:12:39","date_gmt":"2024-05-08T17:12:39","guid":{"rendered":"https:\/\/auxmainsdevelours.ch\/?post_type=product&#038;p=2188"},"modified":"2024-05-08T19:34:07","modified_gmt":"2024-05-08T17:34:07","slug":"huile-essentielle-de-menthe-poivree","status":"publish","type":"product","link":"https:\/\/auxmainsdevelours.ch\/index.php\/produit\/huile-essentielle-de-menthe-poivree\/","title":{"rendered":"Huile Essentielle de Menthe Poivr\u00e9e"},"content":{"rendered":"<p>D\u00e9couvrez l&rsquo;Huile Essentielle de Menthe Poivr\u00e9e 10ml.<\/p>\n<h3>L&rsquo;Huile Essentielle de Menthe Poivr\u00e9e et ses nombreuses vertus<\/h3>\n<ul>\n<li style=\"font-weight: 400;\" aria-level=\"1\"><span style=\"font-weight: 400;\">renforce la clart\u00e9 d&rsquo;esprit ;<\/span><\/li>\n<li style=\"font-weight: 400;\" aria-level=\"1\">facilite la concentration ;<\/li>\n<li aria-level=\"1\">\u00e9quilibre les \u00e9motions excessives ;<\/li>\n<li aria-level=\"1\">rafra\u00eechi le corps et l&rsquo;esprit ;<\/li>\n<li aria-level=\"1\">dissipe la confusion ;<\/li>\n<li aria-level=\"1\">dissout de nombreuses peurs ;<\/li>\n<li aria-level=\"1\">active le chakra du 3\u00e8me \u0153il.<\/li>\n<\/ul>\n<h3>Les Huiles Essentielles<\/h3>\n<p>Dans la qu\u00eate de bien-\u00eatre et d&rsquo;harmonie, les huiles essentielles se pr\u00e9sentent comme des alli\u00e9es pr\u00e9cieuses pour nourrir non seulement notre corps, mais aussi notre \u00e2me. \u00c0 travers leur essence pure et leur \u00e9nergie vibratoire, elles nous invitent \u00e0 plonger dans un voyage de gu\u00e9rison profonde et de connexion spirituelle. Voici un guide sacr\u00e9 pour honorer ces cadeaux de la nature et \u00e9lever votre \u00eatre dans une danse harmonieuse avec les huiles essentielles.<\/p>\n<h3>Choisissez la bonne huile essentielle pour vos besoins<\/h3>\n<p>Chaque huile essentielle offre des bienfaits sp\u00e9cifiques. Que vous recherchiez un soulagement du stress, un soutien immunitaire ou une aide pour dormir, il existe une huile adapt\u00e9e \u00e0 vos besoins.<\/p>\n<h3>Utilisez-les de mani\u00e8re s\u00e9curitaire<\/h3>\n<p>Les huiles essentielles sont puissantes et doivent \u00eatre utilis\u00e9es avec pr\u00e9caution. Assurez-vous de diluer les huiles concentr\u00e9es avec une huile v\u00e9g\u00e9tale avant de les appliquer sur la peau, et \u00e9vitez tout contact avec les yeux ou les muqueuses, attention, certaines huiles ne doivent pas \u00eatre appliqu\u00e9es sur la peau. Pour une utilisation interne, consultez toujours un professionnel.<\/p>\n<h3>Pr\u00e9cautions d&#8217;emploi<\/h3>\n<p>L&rsquo;Huile Essentielle de Menthe Poivr\u00e9e est <strong>strictement d\u00e9conseill\u00e9e<\/strong> pour les enfants en dessous de 6 ans et aux femmes enceintes ainsi qu&rsquo;aux sujets \u00e9pileptiques.<br \/>\nL&rsquo;application et l&rsquo;ingestion d&rsquo;huiles essentielles pures est d\u00e9conseill\u00e9 sans encadrement professionnel.<br \/>\nNe pas diffuser les huiles essentielles en continu pour une p\u00e9riode de plus de deux heures. La pi\u00e8ce doit \u00eatre a\u00e9r\u00e9e de mani\u00e8re r\u00e9guli\u00e8re.<br \/>\nEn cas d&rsquo;utilisation cosm\u00e9tique, les huiles essentielles doivent \u00eatre m\u00e9lang\u00e9es \u00e0 une huile v\u00e9g\u00e9tale. Ne pas d\u00e9passer 3% d&rsquo;huiles essentielles dans le m\u00e9lange. Il est cependant conseill\u00e9 de se faire encadrer par un professionnel.<br \/>\nEffet r\u00e9frig\u00e9rant puissant.<\/p>\n<p>&nbsp;<\/p>\n<h3>Informations concernant l&rsquo;Huile Essentielle de Menthe Poivr\u00e9e<\/h3>\n<p>Marque : Oshadhi<br \/>\nNom botanique : Mentha piperita<br \/>\nOrigine : Inde<br \/>\nContenu : 10ml<\/p>\n","protected":false},"excerpt":{"rendered":"<p>D\u00e9couvrez l&rsquo;Huile Essentielle de Menthe Poivr\u00e9e 10ml.<\/p>\n","protected":false},"featured_media":2187,"comment_status":"open","ping_status":"closed","template":"","meta":{"site-sidebar-layout":"default","site-content-layout":"","ast-site-content-layout":"default","site-content-style":"default","site-sidebar-style":"default","ast-global-header-display":"","ast-banner-title-visibility":"","ast-main-header-display":"","ast-hfb-above-header-display":"","ast-hfb-below-header-display":"","ast-hfb-mobile-header-display":"","site-post-title":"","ast-breadcrumbs-content":"","ast-featured-img":"","footer-sml-layout":"","theme-transparent-header-meta":"default","adv-header-id-meta":"","stick-header-meta":"","header-above-stick-meta":"","header-main-stick-meta":"","header-below-stick-meta":"","astra-migrate-meta-layouts":"set","ast-page-background-enabled":"default","ast-page-background-meta":{"desktop":{"background-color":"var(--ast-global-color-4)","background-image":"","background-repeat":"repeat","background-position":"center center","background-size":"auto","background-attachment":"scroll","background-type":"","background-media":"","overlay-type":"","overlay-color":"","overlay-gradient":""},"tablet":{"background-color":"","background-image":"","background-repeat":"repeat","background-position":"center center","background-size":"auto","background-attachment":"scroll","background-type":"","background-media":"","overlay-type":"","overlay-color":"","overlay-gradient":""},"mobile":{"background-color":"","background-image":"","background-repeat":"repeat","background-position":"center center","background-size":"auto","background-attachment":"scroll","background-type":"","background-media":"","overlay-type":"","overlay-color":"","overlay-gradient":""}},"ast-content-background-meta":{"desktop":{"background-color":"var(--ast-global-color-5)","background-image":"","background-repeat":"repeat","background-position":"center center","background-size":"auto","background-attachment":"scroll","background-type":"","background-media":"","overlay-type":"","overlay-color":"","overlay-gradient":""},"tablet":{"background-color":"var(--ast-global-color-5)","background-image":"","background-repeat":"repeat","background-position":"center center","background-size":"auto","background-attachment":"scroll","background-type":"","background-media":"","overlay-type":"","overlay-color":"","overlay-gradient":""},"mobile":{"background-color":"var(--ast-global-color-5)","background-image":"","background-repeat":"repeat","background-position":"center center","background-size":"auto","background-attachment":"scroll","background-type":"","background-media":"","overlay-type":"","overlay-color":"","overlay-gradient":""}}},"product_brand":[],"product_cat":[130,131,15],"product_tag":[],"class_list":{"0":"post-2188","1":"product","2":"type-product","3":"status-publish","4":"has-post-thumbnail","6":"product_cat-aromatherapie","7":"product_cat-huiles-essentielles","8":"product_cat-non-classe","9":"desktop-align-left","10":"tablet-align-left","11":"mobile-align-left","13":"first","14":"instock","15":"taxable","16":"shipping-taxable","17":"purchasable","18":"product-type-simple"},"yoast_head":"<!-- This site is optimized with the Yoast SEO plugin v22.0 - https:\/\/yoast.com\/wordpress\/plugins\/seo\/ -->\n<title>Huile Essentielle de Menthe Poivr\u00e9e - Aux Mains de Velours, Bougies, Del\u00e9mont<\/title>\n<meta name=\"description\" content=\"D\u00e9couvrez l&#039;Huile Essentielle de Menthe Poivr\u00e9e. &quot;Rafra\u00eechissez votre quotidien : Une brise vivifiante pour votre esprit et votre corps.&quot;\" \/>\n<meta name=\"robots\" content=\"index, follow, max-snippet:-1, max-image-preview:large, max-video-preview:-1\" \/>\n<link rel=\"canonical\" href=\"https:\/\/auxmainsdevelours.ch\/index.php\/produit\/huile-essentielle-de-menthe-poivree\/\" \/>\n<meta property=\"og:locale\" content=\"fr_FR\" \/>\n<meta property=\"og:type\" content=\"article\" \/>\n<meta property=\"og:title\" content=\"Huile Essentielle de Menthe Poivr\u00e9e - Aux Mains de Velours, Bougies, Del\u00e9mont\" \/>\n<meta property=\"og:description\" content=\"D\u00e9couvrez l&#039;Huile Essentielle de Menthe Poivr\u00e9e. &quot;Rafra\u00eechissez votre quotidien : Une brise vivifiante pour votre esprit et votre corps.&quot;\" \/>\n<meta property=\"og:url\" content=\"https:\/\/auxmainsdevelours.ch\/index.php\/produit\/huile-essentielle-de-menthe-poivree\/\" \/>\n<meta property=\"og:site_name\" content=\"Aux Mains de Velours, Bougies, Del\u00e9mont\" \/>\n<meta property=\"article:publisher\" content=\"https:\/\/facebook.com\/auxmainsdevelourssarl\" \/>\n<meta property=\"article:modified_time\" content=\"2024-05-08T17:34:07+00:00\" \/>\n<meta property=\"og:image\" content=\"https:\/\/auxmainsdevelours.ch\/wp-content\/uploads\/2024\/05\/Menthe-poivree.png\" \/>\n\t<meta property=\"og:image:width\" content=\"1080\" \/>\n\t<meta property=\"og:image:height\" content=\"1080\" \/>\n\t<meta property=\"og:image:type\" content=\"image\/png\" \/>\n<meta name=\"twitter:card\" content=\"summary_large_image\" \/>\n<meta name=\"twitter:label1\" content=\"Dur\u00e9e de lecture estim\u00e9e\" \/>\n\t<meta name=\"twitter:data1\" content=\"2 minutes\" \/>\n<script type=\"application\/ld+json\" class=\"yoast-schema-graph\">{\"@context\":\"https:\/\/schema.org\",\"@graph\":[{\"@type\":\"WebPage\",\"@id\":\"https:\/\/auxmainsdevelours.ch\/index.php\/produit\/huile-essentielle-de-menthe-poivree\/\",\"url\":\"https:\/\/auxmainsdevelours.ch\/index.php\/produit\/huile-essentielle-de-menthe-poivree\/\",\"name\":\"Huile Essentielle de Menthe Poivr\u00e9e - Aux Mains de Velours, Bougies, Del\u00e9mont\",\"isPartOf\":{\"@id\":\"https:\/\/auxmainsdevelours.ch\/#website\"},\"datePublished\":\"2024-05-08T17:12:39+00:00\",\"dateModified\":\"2024-05-08T17:34:07+00:00\",\"description\":\"D\u00e9couvrez l'Huile Essentielle de Menthe Poivr\u00e9e. \\\"Rafra\u00eechissez votre quotidien : Une brise vivifiante pour votre esprit et votre corps.\\\"\",\"breadcrumb\":{\"@id\":\"https:\/\/auxmainsdevelours.ch\/index.php\/produit\/huile-essentielle-de-menthe-poivree\/#breadcrumb\"},\"inLanguage\":\"fr-FR\",\"potentialAction\":[{\"@type\":\"ReadAction\",\"target\":[\"https:\/\/auxmainsdevelours.ch\/index.php\/produit\/huile-essentielle-de-menthe-poivree\/\"]}]},{\"@type\":\"BreadcrumbList\",\"@id\":\"https:\/\/auxmainsdevelours.ch\/index.php\/produit\/huile-essentielle-de-menthe-poivree\/#breadcrumb\",\"itemListElement\":[{\"@type\":\"ListItem\",\"position\":1,\"name\":\"Accueil\",\"item\":\"https:\/\/auxmainsdevelours.ch\/\"},{\"@type\":\"ListItem\",\"position\":2,\"name\":\"Boutique\",\"item\":\"https:\/\/auxmainsdevelours.ch\/index.php\/boutique\/\"},{\"@type\":\"ListItem\",\"position\":3,\"name\":\"Huile Essentielle de Menthe Poivr\u00e9e\"}]},{\"@type\":\"WebSite\",\"@id\":\"https:\/\/auxmainsdevelours.ch\/#website\",\"url\":\"https:\/\/auxmainsdevelours.ch\/\",\"name\":\"auxmainsdevelours.ch\",\"description\":\"Fait avec le coeur, pour vous \u2665\",\"publisher\":{\"@id\":\"https:\/\/auxmainsdevelours.ch\/#organization\"},\"potentialAction\":[{\"@type\":\"SearchAction\",\"target\":{\"@type\":\"EntryPoint\",\"urlTemplate\":\"https:\/\/auxmainsdevelours.ch\/?s={search_term_string}\"},\"query-input\":\"required name=search_term_string\"}],\"inLanguage\":\"fr-FR\"},{\"@type\":\"Organization\",\"@id\":\"https:\/\/auxmainsdevelours.ch\/#organization\",\"name\":\"Aux Mains de Velours S\u00e0rl\",\"url\":\"https:\/\/auxmainsdevelours.ch\/\",\"logo\":{\"@type\":\"ImageObject\",\"inLanguage\":\"fr-FR\",\"@id\":\"https:\/\/auxmainsdevelours.ch\/#\/schema\/logo\/image\/\",\"url\":\"https:\/\/auxmainsdevelours.ch\/wp-content\/uploads\/2022\/11\/WhatsApp-Image-2022-10-30-at-17.33.46.jpeg\",\"contentUrl\":\"https:\/\/auxmainsdevelours.ch\/wp-content\/uploads\/2022\/11\/WhatsApp-Image-2022-10-30-at-17.33.46.jpeg\",\"width\":2048,\"height\":2048,\"caption\":\"Aux Mains de Velours S\u00e0rl\"},\"image\":{\"@id\":\"https:\/\/auxmainsdevelours.ch\/#\/schema\/logo\/image\/\"},\"sameAs\":[\"https:\/\/facebook.com\/auxmainsdevelourssarl\",\"https:\/\/www.instagram.com\/auxmainsdevelours\/\"]}]}<\/script>\n<!-- \/ Yoast SEO plugin. -->","yoast_head_json":{"title":"Huile Essentielle de Menthe Poivr\u00e9e - Aux Mains de Velours, Bougies, Del\u00e9mont","description":"D\u00e9couvrez l'Huile Essentielle de Menthe Poivr\u00e9e. \"Rafra\u00eechissez votre quotidien : Une brise vivifiante pour votre esprit et votre corps.\"","robots":{"index":"index","follow":"follow","max-snippet":"max-snippet:-1","max-image-preview":"max-image-preview:large","max-video-preview":"max-video-preview:-1"},"canonical":"https:\/\/auxmainsdevelours.ch\/index.php\/produit\/huile-essentielle-de-menthe-poivree\/","og_locale":"fr_FR","og_type":"article","og_title":"Huile Essentielle de Menthe Poivr\u00e9e - Aux Mains de Velours, Bougies, Del\u00e9mont","og_description":"D\u00e9couvrez l'Huile Essentielle de Menthe Poivr\u00e9e. \"Rafra\u00eechissez votre quotidien : Une brise vivifiante pour votre esprit et votre corps.\"","og_url":"https:\/\/auxmainsdevelours.ch\/index.php\/produit\/huile-essentielle-de-menthe-poivree\/","og_site_name":"Aux Mains de Velours, Bougies, Del\u00e9mont","article_publisher":"https:\/\/facebook.com\/auxmainsdevelourssarl","article_modified_time":"2024-05-08T17:34:07+00:00","og_image":[{"width":1080,"height":1080,"url":"https:\/\/auxmainsdevelours.ch\/wp-content\/uploads\/2024\/05\/Menthe-poivree.png","type":"image\/png"}],"twitter_card":"summary_large_image","twitter_misc":{"Dur\u00e9e de lecture estim\u00e9e":"2 minutes"},"schema":{"@context":"https:\/\/schema.org","@graph":[{"@type":"WebPage","@id":"https:\/\/auxmainsdevelours.ch\/index.php\/produit\/huile-essentielle-de-menthe-poivree\/","url":"https:\/\/auxmainsdevelours.ch\/index.php\/produit\/huile-essentielle-de-menthe-poivree\/","name":"Huile Essentielle de Menthe Poivr\u00e9e - Aux Mains de Velours, Bougies, Del\u00e9mont","isPartOf":{"@id":"https:\/\/auxmainsdevelours.ch\/#website"},"datePublished":"2024-05-08T17:12:39+00:00","dateModified":"2024-05-08T17:34:07+00:00","description":"D\u00e9couvrez l'Huile Essentielle de Menthe Poivr\u00e9e. \"Rafra\u00eechissez votre quotidien : Une brise vivifiante pour votre esprit et votre corps.\"","breadcrumb":{"@id":"https:\/\/auxmainsdevelours.ch\/index.php\/produit\/huile-essentielle-de-menthe-poivree\/#breadcrumb"},"inLanguage":"fr-FR","potentialAction":[{"@type":"ReadAction","target":["https:\/\/auxmainsdevelours.ch\/index.php\/produit\/huile-essentielle-de-menthe-poivree\/"]}]},{"@type":"BreadcrumbList","@id":"https:\/\/auxmainsdevelours.ch\/index.php\/produit\/huile-essentielle-de-menthe-poivree\/#breadcrumb","itemListElement":[{"@type":"ListItem","position":1,"name":"Accueil","item":"https:\/\/auxmainsdevelours.ch\/"},{"@type":"ListItem","position":2,"name":"Boutique","item":"https:\/\/auxmainsdevelours.ch\/index.php\/boutique\/"},{"@type":"ListItem","position":3,"name":"Huile Essentielle de Menthe Poivr\u00e9e"}]},{"@type":"WebSite","@id":"https:\/\/auxmainsdevelours.ch\/#website","url":"https:\/\/auxmainsdevelours.ch\/","name":"auxmainsdevelours.ch","description":"Fait avec le coeur, pour vous \u2665","publisher":{"@id":"https:\/\/auxmainsdevelours.ch\/#organization"},"potentialAction":[{"@type":"SearchAction","target":{"@type":"EntryPoint","urlTemplate":"https:\/\/auxmainsdevelours.ch\/?s={search_term_string}"},"query-input":"required name=search_term_string"}],"inLanguage":"fr-FR"},{"@type":"Organization","@id":"https:\/\/auxmainsdevelours.ch\/#organization","name":"Aux Mains de Velours S\u00e0rl","url":"https:\/\/auxmainsdevelours.ch\/","logo":{"@type":"ImageObject","inLanguage":"fr-FR","@id":"https:\/\/auxmainsdevelours.ch\/#\/schema\/logo\/image\/","url":"https:\/\/auxmainsdevelours.ch\/wp-content\/uploads\/2022\/11\/WhatsApp-Image-2022-10-30-at-17.33.46.jpeg","contentUrl":"https:\/\/auxmainsdevelours.ch\/wp-content\/uploads\/2022\/11\/WhatsApp-Image-2022-10-30-at-17.33.46.jpeg","width":2048,"height":2048,"caption":"Aux Mains de Velours S\u00e0rl"},"image":{"@id":"https:\/\/auxmainsdevelours.ch\/#\/schema\/logo\/image\/"},"sameAs":["https:\/\/facebook.com\/auxmainsdevelourssarl","https:\/\/www.instagram.com\/auxmainsdevelours\/"]}]}},"_links":{"self":[{"href":"https:\/\/auxmainsdevelours.ch\/index.php\/wp-json\/wp\/v2\/product\/2188","targetHints":{"allow":["GET"]}}],"collection":[{"href":"https:\/\/auxmainsdevelours.ch\/index.php\/wp-json\/wp\/v2\/product"}],"about":[{"href":"https:\/\/auxmainsdevelours.ch\/index.php\/wp-json\/wp\/v2\/types\/product"}],"replies":[{"embeddable":true,"href":"https:\/\/auxmainsdevelours.ch\/index.php\/wp-json\/wp\/v2\/comments?post=2188"}],"wp:featuredmedia":[{"embeddable":true,"href":"https:\/\/auxmainsdevelours.ch\/index.php\/wp-json\/wp\/v2\/media\/2187"}],"wp:attachment":[{"href":"https:\/\/auxmainsdevelours.ch\/index.php\/wp-json\/wp\/v2\/media?parent=2188"}],"wp:term":[{"taxonomy":"product_brand","embeddable":true,"href":"https:\/\/auxmainsdevelours.ch\/index.php\/wp-json\/wp\/v2\/product_brand?post=2188"},{"taxonomy":"product_cat","embeddable":true,"href":"https:\/\/auxmainsdevelours.ch\/index.php\/wp-json\/wp\/v2\/product_cat?post=2188"},{"taxonomy":"product_tag","embeddable":true,"href":"https:\/\/auxmainsdevelours.ch\/index.php\/wp-json\/wp\/v2\/product_tag?post=2188"}],"curies":[{"name":"wp","href":"https:\/\/api.w.org\/{rel}","templated":true}]}}