{"id":2049,"date":"2024-03-24T14:24:07","date_gmt":"2024-03-24T13:24:07","guid":{"rendered":"https:\/\/auxmainsdevelours.ch\/?post_type=product&#038;p=2049"},"modified":"2024-07-03T21:36:40","modified_gmt":"2024-07-03T19:36:40","slug":"lotus-lithotherapie","status":"publish","type":"product","link":"https:\/\/auxmainsdevelours.ch\/index.php\/produit\/lotus-lithotherapie\/","title":{"rendered":"Lotus Lithoth\u00e9rapie"},"content":{"rendered":"<p>D\u00e9couvrez notre Lotus Lithoth\u00e9rapie<\/p>\n<p>Le Lotus est un symbole tr\u00e8s important chez AMDV !<\/p>\n<h3>\u00c9clat Aquatique : La Symbolique Envo\u00fbtante du Lotus<\/h3>\n<p>Le lotus, embl\u00e8me de beaut\u00e9 et de transcendance, \u00e9merge de l&rsquo;eau boueuse pour s&rsquo;\u00e9panouir avec une puret\u00e9 exceptionnelle. Ses p\u00e9tales d\u00e9licats captent la lumi\u00e8re du soleil, cr\u00e9ant une vision captivante sur les \u00e9tendues aquatiques. Symbole de renaissance, le lotus enseigne la r\u00e9silience et l&rsquo;\u00e9volution personnelle, rappelant que la beaut\u00e9 peut na\u00eetre m\u00eame dans les conditions les plus difficiles. Enracin\u00e9 dans des traditions spirituelles, le lotus incarne la puret\u00e9 de l&rsquo;\u00e2me et la qu\u00eate de l&rsquo;illumination. Son \u00e9clat aquatique transcende les eaux troubles, inspirant une \u00e9l\u00e9vation spirituelle. Que ce soit dans l&rsquo;art, la spiritualit\u00e9 ou la nature, le lotus \u00e9voque un \u00e9merveillement intemporel, nous invitant \u00e0 refl\u00e9ter la beaut\u00e9 qui peut \u00e9merger de l&rsquo;adversit\u00e9.<\/p>\n<h3>Le Quartz Rose<\/h3>\n<p>J\u2019imagine personnellement le quartz rose comme un c\u00e2lin, synonyme de douceur, tendresse, paix int\u00e9rieure, calme et spiritualit\u00e9.<\/p>\n<p><b>Vertus spirituelles :\u00a0<\/b><\/p>\n<p>Le quartz rose vous aidera \u00e0 d\u00e9velopper votre sensibilit\u00e9 concernant les probl\u00e8mes de coeur avec une utilisation au Chakra du Troisi\u00e8me Oeil.\u00a0Cette pierre rose p\u00e2le, vous aidera \u00e0 d\u00e9velopper votre intuition, ainsi qu\u2019en cas de difficult\u00e9s sexuelles.<\/p>\n<p>Plac\u00e9 dans l\u2019environnement, il aide aussi \u00e0 contrer les perturbations g\u00e9obiologiques, il rayonne de douceur, d\u2019amour et d\u2019imagination tendre. Il peut id\u00e9alement \u00eatre plac\u00e9 dans une chambre \u00e0 coucher pour un sommeil de qualit\u00e9.<\/p>\n<p><b>Vertus physiques :\u00a0<\/b><\/p>\n<p>Harmonise le rythme cardiaque, stimule les organes sexuels et la fertilit\u00e9.<\/p>\n<p><b>Purification :\u00a0<\/b><\/p>\n<p>Vous pouvez recharger votre pierre \u00e0 la lumi\u00e8re du soleil.<\/p>\n<p>\u2665 Rose p\u00e2le \u2665 Chakra du Coeur\u00a0\u00a0\u2665 Douceur \u2665 Paix \u2665 Spiritualit\u00e9 \u2665<\/p>\n<p>Taureau\u00a0\u2665 Cancer\u00a0\u2665 Vierge\u00a0\u2665 Capricorne\u00a0\u2665 Balance<\/p>\n<p>&nbsp;<\/p>\n","protected":false},"excerpt":{"rendered":"<p>\u00ab\u00a0\u00c9levez-vous comme le lotus; m\u00eame dans les moments sombres, recherchez la lumi\u00e8re int\u00e9rieure.\u00a0\u00bb<\/p>\n<p>&nbsp;<\/p>\n","protected":false},"featured_media":2059,"comment_status":"open","ping_status":"closed","template":"","meta":{"site-sidebar-layout":"default","site-content-layout":"default","ast-site-content-layout":"default","site-content-style":"default","site-sidebar-style":"default","ast-global-header-display":"","ast-banner-title-visibility":"","ast-main-header-display":"","ast-hfb-above-header-display":"","ast-hfb-below-header-display":"","ast-hfb-mobile-header-display":"","site-post-title":"","ast-breadcrumbs-content":"","ast-featured-img":"","footer-sml-layout":"","theme-transparent-header-meta":"default","adv-header-id-meta":"","stick-header-meta":"","header-above-stick-meta":"","header-main-stick-meta":"","header-below-stick-meta":"","astra-migrate-meta-layouts":"set","ast-page-background-enabled":"default","ast-page-background-meta":{"desktop":{"background-color":"var(--ast-global-color-4)","background-image":"","background-repeat":"repeat","background-position":"center center","background-size":"auto","background-attachment":"scroll","background-type":"","background-media":"","overlay-type":"","overlay-color":"","overlay-gradient":""},"tablet":{"background-color":"","background-image":"","background-repeat":"repeat","background-position":"center center","background-size":"auto","background-attachment":"scroll","background-type":"","background-media":"","overlay-type":"","overlay-color":"","overlay-gradient":""},"mobile":{"background-color":"","background-image":"","background-repeat":"repeat","background-position":"center center","background-size":"auto","background-attachment":"scroll","background-type":"","background-media":"","overlay-type":"","overlay-color":"","overlay-gradient":""}},"ast-content-background-meta":{"desktop":{"background-color":"var(--ast-global-color-5)","background-image":"","background-repeat":"repeat","background-position":"center center","background-size":"auto","background-attachment":"scroll","background-type":"","background-media":"","overlay-type":"","overlay-color":"","overlay-gradient":""},"tablet":{"background-color":"var(--ast-global-color-5)","background-image":"","background-repeat":"repeat","background-position":"center center","background-size":"auto","background-attachment":"scroll","background-type":"","background-media":"","overlay-type":"","overlay-color":"","overlay-gradient":""},"mobile":{"background-color":"var(--ast-global-color-5)","background-image":"","background-repeat":"repeat","background-position":"center center","background-size":"auto","background-attachment":"scroll","background-type":"","background-media":"","overlay-type":"","overlay-color":"","overlay-gradient":""}}},"product_brand":[],"product_cat":[21,104],"product_tag":[134,56,45,115,129,50,49,128,133,59],"class_list":{"0":"post-2049","1":"product","2":"type-product","3":"status-publish","4":"has-post-thumbnail","6":"product_cat-creation-en-resine","7":"product_cat-lithotherapie","8":"product_tag-amethyste","9":"product_tag-artisanat","10":"product_tag-lithotherapie","11":"product_tag-lotus","12":"product_tag-lumiere","13":"product_tag-personnalisable","14":"product_tag-personnalisation","15":"product_tag-quartz-rose","16":"product_tag-sodalite","17":"product_tag-swiss-made","18":"desktop-align-left","19":"tablet-align-left","20":"mobile-align-left","22":"first","23":"instock","24":"taxable","25":"shipping-taxable","26":"purchasable","27":"product-type-variable"},"yoast_head":"<!-- This site is optimized with the Yoast SEO plugin v22.0 - https:\/\/yoast.com\/wordpress\/plugins\/seo\/ -->\n<title>Lotus Lithoth\u00e9rapie Aux Mains de Velours, Bougies, Del\u00e9mont<\/title>\n<meta name=\"description\" content=\"D\u00e9couvrez notre Lotus Lithoth\u00e9rapie &quot;\u00c9levez-vous comme le lotus; m\u00eame dans les moments sombres, recherchez la lumi\u00e8re int\u00e9rieure.&quot;\" \/>\n<meta name=\"robots\" content=\"index, follow, max-snippet:-1, max-image-preview:large, max-video-preview:-1\" \/>\n<link rel=\"canonical\" href=\"https:\/\/auxmainsdevelours.ch\/index.php\/produit\/lotus-lithotherapie\/\" \/>\n<meta property=\"og:locale\" content=\"fr_FR\" \/>\n<meta property=\"og:type\" content=\"article\" \/>\n<meta property=\"og:title\" content=\"Lotus Lithoth\u00e9rapie Aux Mains de Velours, Bougies, Del\u00e9mont\" \/>\n<meta property=\"og:description\" content=\"D\u00e9couvrez notre Lotus Lithoth\u00e9rapie &quot;\u00c9levez-vous comme le lotus; m\u00eame dans les moments sombres, recherchez la lumi\u00e8re int\u00e9rieure.&quot;\" \/>\n<meta property=\"og:url\" content=\"https:\/\/auxmainsdevelours.ch\/index.php\/produit\/lotus-lithotherapie\/\" \/>\n<meta property=\"og:site_name\" content=\"Aux Mains de Velours, Bougies, Del\u00e9mont\" \/>\n<meta property=\"article:publisher\" content=\"https:\/\/facebook.com\/auxmainsdevelourssarl\" \/>\n<meta property=\"article:modified_time\" content=\"2024-07-03T19:36:40+00:00\" \/>\n<meta property=\"og:image\" content=\"https:\/\/auxmainsdevelours.ch\/wp-content\/uploads\/2024\/03\/Lotus-Quartz-Rose.png\" \/>\n\t<meta property=\"og:image:width\" content=\"1080\" \/>\n\t<meta property=\"og:image:height\" content=\"1080\" \/>\n\t<meta property=\"og:image:type\" content=\"image\/png\" \/>\n<meta name=\"twitter:card\" content=\"summary_large_image\" \/>\n<meta name=\"twitter:label1\" content=\"Dur\u00e9e de lecture estim\u00e9e\" \/>\n\t<meta name=\"twitter:data1\" content=\"2 minutes\" \/>\n<script type=\"application\/ld+json\" class=\"yoast-schema-graph\">{\"@context\":\"https:\/\/schema.org\",\"@graph\":[{\"@type\":\"WebPage\",\"@id\":\"https:\/\/auxmainsdevelours.ch\/index.php\/produit\/lotus-lithotherapie\/\",\"url\":\"https:\/\/auxmainsdevelours.ch\/index.php\/produit\/lotus-lithotherapie\/\",\"name\":\"Lotus Lithoth\u00e9rapie Aux Mains de Velours, Bougies, Del\u00e9mont\",\"isPartOf\":{\"@id\":\"https:\/\/auxmainsdevelours.ch\/#website\"},\"datePublished\":\"2024-03-24T13:24:07+00:00\",\"dateModified\":\"2024-07-03T19:36:40+00:00\",\"description\":\"D\u00e9couvrez notre Lotus Lithoth\u00e9rapie \\\"\u00c9levez-vous comme le lotus; m\u00eame dans les moments sombres, recherchez la lumi\u00e8re int\u00e9rieure.\\\"\",\"breadcrumb\":{\"@id\":\"https:\/\/auxmainsdevelours.ch\/index.php\/produit\/lotus-lithotherapie\/#breadcrumb\"},\"inLanguage\":\"fr-FR\",\"potentialAction\":[{\"@type\":\"ReadAction\",\"target\":[\"https:\/\/auxmainsdevelours.ch\/index.php\/produit\/lotus-lithotherapie\/\"]}]},{\"@type\":\"BreadcrumbList\",\"@id\":\"https:\/\/auxmainsdevelours.ch\/index.php\/produit\/lotus-lithotherapie\/#breadcrumb\",\"itemListElement\":[{\"@type\":\"ListItem\",\"position\":1,\"name\":\"Accueil\",\"item\":\"https:\/\/auxmainsdevelours.ch\/\"},{\"@type\":\"ListItem\",\"position\":2,\"name\":\"Boutique\",\"item\":\"https:\/\/auxmainsdevelours.ch\/index.php\/boutique\/\"},{\"@type\":\"ListItem\",\"position\":3,\"name\":\"Lotus Lithoth\u00e9rapie\"}]},{\"@type\":\"WebSite\",\"@id\":\"https:\/\/auxmainsdevelours.ch\/#website\",\"url\":\"https:\/\/auxmainsdevelours.ch\/\",\"name\":\"auxmainsdevelours.ch\",\"description\":\"Fait avec le coeur, pour vous \u2665\",\"publisher\":{\"@id\":\"https:\/\/auxmainsdevelours.ch\/#organization\"},\"potentialAction\":[{\"@type\":\"SearchAction\",\"target\":{\"@type\":\"EntryPoint\",\"urlTemplate\":\"https:\/\/auxmainsdevelours.ch\/?s={search_term_string}\"},\"query-input\":\"required name=search_term_string\"}],\"inLanguage\":\"fr-FR\"},{\"@type\":\"Organization\",\"@id\":\"https:\/\/auxmainsdevelours.ch\/#organization\",\"name\":\"Aux Mains de Velours S\u00e0rl\",\"url\":\"https:\/\/auxmainsdevelours.ch\/\",\"logo\":{\"@type\":\"ImageObject\",\"inLanguage\":\"fr-FR\",\"@id\":\"https:\/\/auxmainsdevelours.ch\/#\/schema\/logo\/image\/\",\"url\":\"https:\/\/auxmainsdevelours.ch\/wp-content\/uploads\/2022\/11\/WhatsApp-Image-2022-10-30-at-17.33.46.jpeg\",\"contentUrl\":\"https:\/\/auxmainsdevelours.ch\/wp-content\/uploads\/2022\/11\/WhatsApp-Image-2022-10-30-at-17.33.46.jpeg\",\"width\":2048,\"height\":2048,\"caption\":\"Aux Mains de Velours S\u00e0rl\"},\"image\":{\"@id\":\"https:\/\/auxmainsdevelours.ch\/#\/schema\/logo\/image\/\"},\"sameAs\":[\"https:\/\/facebook.com\/auxmainsdevelourssarl\",\"https:\/\/www.instagram.com\/auxmainsdevelours\/\"]}]}<\/script>\n<!-- \/ Yoast SEO plugin. -->","yoast_head_json":{"title":"Lotus Lithoth\u00e9rapie Aux Mains de Velours, Bougies, Del\u00e9mont","description":"D\u00e9couvrez notre Lotus Lithoth\u00e9rapie \"\u00c9levez-vous comme le lotus; m\u00eame dans les moments sombres, recherchez la lumi\u00e8re int\u00e9rieure.\"","robots":{"index":"index","follow":"follow","max-snippet":"max-snippet:-1","max-image-preview":"max-image-preview:large","max-video-preview":"max-video-preview:-1"},"canonical":"https:\/\/auxmainsdevelours.ch\/index.php\/produit\/lotus-lithotherapie\/","og_locale":"fr_FR","og_type":"article","og_title":"Lotus Lithoth\u00e9rapie Aux Mains de Velours, Bougies, Del\u00e9mont","og_description":"D\u00e9couvrez notre Lotus Lithoth\u00e9rapie \"\u00c9levez-vous comme le lotus; m\u00eame dans les moments sombres, recherchez la lumi\u00e8re int\u00e9rieure.\"","og_url":"https:\/\/auxmainsdevelours.ch\/index.php\/produit\/lotus-lithotherapie\/","og_site_name":"Aux Mains de Velours, Bougies, Del\u00e9mont","article_publisher":"https:\/\/facebook.com\/auxmainsdevelourssarl","article_modified_time":"2024-07-03T19:36:40+00:00","og_image":[{"width":1080,"height":1080,"url":"https:\/\/auxmainsdevelours.ch\/wp-content\/uploads\/2024\/03\/Lotus-Quartz-Rose.png","type":"image\/png"}],"twitter_card":"summary_large_image","twitter_misc":{"Dur\u00e9e de lecture estim\u00e9e":"2 minutes"},"schema":{"@context":"https:\/\/schema.org","@graph":[{"@type":"WebPage","@id":"https:\/\/auxmainsdevelours.ch\/index.php\/produit\/lotus-lithotherapie\/","url":"https:\/\/auxmainsdevelours.ch\/index.php\/produit\/lotus-lithotherapie\/","name":"Lotus Lithoth\u00e9rapie Aux Mains de Velours, Bougies, Del\u00e9mont","isPartOf":{"@id":"https:\/\/auxmainsdevelours.ch\/#website"},"datePublished":"2024-03-24T13:24:07+00:00","dateModified":"2024-07-03T19:36:40+00:00","description":"D\u00e9couvrez notre Lotus Lithoth\u00e9rapie \"\u00c9levez-vous comme le lotus; m\u00eame dans les moments sombres, recherchez la lumi\u00e8re int\u00e9rieure.\"","breadcrumb":{"@id":"https:\/\/auxmainsdevelours.ch\/index.php\/produit\/lotus-lithotherapie\/#breadcrumb"},"inLanguage":"fr-FR","potentialAction":[{"@type":"ReadAction","target":["https:\/\/auxmainsdevelours.ch\/index.php\/produit\/lotus-lithotherapie\/"]}]},{"@type":"BreadcrumbList","@id":"https:\/\/auxmainsdevelours.ch\/index.php\/produit\/lotus-lithotherapie\/#breadcrumb","itemListElement":[{"@type":"ListItem","position":1,"name":"Accueil","item":"https:\/\/auxmainsdevelours.ch\/"},{"@type":"ListItem","position":2,"name":"Boutique","item":"https:\/\/auxmainsdevelours.ch\/index.php\/boutique\/"},{"@type":"ListItem","position":3,"name":"Lotus Lithoth\u00e9rapie"}]},{"@type":"WebSite","@id":"https:\/\/auxmainsdevelours.ch\/#website","url":"https:\/\/auxmainsdevelours.ch\/","name":"auxmainsdevelours.ch","description":"Fait avec le coeur, pour vous \u2665","publisher":{"@id":"https:\/\/auxmainsdevelours.ch\/#organization"},"potentialAction":[{"@type":"SearchAction","target":{"@type":"EntryPoint","urlTemplate":"https:\/\/auxmainsdevelours.ch\/?s={search_term_string}"},"query-input":"required name=search_term_string"}],"inLanguage":"fr-FR"},{"@type":"Organization","@id":"https:\/\/auxmainsdevelours.ch\/#organization","name":"Aux Mains de Velours S\u00e0rl","url":"https:\/\/auxmainsdevelours.ch\/","logo":{"@type":"ImageObject","inLanguage":"fr-FR","@id":"https:\/\/auxmainsdevelours.ch\/#\/schema\/logo\/image\/","url":"https:\/\/auxmainsdevelours.ch\/wp-content\/uploads\/2022\/11\/WhatsApp-Image-2022-10-30-at-17.33.46.jpeg","contentUrl":"https:\/\/auxmainsdevelours.ch\/wp-content\/uploads\/2022\/11\/WhatsApp-Image-2022-10-30-at-17.33.46.jpeg","width":2048,"height":2048,"caption":"Aux Mains de Velours S\u00e0rl"},"image":{"@id":"https:\/\/auxmainsdevelours.ch\/#\/schema\/logo\/image\/"},"sameAs":["https:\/\/facebook.com\/auxmainsdevelourssarl","https:\/\/www.instagram.com\/auxmainsdevelours\/"]}]}},"_links":{"self":[{"href":"https:\/\/auxmainsdevelours.ch\/index.php\/wp-json\/wp\/v2\/product\/2049","targetHints":{"allow":["GET"]}}],"collection":[{"href":"https:\/\/auxmainsdevelours.ch\/index.php\/wp-json\/wp\/v2\/product"}],"about":[{"href":"https:\/\/auxmainsdevelours.ch\/index.php\/wp-json\/wp\/v2\/types\/product"}],"replies":[{"embeddable":true,"href":"https:\/\/auxmainsdevelours.ch\/index.php\/wp-json\/wp\/v2\/comments?post=2049"}],"wp:featuredmedia":[{"embeddable":true,"href":"https:\/\/auxmainsdevelours.ch\/index.php\/wp-json\/wp\/v2\/media\/2059"}],"wp:attachment":[{"href":"https:\/\/auxmainsdevelours.ch\/index.php\/wp-json\/wp\/v2\/media?parent=2049"}],"wp:term":[{"taxonomy":"product_brand","embeddable":true,"href":"https:\/\/auxmainsdevelours.ch\/index.php\/wp-json\/wp\/v2\/product_brand?post=2049"},{"taxonomy":"product_cat","embeddable":true,"href":"https:\/\/auxmainsdevelours.ch\/index.php\/wp-json\/wp\/v2\/product_cat?post=2049"},{"taxonomy":"product_tag","embeddable":true,"href":"https:\/\/auxmainsdevelours.ch\/index.php\/wp-json\/wp\/v2\/product_tag?post=2049"}],"curies":[{"name":"wp","href":"https:\/\/api.w.org\/{rel}","templated":true}]}}