{"id":2042,"date":"2024-03-24T14:09:49","date_gmt":"2024-03-24T13:09:49","guid":{"rendered":"https:\/\/auxmainsdevelours.ch\/?post_type=product&#038;p=2042"},"modified":"2025-05-03T16:16:52","modified_gmt":"2025-05-03T14:16:52","slug":"sous-verres-fleur-de-vie","status":"publish","type":"product","link":"https:\/\/auxmainsdevelours.ch\/index.php\/produit\/sous-verres-fleur-de-vie\/","title":{"rendered":"Sous-verres Fleur de Vie"},"content":{"rendered":"<p>D\u00e9couvrez nos sous-verres Fleur de Vie. La magie de cette g\u00e9om\u00e9trie sacr\u00e9e avec ce lot de 4 sous-verres et leur bo\u00eete de rangement.<\/p>\n<h3>La Fleur de Vie<\/h3>\n<p>La fleur de vie, une forme g\u00e9om\u00e9trique sacr\u00e9e, est compos\u00e9e de cercles entrelac\u00e9s, symbolisant vie et cr\u00e9ation. Spirituellement, elle favorise la m\u00e9ditation et la gu\u00e9rison, ouvrant des portes vers des dimensions sup\u00e9rieures de conscience. En se concentrant sur la fleur de vie, on atteint un calme propice \u00e0 l\u2019exploration de ces dimensions et \u00e0 la connexion avec la source de la cr\u00e9ation. Elle est \u00e9galement utilis\u00e9e dans la gu\u00e9rison, les motifs \u00e9quilibr\u00e9s harmonisant les \u00e9nergies du corps et de l\u2019esprit. Les cristaux taill\u00e9s en forme de fleur de vie amplifient ces effets. Outre la fleur de vie, d\u2019autres formes g\u00e9om\u00e9triques sacr\u00e9es, telles que le m\u00e9daillon de Metatron, avec 13 cercles repr\u00e9sentant les aspects de la cr\u00e9ation, sont utilis\u00e9es dans des pratiques spirituelles pour la m\u00e9ditation et la gu\u00e9rison, agissant comme des portes vers des dimensions sup\u00e9rieures de conscience.<\/p>\n<p>&nbsp;<\/p>\n<p>D\u00e9couvrez notre article au sujet des\u00a0<a href=\"https:\/\/auxmainsdevelours.ch\/index.php\/2023\/03\/14\/les-protections-scap\/\">g\u00e9om\u00e9tries sacr\u00e9es<\/a>.<\/p>\n<p>Vous aimez notre coupelle Fleur de Vie, vous aimerez certainement nos\u00a0<a href=\"https:\/\/auxmainsdevelours.ch\/index.php\/produit\/fleur-de-vie\/\">Fleurs de Vie<\/a>.<\/p>\n<p>Cr\u00e9ation en r\u00e9sine alimentaire, non-toxique.<\/p>\n","protected":false},"excerpt":{"rendered":"<p>Lot de 4 sous-verres Fleur de Vie avec leur bo\u00eete de rangement.<\/p>\n<p>&nbsp;<\/p>\n<p><span style=\"font-size: 12px;\">Attention : chaque cr\u00e9ation est unique. Si vous souhaitez une bo\u00eete avec ses sous-verres qui n\u2019est plus en stock, elle sera cr\u00e9\u00e9e avec amour et au plus proche de l\u2019image. Mais il nous est impossible de le garantir \u00e0 l\u2019identique.<\/span><\/p>\n","protected":false},"featured_media":2047,"comment_status":"open","ping_status":"closed","template":"","meta":{"site-sidebar-layout":"default","site-content-layout":"default","ast-site-content-layout":"default","site-content-style":"default","site-sidebar-style":"default","ast-global-header-display":"","ast-banner-title-visibility":"","ast-main-header-display":"","ast-hfb-above-header-display":"","ast-hfb-below-header-display":"","ast-hfb-mobile-header-display":"","site-post-title":"","ast-breadcrumbs-content":"","ast-featured-img":"","footer-sml-layout":"","theme-transparent-header-meta":"default","adv-header-id-meta":"","stick-header-meta":"","header-above-stick-meta":"","header-main-stick-meta":"","header-below-stick-meta":"","astra-migrate-meta-layouts":"set","ast-page-background-enabled":"default","ast-page-background-meta":{"desktop":{"background-color":"var(--ast-global-color-4)","background-image":"","background-repeat":"repeat","background-position":"center center","background-size":"auto","background-attachment":"scroll","background-type":"","background-media":"","overlay-type":"","overlay-color":"","overlay-gradient":""},"tablet":{"background-color":"","background-image":"","background-repeat":"repeat","background-position":"center center","background-size":"auto","background-attachment":"scroll","background-type":"","background-media":"","overlay-type":"","overlay-color":"","overlay-gradient":""},"mobile":{"background-color":"","background-image":"","background-repeat":"repeat","background-position":"center center","background-size":"auto","background-attachment":"scroll","background-type":"","background-media":"","overlay-type":"","overlay-color":"","overlay-gradient":""}},"ast-content-background-meta":{"desktop":{"background-color":"var(--ast-global-color-5)","background-image":"","background-repeat":"repeat","background-position":"center center","background-size":"auto","background-attachment":"scroll","background-type":"","background-media":"","overlay-type":"","overlay-color":"","overlay-gradient":""},"tablet":{"background-color":"var(--ast-global-color-5)","background-image":"","background-repeat":"repeat","background-position":"center center","background-size":"auto","background-attachment":"scroll","background-type":"","background-media":"","overlay-type":"","overlay-color":"","overlay-gradient":""},"mobile":{"background-color":"var(--ast-global-color-5)","background-image":"","background-repeat":"repeat","background-position":"center center","background-size":"auto","background-attachment":"scroll","background-type":"","background-media":"","overlay-type":"","overlay-color":"","overlay-gradient":""}}},"product_brand":[],"product_cat":[21,101,38],"product_tag":[56,58,50,49,51,52,59],"class_list":{"0":"post-2042","1":"product","2":"type-product","3":"status-publish","4":"has-post-thumbnail","6":"product_cat-creation-en-resine","7":"product_cat-harmonie","8":"product_cat-idees-cadeaux","9":"product_tag-artisanat","10":"product_tag-home-made","11":"product_tag-personnalisable","12":"product_tag-personnalisation","13":"product_tag-resine-epoxy","14":"product_tag-resine-personnalisation","15":"product_tag-swiss-made","16":"desktop-align-left","17":"tablet-align-left","18":"mobile-align-left","20":"first","21":"onbackorder","22":"taxable","23":"shipping-taxable","24":"purchasable","25":"product-type-variable"},"yoast_head":"<!-- This site is optimized with the Yoast SEO plugin v22.0 - https:\/\/yoast.com\/wordpress\/plugins\/seo\/ -->\n<title>Sous-verres Fleur de Vie Aux Mains de Velours, Bougies, Del\u00e9mont<\/title>\n<meta name=\"description\" content=\"Ces sous-verres Fleur de Vie, vous ferrons profiter des vertus de cette magnifique g\u00e9om\u00e9trie sacr\u00e9e. Posez-y vos boissons pr\u00e9f\u00e9r\u00e9es.\" \/>\n<meta name=\"robots\" content=\"index, follow, max-snippet:-1, max-image-preview:large, max-video-preview:-1\" \/>\n<link rel=\"canonical\" href=\"https:\/\/auxmainsdevelours.ch\/index.php\/produit\/sous-verres-fleur-de-vie\/\" \/>\n<meta property=\"og:locale\" content=\"fr_FR\" \/>\n<meta property=\"og:type\" content=\"article\" \/>\n<meta property=\"og:title\" content=\"Sous-verres Fleur de Vie Aux Mains de Velours, Bougies, Del\u00e9mont\" \/>\n<meta property=\"og:description\" content=\"Ces sous-verres Fleur de Vie, vous ferrons profiter des vertus de cette magnifique g\u00e9om\u00e9trie sacr\u00e9e. Posez-y vos boissons pr\u00e9f\u00e9r\u00e9es.\" \/>\n<meta property=\"og:url\" content=\"https:\/\/auxmainsdevelours.ch\/index.php\/produit\/sous-verres-fleur-de-vie\/\" \/>\n<meta property=\"og:site_name\" content=\"Aux Mains de Velours, Bougies, Del\u00e9mont\" \/>\n<meta property=\"article:publisher\" content=\"https:\/\/facebook.com\/auxmainsdevelourssarl\" \/>\n<meta property=\"article:modified_time\" content=\"2025-05-03T14:16:52+00:00\" \/>\n<meta property=\"og:image\" content=\"https:\/\/auxmainsdevelours.ch\/wp-content\/uploads\/2024\/03\/Sous-verre-Fleur-de-vie.png\" \/>\n\t<meta property=\"og:image:width\" content=\"1080\" \/>\n\t<meta property=\"og:image:height\" content=\"1080\" \/>\n\t<meta property=\"og:image:type\" content=\"image\/png\" \/>\n<meta name=\"twitter:card\" content=\"summary_large_image\" \/>\n<meta name=\"twitter:label1\" content=\"Dur\u00e9e de lecture estim\u00e9e\" \/>\n\t<meta name=\"twitter:data1\" content=\"2 minutes\" \/>\n<script type=\"application\/ld+json\" class=\"yoast-schema-graph\">{\"@context\":\"https:\/\/schema.org\",\"@graph\":[{\"@type\":\"WebPage\",\"@id\":\"https:\/\/auxmainsdevelours.ch\/index.php\/produit\/sous-verres-fleur-de-vie\/\",\"url\":\"https:\/\/auxmainsdevelours.ch\/index.php\/produit\/sous-verres-fleur-de-vie\/\",\"name\":\"Sous-verres Fleur de Vie Aux Mains de Velours, Bougies, Del\u00e9mont\",\"isPartOf\":{\"@id\":\"https:\/\/auxmainsdevelours.ch\/#website\"},\"datePublished\":\"2024-03-24T13:09:49+00:00\",\"dateModified\":\"2025-05-03T14:16:52+00:00\",\"description\":\"Ces sous-verres Fleur de Vie, vous ferrons profiter des vertus de cette magnifique g\u00e9om\u00e9trie sacr\u00e9e. Posez-y vos boissons pr\u00e9f\u00e9r\u00e9es.\",\"breadcrumb\":{\"@id\":\"https:\/\/auxmainsdevelours.ch\/index.php\/produit\/sous-verres-fleur-de-vie\/#breadcrumb\"},\"inLanguage\":\"fr-FR\",\"potentialAction\":[{\"@type\":\"ReadAction\",\"target\":[\"https:\/\/auxmainsdevelours.ch\/index.php\/produit\/sous-verres-fleur-de-vie\/\"]}]},{\"@type\":\"BreadcrumbList\",\"@id\":\"https:\/\/auxmainsdevelours.ch\/index.php\/produit\/sous-verres-fleur-de-vie\/#breadcrumb\",\"itemListElement\":[{\"@type\":\"ListItem\",\"position\":1,\"name\":\"Accueil\",\"item\":\"https:\/\/auxmainsdevelours.ch\/\"},{\"@type\":\"ListItem\",\"position\":2,\"name\":\"Boutique\",\"item\":\"https:\/\/auxmainsdevelours.ch\/index.php\/boutique\/\"},{\"@type\":\"ListItem\",\"position\":3,\"name\":\"Sous-verres Fleur de Vie\"}]},{\"@type\":\"WebSite\",\"@id\":\"https:\/\/auxmainsdevelours.ch\/#website\",\"url\":\"https:\/\/auxmainsdevelours.ch\/\",\"name\":\"auxmainsdevelours.ch\",\"description\":\"Fait avec le coeur, pour vous \u2665\",\"publisher\":{\"@id\":\"https:\/\/auxmainsdevelours.ch\/#organization\"},\"potentialAction\":[{\"@type\":\"SearchAction\",\"target\":{\"@type\":\"EntryPoint\",\"urlTemplate\":\"https:\/\/auxmainsdevelours.ch\/?s={search_term_string}\"},\"query-input\":\"required name=search_term_string\"}],\"inLanguage\":\"fr-FR\"},{\"@type\":\"Organization\",\"@id\":\"https:\/\/auxmainsdevelours.ch\/#organization\",\"name\":\"Aux Mains de Velours S\u00e0rl\",\"url\":\"https:\/\/auxmainsdevelours.ch\/\",\"logo\":{\"@type\":\"ImageObject\",\"inLanguage\":\"fr-FR\",\"@id\":\"https:\/\/auxmainsdevelours.ch\/#\/schema\/logo\/image\/\",\"url\":\"https:\/\/auxmainsdevelours.ch\/wp-content\/uploads\/2022\/11\/WhatsApp-Image-2022-10-30-at-17.33.46.jpeg\",\"contentUrl\":\"https:\/\/auxmainsdevelours.ch\/wp-content\/uploads\/2022\/11\/WhatsApp-Image-2022-10-30-at-17.33.46.jpeg\",\"width\":2048,\"height\":2048,\"caption\":\"Aux Mains de Velours S\u00e0rl\"},\"image\":{\"@id\":\"https:\/\/auxmainsdevelours.ch\/#\/schema\/logo\/image\/\"},\"sameAs\":[\"https:\/\/facebook.com\/auxmainsdevelourssarl\",\"https:\/\/www.instagram.com\/auxmainsdevelours\/\"]}]}<\/script>\n<!-- \/ Yoast SEO plugin. -->","yoast_head_json":{"title":"Sous-verres Fleur de Vie Aux Mains de Velours, Bougies, Del\u00e9mont","description":"Ces sous-verres Fleur de Vie, vous ferrons profiter des vertus de cette magnifique g\u00e9om\u00e9trie sacr\u00e9e. Posez-y vos boissons pr\u00e9f\u00e9r\u00e9es.","robots":{"index":"index","follow":"follow","max-snippet":"max-snippet:-1","max-image-preview":"max-image-preview:large","max-video-preview":"max-video-preview:-1"},"canonical":"https:\/\/auxmainsdevelours.ch\/index.php\/produit\/sous-verres-fleur-de-vie\/","og_locale":"fr_FR","og_type":"article","og_title":"Sous-verres Fleur de Vie Aux Mains de Velours, Bougies, Del\u00e9mont","og_description":"Ces sous-verres Fleur de Vie, vous ferrons profiter des vertus de cette magnifique g\u00e9om\u00e9trie sacr\u00e9e. Posez-y vos boissons pr\u00e9f\u00e9r\u00e9es.","og_url":"https:\/\/auxmainsdevelours.ch\/index.php\/produit\/sous-verres-fleur-de-vie\/","og_site_name":"Aux Mains de Velours, Bougies, Del\u00e9mont","article_publisher":"https:\/\/facebook.com\/auxmainsdevelourssarl","article_modified_time":"2025-05-03T14:16:52+00:00","og_image":[{"width":1080,"height":1080,"url":"https:\/\/auxmainsdevelours.ch\/wp-content\/uploads\/2024\/03\/Sous-verre-Fleur-de-vie.png","type":"image\/png"}],"twitter_card":"summary_large_image","twitter_misc":{"Dur\u00e9e de lecture estim\u00e9e":"2 minutes"},"schema":{"@context":"https:\/\/schema.org","@graph":[{"@type":"WebPage","@id":"https:\/\/auxmainsdevelours.ch\/index.php\/produit\/sous-verres-fleur-de-vie\/","url":"https:\/\/auxmainsdevelours.ch\/index.php\/produit\/sous-verres-fleur-de-vie\/","name":"Sous-verres Fleur de Vie Aux Mains de Velours, Bougies, Del\u00e9mont","isPartOf":{"@id":"https:\/\/auxmainsdevelours.ch\/#website"},"datePublished":"2024-03-24T13:09:49+00:00","dateModified":"2025-05-03T14:16:52+00:00","description":"Ces sous-verres Fleur de Vie, vous ferrons profiter des vertus de cette magnifique g\u00e9om\u00e9trie sacr\u00e9e. Posez-y vos boissons pr\u00e9f\u00e9r\u00e9es.","breadcrumb":{"@id":"https:\/\/auxmainsdevelours.ch\/index.php\/produit\/sous-verres-fleur-de-vie\/#breadcrumb"},"inLanguage":"fr-FR","potentialAction":[{"@type":"ReadAction","target":["https:\/\/auxmainsdevelours.ch\/index.php\/produit\/sous-verres-fleur-de-vie\/"]}]},{"@type":"BreadcrumbList","@id":"https:\/\/auxmainsdevelours.ch\/index.php\/produit\/sous-verres-fleur-de-vie\/#breadcrumb","itemListElement":[{"@type":"ListItem","position":1,"name":"Accueil","item":"https:\/\/auxmainsdevelours.ch\/"},{"@type":"ListItem","position":2,"name":"Boutique","item":"https:\/\/auxmainsdevelours.ch\/index.php\/boutique\/"},{"@type":"ListItem","position":3,"name":"Sous-verres Fleur de Vie"}]},{"@type":"WebSite","@id":"https:\/\/auxmainsdevelours.ch\/#website","url":"https:\/\/auxmainsdevelours.ch\/","name":"auxmainsdevelours.ch","description":"Fait avec le coeur, pour vous \u2665","publisher":{"@id":"https:\/\/auxmainsdevelours.ch\/#organization"},"potentialAction":[{"@type":"SearchAction","target":{"@type":"EntryPoint","urlTemplate":"https:\/\/auxmainsdevelours.ch\/?s={search_term_string}"},"query-input":"required name=search_term_string"}],"inLanguage":"fr-FR"},{"@type":"Organization","@id":"https:\/\/auxmainsdevelours.ch\/#organization","name":"Aux Mains de Velours S\u00e0rl","url":"https:\/\/auxmainsdevelours.ch\/","logo":{"@type":"ImageObject","inLanguage":"fr-FR","@id":"https:\/\/auxmainsdevelours.ch\/#\/schema\/logo\/image\/","url":"https:\/\/auxmainsdevelours.ch\/wp-content\/uploads\/2022\/11\/WhatsApp-Image-2022-10-30-at-17.33.46.jpeg","contentUrl":"https:\/\/auxmainsdevelours.ch\/wp-content\/uploads\/2022\/11\/WhatsApp-Image-2022-10-30-at-17.33.46.jpeg","width":2048,"height":2048,"caption":"Aux Mains de Velours S\u00e0rl"},"image":{"@id":"https:\/\/auxmainsdevelours.ch\/#\/schema\/logo\/image\/"},"sameAs":["https:\/\/facebook.com\/auxmainsdevelourssarl","https:\/\/www.instagram.com\/auxmainsdevelours\/"]}]}},"_links":{"self":[{"href":"https:\/\/auxmainsdevelours.ch\/index.php\/wp-json\/wp\/v2\/product\/2042","targetHints":{"allow":["GET"]}}],"collection":[{"href":"https:\/\/auxmainsdevelours.ch\/index.php\/wp-json\/wp\/v2\/product"}],"about":[{"href":"https:\/\/auxmainsdevelours.ch\/index.php\/wp-json\/wp\/v2\/types\/product"}],"replies":[{"embeddable":true,"href":"https:\/\/auxmainsdevelours.ch\/index.php\/wp-json\/wp\/v2\/comments?post=2042"}],"wp:featuredmedia":[{"embeddable":true,"href":"https:\/\/auxmainsdevelours.ch\/index.php\/wp-json\/wp\/v2\/media\/2047"}],"wp:attachment":[{"href":"https:\/\/auxmainsdevelours.ch\/index.php\/wp-json\/wp\/v2\/media?parent=2042"}],"wp:term":[{"taxonomy":"product_brand","embeddable":true,"href":"https:\/\/auxmainsdevelours.ch\/index.php\/wp-json\/wp\/v2\/product_brand?post=2042"},{"taxonomy":"product_cat","embeddable":true,"href":"https:\/\/auxmainsdevelours.ch\/index.php\/wp-json\/wp\/v2\/product_cat?post=2042"},{"taxonomy":"product_tag","embeddable":true,"href":"https:\/\/auxmainsdevelours.ch\/index.php\/wp-json\/wp\/v2\/product_tag?post=2042"}],"curies":[{"name":"wp","href":"https:\/\/api.w.org\/{rel}","templated":true}]}}