{"id":1656,"date":"2024-01-09T19:34:03","date_gmt":"2024-01-09T18:34:03","guid":{"rendered":"https:\/\/auxmainsdevelours.ch\/?post_type=product&#038;p=1656"},"modified":"2024-12-16T15:12:37","modified_gmt":"2024-12-16T14:12:37","slug":"lotus","status":"publish","type":"product","link":"https:\/\/auxmainsdevelours.ch\/index.php\/produit\/lotus\/","title":{"rendered":"Lotus"},"content":{"rendered":"<p>D\u00e9couvrez notre bougie Lotus.<\/p>\n<p>Le Lotus est un symbole tr\u00e8s important chez AMDV !<\/p>\n<h3>\u00c9clat Aquatique : La Symbolique Envo\u00fbtante du Lotus<\/h3>\n<p>Le lotus, embl\u00e8me de beaut\u00e9 et de transcendance, \u00e9merge de l&rsquo;eau boueuse pour s&rsquo;\u00e9panouir avec une puret\u00e9 exceptionnelle. Ses p\u00e9tales d\u00e9licats captent la lumi\u00e8re du soleil, cr\u00e9ant une vision captivante sur les \u00e9tendues aquatiques. Symbole de renaissance, le lotus enseigne la r\u00e9silience et l&rsquo;\u00e9volution personnelle, rappelant que la beaut\u00e9 peut na\u00eetre m\u00eame dans les conditions les plus difficiles. Enracin\u00e9 dans des traditions spirituelles, le lotus incarne la puret\u00e9 de l&rsquo;\u00e2me et la qu\u00eate de l&rsquo;illumination. Son \u00e9clat aquatique transcende les eaux troubles, inspirant une \u00e9l\u00e9vation spirituelle. Que ce soit dans l&rsquo;art, la spiritualit\u00e9 ou la nature, le lotus \u00e9voque un \u00e9merveillement intemporel, nous invitant \u00e0 refl\u00e9ter la beaut\u00e9 qui peut \u00e9merger de l&rsquo;adversit\u00e9.<\/p>\n<h3><\/h3>\n<h3>Nos mati\u00e8res premi\u00e8res \u2013 La cire v\u00e9g\u00e9tale<\/h3>\n<div class=\"flex-1 overflow-hidden\">\n<div class=\"react-scroll-to-bottom--css-sjull-79elbk h-full dark:bg-gray-800\">\n<div class=\"react-scroll-to-bottom--css-sjull-1n7m0yu\">\n<div class=\"flex flex-col items-center text-sm dark:bg-gray-800\">\n<div class=\"group w-full text-gray-800 dark:text-gray-100 border-b border-black\/10 dark:border-gray-900\/50 bg-gray-50 dark:bg-[#444654]\">\n<div class=\"text-base gap-4 md:gap-6 md:max-w-2xl lg:max-w-xl xl:max-w-3xl p-4 md:py-6 flex lg:px-0 m-auto\">\n<div class=\"relative flex w-[calc(100%-50px)] flex-col gap-1 md:gap-3 lg:w-[calc(100%-115px)]\">\n<div class=\"flex flex-grow flex-col gap-3\">\n<div class=\"min-h-[20px] flex flex-col items-start gap-4 whitespace-pre-wrap break-words\">\n<div class=\"markdown prose w-full break-words dark:prose-invert light\">\n<p>La cire v\u00e9g\u00e9tale est une alternative naturelle et durable \u00e0 la cire traditionnelle, largement utilis\u00e9e dans la production de bougies et autres produits cosm\u00e9tiques. Elle est obtenue \u00e0 partir de mati\u00e8res premi\u00e8res renouvelables, telles que la cire de soja, la cire d\u2019abeille ou encore la cire d\u2019olive.<\/p>\n<p>La cire v\u00e9g\u00e9tale pr\u00e9sente de nombreux avantages par rapport \u00e0 la cire traditionnelle. Elle br\u00fble plus lentement, ce qui signifie que les bougies fabriqu\u00e9es \u00e0 partir de cette cire ont une dur\u00e9e de vie plus longue. Et offrent une meilleure diffusion des fragrances. Elle est \u00e9galement biod\u00e9gradable, ce qui la rend plus respectueuse de l\u2019environnement et plus saine pour les personnes qui l\u2019utilisent. De plus, elle est souvent utilis\u00e9e dans des productions artisanales. Garantissant ainsi une qualit\u00e9 sup\u00e9rieure et une s\u00e9lection de fragrances plus originales et exclusives.<\/p>\n<p>La cire v\u00e9g\u00e9tale est donc une alternative \u00e9cologique et qualitative \u00e0 la cire traditionnelle. Elle r\u00e9pond aux attentes d\u2019une client\u00e8le de plus en plus sensible aux enjeux environnementaux et de sant\u00e9.<\/p>\n<\/div>\n<p>D\u00e9couvrez nos bougies, faites avec de la cire v\u00e9g\u00e9tale\u00a0<a href=\"https:\/\/auxmainsdevelours.ch\/index.php\/categorie-produit\/bougies\/\">ici<\/a>.<\/p>\n<h5>Utilisation :<\/h5>\n<\/div>\n<\/div>\n<\/div>\n<\/div>\n<\/div>\n<\/div>\n<\/div>\n<\/div>\n<\/div>\n<p><span style=\"color: #ff0000;\">Attention : <\/span>Ne pas laisser la bougie allum\u00e9e sans surveillance. Ne pas laisser \u00e0 la port\u00e9e d\u2019enfants ou d\u2019animaux.<br \/>\nRisque de br\u00fblure !<\/p>\n<p>D\u00e9posez la bougie sur un support lors de chaque allumage, la bougie va fondre sur les c\u00f4t\u00e9s.<br \/>\nLe support et la bougies doivent \u00eatre d\u00e9pos\u00e9s sur une surface plate.<br \/>\nIl est possible que certaines parties de la bougie ne fondent pas enti\u00e8rement.<\/p>\n<p><em>La teinte des bougies peut \u00eatre diff\u00e9rente de celle des images affich\u00e9es.<br \/>\n<\/em><\/p>\n<p>Ingr\u00e9dients :<br \/>\nCire \u00e0 base d\u2019olive enti\u00e8rement v\u00e9g\u00e9tale (<em>aucun produit d\u2019origine animale n\u2019est<\/em><br \/>\n<em>utilis\u00e9 et aucun test sur les animaux n\u2019a \u00e9t\u00e9 effectu\u00e9 lors de sa fabrication<\/em>).<br \/>\nColorant (<em>les bougies blanches ne contiennent aucun colorant<\/em>).<\/p>\n<p>&nbsp;<\/p>\n","protected":false},"excerpt":{"rendered":"<p>\u00ab\u00a0\u00c9levez-vous comme le lotus; m\u00eame dans les moments sombres, recherchez la lumi\u00e8re int\u00e9rieure.\u00a0\u00bb<\/p>\n<p>&nbsp;<\/p>\n","protected":false},"featured_media":1673,"comment_status":"open","ping_status":"closed","template":"","meta":{"site-sidebar-layout":"default","site-content-layout":"default","ast-site-content-layout":"default","site-content-style":"default","site-sidebar-style":"default","ast-global-header-display":"","ast-banner-title-visibility":"","ast-main-header-display":"","ast-hfb-above-header-display":"","ast-hfb-below-header-display":"","ast-hfb-mobile-header-display":"","site-post-title":"","ast-breadcrumbs-content":"","ast-featured-img":"","footer-sml-layout":"","theme-transparent-header-meta":"default","adv-header-id-meta":"","stick-header-meta":"","header-above-stick-meta":"","header-main-stick-meta":"","header-below-stick-meta":"","astra-migrate-meta-layouts":"set","ast-page-background-enabled":"default","ast-page-background-meta":{"desktop":{"background-color":"var(--ast-global-color-4)","background-image":"","background-repeat":"repeat","background-position":"center center","background-size":"auto","background-attachment":"scroll","background-type":"","background-media":"","overlay-type":"","overlay-color":"","overlay-gradient":""},"tablet":{"background-color":"","background-image":"","background-repeat":"repeat","background-position":"center center","background-size":"auto","background-attachment":"scroll","background-type":"","background-media":"","overlay-type":"","overlay-color":"","overlay-gradient":""},"mobile":{"background-color":"","background-image":"","background-repeat":"repeat","background-position":"center center","background-size":"auto","background-attachment":"scroll","background-type":"","background-media":"","overlay-type":"","overlay-color":"","overlay-gradient":""}},"ast-content-background-meta":{"desktop":{"background-color":"var(--ast-global-color-5)","background-image":"","background-repeat":"repeat","background-position":"center center","background-size":"auto","background-attachment":"scroll","background-type":"","background-media":"","overlay-type":"","overlay-color":"","overlay-gradient":""},"tablet":{"background-color":"var(--ast-global-color-5)","background-image":"","background-repeat":"repeat","background-position":"center center","background-size":"auto","background-attachment":"scroll","background-type":"","background-media":"","overlay-type":"","overlay-color":"","overlay-gradient":""},"mobile":{"background-color":"var(--ast-global-color-5)","background-image":"","background-repeat":"repeat","background-position":"center center","background-size":"auto","background-attachment":"scroll","background-type":"","background-media":"","overlay-type":"","overlay-color":"","overlay-gradient":""}}},"product_brand":[],"product_cat":[22],"product_tag":[56,44,46,48,47,60,50,49,59],"class_list":{"0":"post-1656","1":"product","2":"type-product","3":"status-publish","4":"has-post-thumbnail","6":"product_cat-bougies","7":"product_tag-artisanat","8":"product_tag-bougie","9":"product_tag-bougie-artisanale","10":"product_tag-bougie-personnalisee","11":"product_tag-cire-olive-vegetale","12":"product_tag-cire-vegetale","13":"product_tag-personnalisable","14":"product_tag-personnalisation","15":"product_tag-swiss-made","16":"desktop-align-left","17":"tablet-align-left","18":"mobile-align-left","20":"first","21":"onbackorder","22":"taxable","23":"shipping-taxable","24":"purchasable","25":"product-type-variable"},"yoast_head":"<!-- This site is optimized with the Yoast SEO plugin v22.0 - https:\/\/yoast.com\/wordpress\/plugins\/seo\/ -->\n<title>Lotus Aux Mains de Velours, Bougies, Del\u00e9mont<\/title>\n<meta name=\"description\" content=\"D\u00e9couvrez notre bougie Lotus. &quot;\u00c9levez-vous comme le lotus; m\u00eame dans les moments sombres, recherchez la lumi\u00e8re int\u00e9rieure.&quot;\" \/>\n<meta name=\"robots\" content=\"index, follow, max-snippet:-1, max-image-preview:large, max-video-preview:-1\" \/>\n<link rel=\"canonical\" href=\"https:\/\/auxmainsdevelours.ch\/index.php\/produit\/lotus\/\" \/>\n<meta property=\"og:locale\" content=\"fr_FR\" \/>\n<meta property=\"og:type\" content=\"article\" \/>\n<meta property=\"og:title\" content=\"Lotus Aux Mains de Velours, Bougies, Del\u00e9mont\" \/>\n<meta property=\"og:description\" content=\"D\u00e9couvrez notre bougie Lotus. &quot;\u00c9levez-vous comme le lotus; m\u00eame dans les moments sombres, recherchez la lumi\u00e8re int\u00e9rieure.&quot;\" \/>\n<meta property=\"og:url\" content=\"https:\/\/auxmainsdevelours.ch\/index.php\/produit\/lotus\/\" \/>\n<meta property=\"og:site_name\" content=\"Aux Mains de Velours, Bougies, Del\u00e9mont\" \/>\n<meta property=\"article:publisher\" content=\"https:\/\/facebook.com\/auxmainsdevelourssarl\" \/>\n<meta property=\"article:modified_time\" content=\"2024-12-16T14:12:37+00:00\" \/>\n<meta property=\"og:image\" content=\"https:\/\/auxmainsdevelours.ch\/wp-content\/uploads\/2024\/01\/Lotus.png\" \/>\n\t<meta property=\"og:image:width\" content=\"1080\" \/>\n\t<meta property=\"og:image:height\" content=\"1080\" \/>\n\t<meta property=\"og:image:type\" content=\"image\/png\" \/>\n<meta name=\"twitter:card\" content=\"summary_large_image\" \/>\n<meta name=\"twitter:label1\" content=\"Dur\u00e9e de lecture estim\u00e9e\" \/>\n\t<meta name=\"twitter:data1\" content=\"3 minutes\" \/>\n<script type=\"application\/ld+json\" class=\"yoast-schema-graph\">{\"@context\":\"https:\/\/schema.org\",\"@graph\":[{\"@type\":\"WebPage\",\"@id\":\"https:\/\/auxmainsdevelours.ch\/index.php\/produit\/lotus\/\",\"url\":\"https:\/\/auxmainsdevelours.ch\/index.php\/produit\/lotus\/\",\"name\":\"Lotus Aux Mains de Velours, Bougies, Del\u00e9mont\",\"isPartOf\":{\"@id\":\"https:\/\/auxmainsdevelours.ch\/#website\"},\"datePublished\":\"2024-01-09T18:34:03+00:00\",\"dateModified\":\"2024-12-16T14:12:37+00:00\",\"description\":\"D\u00e9couvrez notre bougie Lotus. \\\"\u00c9levez-vous comme le lotus; m\u00eame dans les moments sombres, recherchez la lumi\u00e8re int\u00e9rieure.\\\"\",\"breadcrumb\":{\"@id\":\"https:\/\/auxmainsdevelours.ch\/index.php\/produit\/lotus\/#breadcrumb\"},\"inLanguage\":\"fr-FR\",\"potentialAction\":[{\"@type\":\"ReadAction\",\"target\":[\"https:\/\/auxmainsdevelours.ch\/index.php\/produit\/lotus\/\"]}]},{\"@type\":\"BreadcrumbList\",\"@id\":\"https:\/\/auxmainsdevelours.ch\/index.php\/produit\/lotus\/#breadcrumb\",\"itemListElement\":[{\"@type\":\"ListItem\",\"position\":1,\"name\":\"Accueil\",\"item\":\"https:\/\/auxmainsdevelours.ch\/\"},{\"@type\":\"ListItem\",\"position\":2,\"name\":\"Boutique\",\"item\":\"https:\/\/auxmainsdevelours.ch\/index.php\/boutique\/\"},{\"@type\":\"ListItem\",\"position\":3,\"name\":\"Lotus\"}]},{\"@type\":\"WebSite\",\"@id\":\"https:\/\/auxmainsdevelours.ch\/#website\",\"url\":\"https:\/\/auxmainsdevelours.ch\/\",\"name\":\"auxmainsdevelours.ch\",\"description\":\"Fait avec le coeur, pour vous \u2665\",\"publisher\":{\"@id\":\"https:\/\/auxmainsdevelours.ch\/#organization\"},\"potentialAction\":[{\"@type\":\"SearchAction\",\"target\":{\"@type\":\"EntryPoint\",\"urlTemplate\":\"https:\/\/auxmainsdevelours.ch\/?s={search_term_string}\"},\"query-input\":\"required name=search_term_string\"}],\"inLanguage\":\"fr-FR\"},{\"@type\":\"Organization\",\"@id\":\"https:\/\/auxmainsdevelours.ch\/#organization\",\"name\":\"Aux Mains de Velours S\u00e0rl\",\"url\":\"https:\/\/auxmainsdevelours.ch\/\",\"logo\":{\"@type\":\"ImageObject\",\"inLanguage\":\"fr-FR\",\"@id\":\"https:\/\/auxmainsdevelours.ch\/#\/schema\/logo\/image\/\",\"url\":\"https:\/\/auxmainsdevelours.ch\/wp-content\/uploads\/2022\/11\/WhatsApp-Image-2022-10-30-at-17.33.46.jpeg\",\"contentUrl\":\"https:\/\/auxmainsdevelours.ch\/wp-content\/uploads\/2022\/11\/WhatsApp-Image-2022-10-30-at-17.33.46.jpeg\",\"width\":2048,\"height\":2048,\"caption\":\"Aux Mains de Velours S\u00e0rl\"},\"image\":{\"@id\":\"https:\/\/auxmainsdevelours.ch\/#\/schema\/logo\/image\/\"},\"sameAs\":[\"https:\/\/facebook.com\/auxmainsdevelourssarl\",\"https:\/\/www.instagram.com\/auxmainsdevelours\/\"]}]}<\/script>\n<!-- \/ Yoast SEO plugin. -->","yoast_head_json":{"title":"Lotus Aux Mains de Velours, Bougies, Del\u00e9mont","description":"D\u00e9couvrez notre bougie Lotus. \"\u00c9levez-vous comme le lotus; m\u00eame dans les moments sombres, recherchez la lumi\u00e8re int\u00e9rieure.\"","robots":{"index":"index","follow":"follow","max-snippet":"max-snippet:-1","max-image-preview":"max-image-preview:large","max-video-preview":"max-video-preview:-1"},"canonical":"https:\/\/auxmainsdevelours.ch\/index.php\/produit\/lotus\/","og_locale":"fr_FR","og_type":"article","og_title":"Lotus Aux Mains de Velours, Bougies, Del\u00e9mont","og_description":"D\u00e9couvrez notre bougie Lotus. \"\u00c9levez-vous comme le lotus; m\u00eame dans les moments sombres, recherchez la lumi\u00e8re int\u00e9rieure.\"","og_url":"https:\/\/auxmainsdevelours.ch\/index.php\/produit\/lotus\/","og_site_name":"Aux Mains de Velours, Bougies, Del\u00e9mont","article_publisher":"https:\/\/facebook.com\/auxmainsdevelourssarl","article_modified_time":"2024-12-16T14:12:37+00:00","og_image":[{"width":1080,"height":1080,"url":"https:\/\/auxmainsdevelours.ch\/wp-content\/uploads\/2024\/01\/Lotus.png","type":"image\/png"}],"twitter_card":"summary_large_image","twitter_misc":{"Dur\u00e9e de lecture estim\u00e9e":"3 minutes"},"schema":{"@context":"https:\/\/schema.org","@graph":[{"@type":"WebPage","@id":"https:\/\/auxmainsdevelours.ch\/index.php\/produit\/lotus\/","url":"https:\/\/auxmainsdevelours.ch\/index.php\/produit\/lotus\/","name":"Lotus Aux Mains de Velours, Bougies, Del\u00e9mont","isPartOf":{"@id":"https:\/\/auxmainsdevelours.ch\/#website"},"datePublished":"2024-01-09T18:34:03+00:00","dateModified":"2024-12-16T14:12:37+00:00","description":"D\u00e9couvrez notre bougie Lotus. \"\u00c9levez-vous comme le lotus; m\u00eame dans les moments sombres, recherchez la lumi\u00e8re int\u00e9rieure.\"","breadcrumb":{"@id":"https:\/\/auxmainsdevelours.ch\/index.php\/produit\/lotus\/#breadcrumb"},"inLanguage":"fr-FR","potentialAction":[{"@type":"ReadAction","target":["https:\/\/auxmainsdevelours.ch\/index.php\/produit\/lotus\/"]}]},{"@type":"BreadcrumbList","@id":"https:\/\/auxmainsdevelours.ch\/index.php\/produit\/lotus\/#breadcrumb","itemListElement":[{"@type":"ListItem","position":1,"name":"Accueil","item":"https:\/\/auxmainsdevelours.ch\/"},{"@type":"ListItem","position":2,"name":"Boutique","item":"https:\/\/auxmainsdevelours.ch\/index.php\/boutique\/"},{"@type":"ListItem","position":3,"name":"Lotus"}]},{"@type":"WebSite","@id":"https:\/\/auxmainsdevelours.ch\/#website","url":"https:\/\/auxmainsdevelours.ch\/","name":"auxmainsdevelours.ch","description":"Fait avec le coeur, pour vous \u2665","publisher":{"@id":"https:\/\/auxmainsdevelours.ch\/#organization"},"potentialAction":[{"@type":"SearchAction","target":{"@type":"EntryPoint","urlTemplate":"https:\/\/auxmainsdevelours.ch\/?s={search_term_string}"},"query-input":"required name=search_term_string"}],"inLanguage":"fr-FR"},{"@type":"Organization","@id":"https:\/\/auxmainsdevelours.ch\/#organization","name":"Aux Mains de Velours S\u00e0rl","url":"https:\/\/auxmainsdevelours.ch\/","logo":{"@type":"ImageObject","inLanguage":"fr-FR","@id":"https:\/\/auxmainsdevelours.ch\/#\/schema\/logo\/image\/","url":"https:\/\/auxmainsdevelours.ch\/wp-content\/uploads\/2022\/11\/WhatsApp-Image-2022-10-30-at-17.33.46.jpeg","contentUrl":"https:\/\/auxmainsdevelours.ch\/wp-content\/uploads\/2022\/11\/WhatsApp-Image-2022-10-30-at-17.33.46.jpeg","width":2048,"height":2048,"caption":"Aux Mains de Velours S\u00e0rl"},"image":{"@id":"https:\/\/auxmainsdevelours.ch\/#\/schema\/logo\/image\/"},"sameAs":["https:\/\/facebook.com\/auxmainsdevelourssarl","https:\/\/www.instagram.com\/auxmainsdevelours\/"]}]}},"_links":{"self":[{"href":"https:\/\/auxmainsdevelours.ch\/index.php\/wp-json\/wp\/v2\/product\/1656","targetHints":{"allow":["GET"]}}],"collection":[{"href":"https:\/\/auxmainsdevelours.ch\/index.php\/wp-json\/wp\/v2\/product"}],"about":[{"href":"https:\/\/auxmainsdevelours.ch\/index.php\/wp-json\/wp\/v2\/types\/product"}],"replies":[{"embeddable":true,"href":"https:\/\/auxmainsdevelours.ch\/index.php\/wp-json\/wp\/v2\/comments?post=1656"}],"wp:featuredmedia":[{"embeddable":true,"href":"https:\/\/auxmainsdevelours.ch\/index.php\/wp-json\/wp\/v2\/media\/1673"}],"wp:attachment":[{"href":"https:\/\/auxmainsdevelours.ch\/index.php\/wp-json\/wp\/v2\/media?parent=1656"}],"wp:term":[{"taxonomy":"product_brand","embeddable":true,"href":"https:\/\/auxmainsdevelours.ch\/index.php\/wp-json\/wp\/v2\/product_brand?post=1656"},{"taxonomy":"product_cat","embeddable":true,"href":"https:\/\/auxmainsdevelours.ch\/index.php\/wp-json\/wp\/v2\/product_cat?post=1656"},{"taxonomy":"product_tag","embeddable":true,"href":"https:\/\/auxmainsdevelours.ch\/index.php\/wp-json\/wp\/v2\/product_tag?post=1656"}],"curies":[{"name":"wp","href":"https:\/\/api.w.org\/{rel}","templated":true}]}}