{"id":1595,"date":"2024-01-07T21:16:06","date_gmt":"2024-01-07T20:16:06","guid":{"rendered":"https:\/\/auxmainsdevelours.ch\/?post_type=product&#038;p=1595"},"modified":"2024-09-25T20:45:29","modified_gmt":"2024-09-25T18:45:29","slug":"long-marque-page","status":"publish","type":"product","link":"https:\/\/auxmainsdevelours.ch\/index.php\/produit\/long-marque-page\/","title":{"rendered":"Long marque-page"},"content":{"rendered":"<h3>Marque-page<\/h3>\n<p>D\u00e9couvrez notre marque-page, long format. Disponible en plusieurs couleurs, selon vos envies. Vous pouvez le personnaliser d&rsquo;un pr\u00e9nom, d&rsquo;un mot doux, avec votre citation pr\u00e9f\u00e9r\u00e9e.<\/p>\n<h4><\/h4>\n<h3>La lecture<\/h3>\n<p>La lecture est une invitation sacr\u00e9e \u00e0 explorer les myst\u00e8res de l&rsquo;\u00e2me. \u00c0 travers les mots, nous nous aventurons dans les profondeurs de notre \u00eatre, tissant des liens subtils entre notre esprit et notre essence spirituelle. Les bienfaits de la lecture sur l&rsquo;\u00e2me sont infinis, car elle nous offre un espace sacr\u00e9 pour grandir, gu\u00e9rir et transcender.<\/p>\n<p>Lorsque nous plongeons dans les pages d&rsquo;un livre, nous nous connectons \u00e0 une sagesse intemporelle qui r\u00e9sonne avec notre v\u00e9ritable nature. Les mots vibrent en harmonie avec notre \u00e2me, \u00e9veillant des connaissances ancestrales qui sommeillent en nous. Ils agissent comme des messagers divins, r\u00e9v\u00e9lant des v\u00e9rit\u00e9s profondes et \u00e9levant notre conscience.<\/p>\n<p>La lecture nourrit notre \u00e2me en nous offrant des histoires inspirantes de transformation et de gu\u00e9rison. Nous nous identifions aux h\u00e9ros et aux h\u00e9ro\u00efnes qui surmontent des d\u00e9fis similaires aux n\u00f4tres, et nous trouvons du r\u00e9confort en sachant que nous ne sommes pas seuls dans nos luttes. Ces r\u00e9cits nous rappellent que nous sommes des \u00eatres spirituels en \u00e9volution, en chemin vers la lumi\u00e8re.<\/p>\n<h5>Elle nourrit notre \u00e2me<\/h5>\n<p>Au-del\u00e0 des histoires, la lecture spirituelle nous enseigne des le\u00e7ons essentielles. Elle nous guide vers une compr\u00e9hension plus profonde de nous-m\u00eames, des autres et du monde qui nous entoure. Elle \u00e9largit notre vision, \u00e9veille notre compassion et nous encourage \u00e0 vivre avec amour, gratitude et conscience.<\/p>\n<p>La lecture est \u00e9galement un acte sacr\u00e9 de m\u00e9ditation et de communion avec notre moi int\u00e9rieur. Elle cr\u00e9e un espace sacr\u00e9 o\u00f9 nous pouvons nous retirer du tumulte du monde ext\u00e9rieur et nous plonger dans la paix et la qui\u00e9tude int\u00e9rieures. Les mots se transforment en mantra, nous emmenant dans un voyage int\u00e9rieur rempli de calme, de clart\u00e9 et de connexion spirituelle.<\/p>\n<p>En embrassant la lecture spirituelle, nous invitons la transcendance dans nos vies. Nous ouvrons les portes de notre \u00e2me \u00e0 l&rsquo;infini, permettant \u00e0 la sagesse universelle de couler \u00e0 travers nous. Chaque page est une b\u00e9n\u00e9diction, chaque mot est une offrande d&rsquo;amour divin.<\/p>\n<p>Que chaque livre que vous ouvrez soit une porte vers la beaut\u00e9, la v\u00e9rit\u00e9 et la sagesse infinie. Puissiez-vous ressentir la danse sacr\u00e9e entre les mots et votre \u00e2me, et que votre voyage de lecture nourrisse votre \u00eatre spirituel, vous guidant vers l&rsquo;illumination et l&rsquo;\u00e9panouissement.<\/p>\n<p>&nbsp;<\/p>\n<h4>Informations produit<\/h4>\n<p>Marque-page, long format<\/p>\n<p>Si vous choisissez article personnalis\u00e9, merci de nous indiquer les couleurs souhait\u00e9es (possibilit\u00e9 de plusieurs couleurs). Il est aussi possible d\u2019ajouter des paillettes ou d\u2019autres d\u00e9corations selon vos souhaits.<br \/>\nSi vous choisissez texte personnalis\u00e9 merci de nous renseigner le pr\u00e9nom ou le texte \u00e0 mentionner.<\/p>\n<p>Si vous voulez savoir si ce que vous souhaitez est r\u00e9alisable et dans quel d\u00e9lai, n\u2019h\u00e9sitez pas \u00e0 nous contacter par le formulaire de contact, par email ou encore sur nos r\u00e9seaux sociaux.<\/p>\n<p><em>La teinte des cr\u00e9ations peut \u00eatre diff\u00e9rente de celle des images affich\u00e9es.<\/em><\/p>\n<p>Cr\u00e9ation en r\u00e9sine alimentaire, non-toxique.<\/p>\n<p>Dimensions (L x l x H) (cm) : 14&#215;1.5&#215;0.3<\/p>\n","protected":false},"excerpt":{"rendered":"<p>Long marque-page<\/p>\n<p><em>\u00ab\u00a0La lecture, une porte ouverte sur un monde enchant\u00e9.\u00a0\u00bb &#8211; Fran\u00e7ois Mauriac<\/em><\/p>\n<p><span style=\"font-size: 8pt;\">Attention : chaque cr\u00e9ation est unique. Si vous souhaitez un marque-page qui n\u2019est plus en stock, il sera cr\u00e9\u00e9 avec amour et au plus proche de l\u2019image. Mais il nous est impossible de le garantir \u00e0 l\u2019identique.<\/span><\/p>\n","protected":false},"featured_media":1614,"comment_status":"open","ping_status":"closed","template":"","meta":{"site-sidebar-layout":"default","site-content-layout":"default","ast-site-content-layout":"default","site-content-style":"default","site-sidebar-style":"default","ast-global-header-display":"","ast-banner-title-visibility":"","ast-main-header-display":"","ast-hfb-above-header-display":"","ast-hfb-below-header-display":"","ast-hfb-mobile-header-display":"","site-post-title":"","ast-breadcrumbs-content":"","ast-featured-img":"","footer-sml-layout":"","theme-transparent-header-meta":"default","adv-header-id-meta":"","stick-header-meta":"","header-above-stick-meta":"","header-main-stick-meta":"","header-below-stick-meta":"","astra-migrate-meta-layouts":"set","ast-page-background-enabled":"default","ast-page-background-meta":{"desktop":{"background-color":"var(--ast-global-color-4)","background-image":"","background-repeat":"repeat","background-position":"center center","background-size":"auto","background-attachment":"scroll","background-type":"","background-media":"","overlay-type":"","overlay-color":"","overlay-gradient":""},"tablet":{"background-color":"","background-image":"","background-repeat":"repeat","background-position":"center center","background-size":"auto","background-attachment":"scroll","background-type":"","background-media":"","overlay-type":"","overlay-color":"","overlay-gradient":""},"mobile":{"background-color":"","background-image":"","background-repeat":"repeat","background-position":"center center","background-size":"auto","background-attachment":"scroll","background-type":"","background-media":"","overlay-type":"","overlay-color":"","overlay-gradient":""}},"ast-content-background-meta":{"desktop":{"background-color":"var(--ast-global-color-5)","background-image":"","background-repeat":"repeat","background-position":"center center","background-size":"auto","background-attachment":"scroll","background-type":"","background-media":"","overlay-type":"","overlay-color":"","overlay-gradient":""},"tablet":{"background-color":"var(--ast-global-color-5)","background-image":"","background-repeat":"repeat","background-position":"center center","background-size":"auto","background-attachment":"scroll","background-type":"","background-media":"","overlay-type":"","overlay-color":"","overlay-gradient":""},"mobile":{"background-color":"var(--ast-global-color-5)","background-image":"","background-repeat":"repeat","background-position":"center center","background-size":"auto","background-attachment":"scroll","background-type":"","background-media":"","overlay-type":"","overlay-color":"","overlay-gradient":""}}},"product_brand":[],"product_cat":[21],"product_tag":[56,57,50,49,51,52,59],"class_list":{"0":"post-1595","1":"product","2":"type-product","3":"status-publish","4":"has-post-thumbnail","6":"product_cat-creation-en-resine","7":"product_tag-artisanat","8":"product_tag-homemade","9":"product_tag-personnalisable","10":"product_tag-personnalisation","11":"product_tag-resine-epoxy","12":"product_tag-resine-personnalisation","13":"product_tag-swiss-made","14":"desktop-align-left","15":"tablet-align-left","16":"mobile-align-left","18":"first","19":"instock","20":"taxable","21":"shipping-taxable","22":"purchasable","23":"product-type-variable"},"yoast_head":"<!-- This site is optimized with the Yoast SEO plugin v22.0 - https:\/\/yoast.com\/wordpress\/plugins\/seo\/ -->\n<title>Long marque-page - Aux Mains de Velours, Bougies, Del\u00e9mont<\/title>\n<meta name=\"description\" content=\"D\u00e9couvrez notre petit marque-page. Couleur aux choix, personnalisation possible selon vos souhaits. N&#039;h\u00e9sitez pas \u00e0 nous contacter.\" \/>\n<meta name=\"robots\" content=\"index, follow, max-snippet:-1, max-image-preview:large, max-video-preview:-1\" \/>\n<link rel=\"canonical\" href=\"https:\/\/auxmainsdevelours.ch\/index.php\/produit\/long-marque-page\/\" \/>\n<meta property=\"og:locale\" content=\"fr_FR\" \/>\n<meta property=\"og:type\" content=\"article\" \/>\n<meta property=\"og:title\" content=\"Long marque-page - Aux Mains de Velours, Bougies, Del\u00e9mont\" \/>\n<meta property=\"og:description\" content=\"D\u00e9couvrez notre petit marque-page. Couleur aux choix, personnalisation possible selon vos souhaits. N&#039;h\u00e9sitez pas \u00e0 nous contacter.\" \/>\n<meta property=\"og:url\" content=\"https:\/\/auxmainsdevelours.ch\/index.php\/produit\/long-marque-page\/\" \/>\n<meta property=\"og:site_name\" content=\"Aux Mains de Velours, Bougies, Del\u00e9mont\" \/>\n<meta property=\"article:publisher\" content=\"https:\/\/facebook.com\/auxmainsdevelourssarl\" \/>\n<meta property=\"article:modified_time\" content=\"2024-09-25T18:45:29+00:00\" \/>\n<meta property=\"og:image\" content=\"https:\/\/auxmainsdevelours.ch\/wp-content\/uploads\/2024\/01\/Long-marque-page-2.png\" \/>\n\t<meta property=\"og:image:width\" content=\"1080\" \/>\n\t<meta property=\"og:image:height\" content=\"1080\" \/>\n\t<meta property=\"og:image:type\" content=\"image\/png\" \/>\n<meta name=\"twitter:card\" content=\"summary_large_image\" \/>\n<meta name=\"twitter:label1\" content=\"Dur\u00e9e de lecture estim\u00e9e\" \/>\n\t<meta name=\"twitter:data1\" content=\"3 minutes\" \/>\n<script type=\"application\/ld+json\" class=\"yoast-schema-graph\">{\"@context\":\"https:\/\/schema.org\",\"@graph\":[{\"@type\":\"WebPage\",\"@id\":\"https:\/\/auxmainsdevelours.ch\/index.php\/produit\/long-marque-page\/\",\"url\":\"https:\/\/auxmainsdevelours.ch\/index.php\/produit\/long-marque-page\/\",\"name\":\"Long marque-page - Aux Mains de Velours, Bougies, Del\u00e9mont\",\"isPartOf\":{\"@id\":\"https:\/\/auxmainsdevelours.ch\/#website\"},\"datePublished\":\"2024-01-07T20:16:06+00:00\",\"dateModified\":\"2024-09-25T18:45:29+00:00\",\"description\":\"D\u00e9couvrez notre petit marque-page. Couleur aux choix, personnalisation possible selon vos souhaits. N'h\u00e9sitez pas \u00e0 nous contacter.\",\"breadcrumb\":{\"@id\":\"https:\/\/auxmainsdevelours.ch\/index.php\/produit\/long-marque-page\/#breadcrumb\"},\"inLanguage\":\"fr-FR\",\"potentialAction\":[{\"@type\":\"ReadAction\",\"target\":[\"https:\/\/auxmainsdevelours.ch\/index.php\/produit\/long-marque-page\/\"]}]},{\"@type\":\"BreadcrumbList\",\"@id\":\"https:\/\/auxmainsdevelours.ch\/index.php\/produit\/long-marque-page\/#breadcrumb\",\"itemListElement\":[{\"@type\":\"ListItem\",\"position\":1,\"name\":\"Accueil\",\"item\":\"https:\/\/auxmainsdevelours.ch\/\"},{\"@type\":\"ListItem\",\"position\":2,\"name\":\"Boutique\",\"item\":\"https:\/\/auxmainsdevelours.ch\/index.php\/boutique\/\"},{\"@type\":\"ListItem\",\"position\":3,\"name\":\"Long marque-page\"}]},{\"@type\":\"WebSite\",\"@id\":\"https:\/\/auxmainsdevelours.ch\/#website\",\"url\":\"https:\/\/auxmainsdevelours.ch\/\",\"name\":\"auxmainsdevelours.ch\",\"description\":\"Fait avec le coeur, pour vous \u2665\",\"publisher\":{\"@id\":\"https:\/\/auxmainsdevelours.ch\/#organization\"},\"potentialAction\":[{\"@type\":\"SearchAction\",\"target\":{\"@type\":\"EntryPoint\",\"urlTemplate\":\"https:\/\/auxmainsdevelours.ch\/?s={search_term_string}\"},\"query-input\":\"required name=search_term_string\"}],\"inLanguage\":\"fr-FR\"},{\"@type\":\"Organization\",\"@id\":\"https:\/\/auxmainsdevelours.ch\/#organization\",\"name\":\"Aux Mains de Velours S\u00e0rl\",\"url\":\"https:\/\/auxmainsdevelours.ch\/\",\"logo\":{\"@type\":\"ImageObject\",\"inLanguage\":\"fr-FR\",\"@id\":\"https:\/\/auxmainsdevelours.ch\/#\/schema\/logo\/image\/\",\"url\":\"https:\/\/auxmainsdevelours.ch\/wp-content\/uploads\/2022\/11\/WhatsApp-Image-2022-10-30-at-17.33.46.jpeg\",\"contentUrl\":\"https:\/\/auxmainsdevelours.ch\/wp-content\/uploads\/2022\/11\/WhatsApp-Image-2022-10-30-at-17.33.46.jpeg\",\"width\":2048,\"height\":2048,\"caption\":\"Aux Mains de Velours S\u00e0rl\"},\"image\":{\"@id\":\"https:\/\/auxmainsdevelours.ch\/#\/schema\/logo\/image\/\"},\"sameAs\":[\"https:\/\/facebook.com\/auxmainsdevelourssarl\",\"https:\/\/www.instagram.com\/auxmainsdevelours\/\"]}]}<\/script>\n<!-- \/ Yoast SEO plugin. -->","yoast_head_json":{"title":"Long marque-page - Aux Mains de Velours, Bougies, Del\u00e9mont","description":"D\u00e9couvrez notre petit marque-page. Couleur aux choix, personnalisation possible selon vos souhaits. N'h\u00e9sitez pas \u00e0 nous contacter.","robots":{"index":"index","follow":"follow","max-snippet":"max-snippet:-1","max-image-preview":"max-image-preview:large","max-video-preview":"max-video-preview:-1"},"canonical":"https:\/\/auxmainsdevelours.ch\/index.php\/produit\/long-marque-page\/","og_locale":"fr_FR","og_type":"article","og_title":"Long marque-page - Aux Mains de Velours, Bougies, Del\u00e9mont","og_description":"D\u00e9couvrez notre petit marque-page. Couleur aux choix, personnalisation possible selon vos souhaits. N'h\u00e9sitez pas \u00e0 nous contacter.","og_url":"https:\/\/auxmainsdevelours.ch\/index.php\/produit\/long-marque-page\/","og_site_name":"Aux Mains de Velours, Bougies, Del\u00e9mont","article_publisher":"https:\/\/facebook.com\/auxmainsdevelourssarl","article_modified_time":"2024-09-25T18:45:29+00:00","og_image":[{"width":1080,"height":1080,"url":"https:\/\/auxmainsdevelours.ch\/wp-content\/uploads\/2024\/01\/Long-marque-page-2.png","type":"image\/png"}],"twitter_card":"summary_large_image","twitter_misc":{"Dur\u00e9e de lecture estim\u00e9e":"3 minutes"},"schema":{"@context":"https:\/\/schema.org","@graph":[{"@type":"WebPage","@id":"https:\/\/auxmainsdevelours.ch\/index.php\/produit\/long-marque-page\/","url":"https:\/\/auxmainsdevelours.ch\/index.php\/produit\/long-marque-page\/","name":"Long marque-page - Aux Mains de Velours, Bougies, Del\u00e9mont","isPartOf":{"@id":"https:\/\/auxmainsdevelours.ch\/#website"},"datePublished":"2024-01-07T20:16:06+00:00","dateModified":"2024-09-25T18:45:29+00:00","description":"D\u00e9couvrez notre petit marque-page. Couleur aux choix, personnalisation possible selon vos souhaits. N'h\u00e9sitez pas \u00e0 nous contacter.","breadcrumb":{"@id":"https:\/\/auxmainsdevelours.ch\/index.php\/produit\/long-marque-page\/#breadcrumb"},"inLanguage":"fr-FR","potentialAction":[{"@type":"ReadAction","target":["https:\/\/auxmainsdevelours.ch\/index.php\/produit\/long-marque-page\/"]}]},{"@type":"BreadcrumbList","@id":"https:\/\/auxmainsdevelours.ch\/index.php\/produit\/long-marque-page\/#breadcrumb","itemListElement":[{"@type":"ListItem","position":1,"name":"Accueil","item":"https:\/\/auxmainsdevelours.ch\/"},{"@type":"ListItem","position":2,"name":"Boutique","item":"https:\/\/auxmainsdevelours.ch\/index.php\/boutique\/"},{"@type":"ListItem","position":3,"name":"Long marque-page"}]},{"@type":"WebSite","@id":"https:\/\/auxmainsdevelours.ch\/#website","url":"https:\/\/auxmainsdevelours.ch\/","name":"auxmainsdevelours.ch","description":"Fait avec le coeur, pour vous \u2665","publisher":{"@id":"https:\/\/auxmainsdevelours.ch\/#organization"},"potentialAction":[{"@type":"SearchAction","target":{"@type":"EntryPoint","urlTemplate":"https:\/\/auxmainsdevelours.ch\/?s={search_term_string}"},"query-input":"required name=search_term_string"}],"inLanguage":"fr-FR"},{"@type":"Organization","@id":"https:\/\/auxmainsdevelours.ch\/#organization","name":"Aux Mains de Velours S\u00e0rl","url":"https:\/\/auxmainsdevelours.ch\/","logo":{"@type":"ImageObject","inLanguage":"fr-FR","@id":"https:\/\/auxmainsdevelours.ch\/#\/schema\/logo\/image\/","url":"https:\/\/auxmainsdevelours.ch\/wp-content\/uploads\/2022\/11\/WhatsApp-Image-2022-10-30-at-17.33.46.jpeg","contentUrl":"https:\/\/auxmainsdevelours.ch\/wp-content\/uploads\/2022\/11\/WhatsApp-Image-2022-10-30-at-17.33.46.jpeg","width":2048,"height":2048,"caption":"Aux Mains de Velours S\u00e0rl"},"image":{"@id":"https:\/\/auxmainsdevelours.ch\/#\/schema\/logo\/image\/"},"sameAs":["https:\/\/facebook.com\/auxmainsdevelourssarl","https:\/\/www.instagram.com\/auxmainsdevelours\/"]}]}},"_links":{"self":[{"href":"https:\/\/auxmainsdevelours.ch\/index.php\/wp-json\/wp\/v2\/product\/1595","targetHints":{"allow":["GET"]}}],"collection":[{"href":"https:\/\/auxmainsdevelours.ch\/index.php\/wp-json\/wp\/v2\/product"}],"about":[{"href":"https:\/\/auxmainsdevelours.ch\/index.php\/wp-json\/wp\/v2\/types\/product"}],"replies":[{"embeddable":true,"href":"https:\/\/auxmainsdevelours.ch\/index.php\/wp-json\/wp\/v2\/comments?post=1595"}],"wp:featuredmedia":[{"embeddable":true,"href":"https:\/\/auxmainsdevelours.ch\/index.php\/wp-json\/wp\/v2\/media\/1614"}],"wp:attachment":[{"href":"https:\/\/auxmainsdevelours.ch\/index.php\/wp-json\/wp\/v2\/media?parent=1595"}],"wp:term":[{"taxonomy":"product_brand","embeddable":true,"href":"https:\/\/auxmainsdevelours.ch\/index.php\/wp-json\/wp\/v2\/product_brand?post=1595"},{"taxonomy":"product_cat","embeddable":true,"href":"https:\/\/auxmainsdevelours.ch\/index.php\/wp-json\/wp\/v2\/product_cat?post=1595"},{"taxonomy":"product_tag","embeddable":true,"href":"https:\/\/auxmainsdevelours.ch\/index.php\/wp-json\/wp\/v2\/product_tag?post=1595"}],"curies":[{"name":"wp","href":"https:\/\/api.w.org\/{rel}","templated":true}]}}