{"id":1477,"date":"2023-12-03T21:46:30","date_gmt":"2023-12-03T20:46:30","guid":{"rendered":"https:\/\/auxmainsdevelours.ch\/?post_type=product&#038;p=1477"},"modified":"2024-08-28T21:01:48","modified_gmt":"2024-08-28T19:01:48","slug":"bon-cadeau","status":"publish","type":"product","link":"https:\/\/auxmainsdevelours.ch\/index.php\/produit\/bon-cadeau\/","title":{"rendered":"Bon Cadeau"},"content":{"rendered":"<h3>Bon Cadeau<\/h3>\n<p>Vous n&rsquo;arrivez pas \u00e0 faire votre choix ? Offrez un Bon Cadeau.<\/p>\n<p>Valable sur notre site et sur nos stands.<\/p>\n<p><em>\u00ab\u00a0Offrir du bonheur \u00e0 chaque instant, le plaisir d&rsquo;offrir, une \u00e9motion qui se partage.\u00a0\u00bb<\/em><\/p>\n<p>&nbsp;<\/p>\n<h3>La Lithoth\u00e9rapie &#8211; notre grand amour<\/h3>\n<p>La lithoth\u00e9rapie, pratiqu\u00e9e depuis des si\u00e8cles, explore les bienfaits \u00e9nerg\u00e9tiques des cristaux et pierres pr\u00e9cieuses sur le bien-\u00eatre physique, \u00e9motionnel et spirituel. En utilisant ces joyaux de la Terre, la lithoth\u00e9rapie vise \u00e0 r\u00e9tablir l&rsquo;harmonie dans le corps et l&rsquo;esprit. Chaque pierre poss\u00e8de des propri\u00e9t\u00e9s uniques.\u00a0 Agissant comme des catalyseurs \u00e9nerg\u00e9tiques pour \u00e9quilibrer les centres d&rsquo;\u00e9nergie du corps, connus sous le nom de chakras. Par exemple, l&rsquo;am\u00e9thyste est associ\u00e9e \u00e0 la tranquillit\u00e9 d&rsquo;esprit et \u00e0 la spiritualit\u00e9. Tandis que la citrine est r\u00e9put\u00e9e pour stimuler l&rsquo;\u00e9nergie et la cr\u00e9ativit\u00e9. Les cristaux sont souvent utilis\u00e9s pour soulager le stress, am\u00e9liorer la concentration, favoriser la gu\u00e9rison physique et \u00e9motionnelle, et faciliter la m\u00e9ditation. Bien que la lithoth\u00e9rapie ne remplace pas la m\u00e9decine traditionnelle, de nombreux adeptes rapportent une sensation de calme, de clart\u00e9 et de vitalit\u00e9 en int\u00e9grant ces pierres pr\u00e9cieuses dans leur quotidien.<\/p>\n<p>D\u00e9couvrez la gamme lithoth\u00e9rapie <a href=\"https:\/\/auxmainsdevelours.ch\/index.php\/categorie-produit\/lithotherapie\/\">ici<\/a>.<\/p>\n<h3>Les huiles essentielles &#8211; quelles merveilles<\/h3>\n<p>Les huiles essentielles, v\u00e9ritables tr\u00e9sors extraits de plantes, offrent une multitude de bienfaits tant sur le plan physique que mental. Gr\u00e2ce \u00e0 leurs propri\u00e9t\u00e9s aromatiques et th\u00e9rapeutiques, ces essences naturelles sont utilis\u00e9es en aromath\u00e9rapie pour favoriser le bien-\u00eatre holistique. Chaque huile essentielle poss\u00e8de des propri\u00e9t\u00e9s distinctes. La lavande apaise le stress et favorise le sommeil. L&rsquo;huile d&rsquo;arbre \u00e0 th\u00e9 est r\u00e9put\u00e9e pour ses propri\u00e9t\u00e9s antibact\u00e9riennes. La menthe poivr\u00e9e stimule la concentration. En les diffusant dans l&rsquo;air, en les appliquant sur la peau ou en les incorporant dans des soins corporels, les huiles essentielles peuvent contribuer \u00e0 soulager divers maux, allant des tensions musculaires aux troubles du sommeil. Ainsi, leur utilisation va au-del\u00e0 de la simple fragrance, agissant comme des agents naturels pour \u00e9quilibrer les \u00e9motions, stimuler l&rsquo;\u00e9nergie et renforcer le syst\u00e8me immunitaire.<\/p>\n<p>D\u00e9couvrez nos fondants aux huiles essentielles <a href=\"https:\/\/auxmainsdevelours.ch\/index.php\/categorie-produit\/fondants-huiles-essentielles\/\">ici<\/a>.<\/p>\n<div class=\"flex-1 overflow-hidden\">\n<div class=\"react-scroll-to-bottom--css-ulbuw-79elbk h-full\">\n<div class=\"react-scroll-to-bottom--css-ulbuw-1n7m0yu\">\n<div class=\"flex flex-col pb-9 text-sm\">\n<div class=\"w-full text-token-text-primary\" data-testid=\"conversation-turn-5\">\n<div class=\"px-4 py-2 justify-center text-base md:gap-6 md:py-6 m-auto\">\n<div class=\"flex flex-1 text-base mx-auto gap-3 md:px-5 lg:px-1 xl:px-5 md:max-w-3xl lg:max-w-[40rem] xl:max-w-[48rem] } group final-completion\">\n<div class=\"relative flex w-full flex-col lg:w-[calc(100%-115px)] agent-turn\">\n<div class=\"flex-col gap-1 md:gap-3\">\n<div class=\"flex flex-grow flex-col max-w-full\">\n<div class=\"min-h-[20px] text-message flex flex-col items-start gap-3 whitespace-pre-wrap break-words [.text-message+&amp;]:mt-5 overflow-x-auto\" data-message-author-role=\"assistant\" data-message-id=\"0dec4985-1afc-426d-8127-a9f423ff75cb\">\n<div class=\"markdown prose w-full break-words dark:prose-invert light\">\n<p>&nbsp;<\/p>\n<\/div>\n<\/div>\n<\/div>\n<\/div>\n<\/div>\n<\/div>\n<\/div>\n<\/div>\n<\/div>\n<\/div>\n<\/div>\n<\/div>\n<p>&nbsp;<\/p>\n","protected":false},"excerpt":{"rendered":"<p>Bon Cadeau<\/p>\n","protected":false},"featured_media":2424,"comment_status":"open","ping_status":"closed","template":"","meta":{"site-sidebar-layout":"default","site-content-layout":"default","ast-site-content-layout":"default","site-content-style":"default","site-sidebar-style":"default","ast-global-header-display":"","ast-banner-title-visibility":"","ast-main-header-display":"","ast-hfb-above-header-display":"","ast-hfb-below-header-display":"","ast-hfb-mobile-header-display":"","site-post-title":"","ast-breadcrumbs-content":"","ast-featured-img":"","footer-sml-layout":"","theme-transparent-header-meta":"default","adv-header-id-meta":"","stick-header-meta":"","header-above-stick-meta":"","header-main-stick-meta":"","header-below-stick-meta":"","astra-migrate-meta-layouts":"set","ast-page-background-enabled":"default","ast-page-background-meta":{"desktop":{"background-color":"var(--ast-global-color-4)","background-image":"","background-repeat":"repeat","background-position":"center center","background-size":"auto","background-attachment":"scroll","background-type":"","background-media":"","overlay-type":"","overlay-color":"","overlay-gradient":""},"tablet":{"background-color":"","background-image":"","background-repeat":"repeat","background-position":"center center","background-size":"auto","background-attachment":"scroll","background-type":"","background-media":"","overlay-type":"","overlay-color":"","overlay-gradient":""},"mobile":{"background-color":"","background-image":"","background-repeat":"repeat","background-position":"center center","background-size":"auto","background-attachment":"scroll","background-type":"","background-media":"","overlay-type":"","overlay-color":"","overlay-gradient":""}},"ast-content-background-meta":{"desktop":{"background-color":"var(--ast-global-color-5)","background-image":"","background-repeat":"repeat","background-position":"center center","background-size":"auto","background-attachment":"scroll","background-type":"","background-media":"","overlay-type":"","overlay-color":"","overlay-gradient":""},"tablet":{"background-color":"var(--ast-global-color-5)","background-image":"","background-repeat":"repeat","background-position":"center center","background-size":"auto","background-attachment":"scroll","background-type":"","background-media":"","overlay-type":"","overlay-color":"","overlay-gradient":""},"mobile":{"background-color":"var(--ast-global-color-5)","background-image":"","background-repeat":"repeat","background-position":"center center","background-size":"auto","background-attachment":"scroll","background-type":"","background-media":"","overlay-type":"","overlay-color":"","overlay-gradient":""}}},"product_brand":[],"product_cat":[38,108],"product_tag":[56,113,57,50,49,59],"class_list":{"0":"post-1477","1":"product","2":"type-product","3":"status-publish","4":"has-post-thumbnail","6":"product_cat-idees-cadeaux","7":"product_cat-noel","8":"product_tag-artisanat","9":"product_tag-bon-cadeau","10":"product_tag-homemade","11":"product_tag-personnalisable","12":"product_tag-personnalisation","13":"product_tag-swiss-made","14":"desktop-align-left","15":"tablet-align-left","16":"mobile-align-left","18":"first","19":"instock","20":"taxable","21":"shipping-taxable","22":"purchasable","23":"product-type-variable"},"yoast_head":"<!-- This site is optimized with the Yoast SEO plugin v22.0 - https:\/\/yoast.com\/wordpress\/plugins\/seo\/ -->\n<title>Bon Cadeau Aux Mains de Velours, Bougies, Del\u00e9mont<\/title>\n<meta name=\"description\" content=\"D\u00e9couvrez notre bon cadeau. &quot;Offrir du bonheur \u00e0 chaque instant, le plaisir d&#039;offrir, une \u00e9motion qui se partage.&quot; Valable sur tous les produits du site.\" \/>\n<meta name=\"robots\" content=\"index, follow, max-snippet:-1, max-image-preview:large, max-video-preview:-1\" \/>\n<link rel=\"canonical\" href=\"https:\/\/auxmainsdevelours.ch\/index.php\/produit\/bon-cadeau\/\" \/>\n<meta property=\"og:locale\" content=\"fr_FR\" \/>\n<meta property=\"og:type\" content=\"article\" \/>\n<meta property=\"og:title\" content=\"Bon Cadeau Aux Mains de Velours, Bougies, Del\u00e9mont\" \/>\n<meta property=\"og:description\" content=\"D\u00e9couvrez notre bon cadeau. &quot;Offrir du bonheur \u00e0 chaque instant, le plaisir d&#039;offrir, une \u00e9motion qui se partage.&quot; Valable sur tous les produits du site.\" \/>\n<meta property=\"og:url\" content=\"https:\/\/auxmainsdevelours.ch\/index.php\/produit\/bon-cadeau\/\" \/>\n<meta property=\"og:site_name\" content=\"Aux Mains de Velours, Bougies, Del\u00e9mont\" \/>\n<meta property=\"article:publisher\" content=\"https:\/\/facebook.com\/auxmainsdevelourssarl\" \/>\n<meta property=\"article:modified_time\" content=\"2024-08-28T19:01:48+00:00\" \/>\n<meta property=\"og:image\" content=\"https:\/\/auxmainsdevelours.ch\/wp-content\/uploads\/2023\/12\/Bon-cadeau-image.png\" \/>\n\t<meta property=\"og:image:width\" content=\"1080\" \/>\n\t<meta property=\"og:image:height\" content=\"1080\" \/>\n\t<meta property=\"og:image:type\" content=\"image\/png\" \/>\n<meta name=\"twitter:card\" content=\"summary_large_image\" \/>\n<meta name=\"twitter:label1\" content=\"Dur\u00e9e de lecture estim\u00e9e\" \/>\n\t<meta name=\"twitter:data1\" content=\"2 minutes\" \/>\n<script type=\"application\/ld+json\" class=\"yoast-schema-graph\">{\"@context\":\"https:\/\/schema.org\",\"@graph\":[{\"@type\":\"WebPage\",\"@id\":\"https:\/\/auxmainsdevelours.ch\/index.php\/produit\/bon-cadeau\/\",\"url\":\"https:\/\/auxmainsdevelours.ch\/index.php\/produit\/bon-cadeau\/\",\"name\":\"Bon Cadeau Aux Mains de Velours, Bougies, Del\u00e9mont\",\"isPartOf\":{\"@id\":\"https:\/\/auxmainsdevelours.ch\/#website\"},\"datePublished\":\"2023-12-03T20:46:30+00:00\",\"dateModified\":\"2024-08-28T19:01:48+00:00\",\"description\":\"D\u00e9couvrez notre bon cadeau. \\\"Offrir du bonheur \u00e0 chaque instant, le plaisir d'offrir, une \u00e9motion qui se partage.\\\" Valable sur tous les produits du site.\",\"breadcrumb\":{\"@id\":\"https:\/\/auxmainsdevelours.ch\/index.php\/produit\/bon-cadeau\/#breadcrumb\"},\"inLanguage\":\"fr-FR\",\"potentialAction\":[{\"@type\":\"ReadAction\",\"target\":[\"https:\/\/auxmainsdevelours.ch\/index.php\/produit\/bon-cadeau\/\"]}]},{\"@type\":\"BreadcrumbList\",\"@id\":\"https:\/\/auxmainsdevelours.ch\/index.php\/produit\/bon-cadeau\/#breadcrumb\",\"itemListElement\":[{\"@type\":\"ListItem\",\"position\":1,\"name\":\"Accueil\",\"item\":\"https:\/\/auxmainsdevelours.ch\/\"},{\"@type\":\"ListItem\",\"position\":2,\"name\":\"Boutique\",\"item\":\"https:\/\/auxmainsdevelours.ch\/index.php\/boutique\/\"},{\"@type\":\"ListItem\",\"position\":3,\"name\":\"Bon Cadeau\"}]},{\"@type\":\"WebSite\",\"@id\":\"https:\/\/auxmainsdevelours.ch\/#website\",\"url\":\"https:\/\/auxmainsdevelours.ch\/\",\"name\":\"auxmainsdevelours.ch\",\"description\":\"Fait avec le coeur, pour vous \u2665\",\"publisher\":{\"@id\":\"https:\/\/auxmainsdevelours.ch\/#organization\"},\"potentialAction\":[{\"@type\":\"SearchAction\",\"target\":{\"@type\":\"EntryPoint\",\"urlTemplate\":\"https:\/\/auxmainsdevelours.ch\/?s={search_term_string}\"},\"query-input\":\"required name=search_term_string\"}],\"inLanguage\":\"fr-FR\"},{\"@type\":\"Organization\",\"@id\":\"https:\/\/auxmainsdevelours.ch\/#organization\",\"name\":\"Aux Mains de Velours S\u00e0rl\",\"url\":\"https:\/\/auxmainsdevelours.ch\/\",\"logo\":{\"@type\":\"ImageObject\",\"inLanguage\":\"fr-FR\",\"@id\":\"https:\/\/auxmainsdevelours.ch\/#\/schema\/logo\/image\/\",\"url\":\"https:\/\/auxmainsdevelours.ch\/wp-content\/uploads\/2022\/11\/WhatsApp-Image-2022-10-30-at-17.33.46.jpeg\",\"contentUrl\":\"https:\/\/auxmainsdevelours.ch\/wp-content\/uploads\/2022\/11\/WhatsApp-Image-2022-10-30-at-17.33.46.jpeg\",\"width\":2048,\"height\":2048,\"caption\":\"Aux Mains de Velours S\u00e0rl\"},\"image\":{\"@id\":\"https:\/\/auxmainsdevelours.ch\/#\/schema\/logo\/image\/\"},\"sameAs\":[\"https:\/\/facebook.com\/auxmainsdevelourssarl\",\"https:\/\/www.instagram.com\/auxmainsdevelours\/\"]}]}<\/script>\n<!-- \/ Yoast SEO plugin. -->","yoast_head_json":{"title":"Bon Cadeau Aux Mains de Velours, Bougies, Del\u00e9mont","description":"D\u00e9couvrez notre bon cadeau. \"Offrir du bonheur \u00e0 chaque instant, le plaisir d'offrir, une \u00e9motion qui se partage.\" Valable sur tous les produits du site.","robots":{"index":"index","follow":"follow","max-snippet":"max-snippet:-1","max-image-preview":"max-image-preview:large","max-video-preview":"max-video-preview:-1"},"canonical":"https:\/\/auxmainsdevelours.ch\/index.php\/produit\/bon-cadeau\/","og_locale":"fr_FR","og_type":"article","og_title":"Bon Cadeau Aux Mains de Velours, Bougies, Del\u00e9mont","og_description":"D\u00e9couvrez notre bon cadeau. \"Offrir du bonheur \u00e0 chaque instant, le plaisir d'offrir, une \u00e9motion qui se partage.\" Valable sur tous les produits du site.","og_url":"https:\/\/auxmainsdevelours.ch\/index.php\/produit\/bon-cadeau\/","og_site_name":"Aux Mains de Velours, Bougies, Del\u00e9mont","article_publisher":"https:\/\/facebook.com\/auxmainsdevelourssarl","article_modified_time":"2024-08-28T19:01:48+00:00","og_image":[{"width":1080,"height":1080,"url":"https:\/\/auxmainsdevelours.ch\/wp-content\/uploads\/2023\/12\/Bon-cadeau-image.png","type":"image\/png"}],"twitter_card":"summary_large_image","twitter_misc":{"Dur\u00e9e de lecture estim\u00e9e":"2 minutes"},"schema":{"@context":"https:\/\/schema.org","@graph":[{"@type":"WebPage","@id":"https:\/\/auxmainsdevelours.ch\/index.php\/produit\/bon-cadeau\/","url":"https:\/\/auxmainsdevelours.ch\/index.php\/produit\/bon-cadeau\/","name":"Bon Cadeau Aux Mains de Velours, Bougies, Del\u00e9mont","isPartOf":{"@id":"https:\/\/auxmainsdevelours.ch\/#website"},"datePublished":"2023-12-03T20:46:30+00:00","dateModified":"2024-08-28T19:01:48+00:00","description":"D\u00e9couvrez notre bon cadeau. \"Offrir du bonheur \u00e0 chaque instant, le plaisir d'offrir, une \u00e9motion qui se partage.\" Valable sur tous les produits du site.","breadcrumb":{"@id":"https:\/\/auxmainsdevelours.ch\/index.php\/produit\/bon-cadeau\/#breadcrumb"},"inLanguage":"fr-FR","potentialAction":[{"@type":"ReadAction","target":["https:\/\/auxmainsdevelours.ch\/index.php\/produit\/bon-cadeau\/"]}]},{"@type":"BreadcrumbList","@id":"https:\/\/auxmainsdevelours.ch\/index.php\/produit\/bon-cadeau\/#breadcrumb","itemListElement":[{"@type":"ListItem","position":1,"name":"Accueil","item":"https:\/\/auxmainsdevelours.ch\/"},{"@type":"ListItem","position":2,"name":"Boutique","item":"https:\/\/auxmainsdevelours.ch\/index.php\/boutique\/"},{"@type":"ListItem","position":3,"name":"Bon Cadeau"}]},{"@type":"WebSite","@id":"https:\/\/auxmainsdevelours.ch\/#website","url":"https:\/\/auxmainsdevelours.ch\/","name":"auxmainsdevelours.ch","description":"Fait avec le coeur, pour vous \u2665","publisher":{"@id":"https:\/\/auxmainsdevelours.ch\/#organization"},"potentialAction":[{"@type":"SearchAction","target":{"@type":"EntryPoint","urlTemplate":"https:\/\/auxmainsdevelours.ch\/?s={search_term_string}"},"query-input":"required name=search_term_string"}],"inLanguage":"fr-FR"},{"@type":"Organization","@id":"https:\/\/auxmainsdevelours.ch\/#organization","name":"Aux Mains de Velours S\u00e0rl","url":"https:\/\/auxmainsdevelours.ch\/","logo":{"@type":"ImageObject","inLanguage":"fr-FR","@id":"https:\/\/auxmainsdevelours.ch\/#\/schema\/logo\/image\/","url":"https:\/\/auxmainsdevelours.ch\/wp-content\/uploads\/2022\/11\/WhatsApp-Image-2022-10-30-at-17.33.46.jpeg","contentUrl":"https:\/\/auxmainsdevelours.ch\/wp-content\/uploads\/2022\/11\/WhatsApp-Image-2022-10-30-at-17.33.46.jpeg","width":2048,"height":2048,"caption":"Aux Mains de Velours S\u00e0rl"},"image":{"@id":"https:\/\/auxmainsdevelours.ch\/#\/schema\/logo\/image\/"},"sameAs":["https:\/\/facebook.com\/auxmainsdevelourssarl","https:\/\/www.instagram.com\/auxmainsdevelours\/"]}]}},"_links":{"self":[{"href":"https:\/\/auxmainsdevelours.ch\/index.php\/wp-json\/wp\/v2\/product\/1477","targetHints":{"allow":["GET"]}}],"collection":[{"href":"https:\/\/auxmainsdevelours.ch\/index.php\/wp-json\/wp\/v2\/product"}],"about":[{"href":"https:\/\/auxmainsdevelours.ch\/index.php\/wp-json\/wp\/v2\/types\/product"}],"replies":[{"embeddable":true,"href":"https:\/\/auxmainsdevelours.ch\/index.php\/wp-json\/wp\/v2\/comments?post=1477"}],"wp:featuredmedia":[{"embeddable":true,"href":"https:\/\/auxmainsdevelours.ch\/index.php\/wp-json\/wp\/v2\/media\/2424"}],"wp:attachment":[{"href":"https:\/\/auxmainsdevelours.ch\/index.php\/wp-json\/wp\/v2\/media?parent=1477"}],"wp:term":[{"taxonomy":"product_brand","embeddable":true,"href":"https:\/\/auxmainsdevelours.ch\/index.php\/wp-json\/wp\/v2\/product_brand?post=1477"},{"taxonomy":"product_cat","embeddable":true,"href":"https:\/\/auxmainsdevelours.ch\/index.php\/wp-json\/wp\/v2\/product_cat?post=1477"},{"taxonomy":"product_tag","embeddable":true,"href":"https:\/\/auxmainsdevelours.ch\/index.php\/wp-json\/wp\/v2\/product_tag?post=1477"}],"curies":[{"name":"wp","href":"https:\/\/api.w.org\/{rel}","templated":true}]}}