{"id":1420,"date":"2023-11-27T16:21:09","date_gmt":"2023-11-27T15:21:09","guid":{"rendered":"https:\/\/auxmainsdevelours.ch\/?post_type=product&#038;p=1420"},"modified":"2025-03-31T13:44:48","modified_gmt":"2025-03-31T11:44:48","slug":"mini-coeur","status":"publish","type":"product","link":"https:\/\/auxmainsdevelours.ch\/index.php\/produit\/mini-coeur\/","title":{"rendered":"Mini Br\u00fbleur &#8211; C\u0153ur"},"content":{"rendered":"<h3>Mini Br\u00fbleur &#8211; C\u0153ur<\/h3>\n<p>D\u00e9couvrez notre Mini Br\u00fbleur &#8211; C\u0153ur . Les br\u00fbleurs \u00e0 fondants sont devenus une option populaire pour cr\u00e9er une ambiance parfum\u00e9e dans nos espaces de vie. Ces petits appareils offrent une alternative pratique et sans danger aux bougies traditionnelles. Mais quels sont les avantages d&rsquo;un br\u00fbleur \u00e0 fondants ?<\/p>\n<p>Tout d&rsquo;abord, les br\u00fbleurs \u00e0 fondants permettent une diffusion constante et homog\u00e8ne des parfums dans votre maison. Contrairement aux bougies parfum\u00e9es qui peuvent perdre rapidement leur intensit\u00e9 olfactive, les fondants continuent \u00e0 lib\u00e9rer leurs ar\u00f4mes pendant de longues heures. Cela vous permet de cr\u00e9er une atmosph\u00e8re agr\u00e9able et accueillante en permanence.<\/p>\n<p>Les br\u00fbleurs \u00e0 fondants offrent \u00e9galement une grande vari\u00e9t\u00e9 de choix en termes de parfums. Vous pouvez s\u00e9lectionner parmi une large gamme de senteurs, des plus fruit\u00e9es aux plus florales, en passant par les notes bois\u00e9es et \u00e9pic\u00e9es. Cela vous permet de personnaliser l&rsquo;ambiance olfactive de votre maison selon vos pr\u00e9f\u00e9rences et votre humeur. Tout simplement en retirant le fondant et en le conservant pour une utilisation ult\u00e9rieure.<\/p>\n<p>En conclusion, les br\u00fbleurs \u00e0 fondants pr\u00e9sentent de nombreux avantages. Ils offrent une diffusion continue des parfums, une large vari\u00e9t\u00e9 de choix, une solution \u00e9conomique et une option respectueuse de l&rsquo;environnement. Transformez votre maison en un havre parfum\u00e9 avec un br\u00fbleur \u00e0 fondants et profitez d&rsquo;une exp\u00e9rience olfactive unique et agr\u00e9able.<\/p>\n<p>Testez notre br\u00fbleur &#8211; C\u0153ur avec nos <a href=\"https:\/\/auxmainsdevelours.ch\/index.php\/categorie-produit\/fondants-parfumes\/\">fondants parfum\u00e9s<\/a>.<\/p>\n","protected":false},"excerpt":{"rendered":"<p style=\"text-align: right;\">Mini Br\u00fbleur &#8211; C\u0153ur<\/p>\n<p><em>Disponible en 5 couleurs<\/em><\/p>\n<p>Hauteur 8cm<br \/>\nDiam\u00e8tre 7.5cm<br \/>\nProfondeur 4cm<\/p>\n","protected":false},"featured_media":1425,"comment_status":"open","ping_status":"closed","template":"","meta":{"site-sidebar-layout":"default","site-content-layout":"default","ast-site-content-layout":"default","site-content-style":"default","site-sidebar-style":"default","ast-global-header-display":"","ast-banner-title-visibility":"","ast-main-header-display":"","ast-hfb-above-header-display":"","ast-hfb-below-header-display":"","ast-hfb-mobile-header-display":"","site-post-title":"","ast-breadcrumbs-content":"","ast-featured-img":"","footer-sml-layout":"","theme-transparent-header-meta":"default","adv-header-id-meta":"","stick-header-meta":"","header-above-stick-meta":"","header-main-stick-meta":"","header-below-stick-meta":"","astra-migrate-meta-layouts":"set","ast-page-background-enabled":"default","ast-page-background-meta":{"desktop":{"background-color":"var(--ast-global-color-4)","background-image":"","background-repeat":"repeat","background-position":"center center","background-size":"auto","background-attachment":"scroll","background-type":"","background-media":"","overlay-type":"","overlay-color":"","overlay-gradient":""},"tablet":{"background-color":"","background-image":"","background-repeat":"repeat","background-position":"center center","background-size":"auto","background-attachment":"scroll","background-type":"","background-media":"","overlay-type":"","overlay-color":"","overlay-gradient":""},"mobile":{"background-color":"","background-image":"","background-repeat":"repeat","background-position":"center center","background-size":"auto","background-attachment":"scroll","background-type":"","background-media":"","overlay-type":"","overlay-color":"","overlay-gradient":""}},"ast-content-background-meta":{"desktop":{"background-color":"var(--ast-global-color-5)","background-image":"","background-repeat":"repeat","background-position":"center center","background-size":"auto","background-attachment":"scroll","background-type":"","background-media":"","overlay-type":"","overlay-color":"","overlay-gradient":""},"tablet":{"background-color":"var(--ast-global-color-5)","background-image":"","background-repeat":"repeat","background-position":"center center","background-size":"auto","background-attachment":"scroll","background-type":"","background-media":"","overlay-type":"","overlay-color":"","overlay-gradient":""},"mobile":{"background-color":"var(--ast-global-color-5)","background-image":"","background-repeat":"repeat","background-position":"center center","background-size":"auto","background-attachment":"scroll","background-type":"","background-media":"","overlay-type":"","overlay-color":"","overlay-gradient":""}}},"product_brand":[],"product_cat":[97],"product_tag":[98,67,68],"class_list":{"0":"post-1420","1":"product","2":"type-product","3":"status-publish","4":"has-post-thumbnail","6":"product_cat-bruleurs","7":"product_tag-bruleur","8":"product_tag-fondant","9":"product_tag-fondant-parfume","10":"desktop-align-left","11":"tablet-align-left","12":"mobile-align-left","14":"first","15":"instock","16":"taxable","17":"shipping-taxable","18":"purchasable","19":"product-type-variable"},"yoast_head":"<!-- This site is optimized with the Yoast SEO plugin v22.0 - https:\/\/yoast.com\/wordpress\/plugins\/seo\/ -->\n<title>Mini Br\u00fbleur - C\u0153ur Aux Mains de Velours, Bougies, Del\u00e9mont<\/title>\n<meta name=\"description\" content=\"D\u00e9couvrez nos br\u00fbleurs - p\u00e9tales. Parfait pour une utilisation avec nos fondants parfum\u00e9s ou nos fondants aux huiles essentielles.\" \/>\n<meta name=\"robots\" content=\"index, follow, max-snippet:-1, max-image-preview:large, max-video-preview:-1\" \/>\n<link rel=\"canonical\" href=\"https:\/\/auxmainsdevelours.ch\/index.php\/produit\/mini-coeur\/\" \/>\n<meta property=\"og:locale\" content=\"fr_FR\" \/>\n<meta property=\"og:type\" content=\"article\" \/>\n<meta property=\"og:title\" content=\"Mini Br\u00fbleur - C\u0153ur Aux Mains de Velours, Bougies, Del\u00e9mont\" \/>\n<meta property=\"og:description\" content=\"D\u00e9couvrez nos br\u00fbleurs - p\u00e9tales. Parfait pour une utilisation avec nos fondants parfum\u00e9s ou nos fondants aux huiles essentielles.\" \/>\n<meta property=\"og:url\" content=\"https:\/\/auxmainsdevelours.ch\/index.php\/produit\/mini-coeur\/\" \/>\n<meta property=\"og:site_name\" content=\"Aux Mains de Velours, Bougies, Del\u00e9mont\" \/>\n<meta property=\"article:publisher\" content=\"https:\/\/facebook.com\/auxmainsdevelourssarl\" \/>\n<meta property=\"article:modified_time\" content=\"2025-03-31T11:44:48+00:00\" \/>\n<meta property=\"og:image\" content=\"https:\/\/auxmainsdevelours.ch\/wp-content\/uploads\/2023\/11\/mini-bruleur-coeur.png\" \/>\n\t<meta property=\"og:image:width\" content=\"720\" \/>\n\t<meta property=\"og:image:height\" content=\"466\" \/>\n\t<meta property=\"og:image:type\" content=\"image\/png\" \/>\n<meta name=\"twitter:card\" content=\"summary_large_image\" \/>\n<meta name=\"twitter:label1\" content=\"Dur\u00e9e de lecture estim\u00e9e\" \/>\n\t<meta name=\"twitter:data1\" content=\"2 minutes\" \/>\n<script type=\"application\/ld+json\" class=\"yoast-schema-graph\">{\"@context\":\"https:\/\/schema.org\",\"@graph\":[{\"@type\":\"WebPage\",\"@id\":\"https:\/\/auxmainsdevelours.ch\/index.php\/produit\/mini-coeur\/\",\"url\":\"https:\/\/auxmainsdevelours.ch\/index.php\/produit\/mini-coeur\/\",\"name\":\"Mini Br\u00fbleur - C\u0153ur Aux Mains de Velours, Bougies, Del\u00e9mont\",\"isPartOf\":{\"@id\":\"https:\/\/auxmainsdevelours.ch\/#website\"},\"datePublished\":\"2023-11-27T15:21:09+00:00\",\"dateModified\":\"2025-03-31T11:44:48+00:00\",\"description\":\"D\u00e9couvrez nos br\u00fbleurs - p\u00e9tales. Parfait pour une utilisation avec nos fondants parfum\u00e9s ou nos fondants aux huiles essentielles.\",\"breadcrumb\":{\"@id\":\"https:\/\/auxmainsdevelours.ch\/index.php\/produit\/mini-coeur\/#breadcrumb\"},\"inLanguage\":\"fr-FR\",\"potentialAction\":[{\"@type\":\"ReadAction\",\"target\":[\"https:\/\/auxmainsdevelours.ch\/index.php\/produit\/mini-coeur\/\"]}]},{\"@type\":\"BreadcrumbList\",\"@id\":\"https:\/\/auxmainsdevelours.ch\/index.php\/produit\/mini-coeur\/#breadcrumb\",\"itemListElement\":[{\"@type\":\"ListItem\",\"position\":1,\"name\":\"Accueil\",\"item\":\"https:\/\/auxmainsdevelours.ch\/\"},{\"@type\":\"ListItem\",\"position\":2,\"name\":\"Boutique\",\"item\":\"https:\/\/auxmainsdevelours.ch\/index.php\/boutique\/\"},{\"@type\":\"ListItem\",\"position\":3,\"name\":\"Mini Br\u00fbleur &#8211; C\u0153ur\"}]},{\"@type\":\"WebSite\",\"@id\":\"https:\/\/auxmainsdevelours.ch\/#website\",\"url\":\"https:\/\/auxmainsdevelours.ch\/\",\"name\":\"auxmainsdevelours.ch\",\"description\":\"Fait avec le coeur, pour vous \u2665\",\"publisher\":{\"@id\":\"https:\/\/auxmainsdevelours.ch\/#organization\"},\"potentialAction\":[{\"@type\":\"SearchAction\",\"target\":{\"@type\":\"EntryPoint\",\"urlTemplate\":\"https:\/\/auxmainsdevelours.ch\/?s={search_term_string}\"},\"query-input\":\"required name=search_term_string\"}],\"inLanguage\":\"fr-FR\"},{\"@type\":\"Organization\",\"@id\":\"https:\/\/auxmainsdevelours.ch\/#organization\",\"name\":\"Aux Mains de Velours S\u00e0rl\",\"url\":\"https:\/\/auxmainsdevelours.ch\/\",\"logo\":{\"@type\":\"ImageObject\",\"inLanguage\":\"fr-FR\",\"@id\":\"https:\/\/auxmainsdevelours.ch\/#\/schema\/logo\/image\/\",\"url\":\"https:\/\/auxmainsdevelours.ch\/wp-content\/uploads\/2022\/11\/WhatsApp-Image-2022-10-30-at-17.33.46.jpeg\",\"contentUrl\":\"https:\/\/auxmainsdevelours.ch\/wp-content\/uploads\/2022\/11\/WhatsApp-Image-2022-10-30-at-17.33.46.jpeg\",\"width\":2048,\"height\":2048,\"caption\":\"Aux Mains de Velours S\u00e0rl\"},\"image\":{\"@id\":\"https:\/\/auxmainsdevelours.ch\/#\/schema\/logo\/image\/\"},\"sameAs\":[\"https:\/\/facebook.com\/auxmainsdevelourssarl\",\"https:\/\/www.instagram.com\/auxmainsdevelours\/\"]}]}<\/script>\n<!-- \/ Yoast SEO plugin. -->","yoast_head_json":{"title":"Mini Br\u00fbleur - C\u0153ur Aux Mains de Velours, Bougies, Del\u00e9mont","description":"D\u00e9couvrez nos br\u00fbleurs - p\u00e9tales. Parfait pour une utilisation avec nos fondants parfum\u00e9s ou nos fondants aux huiles essentielles.","robots":{"index":"index","follow":"follow","max-snippet":"max-snippet:-1","max-image-preview":"max-image-preview:large","max-video-preview":"max-video-preview:-1"},"canonical":"https:\/\/auxmainsdevelours.ch\/index.php\/produit\/mini-coeur\/","og_locale":"fr_FR","og_type":"article","og_title":"Mini Br\u00fbleur - C\u0153ur Aux Mains de Velours, Bougies, Del\u00e9mont","og_description":"D\u00e9couvrez nos br\u00fbleurs - p\u00e9tales. Parfait pour une utilisation avec nos fondants parfum\u00e9s ou nos fondants aux huiles essentielles.","og_url":"https:\/\/auxmainsdevelours.ch\/index.php\/produit\/mini-coeur\/","og_site_name":"Aux Mains de Velours, Bougies, Del\u00e9mont","article_publisher":"https:\/\/facebook.com\/auxmainsdevelourssarl","article_modified_time":"2025-03-31T11:44:48+00:00","og_image":[{"width":720,"height":466,"url":"https:\/\/auxmainsdevelours.ch\/wp-content\/uploads\/2023\/11\/mini-bruleur-coeur.png","type":"image\/png"}],"twitter_card":"summary_large_image","twitter_misc":{"Dur\u00e9e de lecture estim\u00e9e":"2 minutes"},"schema":{"@context":"https:\/\/schema.org","@graph":[{"@type":"WebPage","@id":"https:\/\/auxmainsdevelours.ch\/index.php\/produit\/mini-coeur\/","url":"https:\/\/auxmainsdevelours.ch\/index.php\/produit\/mini-coeur\/","name":"Mini Br\u00fbleur - C\u0153ur Aux Mains de Velours, Bougies, Del\u00e9mont","isPartOf":{"@id":"https:\/\/auxmainsdevelours.ch\/#website"},"datePublished":"2023-11-27T15:21:09+00:00","dateModified":"2025-03-31T11:44:48+00:00","description":"D\u00e9couvrez nos br\u00fbleurs - p\u00e9tales. Parfait pour une utilisation avec nos fondants parfum\u00e9s ou nos fondants aux huiles essentielles.","breadcrumb":{"@id":"https:\/\/auxmainsdevelours.ch\/index.php\/produit\/mini-coeur\/#breadcrumb"},"inLanguage":"fr-FR","potentialAction":[{"@type":"ReadAction","target":["https:\/\/auxmainsdevelours.ch\/index.php\/produit\/mini-coeur\/"]}]},{"@type":"BreadcrumbList","@id":"https:\/\/auxmainsdevelours.ch\/index.php\/produit\/mini-coeur\/#breadcrumb","itemListElement":[{"@type":"ListItem","position":1,"name":"Accueil","item":"https:\/\/auxmainsdevelours.ch\/"},{"@type":"ListItem","position":2,"name":"Boutique","item":"https:\/\/auxmainsdevelours.ch\/index.php\/boutique\/"},{"@type":"ListItem","position":3,"name":"Mini Br\u00fbleur &#8211; C\u0153ur"}]},{"@type":"WebSite","@id":"https:\/\/auxmainsdevelours.ch\/#website","url":"https:\/\/auxmainsdevelours.ch\/","name":"auxmainsdevelours.ch","description":"Fait avec le coeur, pour vous \u2665","publisher":{"@id":"https:\/\/auxmainsdevelours.ch\/#organization"},"potentialAction":[{"@type":"SearchAction","target":{"@type":"EntryPoint","urlTemplate":"https:\/\/auxmainsdevelours.ch\/?s={search_term_string}"},"query-input":"required name=search_term_string"}],"inLanguage":"fr-FR"},{"@type":"Organization","@id":"https:\/\/auxmainsdevelours.ch\/#organization","name":"Aux Mains de Velours S\u00e0rl","url":"https:\/\/auxmainsdevelours.ch\/","logo":{"@type":"ImageObject","inLanguage":"fr-FR","@id":"https:\/\/auxmainsdevelours.ch\/#\/schema\/logo\/image\/","url":"https:\/\/auxmainsdevelours.ch\/wp-content\/uploads\/2022\/11\/WhatsApp-Image-2022-10-30-at-17.33.46.jpeg","contentUrl":"https:\/\/auxmainsdevelours.ch\/wp-content\/uploads\/2022\/11\/WhatsApp-Image-2022-10-30-at-17.33.46.jpeg","width":2048,"height":2048,"caption":"Aux Mains de Velours S\u00e0rl"},"image":{"@id":"https:\/\/auxmainsdevelours.ch\/#\/schema\/logo\/image\/"},"sameAs":["https:\/\/facebook.com\/auxmainsdevelourssarl","https:\/\/www.instagram.com\/auxmainsdevelours\/"]}]}},"_links":{"self":[{"href":"https:\/\/auxmainsdevelours.ch\/index.php\/wp-json\/wp\/v2\/product\/1420","targetHints":{"allow":["GET"]}}],"collection":[{"href":"https:\/\/auxmainsdevelours.ch\/index.php\/wp-json\/wp\/v2\/product"}],"about":[{"href":"https:\/\/auxmainsdevelours.ch\/index.php\/wp-json\/wp\/v2\/types\/product"}],"replies":[{"embeddable":true,"href":"https:\/\/auxmainsdevelours.ch\/index.php\/wp-json\/wp\/v2\/comments?post=1420"}],"wp:featuredmedia":[{"embeddable":true,"href":"https:\/\/auxmainsdevelours.ch\/index.php\/wp-json\/wp\/v2\/media\/1425"}],"wp:attachment":[{"href":"https:\/\/auxmainsdevelours.ch\/index.php\/wp-json\/wp\/v2\/media?parent=1420"}],"wp:term":[{"taxonomy":"product_brand","embeddable":true,"href":"https:\/\/auxmainsdevelours.ch\/index.php\/wp-json\/wp\/v2\/product_brand?post=1420"},{"taxonomy":"product_cat","embeddable":true,"href":"https:\/\/auxmainsdevelours.ch\/index.php\/wp-json\/wp\/v2\/product_cat?post=1420"},{"taxonomy":"product_tag","embeddable":true,"href":"https:\/\/auxmainsdevelours.ch\/index.php\/wp-json\/wp\/v2\/product_tag?post=1420"}],"curies":[{"name":"wp","href":"https:\/\/api.w.org\/{rel}","templated":true}]}}