{"id":1130,"date":"2023-05-25T20:39:05","date_gmt":"2023-05-25T18:39:05","guid":{"rendered":"https:\/\/auxmainsdevelours.ch\/?post_type=product&#038;p=1130"},"modified":"2025-07-03T15:10:33","modified_gmt":"2025-07-03T13:10:33","slug":"fondant-parfume-caresse-de-coton","status":"publish","type":"product","link":"https:\/\/auxmainsdevelours.ch\/index.php\/produit\/fondant-parfume-caresse-de-coton\/","title":{"rendered":"Fondant parfum\u00e9 &#8211; Caresse de Coton"},"content":{"rendered":"<h2>Fondant parfum\u00e9 &#8211; Caresse de Coton<\/h2>\n<p>D\u00e9couvrez le fondant parfum\u00e9 &#8211; Caresse de Coton.<\/p>\n<p><em>\u00ab\u00a0L&rsquo;ar\u00f4me d\u00e9licat de la lessive envahit l&rsquo;air, cr\u00e9ant un cocon de douceur et de tranquillit\u00e9 o\u00f9 les soucis se dissipent et laissent place \u00e0 la s\u00e9r\u00e9nit\u00e9.\u00a0\u00bb<\/em><\/p>\n<p>&nbsp;<\/p>\n<h3>Un fondant ? Kesako ?<\/h3>\n<p>Un fondant parfum\u00e9 est un petit cube de cire utilis\u00e9 pour parfumer votre maison. Il est fabriqu\u00e9 \u00e0 partir de cire v\u00e9g\u00e9tale, m\u00e9lang\u00e9e \u00e0 des huiles essentielles ou des fragrances. Ceci afin de cr\u00e9er une odeur agr\u00e9able et durable.<\/p>\n<p>Pour utiliser un fondant parfum\u00e9, vous avez besoin d&rsquo;un br\u00fbleur de cire sp\u00e9cialement con\u00e7u pour chauffer le fondant et diffuser le parfum dans l&rsquo;air. Pour l&rsquo;utiliser, il vous suffit de placer le fondant dans la coupelle de votre br\u00fbleur et d&rsquo;allumer une bougie. La chaleur du br\u00fbleur fera fondre la cire parfum\u00e9e, lib\u00e9rant ainsi son parfum dans votre maison.<\/p>\n<p>Les fondants parfum\u00e9s offrent de nombreux avantages par rapport aux bougies parfum\u00e9es traditionnelles. Ils sont plus durables que les bougies, car une fois que la cire fondue est refroidie, vous pouvez la r\u00e9utiliser plusieurs fois avant de la remplacer.<\/p>\n<p>&nbsp;<\/p>\n<h3>Nos mati\u00e8res premi\u00e8res &#8211; La cire v\u00e9g\u00e9tale<\/h3>\n<div class=\"flex-1 overflow-hidden\">\n<div class=\"react-scroll-to-bottom--css-sjull-79elbk h-full dark:bg-gray-800\">\n<div class=\"react-scroll-to-bottom--css-sjull-1n7m0yu\">\n<div class=\"flex flex-col items-center text-sm dark:bg-gray-800\">\n<div class=\"group w-full text-gray-800 dark:text-gray-100 border-b border-black\/10 dark:border-gray-900\/50 bg-gray-50 dark:bg-[#444654]\">\n<div class=\"text-base gap-4 md:gap-6 md:max-w-2xl lg:max-w-xl xl:max-w-3xl p-4 md:py-6 flex lg:px-0 m-auto\">\n<div class=\"relative flex w-[calc(100%-50px)] flex-col gap-1 md:gap-3 lg:w-[calc(100%-115px)]\">\n<div class=\"flex flex-grow flex-col gap-3\">\n<div class=\"min-h-[20px] flex flex-col items-start gap-4 whitespace-pre-wrap break-words\">\n<div class=\"markdown prose w-full break-words dark:prose-invert light\">\n<p>La cire v\u00e9g\u00e9tale est une alternative naturelle et durable \u00e0 la cire traditionnelle, largement utilis\u00e9e dans la production de bougies et autres produits cosm\u00e9tiques. Elle est obtenue \u00e0 partir de mati\u00e8res premi\u00e8res renouvelables, telles que la cire de soja, la cire d&rsquo;abeille ou encore la cire d&rsquo;olive.<\/p>\n<p>La cire v\u00e9g\u00e9tale pr\u00e9sente de nombreux avantages par rapport \u00e0 la cire traditionnelle. Elle br\u00fble plus lentement, ce qui signifie que les bougies fabriqu\u00e9es \u00e0 partir de cette cire ont une dur\u00e9e de vie plus longue. Et offrent une meilleure diffusion des fragrances. Elle est \u00e9galement biod\u00e9gradable, ce qui la rend plus respectueuse de l&rsquo;environnement et plus saine pour les personnes qui l&rsquo;utilisent. De plus, elle est souvent utilis\u00e9e dans des productions artisanales. Garantissant ainsi une qualit\u00e9 sup\u00e9rieure et une s\u00e9lection de fragrances plus originales et exclusives.<\/p>\n<p>La cire v\u00e9g\u00e9tale est donc une alternative \u00e9cologique et qualitative \u00e0 la cire traditionnelle. Elle r\u00e9pond aux attentes d&rsquo;une client\u00e8le de plus en plus sensible aux enjeux environnementaux et de sant\u00e9.<\/p>\n<\/div>\n<p>D\u00e9couvrez nos bougies, faites avec de la cire v\u00e9g\u00e9tale <a href=\"https:\/\/auxmainsdevelours.ch\/index.php\/categorie-produit\/bougies\/\">ici<\/a>.<\/p>\n<\/div>\n<\/div>\n<\/div>\n<\/div>\n<\/div>\n<\/div>\n<p>&nbsp;<\/p>\n<\/div>\n<\/div>\n<\/div>\n","protected":false},"excerpt":{"rendered":"<p><!--more-->Fondant parfum\u00e9 &#8211; Caresse de Coton<\/p>\n<p>Fleur : +\/- 22g<br \/>\nP\u00e2querette : +\/- 17g<\/p>\n<p>&nbsp;<\/p>\n<p>Notes de t\u00eate : Ald\u00e9hyde, eau de concombre, feuilles de violette<\/p>\n<p>Notes de c\u0153ur : Jasmin indien, c\u0153ur de pivoine, p\u00e9tales d&rsquo;Ylang-Ylang<\/p>\n<p>Notes de fond : H\u00e9liotrope, copeaux de bois de Santal, muscs blancs<\/p>\n<p>Sans phtalate, sans CMR, fabrication Suisse<\/p>\n","protected":false},"featured_media":2212,"comment_status":"open","ping_status":"closed","template":"","meta":{"site-sidebar-layout":"default","site-content-layout":"default","ast-site-content-layout":"default","site-content-style":"default","site-sidebar-style":"default","ast-global-header-display":"","ast-banner-title-visibility":"","ast-main-header-display":"","ast-hfb-above-header-display":"","ast-hfb-below-header-display":"","ast-hfb-mobile-header-display":"","site-post-title":"","ast-breadcrumbs-content":"","ast-featured-img":"","footer-sml-layout":"","theme-transparent-header-meta":"default","adv-header-id-meta":"","stick-header-meta":"","header-above-stick-meta":"","header-main-stick-meta":"","header-below-stick-meta":"","astra-migrate-meta-layouts":"set","ast-page-background-enabled":"default","ast-page-background-meta":{"desktop":{"background-color":"var(--ast-global-color-4)","background-image":"","background-repeat":"repeat","background-position":"center center","background-size":"auto","background-attachment":"scroll","background-type":"","background-media":"","overlay-type":"","overlay-color":"","overlay-gradient":""},"tablet":{"background-color":"","background-image":"","background-repeat":"repeat","background-position":"center center","background-size":"auto","background-attachment":"scroll","background-type":"","background-media":"","overlay-type":"","overlay-color":"","overlay-gradient":""},"mobile":{"background-color":"","background-image":"","background-repeat":"repeat","background-position":"center center","background-size":"auto","background-attachment":"scroll","background-type":"","background-media":"","overlay-type":"","overlay-color":"","overlay-gradient":""}},"ast-content-background-meta":{"desktop":{"background-color":"var(--ast-global-color-5)","background-image":"","background-repeat":"repeat","background-position":"center center","background-size":"auto","background-attachment":"scroll","background-type":"","background-media":"","overlay-type":"","overlay-color":"","overlay-gradient":""},"tablet":{"background-color":"var(--ast-global-color-5)","background-image":"","background-repeat":"repeat","background-position":"center center","background-size":"auto","background-attachment":"scroll","background-type":"","background-media":"","overlay-type":"","overlay-color":"","overlay-gradient":""},"mobile":{"background-color":"var(--ast-global-color-5)","background-image":"","background-repeat":"repeat","background-position":"center center","background-size":"auto","background-attachment":"scroll","background-type":"","background-media":"","overlay-type":"","overlay-color":"","overlay-gradient":""}}},"product_brand":[],"product_cat":[111,66],"product_tag":[67,68],"class_list":{"0":"post-1130","1":"product","2":"type-product","3":"status-publish","4":"has-post-thumbnail","6":"product_cat-fondants","7":"product_cat-fondants-parfumes","8":"product_tag-fondant","9":"product_tag-fondant-parfume","10":"desktop-align-left","11":"tablet-align-left","12":"mobile-align-left","14":"first","15":"instock","16":"taxable","17":"shipping-taxable","18":"purchasable","19":"product-type-variable"},"yoast_head":"<!-- This site is optimized with the Yoast SEO plugin v22.0 - https:\/\/yoast.com\/wordpress\/plugins\/seo\/ -->\n<title>Fondant parfum\u00e9 - Caresse de Coton Aux Mains de Velours, Bougies, Del\u00e9mont<\/title>\n<meta name=\"description\" content=\"D\u00e9couvrez nos fondants parfum\u00e9s - Caresse de Coton. L&#039;ar\u00f4me d\u00e9licat de la lessive envahit l&#039;air, cr\u00e9ant un cocon de douceur et de tranquillit\u00e9.\" \/>\n<meta name=\"robots\" content=\"index, follow, max-snippet:-1, max-image-preview:large, max-video-preview:-1\" \/>\n<link rel=\"canonical\" href=\"https:\/\/auxmainsdevelours.ch\/index.php\/produit\/fondant-parfume-caresse-de-coton\/\" \/>\n<meta property=\"og:locale\" content=\"fr_FR\" \/>\n<meta property=\"og:type\" content=\"article\" \/>\n<meta property=\"og:title\" content=\"Fondant parfum\u00e9 - Caresse de Coton Aux Mains de Velours, Bougies, Del\u00e9mont\" \/>\n<meta property=\"og:description\" content=\"D\u00e9couvrez nos fondants parfum\u00e9s - Caresse de Coton. L&#039;ar\u00f4me d\u00e9licat de la lessive envahit l&#039;air, cr\u00e9ant un cocon de douceur et de tranquillit\u00e9.\" \/>\n<meta property=\"og:url\" content=\"https:\/\/auxmainsdevelours.ch\/index.php\/produit\/fondant-parfume-caresse-de-coton\/\" \/>\n<meta property=\"og:site_name\" content=\"Aux Mains de Velours, Bougies, Del\u00e9mont\" \/>\n<meta property=\"article:publisher\" content=\"https:\/\/facebook.com\/auxmainsdevelourssarl\" \/>\n<meta property=\"article:modified_time\" content=\"2025-07-03T13:10:33+00:00\" \/>\n<meta property=\"og:image\" content=\"https:\/\/auxmainsdevelours.ch\/wp-content\/uploads\/2023\/05\/Fondant-parfume-Caresse-de-coton.png\" \/>\n\t<meta property=\"og:image:width\" content=\"1080\" \/>\n\t<meta property=\"og:image:height\" content=\"1080\" \/>\n\t<meta property=\"og:image:type\" content=\"image\/png\" \/>\n<meta name=\"twitter:card\" content=\"summary_large_image\" \/>\n<meta name=\"twitter:label1\" content=\"Dur\u00e9e de lecture estim\u00e9e\" \/>\n\t<meta name=\"twitter:data1\" content=\"3 minutes\" \/>\n<script type=\"application\/ld+json\" class=\"yoast-schema-graph\">{\"@context\":\"https:\/\/schema.org\",\"@graph\":[{\"@type\":\"WebPage\",\"@id\":\"https:\/\/auxmainsdevelours.ch\/index.php\/produit\/fondant-parfume-caresse-de-coton\/\",\"url\":\"https:\/\/auxmainsdevelours.ch\/index.php\/produit\/fondant-parfume-caresse-de-coton\/\",\"name\":\"Fondant parfum\u00e9 - Caresse de Coton Aux Mains de Velours, Bougies, Del\u00e9mont\",\"isPartOf\":{\"@id\":\"https:\/\/auxmainsdevelours.ch\/#website\"},\"datePublished\":\"2023-05-25T18:39:05+00:00\",\"dateModified\":\"2025-07-03T13:10:33+00:00\",\"description\":\"D\u00e9couvrez nos fondants parfum\u00e9s - Caresse de Coton. L'ar\u00f4me d\u00e9licat de la lessive envahit l'air, cr\u00e9ant un cocon de douceur et de tranquillit\u00e9.\",\"breadcrumb\":{\"@id\":\"https:\/\/auxmainsdevelours.ch\/index.php\/produit\/fondant-parfume-caresse-de-coton\/#breadcrumb\"},\"inLanguage\":\"fr-FR\",\"potentialAction\":[{\"@type\":\"ReadAction\",\"target\":[\"https:\/\/auxmainsdevelours.ch\/index.php\/produit\/fondant-parfume-caresse-de-coton\/\"]}]},{\"@type\":\"BreadcrumbList\",\"@id\":\"https:\/\/auxmainsdevelours.ch\/index.php\/produit\/fondant-parfume-caresse-de-coton\/#breadcrumb\",\"itemListElement\":[{\"@type\":\"ListItem\",\"position\":1,\"name\":\"Accueil\",\"item\":\"https:\/\/auxmainsdevelours.ch\/\"},{\"@type\":\"ListItem\",\"position\":2,\"name\":\"Boutique\",\"item\":\"https:\/\/auxmainsdevelours.ch\/index.php\/boutique\/\"},{\"@type\":\"ListItem\",\"position\":3,\"name\":\"Fondant parfum\u00e9 &#8211; Caresse de Coton\"}]},{\"@type\":\"WebSite\",\"@id\":\"https:\/\/auxmainsdevelours.ch\/#website\",\"url\":\"https:\/\/auxmainsdevelours.ch\/\",\"name\":\"auxmainsdevelours.ch\",\"description\":\"Fait avec le coeur, pour vous \u2665\",\"publisher\":{\"@id\":\"https:\/\/auxmainsdevelours.ch\/#organization\"},\"potentialAction\":[{\"@type\":\"SearchAction\",\"target\":{\"@type\":\"EntryPoint\",\"urlTemplate\":\"https:\/\/auxmainsdevelours.ch\/?s={search_term_string}\"},\"query-input\":\"required name=search_term_string\"}],\"inLanguage\":\"fr-FR\"},{\"@type\":\"Organization\",\"@id\":\"https:\/\/auxmainsdevelours.ch\/#organization\",\"name\":\"Aux Mains de Velours S\u00e0rl\",\"url\":\"https:\/\/auxmainsdevelours.ch\/\",\"logo\":{\"@type\":\"ImageObject\",\"inLanguage\":\"fr-FR\",\"@id\":\"https:\/\/auxmainsdevelours.ch\/#\/schema\/logo\/image\/\",\"url\":\"https:\/\/auxmainsdevelours.ch\/wp-content\/uploads\/2022\/11\/WhatsApp-Image-2022-10-30-at-17.33.46.jpeg\",\"contentUrl\":\"https:\/\/auxmainsdevelours.ch\/wp-content\/uploads\/2022\/11\/WhatsApp-Image-2022-10-30-at-17.33.46.jpeg\",\"width\":2048,\"height\":2048,\"caption\":\"Aux Mains de Velours S\u00e0rl\"},\"image\":{\"@id\":\"https:\/\/auxmainsdevelours.ch\/#\/schema\/logo\/image\/\"},\"sameAs\":[\"https:\/\/facebook.com\/auxmainsdevelourssarl\",\"https:\/\/www.instagram.com\/auxmainsdevelours\/\"]}]}<\/script>\n<!-- \/ Yoast SEO plugin. -->","yoast_head_json":{"title":"Fondant parfum\u00e9 - Caresse de Coton Aux Mains de Velours, Bougies, Del\u00e9mont","description":"D\u00e9couvrez nos fondants parfum\u00e9s - Caresse de Coton. L'ar\u00f4me d\u00e9licat de la lessive envahit l'air, cr\u00e9ant un cocon de douceur et de tranquillit\u00e9.","robots":{"index":"index","follow":"follow","max-snippet":"max-snippet:-1","max-image-preview":"max-image-preview:large","max-video-preview":"max-video-preview:-1"},"canonical":"https:\/\/auxmainsdevelours.ch\/index.php\/produit\/fondant-parfume-caresse-de-coton\/","og_locale":"fr_FR","og_type":"article","og_title":"Fondant parfum\u00e9 - Caresse de Coton Aux Mains de Velours, Bougies, Del\u00e9mont","og_description":"D\u00e9couvrez nos fondants parfum\u00e9s - Caresse de Coton. L'ar\u00f4me d\u00e9licat de la lessive envahit l'air, cr\u00e9ant un cocon de douceur et de tranquillit\u00e9.","og_url":"https:\/\/auxmainsdevelours.ch\/index.php\/produit\/fondant-parfume-caresse-de-coton\/","og_site_name":"Aux Mains de Velours, Bougies, Del\u00e9mont","article_publisher":"https:\/\/facebook.com\/auxmainsdevelourssarl","article_modified_time":"2025-07-03T13:10:33+00:00","og_image":[{"width":1080,"height":1080,"url":"https:\/\/auxmainsdevelours.ch\/wp-content\/uploads\/2023\/05\/Fondant-parfume-Caresse-de-coton.png","type":"image\/png"}],"twitter_card":"summary_large_image","twitter_misc":{"Dur\u00e9e de lecture estim\u00e9e":"3 minutes"},"schema":{"@context":"https:\/\/schema.org","@graph":[{"@type":"WebPage","@id":"https:\/\/auxmainsdevelours.ch\/index.php\/produit\/fondant-parfume-caresse-de-coton\/","url":"https:\/\/auxmainsdevelours.ch\/index.php\/produit\/fondant-parfume-caresse-de-coton\/","name":"Fondant parfum\u00e9 - Caresse de Coton Aux Mains de Velours, Bougies, Del\u00e9mont","isPartOf":{"@id":"https:\/\/auxmainsdevelours.ch\/#website"},"datePublished":"2023-05-25T18:39:05+00:00","dateModified":"2025-07-03T13:10:33+00:00","description":"D\u00e9couvrez nos fondants parfum\u00e9s - Caresse de Coton. L'ar\u00f4me d\u00e9licat de la lessive envahit l'air, cr\u00e9ant un cocon de douceur et de tranquillit\u00e9.","breadcrumb":{"@id":"https:\/\/auxmainsdevelours.ch\/index.php\/produit\/fondant-parfume-caresse-de-coton\/#breadcrumb"},"inLanguage":"fr-FR","potentialAction":[{"@type":"ReadAction","target":["https:\/\/auxmainsdevelours.ch\/index.php\/produit\/fondant-parfume-caresse-de-coton\/"]}]},{"@type":"BreadcrumbList","@id":"https:\/\/auxmainsdevelours.ch\/index.php\/produit\/fondant-parfume-caresse-de-coton\/#breadcrumb","itemListElement":[{"@type":"ListItem","position":1,"name":"Accueil","item":"https:\/\/auxmainsdevelours.ch\/"},{"@type":"ListItem","position":2,"name":"Boutique","item":"https:\/\/auxmainsdevelours.ch\/index.php\/boutique\/"},{"@type":"ListItem","position":3,"name":"Fondant parfum\u00e9 &#8211; Caresse de Coton"}]},{"@type":"WebSite","@id":"https:\/\/auxmainsdevelours.ch\/#website","url":"https:\/\/auxmainsdevelours.ch\/","name":"auxmainsdevelours.ch","description":"Fait avec le coeur, pour vous \u2665","publisher":{"@id":"https:\/\/auxmainsdevelours.ch\/#organization"},"potentialAction":[{"@type":"SearchAction","target":{"@type":"EntryPoint","urlTemplate":"https:\/\/auxmainsdevelours.ch\/?s={search_term_string}"},"query-input":"required name=search_term_string"}],"inLanguage":"fr-FR"},{"@type":"Organization","@id":"https:\/\/auxmainsdevelours.ch\/#organization","name":"Aux Mains de Velours S\u00e0rl","url":"https:\/\/auxmainsdevelours.ch\/","logo":{"@type":"ImageObject","inLanguage":"fr-FR","@id":"https:\/\/auxmainsdevelours.ch\/#\/schema\/logo\/image\/","url":"https:\/\/auxmainsdevelours.ch\/wp-content\/uploads\/2022\/11\/WhatsApp-Image-2022-10-30-at-17.33.46.jpeg","contentUrl":"https:\/\/auxmainsdevelours.ch\/wp-content\/uploads\/2022\/11\/WhatsApp-Image-2022-10-30-at-17.33.46.jpeg","width":2048,"height":2048,"caption":"Aux Mains de Velours S\u00e0rl"},"image":{"@id":"https:\/\/auxmainsdevelours.ch\/#\/schema\/logo\/image\/"},"sameAs":["https:\/\/facebook.com\/auxmainsdevelourssarl","https:\/\/www.instagram.com\/auxmainsdevelours\/"]}]}},"_links":{"self":[{"href":"https:\/\/auxmainsdevelours.ch\/index.php\/wp-json\/wp\/v2\/product\/1130","targetHints":{"allow":["GET"]}}],"collection":[{"href":"https:\/\/auxmainsdevelours.ch\/index.php\/wp-json\/wp\/v2\/product"}],"about":[{"href":"https:\/\/auxmainsdevelours.ch\/index.php\/wp-json\/wp\/v2\/types\/product"}],"replies":[{"embeddable":true,"href":"https:\/\/auxmainsdevelours.ch\/index.php\/wp-json\/wp\/v2\/comments?post=1130"}],"wp:featuredmedia":[{"embeddable":true,"href":"https:\/\/auxmainsdevelours.ch\/index.php\/wp-json\/wp\/v2\/media\/2212"}],"wp:attachment":[{"href":"https:\/\/auxmainsdevelours.ch\/index.php\/wp-json\/wp\/v2\/media?parent=1130"}],"wp:term":[{"taxonomy":"product_brand","embeddable":true,"href":"https:\/\/auxmainsdevelours.ch\/index.php\/wp-json\/wp\/v2\/product_brand?post=1130"},{"taxonomy":"product_cat","embeddable":true,"href":"https:\/\/auxmainsdevelours.ch\/index.php\/wp-json\/wp\/v2\/product_cat?post=1130"},{"taxonomy":"product_tag","embeddable":true,"href":"https:\/\/auxmainsdevelours.ch\/index.php\/wp-json\/wp\/v2\/product_tag?post=1130"}],"curies":[{"name":"wp","href":"https:\/\/api.w.org\/{rel}","templated":true}]}}