{"id":1068,"date":"2023-05-08T20:06:44","date_gmt":"2023-05-08T18:06:44","guid":{"rendered":"https:\/\/auxmainsdevelours.ch\/?post_type=product&#038;p=1068"},"modified":"2025-03-31T14:24:13","modified_gmt":"2025-03-31T12:24:13","slug":"fondant-aux-huiles-essentielles-apaisement","status":"publish","type":"product","link":"https:\/\/auxmainsdevelours.ch\/index.php\/produit\/fondant-aux-huiles-essentielles-apaisement\/","title":{"rendered":"Fondant aux huiles essentielles &#8211; Apaisement"},"content":{"rendered":"<h2>Fondant aux huiles essentielles &#8211; Apaisement<\/h2>\n<p>D\u00e9couvrez le fondant aux huiles essentielles &#8211; Apaisement. Celui-ci est compos\u00e9 d&rsquo;huiles essentielles de ylang ylang III.<\/p>\n<p>&nbsp;<\/p>\n<h3>Un fondant ? Kesako ?<\/h3>\n<p>Un fondant parfum\u00e9 est un petit cube de cire utilis\u00e9 pour parfumer votre maison. Il est fabriqu\u00e9 \u00e0 partir de cire v\u00e9g\u00e9tale, m\u00e9lang\u00e9e \u00e0 des huiles essentielles ou des fragrances. Ceci afin de cr\u00e9er une odeur agr\u00e9able et durable.<\/p>\n<p>Pour utiliser un fondant parfum\u00e9, vous avez besoin d&rsquo;un br\u00fbleur de cire sp\u00e9cialement con\u00e7u pour chauffer le fondant et diffuser le parfum dans l&rsquo;air. Pour l&rsquo;utiliser, il vous suffit de placer le fondant dans la coupelle de votre br\u00fbleur et d&rsquo;allumer une bougie. La chaleur du br\u00fbleur fera fondre la cire parfum\u00e9e, lib\u00e9rant ainsi son parfum dans votre maison.<\/p>\n<p>Les fondants parfum\u00e9s offrent de nombreux avantages par rapport aux bougies parfum\u00e9es traditionnelles. Ils sont plus durables que les bougies, car une fois que la cire fondue est refroidie, vous pouvez la r\u00e9utiliser plusieurs fois avant de la remplacer.<\/p>\n<p>&nbsp;<\/p>\n<h2>Le Chakra frontal<\/h2>\n<div class=\"flex-1 overflow-hidden\">\n<div class=\"react-scroll-to-bottom--css-guqou-79elbk h-full dark:bg-gray-800\">\n<div class=\"react-scroll-to-bottom--css-guqou-1n7m0yu\">\n<div class=\"flex flex-col items-center text-sm dark:bg-gray-800\">\n<div class=\"group w-full text-gray-800 dark:text-gray-100 border-b border-black\/10 dark:border-gray-900\/50 bg-gray-50 dark:bg-[#444654]\">\n<div class=\"flex p-4 gap-4 text-base md:gap-6 md:max-w-2xl lg:max-w-xl xl:max-w-3xl md:py-6 lg:px-0 m-auto\">\n<div class=\"relative flex flex-col w-[calc(100%-50px)] gap-1 md:gap-3 lg:w-[calc(100%-115px)]\">\n<div class=\"flex flex-grow flex-col gap-3\">\n<div class=\"min-h-[20px] flex flex-col items-start gap-4 whitespace-pre-wrap break-words\">\n<div class=\"markdown prose w-full break-words dark:prose-invert light\">\n<p>Le chakra frontal, \u00e9galement appel\u00e9 chakra du troisi\u00e8me \u0153il ou Ajna en sanskrit, est situ\u00e9 au centre du front, entre les sourcils. Il est consid\u00e9r\u00e9 comme le sixi\u00e8me chakra dans la tradition indienne et est souvent repr\u00e9sent\u00e9 par la couleur indigo.<\/p>\n<p>Ce chakra est associ\u00e9 \u00e0 la conscience, la perception, la clairvoyance et l&rsquo;intuition. Lorsqu&rsquo;il est \u00e9quilibr\u00e9, il permet de d\u00e9velopper une meilleure compr\u00e9hension de soi-m\u00eame et du monde qui nous entoure. Il est \u00e9galement associ\u00e9 \u00e0 la capacit\u00e9 de visualisation, de m\u00e9ditation et de concentration.<\/p>\n<p>Cependant, si ce chakra est bloqu\u00e9, cela peut causer des probl\u00e8mes de confusion mentale, d&rsquo;insomnie, de maux de t\u00eate et de troubles de la vision. Pour r\u00e9\u00e9quilibrer le chakra frontal, il est recommand\u00e9 de pratiquer des exercices de m\u00e9ditation, de visualisation, ou de yoga.<\/p>\n<p>Certaines pierres comme l&rsquo;am\u00e9thyste, la sodalite ou encore la fluorite peuvent \u00e9galement aider \u00e0 harmoniser ce chakra. En travaillant sur le chakra frontal, il est possible de d\u00e9velopper une meilleure perception de soi et de son environnement, ainsi qu&rsquo;une plus grande ouverture d&rsquo;esprit et de cr\u00e9ativit\u00e9.<\/p>\n<\/div>\n<\/div>\n<\/div>\n<\/div>\n<\/div>\n<\/div>\n<\/div>\n<\/div>\n<\/div>\n<\/div>\n<p>&nbsp;<\/p>\n","protected":false},"excerpt":{"rendered":"<p>Fondant aux huiles essentielles &#8211; Apaisement<\/p>\n<p>Chakra frontal<\/p>\n<p>Poids : env. 18g<\/p>\n","protected":false},"featured_media":1822,"comment_status":"open","ping_status":"closed","template":"","meta":{"site-sidebar-layout":"default","site-content-layout":"default","ast-site-content-layout":"default","site-content-style":"default","site-sidebar-style":"default","ast-global-header-display":"","ast-banner-title-visibility":"","ast-main-header-display":"","ast-hfb-above-header-display":"","ast-hfb-below-header-display":"","ast-hfb-mobile-header-display":"","site-post-title":"","ast-breadcrumbs-content":"","ast-featured-img":"","footer-sml-layout":"","theme-transparent-header-meta":"default","adv-header-id-meta":"","stick-header-meta":"","header-above-stick-meta":"","header-main-stick-meta":"","header-below-stick-meta":"","astra-migrate-meta-layouts":"set","ast-page-background-enabled":"default","ast-page-background-meta":{"desktop":{"background-color":"var(--ast-global-color-4)","background-image":"","background-repeat":"repeat","background-position":"center center","background-size":"auto","background-attachment":"scroll","background-type":"","background-media":"","overlay-type":"","overlay-color":"","overlay-gradient":""},"tablet":{"background-color":"","background-image":"","background-repeat":"repeat","background-position":"center center","background-size":"auto","background-attachment":"scroll","background-type":"","background-media":"","overlay-type":"","overlay-color":"","overlay-gradient":""},"mobile":{"background-color":"","background-image":"","background-repeat":"repeat","background-position":"center center","background-size":"auto","background-attachment":"scroll","background-type":"","background-media":"","overlay-type":"","overlay-color":"","overlay-gradient":""}},"ast-content-background-meta":{"desktop":{"background-color":"var(--ast-global-color-5)","background-image":"","background-repeat":"repeat","background-position":"center center","background-size":"auto","background-attachment":"scroll","background-type":"","background-media":"","overlay-type":"","overlay-color":"","overlay-gradient":""},"tablet":{"background-color":"var(--ast-global-color-5)","background-image":"","background-repeat":"repeat","background-position":"center center","background-size":"auto","background-attachment":"scroll","background-type":"","background-media":"","overlay-type":"","overlay-color":"","overlay-gradient":""},"mobile":{"background-color":"var(--ast-global-color-5)","background-image":"","background-repeat":"repeat","background-position":"center center","background-size":"auto","background-attachment":"scroll","background-type":"","background-media":"","overlay-type":"","overlay-color":"","overlay-gradient":""}}},"product_brand":[],"product_cat":[111,112],"product_tag":[74,70,75,67,68],"class_list":{"0":"post-1068","1":"product","2":"type-product","3":"status-publish","4":"has-post-thumbnail","6":"product_cat-fondants","7":"product_cat-fondants-huiles-essentielles","8":"product_tag-apaisement","9":"product_tag-chakra","10":"product_tag-chakra-frontal","11":"product_tag-fondant","12":"product_tag-fondant-parfume","13":"desktop-align-left","14":"tablet-align-left","15":"mobile-align-left","17":"first","18":"instock","19":"taxable","20":"shipping-taxable","21":"purchasable","22":"product-type-simple"},"yoast_head":"<!-- This site is optimized with the Yoast SEO plugin v22.0 - https:\/\/yoast.com\/wordpress\/plugins\/seo\/ -->\n<title>Fondant aux huiles essentielles - Apaisement Aux Mains de Velours, Bougies, Del\u00e9mont<\/title>\n<meta name=\"description\" content=\"D\u00e9couvrez nos fondants aux huiles essentielles. Apaisement est un fondant aux huiles essentielles de ylang ylang III. Travaille le chakra frontal.\" \/>\n<meta name=\"robots\" content=\"index, follow, max-snippet:-1, max-image-preview:large, max-video-preview:-1\" \/>\n<link rel=\"canonical\" href=\"https:\/\/auxmainsdevelours.ch\/index.php\/produit\/fondant-aux-huiles-essentielles-apaisement\/\" \/>\n<meta property=\"og:locale\" content=\"fr_FR\" \/>\n<meta property=\"og:type\" content=\"article\" \/>\n<meta property=\"og:title\" content=\"Fondant aux huiles essentielles - Apaisement Aux Mains de Velours, Bougies, Del\u00e9mont\" \/>\n<meta property=\"og:description\" content=\"D\u00e9couvrez nos fondants aux huiles essentielles. Apaisement est un fondant aux huiles essentielles de ylang ylang III. Travaille le chakra frontal.\" \/>\n<meta property=\"og:url\" content=\"https:\/\/auxmainsdevelours.ch\/index.php\/produit\/fondant-aux-huiles-essentielles-apaisement\/\" \/>\n<meta property=\"og:site_name\" content=\"Aux Mains de Velours, Bougies, Del\u00e9mont\" \/>\n<meta property=\"article:publisher\" content=\"https:\/\/facebook.com\/auxmainsdevelourssarl\" \/>\n<meta property=\"article:modified_time\" content=\"2025-03-31T12:24:13+00:00\" \/>\n<meta property=\"og:image\" content=\"https:\/\/auxmainsdevelours.ch\/wp-content\/uploads\/2023\/04\/Apaisement.png\" \/>\n\t<meta property=\"og:image:width\" content=\"1080\" \/>\n\t<meta property=\"og:image:height\" content=\"1080\" \/>\n\t<meta property=\"og:image:type\" content=\"image\/png\" \/>\n<meta name=\"twitter:card\" content=\"summary_large_image\" \/>\n<meta name=\"twitter:label1\" content=\"Dur\u00e9e de lecture estim\u00e9e\" \/>\n\t<meta name=\"twitter:data1\" content=\"2 minutes\" \/>\n<script type=\"application\/ld+json\" class=\"yoast-schema-graph\">{\"@context\":\"https:\/\/schema.org\",\"@graph\":[{\"@type\":\"WebPage\",\"@id\":\"https:\/\/auxmainsdevelours.ch\/index.php\/produit\/fondant-aux-huiles-essentielles-apaisement\/\",\"url\":\"https:\/\/auxmainsdevelours.ch\/index.php\/produit\/fondant-aux-huiles-essentielles-apaisement\/\",\"name\":\"Fondant aux huiles essentielles - Apaisement Aux Mains de Velours, Bougies, Del\u00e9mont\",\"isPartOf\":{\"@id\":\"https:\/\/auxmainsdevelours.ch\/#website\"},\"datePublished\":\"2023-05-08T18:06:44+00:00\",\"dateModified\":\"2025-03-31T12:24:13+00:00\",\"description\":\"D\u00e9couvrez nos fondants aux huiles essentielles. Apaisement est un fondant aux huiles essentielles de ylang ylang III. Travaille le chakra frontal.\",\"breadcrumb\":{\"@id\":\"https:\/\/auxmainsdevelours.ch\/index.php\/produit\/fondant-aux-huiles-essentielles-apaisement\/#breadcrumb\"},\"inLanguage\":\"fr-FR\",\"potentialAction\":[{\"@type\":\"ReadAction\",\"target\":[\"https:\/\/auxmainsdevelours.ch\/index.php\/produit\/fondant-aux-huiles-essentielles-apaisement\/\"]}]},{\"@type\":\"BreadcrumbList\",\"@id\":\"https:\/\/auxmainsdevelours.ch\/index.php\/produit\/fondant-aux-huiles-essentielles-apaisement\/#breadcrumb\",\"itemListElement\":[{\"@type\":\"ListItem\",\"position\":1,\"name\":\"Accueil\",\"item\":\"https:\/\/auxmainsdevelours.ch\/\"},{\"@type\":\"ListItem\",\"position\":2,\"name\":\"Boutique\",\"item\":\"https:\/\/auxmainsdevelours.ch\/index.php\/boutique\/\"},{\"@type\":\"ListItem\",\"position\":3,\"name\":\"Fondant aux huiles essentielles &#8211; Apaisement\"}]},{\"@type\":\"WebSite\",\"@id\":\"https:\/\/auxmainsdevelours.ch\/#website\",\"url\":\"https:\/\/auxmainsdevelours.ch\/\",\"name\":\"auxmainsdevelours.ch\",\"description\":\"Fait avec le coeur, pour vous \u2665\",\"publisher\":{\"@id\":\"https:\/\/auxmainsdevelours.ch\/#organization\"},\"potentialAction\":[{\"@type\":\"SearchAction\",\"target\":{\"@type\":\"EntryPoint\",\"urlTemplate\":\"https:\/\/auxmainsdevelours.ch\/?s={search_term_string}\"},\"query-input\":\"required name=search_term_string\"}],\"inLanguage\":\"fr-FR\"},{\"@type\":\"Organization\",\"@id\":\"https:\/\/auxmainsdevelours.ch\/#organization\",\"name\":\"Aux Mains de Velours S\u00e0rl\",\"url\":\"https:\/\/auxmainsdevelours.ch\/\",\"logo\":{\"@type\":\"ImageObject\",\"inLanguage\":\"fr-FR\",\"@id\":\"https:\/\/auxmainsdevelours.ch\/#\/schema\/logo\/image\/\",\"url\":\"https:\/\/auxmainsdevelours.ch\/wp-content\/uploads\/2022\/11\/WhatsApp-Image-2022-10-30-at-17.33.46.jpeg\",\"contentUrl\":\"https:\/\/auxmainsdevelours.ch\/wp-content\/uploads\/2022\/11\/WhatsApp-Image-2022-10-30-at-17.33.46.jpeg\",\"width\":2048,\"height\":2048,\"caption\":\"Aux Mains de Velours S\u00e0rl\"},\"image\":{\"@id\":\"https:\/\/auxmainsdevelours.ch\/#\/schema\/logo\/image\/\"},\"sameAs\":[\"https:\/\/facebook.com\/auxmainsdevelourssarl\",\"https:\/\/www.instagram.com\/auxmainsdevelours\/\"]}]}<\/script>\n<!-- \/ Yoast SEO plugin. -->","yoast_head_json":{"title":"Fondant aux huiles essentielles - Apaisement Aux Mains de Velours, Bougies, Del\u00e9mont","description":"D\u00e9couvrez nos fondants aux huiles essentielles. Apaisement est un fondant aux huiles essentielles de ylang ylang III. Travaille le chakra frontal.","robots":{"index":"index","follow":"follow","max-snippet":"max-snippet:-1","max-image-preview":"max-image-preview:large","max-video-preview":"max-video-preview:-1"},"canonical":"https:\/\/auxmainsdevelours.ch\/index.php\/produit\/fondant-aux-huiles-essentielles-apaisement\/","og_locale":"fr_FR","og_type":"article","og_title":"Fondant aux huiles essentielles - Apaisement Aux Mains de Velours, Bougies, Del\u00e9mont","og_description":"D\u00e9couvrez nos fondants aux huiles essentielles. Apaisement est un fondant aux huiles essentielles de ylang ylang III. Travaille le chakra frontal.","og_url":"https:\/\/auxmainsdevelours.ch\/index.php\/produit\/fondant-aux-huiles-essentielles-apaisement\/","og_site_name":"Aux Mains de Velours, Bougies, Del\u00e9mont","article_publisher":"https:\/\/facebook.com\/auxmainsdevelourssarl","article_modified_time":"2025-03-31T12:24:13+00:00","og_image":[{"width":1080,"height":1080,"url":"https:\/\/auxmainsdevelours.ch\/wp-content\/uploads\/2023\/04\/Apaisement.png","type":"image\/png"}],"twitter_card":"summary_large_image","twitter_misc":{"Dur\u00e9e de lecture estim\u00e9e":"2 minutes"},"schema":{"@context":"https:\/\/schema.org","@graph":[{"@type":"WebPage","@id":"https:\/\/auxmainsdevelours.ch\/index.php\/produit\/fondant-aux-huiles-essentielles-apaisement\/","url":"https:\/\/auxmainsdevelours.ch\/index.php\/produit\/fondant-aux-huiles-essentielles-apaisement\/","name":"Fondant aux huiles essentielles - Apaisement Aux Mains de Velours, Bougies, Del\u00e9mont","isPartOf":{"@id":"https:\/\/auxmainsdevelours.ch\/#website"},"datePublished":"2023-05-08T18:06:44+00:00","dateModified":"2025-03-31T12:24:13+00:00","description":"D\u00e9couvrez nos fondants aux huiles essentielles. Apaisement est un fondant aux huiles essentielles de ylang ylang III. Travaille le chakra frontal.","breadcrumb":{"@id":"https:\/\/auxmainsdevelours.ch\/index.php\/produit\/fondant-aux-huiles-essentielles-apaisement\/#breadcrumb"},"inLanguage":"fr-FR","potentialAction":[{"@type":"ReadAction","target":["https:\/\/auxmainsdevelours.ch\/index.php\/produit\/fondant-aux-huiles-essentielles-apaisement\/"]}]},{"@type":"BreadcrumbList","@id":"https:\/\/auxmainsdevelours.ch\/index.php\/produit\/fondant-aux-huiles-essentielles-apaisement\/#breadcrumb","itemListElement":[{"@type":"ListItem","position":1,"name":"Accueil","item":"https:\/\/auxmainsdevelours.ch\/"},{"@type":"ListItem","position":2,"name":"Boutique","item":"https:\/\/auxmainsdevelours.ch\/index.php\/boutique\/"},{"@type":"ListItem","position":3,"name":"Fondant aux huiles essentielles &#8211; Apaisement"}]},{"@type":"WebSite","@id":"https:\/\/auxmainsdevelours.ch\/#website","url":"https:\/\/auxmainsdevelours.ch\/","name":"auxmainsdevelours.ch","description":"Fait avec le coeur, pour vous \u2665","publisher":{"@id":"https:\/\/auxmainsdevelours.ch\/#organization"},"potentialAction":[{"@type":"SearchAction","target":{"@type":"EntryPoint","urlTemplate":"https:\/\/auxmainsdevelours.ch\/?s={search_term_string}"},"query-input":"required name=search_term_string"}],"inLanguage":"fr-FR"},{"@type":"Organization","@id":"https:\/\/auxmainsdevelours.ch\/#organization","name":"Aux Mains de Velours S\u00e0rl","url":"https:\/\/auxmainsdevelours.ch\/","logo":{"@type":"ImageObject","inLanguage":"fr-FR","@id":"https:\/\/auxmainsdevelours.ch\/#\/schema\/logo\/image\/","url":"https:\/\/auxmainsdevelours.ch\/wp-content\/uploads\/2022\/11\/WhatsApp-Image-2022-10-30-at-17.33.46.jpeg","contentUrl":"https:\/\/auxmainsdevelours.ch\/wp-content\/uploads\/2022\/11\/WhatsApp-Image-2022-10-30-at-17.33.46.jpeg","width":2048,"height":2048,"caption":"Aux Mains de Velours S\u00e0rl"},"image":{"@id":"https:\/\/auxmainsdevelours.ch\/#\/schema\/logo\/image\/"},"sameAs":["https:\/\/facebook.com\/auxmainsdevelourssarl","https:\/\/www.instagram.com\/auxmainsdevelours\/"]}]}},"_links":{"self":[{"href":"https:\/\/auxmainsdevelours.ch\/index.php\/wp-json\/wp\/v2\/product\/1068","targetHints":{"allow":["GET"]}}],"collection":[{"href":"https:\/\/auxmainsdevelours.ch\/index.php\/wp-json\/wp\/v2\/product"}],"about":[{"href":"https:\/\/auxmainsdevelours.ch\/index.php\/wp-json\/wp\/v2\/types\/product"}],"replies":[{"embeddable":true,"href":"https:\/\/auxmainsdevelours.ch\/index.php\/wp-json\/wp\/v2\/comments?post=1068"}],"wp:featuredmedia":[{"embeddable":true,"href":"https:\/\/auxmainsdevelours.ch\/index.php\/wp-json\/wp\/v2\/media\/1822"}],"wp:attachment":[{"href":"https:\/\/auxmainsdevelours.ch\/index.php\/wp-json\/wp\/v2\/media?parent=1068"}],"wp:term":[{"taxonomy":"product_brand","embeddable":true,"href":"https:\/\/auxmainsdevelours.ch\/index.php\/wp-json\/wp\/v2\/product_brand?post=1068"},{"taxonomy":"product_cat","embeddable":true,"href":"https:\/\/auxmainsdevelours.ch\/index.php\/wp-json\/wp\/v2\/product_cat?post=1068"},{"taxonomy":"product_tag","embeddable":true,"href":"https:\/\/auxmainsdevelours.ch\/index.php\/wp-json\/wp\/v2\/product_tag?post=1068"}],"curies":[{"name":"wp","href":"https:\/\/api.w.org\/{rel}","templated":true}]}}