{"id":1034,"date":"2023-04-30T17:55:48","date_gmt":"2023-04-30T15:55:48","guid":{"rendered":"https:\/\/auxmainsdevelours.ch\/?post_type=product&#038;p=1034"},"modified":"2025-05-15T11:14:55","modified_gmt":"2025-05-15T09:14:55","slug":"fondant-aux-huiles-essentielles-harmonie","status":"publish","type":"product","link":"https:\/\/auxmainsdevelours.ch\/index.php\/produit\/fondant-aux-huiles-essentielles-harmonie\/","title":{"rendered":"Fondant aux huiles essentielles &#8211; Harmonie"},"content":{"rendered":"<h2>Fondant aux huiles essentielles &#8211; Harmonie<\/h2>\n<p>D\u00e9couvrez le fondant aux huiles essentielles &#8211; Harmonie. Celui-ci est compos\u00e9 d&rsquo;huiles essentielles d&rsquo;orange douce.<\/p>\n<p>&nbsp;<\/p>\n<h3>Un fondant ? Kesako ?<\/h3>\n<p>Un fondant parfum\u00e9 est un petit cube de cire utilis\u00e9 pour parfumer votre maison. Il est fabriqu\u00e9 \u00e0 partir de cire v\u00e9g\u00e9tale, m\u00e9lang\u00e9e \u00e0 des huiles essentielles ou des fragrances. Ceci afin de cr\u00e9er une odeur agr\u00e9able et durable.<\/p>\n<p>Pour utiliser un fondant parfum\u00e9, vous avez besoin d&rsquo;un br\u00fbleur de cire sp\u00e9cialement con\u00e7u pour chauffer le fondant et diffuser le parfum dans l&rsquo;air. Pour l&rsquo;utiliser, il vous suffit de placer le fondant dans la coupelle de votre br\u00fbleur et d&rsquo;allumer une bougie. La chaleur du br\u00fbleur fera fondre la cire parfum\u00e9e, lib\u00e9rant ainsi son parfum dans votre maison.<\/p>\n<p>Les fondants parfum\u00e9s offrent de nombreux avantages par rapport aux bougies parfum\u00e9es traditionnelles. Ils sont plus durables que les bougies, car une fois que la cire fondue est refroidie, vous pouvez la r\u00e9utiliser plusieurs fois avant de la remplacer.<\/p>\n<p>&nbsp;<\/p>\n<h2>Le Chakra sacr\u00e9<\/h2>\n<p>Le chakra sacr\u00e9, \u00e9galement connu sous le nom de Swadhisthana en sanskrit. Il est le deuxi\u00e8me des sept chakras principaux dans la tradition du yoga et de la m\u00e9ditation. Il se situe dans le bas de l&rsquo;abdomen, juste au-dessus du pubis, ce chakra est associ\u00e9 \u00e0 la cr\u00e9ativit\u00e9, \u00e0 la sexualit\u00e9, \u00e0 la passion et \u00e0 la vitalit\u00e9.<\/p>\n<p>Le chakra sacr\u00e9 est souvent consid\u00e9r\u00e9 comme le si\u00e8ge de l&rsquo;\u00e9nergie f\u00e9minine ou shakti, qui repr\u00e9sente la force vitale de la vie. Lorsque ce chakra est en \u00e9quilibre, on ressent un sentiment de joie, de cr\u00e9ativit\u00e9 et de plaisir dans la vie. Cependant, si ce chakra est bloqu\u00e9 ou d\u00e9s\u00e9quilibr\u00e9, cela peut entra\u00eener des probl\u00e8mes. Tels que la d\u00e9pression, l&rsquo;anxi\u00e9t\u00e9, la faible estime de soi et des difficult\u00e9s relationnelles.<\/p>\n<p>Il existe de nombreuses pratiques de m\u00e9ditation et de yoga qui peuvent aider \u00e0 ouvrir et \u00e0 \u00e9quilibrer le chakra sacr\u00e9. Par exemple, la pratique de postures de yoga qui ciblent cette zone du corps, comme le pigeon, le papillon et la pose du pont, peut aider \u00e0 stimuler l&rsquo;\u00e9nergie de ce chakra. La pratique de la respiration consciente et de la visualisation peut \u00e9galement aider \u00e0 r\u00e9\u00e9quilibrer ce chakra.<\/p>\n<p>En outre, il existe de nombreux cristaux et huiles essentielles qui sont associ\u00e9s au chakra sacr\u00e9 et qui peuvent aider \u00e0 renforcer son \u00e9nergie. Certains cristaux tels que la cornaline, la calc\u00e9doine et l&rsquo;ambre sont souvent utilis\u00e9s pour stimuler ce chakra. Aux niveau des huiles essentielles : l&rsquo;orange, le ylang-ylang et le patchouli peuvent aider \u00e0 \u00e9quilibrer son \u00e9nergie.<\/p>\n<h5>En r\u00e9sum\u00e9<\/h5>\n<p>Le chakra sacr\u00e9 est un \u00e9l\u00e9ment important de notre syst\u00e8me \u00e9nerg\u00e9tique. Il peut avoir un impact significatif sur notre bien-\u00eatre \u00e9motionnel et physique. En prenant des mesures pour ouvrir et \u00e9quilibrer ce chakra, nous pouvons nous connecter \u00e0 notre \u00e9nergie vitale et \u00e0 notre cr\u00e9ativit\u00e9 int\u00e9rieure. Et peut am\u00e9liorer notre qualit\u00e9 de vie globale.<\/p>\n<p>&nbsp;<\/p>\n","protected":false},"excerpt":{"rendered":"<p>Fondant aux huiles essentielles &#8211; Hamonie<\/p>\n<p>Chakra sacr\u00e9<\/p>\n<p>Poids : env. 18g<\/p>\n","protected":false},"featured_media":1825,"comment_status":"open","ping_status":"closed","template":"","meta":{"site-sidebar-layout":"default","site-content-layout":"default","ast-site-content-layout":"default","site-content-style":"default","site-sidebar-style":"default","ast-global-header-display":"","ast-banner-title-visibility":"","ast-main-header-display":"","ast-hfb-above-header-display":"","ast-hfb-below-header-display":"","ast-hfb-mobile-header-display":"","site-post-title":"","ast-breadcrumbs-content":"","ast-featured-img":"","footer-sml-layout":"","theme-transparent-header-meta":"default","adv-header-id-meta":"","stick-header-meta":"","header-above-stick-meta":"","header-main-stick-meta":"","header-below-stick-meta":"","astra-migrate-meta-layouts":"set","ast-page-background-enabled":"default","ast-page-background-meta":{"desktop":{"background-color":"var(--ast-global-color-4)","background-image":"","background-repeat":"repeat","background-position":"center center","background-size":"auto","background-attachment":"scroll","background-type":"","background-media":"","overlay-type":"","overlay-color":"","overlay-gradient":""},"tablet":{"background-color":"","background-image":"","background-repeat":"repeat","background-position":"center center","background-size":"auto","background-attachment":"scroll","background-type":"","background-media":"","overlay-type":"","overlay-color":"","overlay-gradient":""},"mobile":{"background-color":"","background-image":"","background-repeat":"repeat","background-position":"center center","background-size":"auto","background-attachment":"scroll","background-type":"","background-media":"","overlay-type":"","overlay-color":"","overlay-gradient":""}},"ast-content-background-meta":{"desktop":{"background-color":"var(--ast-global-color-5)","background-image":"","background-repeat":"repeat","background-position":"center center","background-size":"auto","background-attachment":"scroll","background-type":"","background-media":"","overlay-type":"","overlay-color":"","overlay-gradient":""},"tablet":{"background-color":"var(--ast-global-color-5)","background-image":"","background-repeat":"repeat","background-position":"center center","background-size":"auto","background-attachment":"scroll","background-type":"","background-media":"","overlay-type":"","overlay-color":"","overlay-gradient":""},"mobile":{"background-color":"var(--ast-global-color-5)","background-image":"","background-repeat":"repeat","background-position":"center center","background-size":"auto","background-attachment":"scroll","background-type":"","background-media":"","overlay-type":"","overlay-color":"","overlay-gradient":""}}},"product_brand":[],"product_cat":[111,112],"product_tag":[70,83,67,68,82,84],"class_list":{"0":"post-1034","1":"product","2":"type-product","3":"status-publish","4":"has-post-thumbnail","6":"product_cat-fondants","7":"product_cat-fondants-huiles-essentielles","8":"product_tag-chakra","9":"product_tag-chakra-sacre","10":"product_tag-fondant","11":"product_tag-fondant-parfume","12":"product_tag-harmonie","13":"product_tag-orange","14":"desktop-align-left","15":"tablet-align-left","16":"mobile-align-left","18":"first","19":"instock","20":"taxable","21":"shipping-taxable","22":"purchasable","23":"product-type-variable"},"yoast_head":"<!-- This site is optimized with the Yoast SEO plugin v22.0 - https:\/\/yoast.com\/wordpress\/plugins\/seo\/ -->\n<title>Fondant aux huiles essentielles - Harmonie Aux Mains de Velours, Bougies, Del\u00e9mont<\/title>\n<meta name=\"description\" content=\"D\u00e9couvrez nos fondants aux huiles essentielles. Harmonie est un fondant aux huiles essentielles d&#039;orange douce. Travaille le chakra sacr\u00e9.\" \/>\n<meta name=\"robots\" content=\"index, follow, max-snippet:-1, max-image-preview:large, max-video-preview:-1\" \/>\n<link rel=\"canonical\" href=\"https:\/\/auxmainsdevelours.ch\/index.php\/produit\/fondant-aux-huiles-essentielles-harmonie\/\" \/>\n<meta property=\"og:locale\" content=\"fr_FR\" \/>\n<meta property=\"og:type\" content=\"article\" \/>\n<meta property=\"og:title\" content=\"Fondant aux huiles essentielles - Harmonie Aux Mains de Velours, Bougies, Del\u00e9mont\" \/>\n<meta property=\"og:description\" content=\"D\u00e9couvrez nos fondants aux huiles essentielles. Harmonie est un fondant aux huiles essentielles d&#039;orange douce. Travaille le chakra sacr\u00e9.\" \/>\n<meta property=\"og:url\" content=\"https:\/\/auxmainsdevelours.ch\/index.php\/produit\/fondant-aux-huiles-essentielles-harmonie\/\" \/>\n<meta property=\"og:site_name\" content=\"Aux Mains de Velours, Bougies, Del\u00e9mont\" \/>\n<meta property=\"article:publisher\" content=\"https:\/\/facebook.com\/auxmainsdevelourssarl\" \/>\n<meta property=\"article:modified_time\" content=\"2025-05-15T09:14:55+00:00\" \/>\n<meta property=\"og:image\" content=\"https:\/\/auxmainsdevelours.ch\/wp-content\/uploads\/2023\/04\/Harmonie.png\" \/>\n\t<meta property=\"og:image:width\" content=\"1080\" \/>\n\t<meta property=\"og:image:height\" content=\"1080\" \/>\n\t<meta property=\"og:image:type\" content=\"image\/png\" \/>\n<meta name=\"twitter:card\" content=\"summary_large_image\" \/>\n<meta name=\"twitter:label1\" content=\"Dur\u00e9e de lecture estim\u00e9e\" \/>\n\t<meta name=\"twitter:data1\" content=\"3 minutes\" \/>\n<script type=\"application\/ld+json\" class=\"yoast-schema-graph\">{\"@context\":\"https:\/\/schema.org\",\"@graph\":[{\"@type\":\"WebPage\",\"@id\":\"https:\/\/auxmainsdevelours.ch\/index.php\/produit\/fondant-aux-huiles-essentielles-harmonie\/\",\"url\":\"https:\/\/auxmainsdevelours.ch\/index.php\/produit\/fondant-aux-huiles-essentielles-harmonie\/\",\"name\":\"Fondant aux huiles essentielles - Harmonie Aux Mains de Velours, Bougies, Del\u00e9mont\",\"isPartOf\":{\"@id\":\"https:\/\/auxmainsdevelours.ch\/#website\"},\"datePublished\":\"2023-04-30T15:55:48+00:00\",\"dateModified\":\"2025-05-15T09:14:55+00:00\",\"description\":\"D\u00e9couvrez nos fondants aux huiles essentielles. Harmonie est un fondant aux huiles essentielles d'orange douce. Travaille le chakra sacr\u00e9.\",\"breadcrumb\":{\"@id\":\"https:\/\/auxmainsdevelours.ch\/index.php\/produit\/fondant-aux-huiles-essentielles-harmonie\/#breadcrumb\"},\"inLanguage\":\"fr-FR\",\"potentialAction\":[{\"@type\":\"ReadAction\",\"target\":[\"https:\/\/auxmainsdevelours.ch\/index.php\/produit\/fondant-aux-huiles-essentielles-harmonie\/\"]}]},{\"@type\":\"BreadcrumbList\",\"@id\":\"https:\/\/auxmainsdevelours.ch\/index.php\/produit\/fondant-aux-huiles-essentielles-harmonie\/#breadcrumb\",\"itemListElement\":[{\"@type\":\"ListItem\",\"position\":1,\"name\":\"Accueil\",\"item\":\"https:\/\/auxmainsdevelours.ch\/\"},{\"@type\":\"ListItem\",\"position\":2,\"name\":\"Boutique\",\"item\":\"https:\/\/auxmainsdevelours.ch\/index.php\/boutique\/\"},{\"@type\":\"ListItem\",\"position\":3,\"name\":\"Fondant aux huiles essentielles &#8211; Harmonie\"}]},{\"@type\":\"WebSite\",\"@id\":\"https:\/\/auxmainsdevelours.ch\/#website\",\"url\":\"https:\/\/auxmainsdevelours.ch\/\",\"name\":\"auxmainsdevelours.ch\",\"description\":\"Fait avec le coeur, pour vous \u2665\",\"publisher\":{\"@id\":\"https:\/\/auxmainsdevelours.ch\/#organization\"},\"potentialAction\":[{\"@type\":\"SearchAction\",\"target\":{\"@type\":\"EntryPoint\",\"urlTemplate\":\"https:\/\/auxmainsdevelours.ch\/?s={search_term_string}\"},\"query-input\":\"required name=search_term_string\"}],\"inLanguage\":\"fr-FR\"},{\"@type\":\"Organization\",\"@id\":\"https:\/\/auxmainsdevelours.ch\/#organization\",\"name\":\"Aux Mains de Velours S\u00e0rl\",\"url\":\"https:\/\/auxmainsdevelours.ch\/\",\"logo\":{\"@type\":\"ImageObject\",\"inLanguage\":\"fr-FR\",\"@id\":\"https:\/\/auxmainsdevelours.ch\/#\/schema\/logo\/image\/\",\"url\":\"https:\/\/auxmainsdevelours.ch\/wp-content\/uploads\/2022\/11\/WhatsApp-Image-2022-10-30-at-17.33.46.jpeg\",\"contentUrl\":\"https:\/\/auxmainsdevelours.ch\/wp-content\/uploads\/2022\/11\/WhatsApp-Image-2022-10-30-at-17.33.46.jpeg\",\"width\":2048,\"height\":2048,\"caption\":\"Aux Mains de Velours S\u00e0rl\"},\"image\":{\"@id\":\"https:\/\/auxmainsdevelours.ch\/#\/schema\/logo\/image\/\"},\"sameAs\":[\"https:\/\/facebook.com\/auxmainsdevelourssarl\",\"https:\/\/www.instagram.com\/auxmainsdevelours\/\"]}]}<\/script>\n<!-- \/ Yoast SEO plugin. -->","yoast_head_json":{"title":"Fondant aux huiles essentielles - Harmonie Aux Mains de Velours, Bougies, Del\u00e9mont","description":"D\u00e9couvrez nos fondants aux huiles essentielles. Harmonie est un fondant aux huiles essentielles d'orange douce. Travaille le chakra sacr\u00e9.","robots":{"index":"index","follow":"follow","max-snippet":"max-snippet:-1","max-image-preview":"max-image-preview:large","max-video-preview":"max-video-preview:-1"},"canonical":"https:\/\/auxmainsdevelours.ch\/index.php\/produit\/fondant-aux-huiles-essentielles-harmonie\/","og_locale":"fr_FR","og_type":"article","og_title":"Fondant aux huiles essentielles - Harmonie Aux Mains de Velours, Bougies, Del\u00e9mont","og_description":"D\u00e9couvrez nos fondants aux huiles essentielles. Harmonie est un fondant aux huiles essentielles d'orange douce. Travaille le chakra sacr\u00e9.","og_url":"https:\/\/auxmainsdevelours.ch\/index.php\/produit\/fondant-aux-huiles-essentielles-harmonie\/","og_site_name":"Aux Mains de Velours, Bougies, Del\u00e9mont","article_publisher":"https:\/\/facebook.com\/auxmainsdevelourssarl","article_modified_time":"2025-05-15T09:14:55+00:00","og_image":[{"width":1080,"height":1080,"url":"https:\/\/auxmainsdevelours.ch\/wp-content\/uploads\/2023\/04\/Harmonie.png","type":"image\/png"}],"twitter_card":"summary_large_image","twitter_misc":{"Dur\u00e9e de lecture estim\u00e9e":"3 minutes"},"schema":{"@context":"https:\/\/schema.org","@graph":[{"@type":"WebPage","@id":"https:\/\/auxmainsdevelours.ch\/index.php\/produit\/fondant-aux-huiles-essentielles-harmonie\/","url":"https:\/\/auxmainsdevelours.ch\/index.php\/produit\/fondant-aux-huiles-essentielles-harmonie\/","name":"Fondant aux huiles essentielles - Harmonie Aux Mains de Velours, Bougies, Del\u00e9mont","isPartOf":{"@id":"https:\/\/auxmainsdevelours.ch\/#website"},"datePublished":"2023-04-30T15:55:48+00:00","dateModified":"2025-05-15T09:14:55+00:00","description":"D\u00e9couvrez nos fondants aux huiles essentielles. Harmonie est un fondant aux huiles essentielles d'orange douce. Travaille le chakra sacr\u00e9.","breadcrumb":{"@id":"https:\/\/auxmainsdevelours.ch\/index.php\/produit\/fondant-aux-huiles-essentielles-harmonie\/#breadcrumb"},"inLanguage":"fr-FR","potentialAction":[{"@type":"ReadAction","target":["https:\/\/auxmainsdevelours.ch\/index.php\/produit\/fondant-aux-huiles-essentielles-harmonie\/"]}]},{"@type":"BreadcrumbList","@id":"https:\/\/auxmainsdevelours.ch\/index.php\/produit\/fondant-aux-huiles-essentielles-harmonie\/#breadcrumb","itemListElement":[{"@type":"ListItem","position":1,"name":"Accueil","item":"https:\/\/auxmainsdevelours.ch\/"},{"@type":"ListItem","position":2,"name":"Boutique","item":"https:\/\/auxmainsdevelours.ch\/index.php\/boutique\/"},{"@type":"ListItem","position":3,"name":"Fondant aux huiles essentielles &#8211; Harmonie"}]},{"@type":"WebSite","@id":"https:\/\/auxmainsdevelours.ch\/#website","url":"https:\/\/auxmainsdevelours.ch\/","name":"auxmainsdevelours.ch","description":"Fait avec le coeur, pour vous \u2665","publisher":{"@id":"https:\/\/auxmainsdevelours.ch\/#organization"},"potentialAction":[{"@type":"SearchAction","target":{"@type":"EntryPoint","urlTemplate":"https:\/\/auxmainsdevelours.ch\/?s={search_term_string}"},"query-input":"required name=search_term_string"}],"inLanguage":"fr-FR"},{"@type":"Organization","@id":"https:\/\/auxmainsdevelours.ch\/#organization","name":"Aux Mains de Velours S\u00e0rl","url":"https:\/\/auxmainsdevelours.ch\/","logo":{"@type":"ImageObject","inLanguage":"fr-FR","@id":"https:\/\/auxmainsdevelours.ch\/#\/schema\/logo\/image\/","url":"https:\/\/auxmainsdevelours.ch\/wp-content\/uploads\/2022\/11\/WhatsApp-Image-2022-10-30-at-17.33.46.jpeg","contentUrl":"https:\/\/auxmainsdevelours.ch\/wp-content\/uploads\/2022\/11\/WhatsApp-Image-2022-10-30-at-17.33.46.jpeg","width":2048,"height":2048,"caption":"Aux Mains de Velours S\u00e0rl"},"image":{"@id":"https:\/\/auxmainsdevelours.ch\/#\/schema\/logo\/image\/"},"sameAs":["https:\/\/facebook.com\/auxmainsdevelourssarl","https:\/\/www.instagram.com\/auxmainsdevelours\/"]}]}},"_links":{"self":[{"href":"https:\/\/auxmainsdevelours.ch\/index.php\/wp-json\/wp\/v2\/product\/1034","targetHints":{"allow":["GET"]}}],"collection":[{"href":"https:\/\/auxmainsdevelours.ch\/index.php\/wp-json\/wp\/v2\/product"}],"about":[{"href":"https:\/\/auxmainsdevelours.ch\/index.php\/wp-json\/wp\/v2\/types\/product"}],"replies":[{"embeddable":true,"href":"https:\/\/auxmainsdevelours.ch\/index.php\/wp-json\/wp\/v2\/comments?post=1034"}],"wp:featuredmedia":[{"embeddable":true,"href":"https:\/\/auxmainsdevelours.ch\/index.php\/wp-json\/wp\/v2\/media\/1825"}],"wp:attachment":[{"href":"https:\/\/auxmainsdevelours.ch\/index.php\/wp-json\/wp\/v2\/media?parent=1034"}],"wp:term":[{"taxonomy":"product_brand","embeddable":true,"href":"https:\/\/auxmainsdevelours.ch\/index.php\/wp-json\/wp\/v2\/product_brand?post=1034"},{"taxonomy":"product_cat","embeddable":true,"href":"https:\/\/auxmainsdevelours.ch\/index.php\/wp-json\/wp\/v2\/product_cat?post=1034"},{"taxonomy":"product_tag","embeddable":true,"href":"https:\/\/auxmainsdevelours.ch\/index.php\/wp-json\/wp\/v2\/product_tag?post=1034"}],"curies":[{"name":"wp","href":"https:\/\/api.w.org\/{rel}","templated":true}]}}