{"id":1031,"date":"2023-04-23T17:30:38","date_gmt":"2023-04-23T15:30:38","guid":{"rendered":"https:\/\/auxmainsdevelours.ch\/?post_type=product&#038;p=1031"},"modified":"2024-12-16T14:49:19","modified_gmt":"2024-12-16T13:49:19","slug":"fondant-aux-huiles-essentielles-ancrage","status":"publish","type":"product","link":"https:\/\/auxmainsdevelours.ch\/index.php\/produit\/fondant-aux-huiles-essentielles-ancrage\/","title":{"rendered":"Fondant aux huiles essentielles &#8211; Ancrage"},"content":{"rendered":"<h2>Fondant aux huiles essentielles &#8211; Ancrage<\/h2>\n<p>D\u00e9couvrez le fondant aux huiles essentielles &#8211; Ancrage. Celui-ci est compos\u00e9 d&rsquo;huiles essentielles de ravintsara et de jasmin et agit sur le chakra racine.<\/p>\n<p>&nbsp;<\/p>\n<h3>Un fondant ? Kesako ?<\/h3>\n<p>Un fondant parfum\u00e9 est un petit cube de cire utilis\u00e9 pour parfumer votre maison. Il est fabriqu\u00e9 \u00e0 partir de cire v\u00e9g\u00e9tale, m\u00e9lang\u00e9e \u00e0 des huiles essentielles ou des fragrances. Ceci afin de cr\u00e9er une odeur agr\u00e9able et durable.<\/p>\n<p>Pour utiliser un fondant parfum\u00e9, vous avez besoin d&rsquo;un br\u00fbleur de cire sp\u00e9cialement con\u00e7u pour chauffer le fondant et diffuser le parfum dans l&rsquo;air. Pour l&rsquo;utiliser, il vous suffit de placer le fondant dans la coupelle de votre br\u00fbleur et d&rsquo;allumer une bougie. La chaleur du br\u00fbleur fera fondre la cire parfum\u00e9e, lib\u00e9rant ainsi son parfum dans votre maison.<\/p>\n<p>Les fondants parfum\u00e9s offrent de nombreux avantages par rapport aux bougies parfum\u00e9es traditionnelles. Ils sont plus durables que les bougies, car une fois que la cire fondue est refroidie, vous pouvez la r\u00e9utiliser plusieurs fois avant de la remplacer.<\/p>\n<p>&nbsp;<\/p>\n<h2>Le Chakra racine<\/h2>\n<div class=\"flex-1 overflow-hidden\">\n<div class=\"react-scroll-to-bottom--css-bpolc-79elbk h-full\">\n<div class=\"react-scroll-to-bottom--css-bpolc-1n7m0yu\">\n<div class=\"flex flex-col pb-9 text-sm\">\n<div class=\"w-full text-token-text-primary\" data-testid=\"conversation-turn-5\">\n<div class=\"px-4 py-2 justify-center text-base md:gap-6 m-auto\">\n<div class=\"flex flex-1 text-base mx-auto gap-3 md:px-5 lg:px-1 xl:px-5 md:max-w-3xl lg:max-w-[40rem] xl:max-w-[48rem] group final-completion\">\n<div class=\"relative flex w-full flex-col lg:w-[calc(100%-115px)] agent-turn\">\n<div class=\"flex-col gap-1 md:gap-3\">\n<div class=\"flex flex-grow flex-col max-w-full\">\n<div class=\"min-h-[20px] text-message flex flex-col items-start gap-3 whitespace-pre-wrap break-words [.text-message+&amp;]:mt-5 overflow-x-auto\" data-message-author-role=\"assistant\" data-message-id=\"3373cfde-c59e-4759-a308-058880ea9957\">\n<div class=\"markdown prose w-full break-words dark:prose-invert light\">\n<p>En sanskrit, on appelle \u00e9galement le Chakra Racine par le nom de Muladhara. Il occupe la premi\u00e8re place parmi les sept chakras majeurs dans la tradition du yoga et de l&rsquo;ayurveda. Il se situe \u00e0 la base de la colonne vert\u00e9brale, pr\u00e8s du p\u00e9rin\u00e9e, et on le relie \u00e0 la couleur rouge et \u00e0 l&rsquo;\u00e9l\u00e9ment de la terre.<\/p>\n<p>On consid\u00e8re le Chakra Racine comme le centre de l&rsquo;ancrage, de la stabilit\u00e9, de la survie et de la s\u00e9curit\u00e9. Lorsqu&rsquo;il est en \u00e9quilibre, on ressent un enracinement profond, une stabilit\u00e9 et une paix int\u00e9rieure. Cet \u00e9quilibre se traduit \u00e9galement par une confiance en soi renforc\u00e9e, une concentration am\u00e9lior\u00e9e et une meilleure r\u00e9silience face au stress.<\/p>\n<p>En cas de d\u00e9s\u00e9quilibre du Chakra Racine, on peut \u00e9prouver des sentiments d&rsquo;anxi\u00e9t\u00e9, de peur et d&rsquo;ins\u00e9curit\u00e9. Ces sentiments se manifestent souvent par une estime de soi diminu\u00e9e, des probl\u00e8mes de sant\u00e9 physique, une propension \u00e0 la distraction ou \u00e0 l&rsquo;agitation, ainsi qu&rsquo;une difficult\u00e9 \u00e0 maintenir une connexion avec soi-m\u00eame et les autres.<\/p>\n<p>Diverses pratiques peuvent contribuer \u00e0 r\u00e9tablir l&rsquo;\u00e9quilibre du Chakra Racine, notamment la m\u00e9ditation, la pratique du yoga, la th\u00e9rapie verbale, les promenades en nature, l&rsquo;auto-soin et une alimentation saine et nutritive. Il est essentiel de consacrer du temps \u00e0 nourrir ce chakra, cr\u00e9ant ainsi un environnement s\u00fbr et stable propice \u00e0 une vie \u00e9quilibr\u00e9e et \u00e9panouissante.<\/p>\n<\/div>\n<\/div>\n<\/div>\n<div class=\"mt-1 flex justify-start gap-3 empty:hidden\"><\/div>\n<\/div>\n<\/div>\n<\/div>\n<\/div>\n<\/div>\n<\/div>\n<\/div>\n<\/div>\n<\/div>\n<div class=\"w-full pt-2 md:pt-0 dark:border-white\/20 md:border-transparent md:dark:border-transparent md:w-[calc(100%-.5rem)]\">\n<form class=\"stretch mx-2 flex flex-row gap-3 last:mb-2 md:mx-4 md:last:mb-6 lg:mx-auto lg:max-w-2xl xl:max-w-3xl\">\n<div class=\"relative flex h-full flex-1 items-stretch md:flex-col\">\n<div class=\"flex w-full items-center\"><\/div>\n<\/div>\n<\/form>\n<\/div>\n<p>&nbsp;<\/p>\n","protected":false},"excerpt":{"rendered":"<p>Fondant aux huiles essentielles &#8211; Ancrage<\/p>\n<p>Chakra racine<\/p>\n<p>Poids : env. 18g<\/p>\n","protected":false},"featured_media":1821,"comment_status":"open","ping_status":"closed","template":"","meta":{"site-sidebar-layout":"default","site-content-layout":"default","ast-site-content-layout":"default","site-content-style":"default","site-sidebar-style":"default","ast-global-header-display":"","ast-banner-title-visibility":"","ast-main-header-display":"","ast-hfb-above-header-display":"","ast-hfb-below-header-display":"","ast-hfb-mobile-header-display":"","site-post-title":"","ast-breadcrumbs-content":"","ast-featured-img":"","footer-sml-layout":"","theme-transparent-header-meta":"default","adv-header-id-meta":"","stick-header-meta":"","header-above-stick-meta":"","header-main-stick-meta":"","header-below-stick-meta":"","astra-migrate-meta-layouts":"set","ast-page-background-enabled":"default","ast-page-background-meta":{"desktop":{"background-color":"var(--ast-global-color-4)","background-image":"","background-repeat":"repeat","background-position":"center center","background-size":"auto","background-attachment":"scroll","background-type":"","background-media":"","overlay-type":"","overlay-color":"","overlay-gradient":""},"tablet":{"background-color":"","background-image":"","background-repeat":"repeat","background-position":"center center","background-size":"auto","background-attachment":"scroll","background-type":"","background-media":"","overlay-type":"","overlay-color":"","overlay-gradient":""},"mobile":{"background-color":"","background-image":"","background-repeat":"repeat","background-position":"center center","background-size":"auto","background-attachment":"scroll","background-type":"","background-media":"","overlay-type":"","overlay-color":"","overlay-gradient":""}},"ast-content-background-meta":{"desktop":{"background-color":"var(--ast-global-color-5)","background-image":"","background-repeat":"repeat","background-position":"center center","background-size":"auto","background-attachment":"scroll","background-type":"","background-media":"","overlay-type":"","overlay-color":"","overlay-gradient":""},"tablet":{"background-color":"var(--ast-global-color-5)","background-image":"","background-repeat":"repeat","background-position":"center center","background-size":"auto","background-attachment":"scroll","background-type":"","background-media":"","overlay-type":"","overlay-color":"","overlay-gradient":""},"mobile":{"background-color":"var(--ast-global-color-5)","background-image":"","background-repeat":"repeat","background-position":"center center","background-size":"auto","background-attachment":"scroll","background-type":"","background-media":"","overlay-type":"","overlay-color":"","overlay-gradient":""}}},"product_brand":[],"product_cat":[111,112],"product_tag":[69,70,71,67,68,72],"class_list":{"0":"post-1031","1":"product","2":"type-product","3":"status-publish","4":"has-post-thumbnail","6":"product_cat-fondants","7":"product_cat-fondants-huiles-essentielles","8":"product_tag-ancrage","9":"product_tag-chakra","10":"product_tag-chakra-racine","11":"product_tag-fondant","12":"product_tag-fondant-parfume","13":"product_tag-rouge","14":"desktop-align-left","15":"tablet-align-left","16":"mobile-align-left","18":"first","19":"instock","20":"taxable","21":"shipping-taxable","22":"purchasable","23":"product-type-simple"},"yoast_head":"<!-- This site is optimized with the Yoast SEO plugin v22.0 - https:\/\/yoast.com\/wordpress\/plugins\/seo\/ -->\n<title>Fondant aux huiles essentielles - Ancrage Aux Mains de Velours, Bougies, Del\u00e9mont<\/title>\n<meta name=\"description\" content=\"D\u00e9couvrez nos fondants aux huiles essentielles. Ancrage est un fondant aux huiles essentielles de ravintsara et de jasmin.\" \/>\n<meta name=\"robots\" content=\"index, follow, max-snippet:-1, max-image-preview:large, max-video-preview:-1\" \/>\n<link rel=\"canonical\" href=\"https:\/\/auxmainsdevelours.ch\/index.php\/produit\/fondant-aux-huiles-essentielles-ancrage\/\" \/>\n<meta property=\"og:locale\" content=\"fr_FR\" \/>\n<meta property=\"og:type\" content=\"article\" \/>\n<meta property=\"og:title\" content=\"Fondant aux huiles essentielles - Ancrage Aux Mains de Velours, Bougies, Del\u00e9mont\" \/>\n<meta property=\"og:description\" content=\"D\u00e9couvrez nos fondants aux huiles essentielles. Ancrage est un fondant aux huiles essentielles de ravintsara et de jasmin.\" \/>\n<meta property=\"og:url\" content=\"https:\/\/auxmainsdevelours.ch\/index.php\/produit\/fondant-aux-huiles-essentielles-ancrage\/\" \/>\n<meta property=\"og:site_name\" content=\"Aux Mains de Velours, Bougies, Del\u00e9mont\" \/>\n<meta property=\"article:publisher\" content=\"https:\/\/facebook.com\/auxmainsdevelourssarl\" \/>\n<meta property=\"article:modified_time\" content=\"2024-12-16T13:49:19+00:00\" \/>\n<meta property=\"og:image\" content=\"https:\/\/auxmainsdevelours.ch\/wp-content\/uploads\/2023\/04\/Ancrage.png\" \/>\n\t<meta property=\"og:image:width\" content=\"1080\" \/>\n\t<meta property=\"og:image:height\" content=\"1080\" \/>\n\t<meta property=\"og:image:type\" content=\"image\/png\" \/>\n<meta name=\"twitter:card\" content=\"summary_large_image\" \/>\n<meta name=\"twitter:label1\" content=\"Dur\u00e9e de lecture estim\u00e9e\" \/>\n\t<meta name=\"twitter:data1\" content=\"3 minutes\" \/>\n<script type=\"application\/ld+json\" class=\"yoast-schema-graph\">{\"@context\":\"https:\/\/schema.org\",\"@graph\":[{\"@type\":\"WebPage\",\"@id\":\"https:\/\/auxmainsdevelours.ch\/index.php\/produit\/fondant-aux-huiles-essentielles-ancrage\/\",\"url\":\"https:\/\/auxmainsdevelours.ch\/index.php\/produit\/fondant-aux-huiles-essentielles-ancrage\/\",\"name\":\"Fondant aux huiles essentielles - Ancrage Aux Mains de Velours, Bougies, Del\u00e9mont\",\"isPartOf\":{\"@id\":\"https:\/\/auxmainsdevelours.ch\/#website\"},\"datePublished\":\"2023-04-23T15:30:38+00:00\",\"dateModified\":\"2024-12-16T13:49:19+00:00\",\"description\":\"D\u00e9couvrez nos fondants aux huiles essentielles. Ancrage est un fondant aux huiles essentielles de ravintsara et de jasmin.\",\"breadcrumb\":{\"@id\":\"https:\/\/auxmainsdevelours.ch\/index.php\/produit\/fondant-aux-huiles-essentielles-ancrage\/#breadcrumb\"},\"inLanguage\":\"fr-FR\",\"potentialAction\":[{\"@type\":\"ReadAction\",\"target\":[\"https:\/\/auxmainsdevelours.ch\/index.php\/produit\/fondant-aux-huiles-essentielles-ancrage\/\"]}]},{\"@type\":\"BreadcrumbList\",\"@id\":\"https:\/\/auxmainsdevelours.ch\/index.php\/produit\/fondant-aux-huiles-essentielles-ancrage\/#breadcrumb\",\"itemListElement\":[{\"@type\":\"ListItem\",\"position\":1,\"name\":\"Accueil\",\"item\":\"https:\/\/auxmainsdevelours.ch\/\"},{\"@type\":\"ListItem\",\"position\":2,\"name\":\"Boutique\",\"item\":\"https:\/\/auxmainsdevelours.ch\/index.php\/boutique\/\"},{\"@type\":\"ListItem\",\"position\":3,\"name\":\"Fondant aux huiles essentielles &#8211; Ancrage\"}]},{\"@type\":\"WebSite\",\"@id\":\"https:\/\/auxmainsdevelours.ch\/#website\",\"url\":\"https:\/\/auxmainsdevelours.ch\/\",\"name\":\"auxmainsdevelours.ch\",\"description\":\"Fait avec le coeur, pour vous \u2665\",\"publisher\":{\"@id\":\"https:\/\/auxmainsdevelours.ch\/#organization\"},\"potentialAction\":[{\"@type\":\"SearchAction\",\"target\":{\"@type\":\"EntryPoint\",\"urlTemplate\":\"https:\/\/auxmainsdevelours.ch\/?s={search_term_string}\"},\"query-input\":\"required name=search_term_string\"}],\"inLanguage\":\"fr-FR\"},{\"@type\":\"Organization\",\"@id\":\"https:\/\/auxmainsdevelours.ch\/#organization\",\"name\":\"Aux Mains de Velours S\u00e0rl\",\"url\":\"https:\/\/auxmainsdevelours.ch\/\",\"logo\":{\"@type\":\"ImageObject\",\"inLanguage\":\"fr-FR\",\"@id\":\"https:\/\/auxmainsdevelours.ch\/#\/schema\/logo\/image\/\",\"url\":\"https:\/\/auxmainsdevelours.ch\/wp-content\/uploads\/2022\/11\/WhatsApp-Image-2022-10-30-at-17.33.46.jpeg\",\"contentUrl\":\"https:\/\/auxmainsdevelours.ch\/wp-content\/uploads\/2022\/11\/WhatsApp-Image-2022-10-30-at-17.33.46.jpeg\",\"width\":2048,\"height\":2048,\"caption\":\"Aux Mains de Velours S\u00e0rl\"},\"image\":{\"@id\":\"https:\/\/auxmainsdevelours.ch\/#\/schema\/logo\/image\/\"},\"sameAs\":[\"https:\/\/facebook.com\/auxmainsdevelourssarl\",\"https:\/\/www.instagram.com\/auxmainsdevelours\/\"]}]}<\/script>\n<!-- \/ Yoast SEO plugin. -->","yoast_head_json":{"title":"Fondant aux huiles essentielles - Ancrage Aux Mains de Velours, Bougies, Del\u00e9mont","description":"D\u00e9couvrez nos fondants aux huiles essentielles. Ancrage est un fondant aux huiles essentielles de ravintsara et de jasmin.","robots":{"index":"index","follow":"follow","max-snippet":"max-snippet:-1","max-image-preview":"max-image-preview:large","max-video-preview":"max-video-preview:-1"},"canonical":"https:\/\/auxmainsdevelours.ch\/index.php\/produit\/fondant-aux-huiles-essentielles-ancrage\/","og_locale":"fr_FR","og_type":"article","og_title":"Fondant aux huiles essentielles - Ancrage Aux Mains de Velours, Bougies, Del\u00e9mont","og_description":"D\u00e9couvrez nos fondants aux huiles essentielles. Ancrage est un fondant aux huiles essentielles de ravintsara et de jasmin.","og_url":"https:\/\/auxmainsdevelours.ch\/index.php\/produit\/fondant-aux-huiles-essentielles-ancrage\/","og_site_name":"Aux Mains de Velours, Bougies, Del\u00e9mont","article_publisher":"https:\/\/facebook.com\/auxmainsdevelourssarl","article_modified_time":"2024-12-16T13:49:19+00:00","og_image":[{"width":1080,"height":1080,"url":"https:\/\/auxmainsdevelours.ch\/wp-content\/uploads\/2023\/04\/Ancrage.png","type":"image\/png"}],"twitter_card":"summary_large_image","twitter_misc":{"Dur\u00e9e de lecture estim\u00e9e":"3 minutes"},"schema":{"@context":"https:\/\/schema.org","@graph":[{"@type":"WebPage","@id":"https:\/\/auxmainsdevelours.ch\/index.php\/produit\/fondant-aux-huiles-essentielles-ancrage\/","url":"https:\/\/auxmainsdevelours.ch\/index.php\/produit\/fondant-aux-huiles-essentielles-ancrage\/","name":"Fondant aux huiles essentielles - Ancrage Aux Mains de Velours, Bougies, Del\u00e9mont","isPartOf":{"@id":"https:\/\/auxmainsdevelours.ch\/#website"},"datePublished":"2023-04-23T15:30:38+00:00","dateModified":"2024-12-16T13:49:19+00:00","description":"D\u00e9couvrez nos fondants aux huiles essentielles. Ancrage est un fondant aux huiles essentielles de ravintsara et de jasmin.","breadcrumb":{"@id":"https:\/\/auxmainsdevelours.ch\/index.php\/produit\/fondant-aux-huiles-essentielles-ancrage\/#breadcrumb"},"inLanguage":"fr-FR","potentialAction":[{"@type":"ReadAction","target":["https:\/\/auxmainsdevelours.ch\/index.php\/produit\/fondant-aux-huiles-essentielles-ancrage\/"]}]},{"@type":"BreadcrumbList","@id":"https:\/\/auxmainsdevelours.ch\/index.php\/produit\/fondant-aux-huiles-essentielles-ancrage\/#breadcrumb","itemListElement":[{"@type":"ListItem","position":1,"name":"Accueil","item":"https:\/\/auxmainsdevelours.ch\/"},{"@type":"ListItem","position":2,"name":"Boutique","item":"https:\/\/auxmainsdevelours.ch\/index.php\/boutique\/"},{"@type":"ListItem","position":3,"name":"Fondant aux huiles essentielles &#8211; Ancrage"}]},{"@type":"WebSite","@id":"https:\/\/auxmainsdevelours.ch\/#website","url":"https:\/\/auxmainsdevelours.ch\/","name":"auxmainsdevelours.ch","description":"Fait avec le coeur, pour vous \u2665","publisher":{"@id":"https:\/\/auxmainsdevelours.ch\/#organization"},"potentialAction":[{"@type":"SearchAction","target":{"@type":"EntryPoint","urlTemplate":"https:\/\/auxmainsdevelours.ch\/?s={search_term_string}"},"query-input":"required name=search_term_string"}],"inLanguage":"fr-FR"},{"@type":"Organization","@id":"https:\/\/auxmainsdevelours.ch\/#organization","name":"Aux Mains de Velours S\u00e0rl","url":"https:\/\/auxmainsdevelours.ch\/","logo":{"@type":"ImageObject","inLanguage":"fr-FR","@id":"https:\/\/auxmainsdevelours.ch\/#\/schema\/logo\/image\/","url":"https:\/\/auxmainsdevelours.ch\/wp-content\/uploads\/2022\/11\/WhatsApp-Image-2022-10-30-at-17.33.46.jpeg","contentUrl":"https:\/\/auxmainsdevelours.ch\/wp-content\/uploads\/2022\/11\/WhatsApp-Image-2022-10-30-at-17.33.46.jpeg","width":2048,"height":2048,"caption":"Aux Mains de Velours S\u00e0rl"},"image":{"@id":"https:\/\/auxmainsdevelours.ch\/#\/schema\/logo\/image\/"},"sameAs":["https:\/\/facebook.com\/auxmainsdevelourssarl","https:\/\/www.instagram.com\/auxmainsdevelours\/"]}]}},"_links":{"self":[{"href":"https:\/\/auxmainsdevelours.ch\/index.php\/wp-json\/wp\/v2\/product\/1031","targetHints":{"allow":["GET"]}}],"collection":[{"href":"https:\/\/auxmainsdevelours.ch\/index.php\/wp-json\/wp\/v2\/product"}],"about":[{"href":"https:\/\/auxmainsdevelours.ch\/index.php\/wp-json\/wp\/v2\/types\/product"}],"replies":[{"embeddable":true,"href":"https:\/\/auxmainsdevelours.ch\/index.php\/wp-json\/wp\/v2\/comments?post=1031"}],"wp:featuredmedia":[{"embeddable":true,"href":"https:\/\/auxmainsdevelours.ch\/index.php\/wp-json\/wp\/v2\/media\/1821"}],"wp:attachment":[{"href":"https:\/\/auxmainsdevelours.ch\/index.php\/wp-json\/wp\/v2\/media?parent=1031"}],"wp:term":[{"taxonomy":"product_brand","embeddable":true,"href":"https:\/\/auxmainsdevelours.ch\/index.php\/wp-json\/wp\/v2\/product_brand?post=1031"},{"taxonomy":"product_cat","embeddable":true,"href":"https:\/\/auxmainsdevelours.ch\/index.php\/wp-json\/wp\/v2\/product_cat?post=1031"},{"taxonomy":"product_tag","embeddable":true,"href":"https:\/\/auxmainsdevelours.ch\/index.php\/wp-json\/wp\/v2\/product_tag?post=1031"}],"curies":[{"name":"wp","href":"https:\/\/api.w.org\/{rel}","templated":true}]}}