{"id":134,"date":"2022-09-02T18:25:47","date_gmt":"2022-09-02T16:25:47","guid":{"rendered":"http:\/\/auxmainsdevelours.ch\/?page_id=134"},"modified":"2022-09-03T10:37:27","modified_gmt":"2022-09-03T08:37:27","slug":"transport-et-livraison","status":"publish","type":"page","link":"https:\/\/auxmainsdevelours.ch\/index.php\/transport-et-livraison\/","title":{"rendered":"Transport et livraison"},"content":{"rendered":"<div class=\"wpb-content-wrapper\"><p>[vc_row][vc_column][vc_empty_space height=\u00a0\u00bb70px\u00a0\u00bb][vc_column_text]<span style=\"font-size: 14pt; color: #db2e88;\"><strong>Livraisons :\u00a0<\/strong><\/span><\/p>\n<p>Les livraisons s&rsquo;effectuent par la Poste. Il est possible de commander depuis la Suisse ou l&rsquo;Europe.[\/vc_column_text][\/vc_column][\/vc_row][vc_row][vc_column][vc_empty_space][\/vc_column][\/vc_row][vc_row][vc_column][vc_column_text]<span style=\"color: #db2e88; font-size: 14pt;\"><strong>Options et co\u00fbts de livraison :\u00a0<\/strong><\/span><\/p>\n<p><strong>Suisse :<\/strong><\/p>\n<p>Livraison prioritaire : CHF 9.-<\/p>\n<p>Livraison standard : CHF 7.-<\/p>\n<p>Colis avec signature : + CHF 2.-<\/p>\n<hr \/>\n<p><strong>Europe :<\/strong><\/p>\n<p>Livraison standard : CHF 14.-<\/p>\n<p>Avec suivi : + CHF 5.-<\/p>\n<p>Recommand\u00e9 : + CHF 6.-<\/p>\n<hr \/>\n<p>Les frais de ports sont offerts d\u00e8s CHF 150.- de commande.[\/vc_column_text][\/vc_column][\/vc_row][vc_row][vc_column][vc_empty_space][\/vc_column][\/vc_row][vc_row][vc_column][vc_column_text]<strong><span style=\"font-size: 14pt; color: #db2e88;\">Commandes hors Suisse :\u00a0<\/span><\/strong><\/p>\n<p>Des frais de douane et d&rsquo;importation peuvent vous \u00eatre factur\u00e9s par les services postaux selon la valeur de votre commande. Ces frais d&rsquo;importation seront enti\u00e8rement \u00e0 votre charge. Vous trouverez toutes les informations compl\u00e9mentaires quant aux co\u00fbts qui pourraient vous \u00eatre factur\u00e9s sur le site internet des douanes de votre pays de r\u00e9sidence.[\/vc_column_text][\/vc_column][\/vc_row][vc_row][vc_column][vc_empty_space][\/vc_column][\/vc_row][vc_row][vc_column][vc_column_text]<span style=\"font-size: 14pt; color: #db2e88;\"><strong>Retours :\u00a0<\/strong><\/span><\/p>\n<p>Les retours doivent \u00eatre effectu\u00e9s dans les 14 jours, la marchandise doit \u00eatre intacte. Dans le cas contraire, le retour ne pourra pas \u00eatre pris en compte.<\/p>\n<p>Le bordereau de retour doit imp\u00e9rativement \u00eatre ajout\u00e9 dans le colis, et doit \u00eatre d\u00fbment rempli et sign\u00e9.<\/p>\n<p>Il est n\u00e9cessaire de garder la preuve d&rsquo;envoi de votre retour jusqu&rsquo;\u00e0 r\u00e9ception de votre remboursement\/avoir au cas o\u00f9 votre colis serait perdu en chemin.<\/p>\n<p>Les articles perdus ou provenant du bric \u00e0 brac ne peuvent ni \u00eatre retourn\u00e9s ni \u00e9chang\u00e9s.[\/vc_column_text][\/vc_column][\/vc_row][vc_row][vc_column][vc_empty_space][\/vc_column][\/vc_row][vc_row][vc_column css=\u00a0\u00bb.vc_custom_1662150148290{background-position: center !important;background-repeat: no-repeat !important;background-size: cover !important;}\u00a0\u00bb][vc_single_image image=\u00a0\u00bb160&Prime; img_size=\u00a0\u00bblarge\u00a0\u00bb alignment=\u00a0\u00bbcenter\u00a0\u00bb css=\u00a0\u00bb.vc_custom_1662150486669{background-position: center !important;background-repeat: no-repeat !important;background-size: cover !important;}\u00a0\u00bb][\/vc_column][\/vc_row][vc_row][vc_column][vc_empty_space][\/vc_column][\/vc_row][vc_row][vc_column][vc_empty_space][\/vc_column][\/vc_row]<\/p>\n<\/div>","protected":false},"excerpt":{"rendered":"<p>[vc_row][vc_column][vc_empty_space height=\u00a0\u00bb70px\u00a0\u00bb][vc_column_text]Livraisons :\u00a0 Les livraisons s&rsquo;effectuent par la Poste. Il est possible de commander depuis la Suisse ou l&rsquo;Europe.[\/vc_column_text][\/vc_column][\/vc_row][vc_row][vc_column][vc_empty_space][\/vc_column][\/vc_row][vc_row][vc_column][vc_column_text]Options et co\u00fbts de livraison :\u00a0 Suisse : Livraison prioritaire : CHF 9.- Livraison standard : CHF 7.- Colis avec signature : + CHF 2.- Europe : Livraison standard : CHF 14.- Avec suivi : + CHF [&hellip;]<\/p>\n","protected":false},"author":1,"featured_media":0,"parent":0,"menu_order":0,"comment_status":"closed","ping_status":"closed","template":"","meta":{"site-sidebar-layout":"no-sidebar","site-content-layout":"plain-container","ast-site-content-layout":"","site-content-style":"default","site-sidebar-style":"default","ast-global-header-display":"","ast-banner-title-visibility":"","ast-main-header-display":"","ast-hfb-above-header-display":"","ast-hfb-below-header-display":"","ast-hfb-mobile-header-display":"","site-post-title":"disabled","ast-breadcrumbs-content":"","ast-featured-img":"disabled","footer-sml-layout":"","theme-transparent-header-meta":"","adv-header-id-meta":"","stick-header-meta":"","header-above-stick-meta":"","header-main-stick-meta":"","header-below-stick-meta":"","astra-migrate-meta-layouts":"default","ast-page-background-enabled":"default","ast-page-background-meta":{"desktop":{"background-color":"var(--ast-global-color-4)","background-image":"","background-repeat":"repeat","background-position":"center center","background-size":"auto","background-attachment":"scroll","background-type":"","background-media":"","overlay-type":"","overlay-color":"","overlay-gradient":""},"tablet":{"background-color":"","background-image":"","background-repeat":"repeat","background-position":"center center","background-size":"auto","background-attachment":"scroll","background-type":"","background-media":"","overlay-type":"","overlay-color":"","overlay-gradient":""},"mobile":{"background-color":"","background-image":"","background-repeat":"repeat","background-position":"center center","background-size":"auto","background-attachment":"scroll","background-type":"","background-media":"","overlay-type":"","overlay-color":"","overlay-gradient":""}},"ast-content-background-meta":{"desktop":{"background-color":"var(--ast-global-color-5)","background-image":"","background-repeat":"repeat","background-position":"center center","background-size":"auto","background-attachment":"scroll","background-type":"","background-media":"","overlay-type":"","overlay-color":"","overlay-gradient":""},"tablet":{"background-color":"var(--ast-global-color-5)","background-image":"","background-repeat":"repeat","background-position":"center center","background-size":"auto","background-attachment":"scroll","background-type":"","background-media":"","overlay-type":"","overlay-color":"","overlay-gradient":""},"mobile":{"background-color":"var(--ast-global-color-5)","background-image":"","background-repeat":"repeat","background-position":"center center","background-size":"auto","background-attachment":"scroll","background-type":"","background-media":"","overlay-type":"","overlay-color":"","overlay-gradient":""}},"footnotes":""},"class_list":["post-134","page","type-page","status-publish","hentry"],"yoast_head":"<!-- This site is optimized with the Yoast SEO plugin v22.0 - https:\/\/yoast.com\/wordpress\/plugins\/seo\/ -->\n<title>Transport et livraison - Aux Mains de Velours, Bougies, Del\u00e9mont<\/title>\n<meta name=\"robots\" content=\"index, follow, max-snippet:-1, max-image-preview:large, max-video-preview:-1\" \/>\n<link rel=\"canonical\" href=\"https:\/\/auxmainsdevelours.ch\/index.php\/transport-et-livraison\/\" \/>\n<meta property=\"og:locale\" content=\"fr_FR\" \/>\n<meta property=\"og:type\" content=\"article\" \/>\n<meta property=\"og:title\" content=\"Transport et livraison - Aux Mains de Velours, Bougies, Del\u00e9mont\" \/>\n<meta property=\"og:description\" content=\"[vc_row][vc_column][vc_empty_space height=\u00a0\u00bb70px\u00a0\u00bb][vc_column_text]Livraisons :\u00a0 Les livraisons s&rsquo;effectuent par la Poste. Il est possible de commander depuis la Suisse ou l&rsquo;Europe.[\/vc_column_text][\/vc_column][\/vc_row][vc_row][vc_column][vc_empty_space][\/vc_column][\/vc_row][vc_row][vc_column][vc_column_text]Options et co\u00fbts de livraison :\u00a0 Suisse : Livraison prioritaire : CHF 9.- Livraison standard : CHF 7.- Colis avec signature : + CHF 2.- Europe : Livraison standard : CHF 14.- Avec suivi : + CHF [&hellip;]\" \/>\n<meta property=\"og:url\" content=\"https:\/\/auxmainsdevelours.ch\/index.php\/transport-et-livraison\/\" \/>\n<meta property=\"og:site_name\" content=\"Aux Mains de Velours, Bougies, Del\u00e9mont\" \/>\n<meta property=\"article:publisher\" content=\"https:\/\/facebook.com\/auxmainsdevelourssarl\" \/>\n<meta property=\"article:modified_time\" content=\"2022-09-03T08:37:27+00:00\" \/>\n<meta property=\"og:image\" content=\"https:\/\/auxmainsdevelours.ch\/wp-content\/uploads\/2022\/11\/WhatsApp-Image-2022-10-30-at-17.33.46.jpeg\" \/>\n\t<meta property=\"og:image:width\" content=\"2048\" \/>\n\t<meta property=\"og:image:height\" content=\"2048\" \/>\n\t<meta property=\"og:image:type\" content=\"image\/jpeg\" \/>\n<meta name=\"twitter:card\" content=\"summary_large_image\" \/>\n<meta name=\"twitter:label1\" content=\"Dur\u00e9e de lecture estim\u00e9e\" \/>\n\t<meta name=\"twitter:data1\" content=\"2 minutes\" \/>\n<script type=\"application\/ld+json\" class=\"yoast-schema-graph\">{\"@context\":\"https:\/\/schema.org\",\"@graph\":[{\"@type\":\"WebPage\",\"@id\":\"https:\/\/auxmainsdevelours.ch\/index.php\/transport-et-livraison\/\",\"url\":\"https:\/\/auxmainsdevelours.ch\/index.php\/transport-et-livraison\/\",\"name\":\"Transport et livraison - Aux Mains de Velours, Bougies, Del\u00e9mont\",\"isPartOf\":{\"@id\":\"https:\/\/auxmainsdevelours.ch\/#website\"},\"datePublished\":\"2022-09-02T16:25:47+00:00\",\"dateModified\":\"2022-09-03T08:37:27+00:00\",\"breadcrumb\":{\"@id\":\"https:\/\/auxmainsdevelours.ch\/index.php\/transport-et-livraison\/#breadcrumb\"},\"inLanguage\":\"fr-FR\",\"potentialAction\":[{\"@type\":\"ReadAction\",\"target\":[\"https:\/\/auxmainsdevelours.ch\/index.php\/transport-et-livraison\/\"]}]},{\"@type\":\"BreadcrumbList\",\"@id\":\"https:\/\/auxmainsdevelours.ch\/index.php\/transport-et-livraison\/#breadcrumb\",\"itemListElement\":[{\"@type\":\"ListItem\",\"position\":1,\"name\":\"Accueil\",\"item\":\"https:\/\/auxmainsdevelours.ch\/\"},{\"@type\":\"ListItem\",\"position\":2,\"name\":\"Transport et livraison\"}]},{\"@type\":\"WebSite\",\"@id\":\"https:\/\/auxmainsdevelours.ch\/#website\",\"url\":\"https:\/\/auxmainsdevelours.ch\/\",\"name\":\"auxmainsdevelours.ch\",\"description\":\"Fait avec le coeur, pour vous \u2665\",\"publisher\":{\"@id\":\"https:\/\/auxmainsdevelours.ch\/#organization\"},\"potentialAction\":[{\"@type\":\"SearchAction\",\"target\":{\"@type\":\"EntryPoint\",\"urlTemplate\":\"https:\/\/auxmainsdevelours.ch\/?s={search_term_string}\"},\"query-input\":\"required name=search_term_string\"}],\"inLanguage\":\"fr-FR\"},{\"@type\":\"Organization\",\"@id\":\"https:\/\/auxmainsdevelours.ch\/#organization\",\"name\":\"Aux Mains de Velours S\u00e0rl\",\"url\":\"https:\/\/auxmainsdevelours.ch\/\",\"logo\":{\"@type\":\"ImageObject\",\"inLanguage\":\"fr-FR\",\"@id\":\"https:\/\/auxmainsdevelours.ch\/#\/schema\/logo\/image\/\",\"url\":\"https:\/\/auxmainsdevelours.ch\/wp-content\/uploads\/2022\/11\/WhatsApp-Image-2022-10-30-at-17.33.46.jpeg\",\"contentUrl\":\"https:\/\/auxmainsdevelours.ch\/wp-content\/uploads\/2022\/11\/WhatsApp-Image-2022-10-30-at-17.33.46.jpeg\",\"width\":2048,\"height\":2048,\"caption\":\"Aux Mains de Velours S\u00e0rl\"},\"image\":{\"@id\":\"https:\/\/auxmainsdevelours.ch\/#\/schema\/logo\/image\/\"},\"sameAs\":[\"https:\/\/facebook.com\/auxmainsdevelourssarl\",\"https:\/\/www.instagram.com\/auxmainsdevelours\/\"]}]}<\/script>\n<!-- \/ Yoast SEO plugin. -->","yoast_head_json":{"title":"Transport et livraison - Aux Mains de Velours, Bougies, Del\u00e9mont","robots":{"index":"index","follow":"follow","max-snippet":"max-snippet:-1","max-image-preview":"max-image-preview:large","max-video-preview":"max-video-preview:-1"},"canonical":"https:\/\/auxmainsdevelours.ch\/index.php\/transport-et-livraison\/","og_locale":"fr_FR","og_type":"article","og_title":"Transport et livraison - Aux Mains de Velours, Bougies, Del\u00e9mont","og_description":"[vc_row][vc_column][vc_empty_space height=\u00a0\u00bb70px\u00a0\u00bb][vc_column_text]Livraisons :\u00a0 Les livraisons s&rsquo;effectuent par la Poste. Il est possible de commander depuis la Suisse ou l&rsquo;Europe.[\/vc_column_text][\/vc_column][\/vc_row][vc_row][vc_column][vc_empty_space][\/vc_column][\/vc_row][vc_row][vc_column][vc_column_text]Options et co\u00fbts de livraison :\u00a0 Suisse : Livraison prioritaire : CHF 9.- Livraison standard : CHF 7.- Colis avec signature : + CHF 2.- Europe : Livraison standard : CHF 14.- Avec suivi : + CHF [&hellip;]","og_url":"https:\/\/auxmainsdevelours.ch\/index.php\/transport-et-livraison\/","og_site_name":"Aux Mains de Velours, Bougies, Del\u00e9mont","article_publisher":"https:\/\/facebook.com\/auxmainsdevelourssarl","article_modified_time":"2022-09-03T08:37:27+00:00","og_image":[{"width":2048,"height":2048,"url":"https:\/\/auxmainsdevelours.ch\/wp-content\/uploads\/2022\/11\/WhatsApp-Image-2022-10-30-at-17.33.46.jpeg","type":"image\/jpeg"}],"twitter_card":"summary_large_image","twitter_misc":{"Dur\u00e9e de lecture estim\u00e9e":"2 minutes"},"schema":{"@context":"https:\/\/schema.org","@graph":[{"@type":"WebPage","@id":"https:\/\/auxmainsdevelours.ch\/index.php\/transport-et-livraison\/","url":"https:\/\/auxmainsdevelours.ch\/index.php\/transport-et-livraison\/","name":"Transport et livraison - Aux Mains de Velours, Bougies, Del\u00e9mont","isPartOf":{"@id":"https:\/\/auxmainsdevelours.ch\/#website"},"datePublished":"2022-09-02T16:25:47+00:00","dateModified":"2022-09-03T08:37:27+00:00","breadcrumb":{"@id":"https:\/\/auxmainsdevelours.ch\/index.php\/transport-et-livraison\/#breadcrumb"},"inLanguage":"fr-FR","potentialAction":[{"@type":"ReadAction","target":["https:\/\/auxmainsdevelours.ch\/index.php\/transport-et-livraison\/"]}]},{"@type":"BreadcrumbList","@id":"https:\/\/auxmainsdevelours.ch\/index.php\/transport-et-livraison\/#breadcrumb","itemListElement":[{"@type":"ListItem","position":1,"name":"Accueil","item":"https:\/\/auxmainsdevelours.ch\/"},{"@type":"ListItem","position":2,"name":"Transport et livraison"}]},{"@type":"WebSite","@id":"https:\/\/auxmainsdevelours.ch\/#website","url":"https:\/\/auxmainsdevelours.ch\/","name":"auxmainsdevelours.ch","description":"Fait avec le coeur, pour vous \u2665","publisher":{"@id":"https:\/\/auxmainsdevelours.ch\/#organization"},"potentialAction":[{"@type":"SearchAction","target":{"@type":"EntryPoint","urlTemplate":"https:\/\/auxmainsdevelours.ch\/?s={search_term_string}"},"query-input":"required name=search_term_string"}],"inLanguage":"fr-FR"},{"@type":"Organization","@id":"https:\/\/auxmainsdevelours.ch\/#organization","name":"Aux Mains de Velours S\u00e0rl","url":"https:\/\/auxmainsdevelours.ch\/","logo":{"@type":"ImageObject","inLanguage":"fr-FR","@id":"https:\/\/auxmainsdevelours.ch\/#\/schema\/logo\/image\/","url":"https:\/\/auxmainsdevelours.ch\/wp-content\/uploads\/2022\/11\/WhatsApp-Image-2022-10-30-at-17.33.46.jpeg","contentUrl":"https:\/\/auxmainsdevelours.ch\/wp-content\/uploads\/2022\/11\/WhatsApp-Image-2022-10-30-at-17.33.46.jpeg","width":2048,"height":2048,"caption":"Aux Mains de Velours S\u00e0rl"},"image":{"@id":"https:\/\/auxmainsdevelours.ch\/#\/schema\/logo\/image\/"},"sameAs":["https:\/\/facebook.com\/auxmainsdevelourssarl","https:\/\/www.instagram.com\/auxmainsdevelours\/"]}]}},"_links":{"self":[{"href":"https:\/\/auxmainsdevelours.ch\/index.php\/wp-json\/wp\/v2\/pages\/134","targetHints":{"allow":["GET"]}}],"collection":[{"href":"https:\/\/auxmainsdevelours.ch\/index.php\/wp-json\/wp\/v2\/pages"}],"about":[{"href":"https:\/\/auxmainsdevelours.ch\/index.php\/wp-json\/wp\/v2\/types\/page"}],"author":[{"embeddable":true,"href":"https:\/\/auxmainsdevelours.ch\/index.php\/wp-json\/wp\/v2\/users\/1"}],"replies":[{"embeddable":true,"href":"https:\/\/auxmainsdevelours.ch\/index.php\/wp-json\/wp\/v2\/comments?post=134"}],"version-history":[{"count":0,"href":"https:\/\/auxmainsdevelours.ch\/index.php\/wp-json\/wp\/v2\/pages\/134\/revisions"}],"wp:attachment":[{"href":"https:\/\/auxmainsdevelours.ch\/index.php\/wp-json\/wp\/v2\/media?parent=134"}],"curies":[{"name":"wp","href":"https:\/\/api.w.org\/{rel}","templated":true}]}}